 {"id":9,"date":"2022-06-15T15:26:12","date_gmt":"2022-06-15T13:26:12","guid":{"rendered":"https:\/\/blogs.univ-tlse2.fr\/geographie-du-droit\/?page_id=9"},"modified":"2022-07-06T09:11:32","modified_gmt":"2022-07-06T07:11:32","slug":"accueil","status":"publish","type":"page","link":"https:\/\/blogs.univ-tlse2.fr\/geographie-du-droit\/accueil\/","title":{"rendered":"Les droits de l&rsquo;environnement, de la nature et du vivant"},"content":{"rendered":"\n<p><strong>Le droit \u00e0 l&rsquo;\u00e9preuve de la crise \u00e9cologique<\/strong>, <a rel=\"noreferrer noopener\" href=\"https:\/\/issuu.com\/rjsp\/docs\/rjsp_18_-_le_droit_a__l_e_preu_ve_de_la_crise__col\" target=\"_blank\"><em>Revue des juristes de Science Po<\/em>, janv. 2020, n\u00b0 18<\/a>. <\/p>\n","protected":false},"excerpt":{"rendered":"<p>Le droit \u00e0 l&rsquo;\u00e9preuve de la crise \u00e9cologique, Revue des juristes de Science Po, janv. 2020, n\u00b0 18.<\/p>\n","protected":false},"author":203,"featured_media":0,"parent":0,"menu_order":0,"comment_status":"closed","ping_status":"closed","template":"","meta":{"footnotes":""},"class_list":["post-9","page","type-page","status-publish","hentry"],"_links":{"self":[{"href":"https:\/\/blogs.univ-tlse2.fr\/geographie-du-droit\/wp-json\/wp\/v2\/pages\/9","targetHints":{"allow":["GET"]}}],"collection":[{"href":"https:\/\/blogs.univ-tlse2.fr\/geographie-du-droit\/wp-json\/wp\/v2\/pages"}],"about":[{"href":"https:\/\/blogs.univ-tlse2.fr\/geographie-du-droit\/wp-json\/wp\/v2\/types\/page"}],"author":[{"embeddable":true,"href":"https:\/\/blogs.univ-tlse2.fr\/geographie-du-droit\/wp-json\/wp\/v2\/users\/203"}],"replies":[{"embeddable":true,"href":"https:\/\/blogs.univ-tlse2.fr\/geographie-du-droit\/wp-json\/wp\/v2\/comments?post=9"}],"version-history":[{"count":6,"href":"https:\/\/blogs.univ-tlse2.fr\/geographie-du-droit\/wp-json\/wp\/v2\/pages\/9\/revisions"}],"predecessor-version":[{"id":423,"href":"https:\/\/blogs.univ-tlse2.fr\/geographie-du-droit\/wp-json\/wp\/v2\/pages\/9\/revisions\/423"}],"wp:attachment":[{"href":"https:\/\/blogs.univ-tlse2.fr\/geographie-du-droit\/wp-json\/wp\/v2\/media?parent=9"}],"curies":[{"name":"wp","href":"https:\/\/api.w.org\/{rel}","templated":true}]}}