 {"id":12,"date":"2024-07-16T11:59:05","date_gmt":"2024-07-16T09:59:05","guid":{"rendered":"https:\/\/blogs.univ-tlse2.fr\/gis-beco-ut\/?page_id=12"},"modified":"2025-02-04T13:53:36","modified_gmt":"2025-02-04T12:53:36","slug":"presentation-du-colloque","status":"publish","type":"page","link":"https:\/\/blogs.univ-tlse2.fr\/gis-beco-ut\/presentation-du-colloque\/","title":{"rendered":"Pr\u00e9sentation du colloque"},"content":{"rendered":"<div class=\"wp-block-image\">\n<figure class=\"alignleft size-full\"><img loading=\"lazy\" decoding=\"async\" width=\"337\" height=\"420\" src=\"https:\/\/blogs.univ-tlse2.fr\/gis-beco-ut\/files\/2024\/07\/230617-LOGO_BECO-8-4.png\" alt=\"\" class=\"wp-image-13\" srcset=\"https:\/\/blogs.univ-tlse2.fr\/gis-beco-ut\/files\/2024\/07\/230617-LOGO_BECO-8-4.png 337w, https:\/\/blogs.univ-tlse2.fr\/gis-beco-ut\/files\/2024\/07\/230617-LOGO_BECO-8-4-241x300.png 241w\" sizes=\"auto, (max-width: 337px) 100vw, 337px\" \/><\/figure>\n<\/div>\n\n\n<p>La vis\u00e9e du<a href=\"https:\/\/beco.univ-tlse2.fr\/\" target=\"_blank\" rel=\"noreferrer noopener\">&nbsp;Groupement d\u2019Int\u00e9r\u00eat Scientifique \u00ab&nbsp;B\u00e9b\u00e9, petite Enfance en COntextes&nbsp;\u00bb (GIS BECO)<\/a>&nbsp;est d\u2019am\u00e9liorer les connaissances relatives \u00e0 la p\u00e9riode de la petite enfance (p\u00e9riode p\u00e9rinatale-6 ans) et de concevoir une meilleure analyse des vuln\u00e9rabilit\u00e9s potentielles et des in\u00e9galit\u00e9s (sociales, de sant\u00e9, territoriales, genr\u00e9es) li\u00e9es \u00e0 la p\u00e9riode sensible qu\u2019elle constitue, tout en pr\u00e9cisant les facteurs de protection qui am\u00e8nent les enfants \u00e0 se d\u00e9velopper de fa\u00e7on harmonieuse et \u00e0 b\u00e9n\u00e9ficier d\u2019une qualit\u00e9 de vie satisfaisante.<\/p>\n\n\n\n<p>La petite enfance est toujours \u00e0 l\u2019heure actuelle au c\u0153ur du d\u00e9bat et des politiques publiques sur la r\u00e9duction des in\u00e9galit\u00e9s et pour l\u2019\u00e9galit\u00e9 des chances. Pour autant, la prime enfance qui devrait \u00eatre le terreau de toutes les chances se d\u00e9cline comme le creuset de nombreuses in\u00e9galit\u00e9s dans notre pays. Pour cette troisi\u00e8me \u00e9dition, que nous souhaitons r\u00e9solument interdisciplinaire, comme les pr\u00e9c\u00e9dentes (en 2019 et 2022), le champ de la petite enfance sera tout autant central, en raison de la p\u00e9riode cruciale qu\u2019elle constitue tant sur le plan d\u00e9veloppemental que sur le registre des interventions et actions \u00e0 mener. La sant\u00e9 et l&rsquo;\u00e9ducation sont sans doute les pr\u00e9alables essentiels \u00e0 la qualit\u00e9 de vie du jeune enfant mais il faut aussi ajouter les questions relatives \u00e0 l\u2019habitat, l\u2019alimentation, la qualit\u00e9 de l\u2019air ext\u00e9rieur et int\u00e9rieur, les activit\u00e9s culturelles, artistiques, de loisirs, sportives, num\u00e9riques, sans omettre ce que les jeunes enfants exp\u00e9rimentent en termes de socialisations familiale et extra-familiale pour que sant\u00e9 et \u00e9ducation puissent s\u2019\u00e9panouir.<\/p>\n\n\n\n<p>Les adversit\u00e9s pr\u00e9coces, les risques psycho-sociaux dessinent des trajectoires de vie in\u00e9galitaires avec des effets durables si rien n\u2019est fait pour accompagner les jeunes enfants alors que nous savons que la r\u00e9versibilit\u00e9 de certains processus est possible si des actions sont men\u00e9es. La crise li\u00e9e \u00e0 la pand\u00e9mie COVID-19 a impact\u00e9 et impacte encore l\u2019ensemble des conditions de vie des enfants, des familles mais aussi des institutions et engendre des incertitudes sur l\u2019avenir qui p\u00e8sent lourd dans la balance de l\u2019\u00e9galit\u00e9 des chances. De fa\u00e7on g\u00e9n\u00e9rale, si les cons\u00e9quences au plan de l\u2019individu &#8211; ici le jeune enfant &#8211; sont particuli\u00e8rement d\u00e9sastreuses, celles qui impactent la soci\u00e9t\u00e9 civile le sont tout autant, et les politiques publiques doivent se saisir encore davantage du secteur pr\u00e9ventif, un domaine dans lequel elles doivent investir et\/ou le renforcer. Ce sont bien des questions de choix de soci\u00e9t\u00e9 qui doivent \u00eatre pos\u00e9es. Au plan juridique, si la vuln\u00e9rabilit\u00e9 de l\u2019enfant se trouve au c\u0153ur des instruments destin\u00e9s \u00e0 le prot\u00e9ger, l\u2019efficacit\u00e9 de ces instruments peut poser question, qu\u2019il s\u2019agisse du contexte civil ou p\u00e9nal, du contexte national, europ\u00e9en ou international, du contexte familial ou encore migratoire.<\/p>\n\n\n\n<p>Cette troisi\u00e8me \u00e9dition du colloque international interdisciplinaire BECO est r\u00e9alis\u00e9e <strong>en partenariat avec l\u2019Op\u00e9ration 9 : Mondes de l&rsquo;enfance (LABEX SMS)<\/strong>.<\/p>\n\n\n\n<p>Au cours de ce colloque, se d\u00e9rouleront des conf\u00e9rences pl\u00e9ni\u00e8res, des symposia th\u00e9matiques, une session posters. <strong>Dans le champ de la petite enfance entendu comme allant de la p\u00e9riode p\u00e9rinatale \u00e0 l\u2019entr\u00e9e \u00e0 l\u2019\u00e9cole primaire, un appel \u00e0 communications est diffus\u00e9 avec pour th\u00e9matiques :<\/strong><\/p>\n\n\n\n<p>1- Contextes de vuln\u00e9rabilit\u00e9 et in\u00e9galit\u00e9s sociales, de genre, de sant\u00e9, territoriales : violences faites aux enfants, situation de handicap, de d\u00e9favorisation, migratoire, pand\u00e9mie COVID-19, etc.<\/p>\n\n\n\n<p>2- Relations, socialisations et diversit\u00e9 familiales<\/p>\n\n\n\n<p>3- Socialisation extra-familiale : institutionnelle (EAJE, Assistants familiaux, maternels, \u00e9cole, PMI&#8230;) et activit\u00e9s culturelles, artistiques, de loisirs, sportives, num\u00e9riques<\/p>\n\n\n\n<p>4- Environnement (air, eau, alimentation), cadres de vie et habitats<\/p>\n\n\n\n<p>5- Cadres juridique et \u00e9thique li\u00e9s \u00e0 la petite enfance (par exemple : prise en compte de la parole de l\u2019enfant dans les proc\u00e9dures le concernant, etc\u2026)<\/p>\n\n\n\n<p>6- Bien-\u00eatre, bonheur<\/p>\n\n\n\n<p class=\"has-accent-color has-text-color has-link-color wp-elements-bab292ce24e7a315517e6b42d113417f\"><strong><em>Chacune des th\u00e9matiques peut \u00eatre appr\u00e9hend\u00e9e de fa\u00e7on isol\u00e9e ou en interaction avec un ou plusieurs contextes.<\/em><\/strong><\/p>\n\n\n\n<p class=\"has-accent-color has-text-color has-link-color wp-elements-35bd5ad57cbb06f3cb5194ce3c26de51\"><strong><em>Des symposia th\u00e9matis\u00e9s proposant 4 communications sont possibles.<\/em><\/strong><\/p>\n\n\n\n<p class=\"has-accent-color has-text-color has-link-color wp-elements-e581871c2b34b465a01b5d20997e068a\"><strong><em>Les propositions \u00e0 caract\u00e8re interdisciplinaire seront fortement appr\u00e9ci\u00e9es.<\/em><\/strong><\/p>\n\n\n\n<blockquote class=\"wp-block-quote is-layout-flow wp-block-quote-is-layout-flow\">\n<p class=\"has-text-align-center\"><strong>La publication des actes est envisag\u00e9e sous forme d\u2019un ouvrage aux Editons Er\u00e8s et d&rsquo;actes en ligne avec pour objectif de publier les interventions des conf\u00e9rences pl\u00e9ni\u00e8res, des symposia et des posters.<\/strong><\/p>\n<\/blockquote>\n","protected":false},"excerpt":{"rendered":"<p>La vis\u00e9e du&nbsp;Groupement d\u2019Int\u00e9r\u00eat Scientifique \u00ab&nbsp;B\u00e9b\u00e9, petite Enfance en COntextes&nbsp;\u00bb (GIS BECO)&nbsp;est d\u2019am\u00e9liorer les connaissances relatives \u00e0 la p\u00e9riode de la petite enfance (p\u00e9riode p\u00e9rinatale-6 ans) et de concevoir une meilleure analyse des vuln\u00e9rabilit\u00e9s potentielles et des in\u00e9galit\u00e9s (sociales, de sant\u00e9, territoriales, genr\u00e9es) li\u00e9es \u00e0 la p\u00e9riode sensible qu\u2019elle constitue, tout en pr\u00e9cisant les facteurs [&hellip;]<\/p>\n","protected":false},"author":1441,"featured_media":0,"parent":0,"menu_order":0,"comment_status":"closed","ping_status":"closed","template":"","meta":{"footnotes":""},"class_list":["post-12","page","type-page","status-publish","hentry","post-preview"],"_links":{"self":[{"href":"https:\/\/blogs.univ-tlse2.fr\/gis-beco-ut\/wp-json\/wp\/v2\/pages\/12","targetHints":{"allow":["GET"]}}],"collection":[{"href":"https:\/\/blogs.univ-tlse2.fr\/gis-beco-ut\/wp-json\/wp\/v2\/pages"}],"about":[{"href":"https:\/\/blogs.univ-tlse2.fr\/gis-beco-ut\/wp-json\/wp\/v2\/types\/page"}],"author":[{"embeddable":true,"href":"https:\/\/blogs.univ-tlse2.fr\/gis-beco-ut\/wp-json\/wp\/v2\/users\/1441"}],"replies":[{"embeddable":true,"href":"https:\/\/blogs.univ-tlse2.fr\/gis-beco-ut\/wp-json\/wp\/v2\/comments?post=12"}],"version-history":[{"count":7,"href":"https:\/\/blogs.univ-tlse2.fr\/gis-beco-ut\/wp-json\/wp\/v2\/pages\/12\/revisions"}],"predecessor-version":[{"id":196,"href":"https:\/\/blogs.univ-tlse2.fr\/gis-beco-ut\/wp-json\/wp\/v2\/pages\/12\/revisions\/196"}],"wp:attachment":[{"href":"https:\/\/blogs.univ-tlse2.fr\/gis-beco-ut\/wp-json\/wp\/v2\/media?parent=12"}],"curies":[{"name":"wp","href":"https:\/\/api.w.org\/{rel}","templated":true}]}}