 {"id":17,"date":"2024-07-16T12:37:18","date_gmt":"2024-07-16T10:37:18","guid":{"rendered":"https:\/\/blogs.univ-tlse2.fr\/gis-beco-ut\/?page_id=17"},"modified":"2025-04-02T19:30:37","modified_gmt":"2025-04-02T17:30:37","slug":"les-comites","status":"publish","type":"page","link":"https:\/\/blogs.univ-tlse2.fr\/gis-beco-ut\/les-comites\/","title":{"rendered":"Les comit\u00e9s"},"content":{"rendered":"\n<p class=\"has-text-align-center has-accent-color has-text-color has-link-color has-large-font-size wp-elements-7aa4c8dc783ab17103dbb1b93021f8ff\"><strong>Les responsables scientifiques<\/strong><\/p>\n\n\n\n<ul class=\"wp-block-list\">\n<li>Anne Dupuy (MCF-HDR Sociologie, ISTHIA, UT2J)<\/li>\n\n\n\n<li>Olivia Troupel (MCF Psychologie, UT2J)<\/li>\n\n\n\n<li>Michelle Kelly-Irving (DR Sant\u00e9 publique, Inserm, UT3)<\/li>\n<\/ul>\n\n\n\n<p><\/p>\n\n\n\n<p class=\"has-text-align-center has-accent-color has-text-color has-link-color has-large-font-size wp-elements-5b5bc8cc51e5c8b28675e4c1827c0198\"><strong>Le comit\u00e9 d&rsquo;organisation<\/strong><\/p>\n\n\n\n<ul class=\"wp-block-list\">\n<li>Marie Dajon (Docteure en Psychologie, Comue de Toulouse)<\/li>\n\n\n\n<li>Anne Dupuy (MCF-HDR Sociologie, ISTHIA, UT2J)<\/li>\n\n\n\n<li>Rapha\u00eble Castagn\u00e9 (CR Inserm, Sant\u00e9 publique, Equity-CERPOP, UT3)<\/li>\n\n\n\n<li>Florent Champy (DR CNRS, Sociologie, UT2J)<\/li>\n\n\n\n<li>Emilie Gaborit (MCF Facult\u00e9 des Sports des Sciences et du Mouvement Humain, UT3)<\/li>\n\n\n\n<li>Michelle Kelly-Irving (DR Inserm, Sant\u00e9 publique, Equity-CERPOP, UT3)<\/li>\n\n\n\n<li>Flora Koliouli (MCF Psychologie, Universit\u00e9 Aristote de Thessalonique, Gr\u00e8ce)<\/li>\n\n\n\n<li>Am\u00e8le Lakhouache (Responsable des \u00e9tudes, IFRASS, UT2J)<\/li>\n\n\n\n<li>Alice Moscaritolo (Docteure en Sciences de l&rsquo;\u00e9ducation et de la formation, Comue de Toulouse)<\/li>\n\n\n\n<li>Hiroko Norimatsu (MCF Psychologie, UT2J)<\/li>\n\n\n\n<li>St\u00e9phanie Pinel-Jacquemin (Docteure en Psychologie, UT2J)<\/li>\n\n\n\n<li>Amandine Rochedy (MCF Sociologie, ISTHIA et charg\u00e9e de mission handicap UT2J)<\/li>\n\n\n\n<li>Olivia Troupel (MCF Psychologie, UT2J)<\/li>\n<\/ul>\n\n\n\n<p><\/p>\n\n\n\n<p class=\"has-text-align-center has-accent-color has-text-color has-link-color has-large-font-size wp-elements-a2fab86e88eeb97848a3ec765221f773\"><strong>Le comit\u00e9 scientifique<\/strong><\/p>\n\n\n\n<ul class=\"wp-block-list\">\n<li>Jean-Luc Atti\u00e9 (Professeur d\u2019a\u00e9rologie, UT3)<\/li>\n\n\n\n<li>Danielle Boyer (Ex responsable de l&rsquo;observatoire national de la petite enfance, CNAF, Paris)<\/li>\n\n\n\n<li>Rapha\u00eble Castagn\u00e9 (CR Inserm, Sant\u00e9 publique, Equity-CERPOP, UT3)<\/li>\n\n\n\n<li>Thierry Cardoso (Direction de la pr\u00e9vention et de la promotion de la sant\u00e9, Sant\u00e9 Publique France, Paris)<\/li>\n\n\n\n<li>Florent Champy (DR CNRS, Sociologie, UT2J)<\/li>\n\n\n\n<li>Isabelle Claudet (Pr. P\u00e9diatre-Cheffe P\u00f4le Enfants, CHU Toulouse et UT3)<\/li>\n\n\n\n<li>Marie Dajon (Docteure en Psychologie, Comue de Toulouse)<\/li>\n\n\n\n<li>Carine Decoux (Direction de la Petite Enfance &#8211; Mairie de Toulouse)<\/li>\n\n\n\n<li>Sabrina Beury (Direction de la Petite Enfance &#8211; Mairie de Toulouse)<\/li>\n\n\n\n<li>Cyrille Delpierre (DR Inserm, UT3)<\/li>\n\n\n\n<li>Annie Devault (Professeure au d\u00e9partement de travail social, Universit\u00e9 du Qu\u00e9bec en Outaouais, Canada)<\/li>\n\n\n\n<li>Bernard Dupr\u00e9 (Directeur de recherche CNRS, Arseaa, Toulouse)<\/li>\n\n\n\n<li>Anne Dupuy (MCF-HDR Sociologie, ISTHIA, UT2J)<\/li>\n\n\n\n<li>Chl\u00f6\u00e9 Farrer (DR CNRS, Neurosciences, UT2J)<\/li>\n\n\n\n<li>Emilie Gaborit (MCF Facult\u00e9 des Sports des Sciences et du Mouvement Humain, UT3)<\/li>\n\n\n\n<li>Anne-Sophie Giraud (CR Anthropologie, CNRS, UT2J)<\/li>\n\n\n\n<li>Sophie Jehel (Professeure en sciences de l\u2019information et de la communication, Universit\u00e9 Paris 8)<\/li>\n\n\n\n<li>Michelle Kelly-Irving (DR Sant\u00e9 publique, Inserm, UT3)<\/li>\n\n\n\n<li>Nonvignon Marius K\u00eadot\u00e9 (Ma\u00eetre de Conf\u00e9rences en Sant\u00e9 Publique, Universit\u00e9 d\u2019Abomey-Calavi, B\u00e9nin)<\/li>\n\n\n\n<li>Flora Koliouli (MCF Psychologie, Universit\u00e9 Aristote de Thessalonique, Gr\u00e8ce)<\/li>\n\n\n\n<li>Carl Lacharit\u00e9 (Professeur \u00e9m\u00e9rite de psychologie de l\u2019enfant et de la famille, Universit\u00e9 du Qu\u00e9bec \u00e0 Trois-Rivi\u00e8res, Canada)<\/li>\n\n\n\n<li>Am\u00e8le Lakhouache (Responsable des \u00e9tudes, IFRASS, UT2J)<\/li>\n\n\n\n<li>Wilfried Lignier (DR Sociologie, CNRS, Paris)<\/li>\n\n\n\n<li>Sophie Marinopoulos (Psychologue-psychanalyste)<\/li>\n\n\n\n<li>Marianne Modak (Professeure honoraire, Haute \u00e9cole de travail social et de la sant\u00e9, Lausanne, Suisse)<\/li>\n\n\n\n<li>Laurence Monnier-Saillol (Docteure en Droit priv\u00e9, Avocate \u00e0 la Cour, Toulouse)<\/li>\n\n\n\n<li>Alice Moscaritolo (Docteure en Sciences de l&rsquo;\u00e9ducation et de la formation, Comue de Toulouse)<\/li>\n\n\n\n<li>St\u00e9phanie Mulot (Professeure de Sociologie, UT2J)<\/li>\n\n\n\n<li>Hiroko Norimatsu (MCF Psychologie, UT2J)<\/li>\n\n\n\n<li>St\u00e9phanie Pinel-Jacquemin (Docteure en Psychologie, UT2J)<\/li>\n\n\n\n<li>Florent Pittet (MCF Neurosciences, CerCo CNRS, UT3)<\/li>\n\n\n\n<li>Lukas Rass-Masson (Professeur de Droit priv\u00e9, UT3 ; VP, UT)<\/li>\n\n\n\n<li>Sylvie Rayna (MCF Sciences de l\u2019\u00e9ducation, Universit\u00e9 Sorbonne Paris Nord)<\/li>\n\n\n\n<li>Emmanuelle Rial-Sebbag (DR Inserm, Droit de la sant\u00e9, UT3)<\/li>\n\n\n\n<li>Amandine Rochedy (MCF Sociologie, ISTHIA et charg\u00e9e de mission handicap UT2J)<\/li>\n\n\n\n<li>Maith\u00e9 Tauber (Professeure en P\u00e9diatrie endocrinologie, CHU Toulouse, UT3)<\/li>\n\n\n\n<li>Olivia Troupel (MCF Psychologie, UT2J)<\/li>\n\n\n\n<li>Michel Vandenbroeck (Professeur au D\u00e9partement du travail social, Facult\u00e9 de Psychologie et des Sciences de l&rsquo;\u00e9ducation, Universit\u00e9 de Gand, Belgique)<\/li>\n\n\n\n<li>Chantal Zaouche Gaudron (Professeure \u00e9m\u00e9rite de Psychologie du d\u00e9veloppement, UT2J)<\/li>\n<\/ul>\n","protected":false},"excerpt":{"rendered":"<p>Les responsables scientifiques Le comit\u00e9 d&rsquo;organisation Le comit\u00e9 scientifique<\/p>\n","protected":false},"author":1441,"featured_media":0,"parent":0,"menu_order":0,"comment_status":"closed","ping_status":"closed","template":"","meta":{"footnotes":""},"class_list":["post-17","page","type-page","status-publish","hentry","post-preview"],"_links":{"self":[{"href":"https:\/\/blogs.univ-tlse2.fr\/gis-beco-ut\/wp-json\/wp\/v2\/pages\/17","targetHints":{"allow":["GET"]}}],"collection":[{"href":"https:\/\/blogs.univ-tlse2.fr\/gis-beco-ut\/wp-json\/wp\/v2\/pages"}],"about":[{"href":"https:\/\/blogs.univ-tlse2.fr\/gis-beco-ut\/wp-json\/wp\/v2\/types\/page"}],"author":[{"embeddable":true,"href":"https:\/\/blogs.univ-tlse2.fr\/gis-beco-ut\/wp-json\/wp\/v2\/users\/1441"}],"replies":[{"embeddable":true,"href":"https:\/\/blogs.univ-tlse2.fr\/gis-beco-ut\/wp-json\/wp\/v2\/comments?post=17"}],"version-history":[{"count":5,"href":"https:\/\/blogs.univ-tlse2.fr\/gis-beco-ut\/wp-json\/wp\/v2\/pages\/17\/revisions"}],"predecessor-version":[{"id":224,"href":"https:\/\/blogs.univ-tlse2.fr\/gis-beco-ut\/wp-json\/wp\/v2\/pages\/17\/revisions\/224"}],"wp:attachment":[{"href":"https:\/\/blogs.univ-tlse2.fr\/gis-beco-ut\/wp-json\/wp\/v2\/media?parent=17"}],"curies":[{"name":"wp","href":"https:\/\/api.w.org\/{rel}","templated":true}]}}