 {"id":2,"date":"2024-06-21T10:21:22","date_gmt":"2024-06-21T08:21:22","guid":{"rendered":"https:\/\/blogs.univ-tlse2.fr\/gis-beco-ut\/?page_id=2"},"modified":"2025-04-29T12:35:02","modified_gmt":"2025-04-29T10:35:02","slug":"page-d-exemple","status":"publish","type":"page","link":"https:\/\/blogs.univ-tlse2.fr\/gis-beco-ut\/","title":{"rendered":"Bienvenue !"},"content":{"rendered":"\n<p class=\"has-text-align-center\">Bienvenue sur le site de la troisi\u00e8me \u00e9dition du Colloque interdisciplinaire international BECO \u00ab&nbsp;B\u00e9b\u00e9, Petite Enfance en COntextes&nbsp;\u00bb qui aura lieu&nbsp;<strong>\u00e0&nbsp;<strong>l\u2019Universit\u00e9 Toulouse Jean Jaur\u00e8s<\/strong>, du 21 au 23 Mai 2025<\/strong>.<\/p>\n\n\n\n<p class=\"has-text-align-center\">Vous trouverez sur ce site toutes les informations utiles pour organiser votre venue.<\/p>\n\n\n\n<p class=\"has-text-align-center\">A bient\u00f4t !<\/p>\n\n\n\n<p class=\"has-text-align-center\">Le comit\u00e9 d\u2019organisation<\/p>\n\n\n<div class=\"wp-block-image\">\n<figure class=\"aligncenter size-large\"><img loading=\"lazy\" decoding=\"async\" width=\"724\" height=\"1024\" src=\"https:\/\/blogs.univ-tlse2.fr\/gis-beco-ut\/files\/2025\/04\/Aff-beco-copie_page-0001-1-724x1024.jpg\" alt=\"\" class=\"wp-image-246\" srcset=\"https:\/\/blogs.univ-tlse2.fr\/gis-beco-ut\/files\/2025\/04\/Aff-beco-copie_page-0001-1-724x1024.jpg 724w, https:\/\/blogs.univ-tlse2.fr\/gis-beco-ut\/files\/2025\/04\/Aff-beco-copie_page-0001-1-212x300.jpg 212w, https:\/\/blogs.univ-tlse2.fr\/gis-beco-ut\/files\/2025\/04\/Aff-beco-copie_page-0001-1-768x1086.jpg 768w, https:\/\/blogs.univ-tlse2.fr\/gis-beco-ut\/files\/2025\/04\/Aff-beco-copie_page-0001-1-1086x1536.jpg 1086w, https:\/\/blogs.univ-tlse2.fr\/gis-beco-ut\/files\/2025\/04\/Aff-beco-copie_page-0001-1-1448x2048.jpg 1448w, https:\/\/blogs.univ-tlse2.fr\/gis-beco-ut\/files\/2025\/04\/Aff-beco-copie_page-0001-1-676x956.jpg 676w, https:\/\/blogs.univ-tlse2.fr\/gis-beco-ut\/files\/2025\/04\/Aff-beco-copie_page-0001-1-scaled.jpg 1810w\" sizes=\"auto, (max-width: 724px) 100vw, 724px\" \/><\/figure>\n<\/div>\n\n\n<p><\/p>\n\n\n\n<p><\/p>\n\n\n\n<p><\/p>\n\n\n\n<p><\/p>\n\n\n\n<h2 class=\"wp-block-heading has-text-align-center\"><mark style=\"background-color:#fff\" class=\"has-inline-color has-accent-color\">Actualit\u00e9s<\/mark><\/h2>\n\n\n\n<p class=\"has-text-align-center\">Le Quai des Savoirs de Toulouse, partenaire du GIS BECO, vous invite \u00e9galement \u00e0 son \u00e9v\u00e9nement <em>\u00ab\u00a0La foule \u00e0 hauteur d\u2019enfant\u00a0\u00bb<\/em>, le mercredi 21 Mai 2025 de 10h30 \u00e0 17h.<\/p>\n\n\n\n<p class=\"has-text-align-center\">Dans le cadre de l\u2019exposition \u201cComme des moutons ?\u201d, le Quai des Savoirs et ses partenaires proposent une journ\u00e9e th\u00e9matique au cours de laquelle on se plongera dans la foule, mais \u00e0 hauteur d\u2019enfant.<\/p>\n\n\n\n<p class=\"has-text-align-center\">Cette journ\u00e9e originale est organis\u00e9e en \u00e9cho \u00e0 la 3\u00e8me \u00e9dition du colloque.<\/p>\n\n\n\n<p class=\"has-text-align-center\"><a href=\"https:\/\/quaidessavoirs.toulouse-metropole.fr\/la-foule-a-hauteur-denfant\/\"><strong>Retrouvez toutes les infos ici !<\/strong><\/a><\/p>\n\n\n\n<p><\/p>\n\n\n\n<p><\/p>\n\n\n\n<p><\/p>\n\n\n\n<p><\/p>\n\n\n\n<p><\/p>\n\n\n\n<p><\/p>\n\n\n\n<p><\/p>\n\n\n<div class=\"wp-block-image\">\n<figure class=\"aligncenter size-large is-resized\"><a href=\"https:\/\/beco.univ-tlse2.fr\/\"><img loading=\"lazy\" decoding=\"async\" width=\"1024\" height=\"353\" src=\"https:\/\/blogs.univ-tlse2.fr\/gis-beco-ut\/files\/2024\/07\/230617-LOGO_BECO-8-3-1024x353.png\" alt=\"\" class=\"wp-image-10\" style=\"width:527px;height:auto\" srcset=\"https:\/\/blogs.univ-tlse2.fr\/gis-beco-ut\/files\/2024\/07\/230617-LOGO_BECO-8-3-1024x353.png 1024w, https:\/\/blogs.univ-tlse2.fr\/gis-beco-ut\/files\/2024\/07\/230617-LOGO_BECO-8-3-300x103.png 300w, https:\/\/blogs.univ-tlse2.fr\/gis-beco-ut\/files\/2024\/07\/230617-LOGO_BECO-8-3-768x264.png 768w, https:\/\/blogs.univ-tlse2.fr\/gis-beco-ut\/files\/2024\/07\/230617-LOGO_BECO-8-3-676x233.png 676w, https:\/\/blogs.univ-tlse2.fr\/gis-beco-ut\/files\/2024\/07\/230617-LOGO_BECO-8-3.png 1220w\" sizes=\"auto, (max-width: 1024px) 100vw, 1024px\" \/><\/a><\/figure>\n<\/div>\n\n\n<p><\/p>\n","protected":false},"excerpt":{"rendered":"<p>Bienvenue sur le site de la troisi\u00e8me \u00e9dition du Colloque interdisciplinaire international BECO \u00ab&nbsp;B\u00e9b\u00e9, Petite Enfance en COntextes&nbsp;\u00bb qui aura lieu&nbsp;\u00e0&nbsp;l\u2019Universit\u00e9 Toulouse Jean Jaur\u00e8s, du 21 au 23 Mai 2025. Vous trouverez sur ce site toutes les informations utiles pour organiser votre venue. A bient\u00f4t ! Le comit\u00e9 d\u2019organisation Actualit\u00e9s Le Quai des Savoirs de [&hellip;]<\/p>\n","protected":false},"author":1441,"featured_media":0,"parent":0,"menu_order":0,"comment_status":"closed","ping_status":"open","template":"","meta":{"footnotes":""},"class_list":["post-2","page","type-page","status-publish","hentry","post-preview"],"_links":{"self":[{"href":"https:\/\/blogs.univ-tlse2.fr\/gis-beco-ut\/wp-json\/wp\/v2\/pages\/2","targetHints":{"allow":["GET"]}}],"collection":[{"href":"https:\/\/blogs.univ-tlse2.fr\/gis-beco-ut\/wp-json\/wp\/v2\/pages"}],"about":[{"href":"https:\/\/blogs.univ-tlse2.fr\/gis-beco-ut\/wp-json\/wp\/v2\/types\/page"}],"author":[{"embeddable":true,"href":"https:\/\/blogs.univ-tlse2.fr\/gis-beco-ut\/wp-json\/wp\/v2\/users\/1441"}],"replies":[{"embeddable":true,"href":"https:\/\/blogs.univ-tlse2.fr\/gis-beco-ut\/wp-json\/wp\/v2\/comments?post=2"}],"version-history":[{"count":14,"href":"https:\/\/blogs.univ-tlse2.fr\/gis-beco-ut\/wp-json\/wp\/v2\/pages\/2\/revisions"}],"predecessor-version":[{"id":247,"href":"https:\/\/blogs.univ-tlse2.fr\/gis-beco-ut\/wp-json\/wp\/v2\/pages\/2\/revisions\/247"}],"wp:attachment":[{"href":"https:\/\/blogs.univ-tlse2.fr\/gis-beco-ut\/wp-json\/wp\/v2\/media?parent=2"}],"curies":[{"name":"wp","href":"https:\/\/api.w.org\/{rel}","templated":true}]}}