 {"id":37,"date":"2024-07-16T14:22:26","date_gmt":"2024-07-16T12:22:26","guid":{"rendered":"https:\/\/blogs.univ-tlse2.fr\/gis-beco-ut\/?page_id=37"},"modified":"2025-02-17T11:17:16","modified_gmt":"2025-02-17T10:17:16","slug":"inscription-et-paiement","status":"publish","type":"page","link":"https:\/\/blogs.univ-tlse2.fr\/gis-beco-ut\/inscription-et-paiement\/","title":{"rendered":"Inscription et tarifs"},"content":{"rendered":"\n<p>Le colloque aura lieu en pr\u00e9sentiel uniquement.<\/p>\n\n\n\n<p><\/p>\n\n\n\n<p><strong>Les inscriptions sont ouvertes : <a href=\"https:\/\/colloques-cprs.univ-tlse2.fr\/spip.php?rubrique200&amp;lang=fr\">CLIQUEZ ICI<\/a><\/strong><\/p>\n\n\n\n<p><\/p>\n\n\n\n<figure class=\"wp-block-table is-style-stripes\"><table class=\"has-fixed-layout\"><tbody><tr><td>Plein tarif (3 jours)<\/td><td class=\"has-text-align-right\" data-align=\"right\">250 \u20ac<\/td><\/tr><tr><td>Plein tarif avec livre des actes<\/td><td class=\"has-text-align-right\" data-align=\"right\">280 \u20ac<\/td><\/tr><tr><td>Tarif r\u00e9duit (\u00e9tudiant, doctorant, retrait\u00e9, demandeur d&#8217;emploi)*<\/td><td class=\"has-text-align-right\" data-align=\"right\">50 \u20ac<\/td><\/tr><tr><td>Tarif \u00e9volutif : inscription tardive (\u00e0 partir 1er mars 2025)<\/td><td class=\"has-text-align-right\" data-align=\"right\">300 \u20ac<\/td><\/tr><tr><td>D\u00eener de Gala**<\/td><td class=\"has-text-align-right\" data-align=\"right\">55 \u20ac<\/td><\/tr><\/tbody><\/table><figcaption class=\"wp-element-caption\"><br>* Un justificatif sera demand\u00e9<br>** Nombre de place limit\u00e9<\/figcaption><\/figure>\n\n\n\n<p><\/p>\n\n\n\n<p><\/p>\n\n\n\n<p><\/p>\n\n\n\n<p><\/p>\n\n\n\n<p><\/p>\n\n\n\n<p><\/p>\n","protected":false},"excerpt":{"rendered":"<p>Le colloque aura lieu en pr\u00e9sentiel uniquement. Les inscriptions sont ouvertes : CLIQUEZ ICI Plein tarif (3 jours) 250 \u20ac Plein tarif avec livre des actes 280 \u20ac Tarif r\u00e9duit (\u00e9tudiant, doctorant, retrait\u00e9, demandeur d&#8217;emploi)* 50 \u20ac Tarif \u00e9volutif : inscription tardive (\u00e0 partir 1er mars 2025) 300 \u20ac D\u00eener de Gala** 55 \u20ac * [&hellip;]<\/p>\n","protected":false},"author":1441,"featured_media":0,"parent":0,"menu_order":0,"comment_status":"closed","ping_status":"closed","template":"","meta":{"footnotes":""},"class_list":["post-37","page","type-page","status-publish","hentry","post-preview"],"_links":{"self":[{"href":"https:\/\/blogs.univ-tlse2.fr\/gis-beco-ut\/wp-json\/wp\/v2\/pages\/37","targetHints":{"allow":["GET"]}}],"collection":[{"href":"https:\/\/blogs.univ-tlse2.fr\/gis-beco-ut\/wp-json\/wp\/v2\/pages"}],"about":[{"href":"https:\/\/blogs.univ-tlse2.fr\/gis-beco-ut\/wp-json\/wp\/v2\/types\/page"}],"author":[{"embeddable":true,"href":"https:\/\/blogs.univ-tlse2.fr\/gis-beco-ut\/wp-json\/wp\/v2\/users\/1441"}],"replies":[{"embeddable":true,"href":"https:\/\/blogs.univ-tlse2.fr\/gis-beco-ut\/wp-json\/wp\/v2\/comments?post=37"}],"version-history":[{"count":9,"href":"https:\/\/blogs.univ-tlse2.fr\/gis-beco-ut\/wp-json\/wp\/v2\/pages\/37\/revisions"}],"predecessor-version":[{"id":207,"href":"https:\/\/blogs.univ-tlse2.fr\/gis-beco-ut\/wp-json\/wp\/v2\/pages\/37\/revisions\/207"}],"wp:attachment":[{"href":"https:\/\/blogs.univ-tlse2.fr\/gis-beco-ut\/wp-json\/wp\/v2\/media?parent=37"}],"curies":[{"name":"wp","href":"https:\/\/api.w.org\/{rel}","templated":true}]}}