 {"id":39,"date":"2024-07-16T14:29:11","date_gmt":"2024-07-16T12:29:11","guid":{"rendered":"https:\/\/blogs.univ-tlse2.fr\/gis-beco-ut\/?page_id=39"},"modified":"2025-02-07T15:03:21","modified_gmt":"2025-02-07T14:03:21","slug":"soumission-dune-communication","status":"publish","type":"page","link":"https:\/\/blogs.univ-tlse2.fr\/gis-beco-ut\/soumission-dune-communication\/","title":{"rendered":"Soumission d&rsquo;une communication"},"content":{"rendered":"\n<p class=\"has-text-align-center has-accent-color has-text-color has-link-color has-large-font-size wp-elements-b2885030f4ac9bca95a2e1d16afc622e\"><strong>Publics vis\u00e9s<\/strong><\/p>\n\n\n\n<p>Enseignant\u00b7e\u00b7s-chercheur\u00b7e\u00b7s, chercheur\u00b7e\u00b7s, \u00e9tudiant\u00b7e\u00b7s de master, doctorant\u00b7e\u00b7s et professionnel\u00b7le\u00b7s de la petite enfance, toutes disciplines confondues<\/p>\n\n\n\n<p class=\"has-text-align-center has-accent-color has-text-color has-link-color has-large-font-size wp-elements-30862d088558ebaa0f8a1d33b115c145\"><strong>Rappel des th\u00e9matiques dans&nbsp;le champ de la petite enfance allant de la p\u00e9riode p\u00e9rinatale \u00e0 l\u2019entr\u00e9e \u00e0 l\u2019\u00e9cole primaire<\/strong><\/p>\n\n\n\n<p>1- Contextes de vuln\u00e9rabilit\u00e9 et in\u00e9galit\u00e9s sociales, de genre, de sant\u00e9, territoriales : violences faites aux enfants, situation de handicap, de d\u00e9favorisation, migratoire, pand\u00e9mie COVID-19, etc.<\/p>\n\n\n\n<p>2- Relations, socialisations et diversit\u00e9 familiales<\/p>\n\n\n\n<p>3- Socialisation extra-familiale : institutionnelle (EAJE, Assistants familiaux, maternels, \u00e9cole, PMI\u2026) et activit\u00e9s culturelles, artistiques, de loisirs, sportives, num\u00e9riques<\/p>\n\n\n\n<p>4- Environnement (air, eau, alimentation), cadres de vie et habitats<\/p>\n\n\n\n<p>5- Cadres juridique et \u00e9thique li\u00e9s \u00e0 la petite enfance (par exemple : prise en compte de la parole de l\u2019enfant dans les proc\u00e9dures le concernant, etc\u2026)<\/p>\n\n\n\n<p>6- Bien-\u00eatre, bonheur<\/p>\n\n\n\n<p class=\"has-accent-color has-text-color has-link-color wp-elements-bab292ce24e7a315517e6b42d113417f\"><strong><em>Chacune des th\u00e9matiques peut \u00eatre appr\u00e9hend\u00e9e de fa\u00e7on isol\u00e9e ou en interaction avec un ou plusieurs contextes.<\/em><\/strong><\/p>\n\n\n\n<p class=\"has-accent-color has-text-color has-link-color wp-elements-35bd5ad57cbb06f3cb5194ce3c26de51\"><strong><em>Des symposia th\u00e9matis\u00e9s proposant 4 communications sont possibles.<\/em><\/strong><\/p>\n\n\n\n<p class=\"has-accent-color has-text-color has-link-color wp-elements-e581871c2b34b465a01b5d20997e068a\"><strong><em>Les propositions \u00e0 caract\u00e8re interdisciplinaire seront fortement appr\u00e9ci\u00e9es.<\/em><\/strong><\/p>\n\n\n\n<p class=\"has-text-align-center has-large-font-size\"><strong>L&rsquo;appel \u00e0 communications est d\u00e9sormais clos.<\/strong><\/p>\n\n\n\n<p class=\"has-text-align-center has-large-font-size\"><\/p>\n\n\n\n<blockquote class=\"wp-block-quote is-layout-flow wp-block-quote-is-layout-flow\">\n<p class=\"has-text-align-center\"><strong>Recommandations pour les posters :<\/strong><\/p>\n\n\n\n<p class=\"has-text-align-center\"><strong>Format : Portrait<\/strong><\/p>\n\n\n\n<p class=\"has-text-align-center\"><strong>Taille : 90.44 cm (largeur) x 116.2 cm (hauteur)<\/strong><\/p>\n\n\n\n<p class=\"has-text-align-center\"><strong>Sur papier glac\u00e9<\/strong><\/p>\n\n\n\n<p class=\"has-text-align-center has-accent-color has-text-color has-link-color wp-elements-8cb1d377432b8a1a8a268a9c1e9174a5\"><strong>UN PRIX SERA D\u00c9CERN\u00c9 AU MEILLEUR POSTER !<\/strong><\/p>\n<\/blockquote>\n","protected":false},"excerpt":{"rendered":"<p>Publics vis\u00e9s Enseignant\u00b7e\u00b7s-chercheur\u00b7e\u00b7s, chercheur\u00b7e\u00b7s, \u00e9tudiant\u00b7e\u00b7s de master, doctorant\u00b7e\u00b7s et professionnel\u00b7le\u00b7s de la petite enfance, toutes disciplines confondues Rappel des th\u00e9matiques dans&nbsp;le champ de la petite enfance allant de la p\u00e9riode p\u00e9rinatale \u00e0 l\u2019entr\u00e9e \u00e0 l\u2019\u00e9cole primaire 1- Contextes de vuln\u00e9rabilit\u00e9 et in\u00e9galit\u00e9s sociales, de genre, de sant\u00e9, territoriales : violences faites aux enfants, situation de [&hellip;]<\/p>\n","protected":false},"author":1441,"featured_media":0,"parent":0,"menu_order":0,"comment_status":"closed","ping_status":"closed","template":"","meta":{"footnotes":""},"class_list":["post-39","page","type-page","status-publish","hentry","post-preview"],"_links":{"self":[{"href":"https:\/\/blogs.univ-tlse2.fr\/gis-beco-ut\/wp-json\/wp\/v2\/pages\/39","targetHints":{"allow":["GET"]}}],"collection":[{"href":"https:\/\/blogs.univ-tlse2.fr\/gis-beco-ut\/wp-json\/wp\/v2\/pages"}],"about":[{"href":"https:\/\/blogs.univ-tlse2.fr\/gis-beco-ut\/wp-json\/wp\/v2\/types\/page"}],"author":[{"embeddable":true,"href":"https:\/\/blogs.univ-tlse2.fr\/gis-beco-ut\/wp-json\/wp\/v2\/users\/1441"}],"replies":[{"embeddable":true,"href":"https:\/\/blogs.univ-tlse2.fr\/gis-beco-ut\/wp-json\/wp\/v2\/comments?post=39"}],"version-history":[{"count":5,"href":"https:\/\/blogs.univ-tlse2.fr\/gis-beco-ut\/wp-json\/wp\/v2\/pages\/39\/revisions"}],"predecessor-version":[{"id":197,"href":"https:\/\/blogs.univ-tlse2.fr\/gis-beco-ut\/wp-json\/wp\/v2\/pages\/39\/revisions\/197"}],"wp:attachment":[{"href":"https:\/\/blogs.univ-tlse2.fr\/gis-beco-ut\/wp-json\/wp\/v2\/media?parent=39"}],"curies":[{"name":"wp","href":"https:\/\/api.w.org\/{rel}","templated":true}]}}