 {"id":43,"date":"2024-07-16T14:46:42","date_gmt":"2024-07-16T12:46:42","guid":{"rendered":"https:\/\/blogs.univ-tlse2.fr\/gis-beco-ut\/?page_id=43"},"modified":"2024-10-22T15:40:31","modified_gmt":"2024-10-22T13:40:31","slug":"infos-pratiques","status":"publish","type":"page","link":"https:\/\/blogs.univ-tlse2.fr\/gis-beco-ut\/infos-pratiques\/","title":{"rendered":"Infos pratiques"},"content":{"rendered":"\n<p class=\"has-text-align-center has-accent-color has-text-color has-link-color has-large-font-size wp-elements-2329ab239fbc68e8cc62d2b934f5ea99\"><strong>Lieu du colloque<\/strong><\/p>\n\n\n\n<p class=\"has-text-align-center\"><strong>Adresse<\/strong><\/p>\n\n\n\n<p class=\"has-text-align-center\">Universit\u00e9 Toulouse Jean Jaur\u00e8s, Maison de la recherche, 5 all\u00e9es Antonio Machado, 31058 Toulouse<\/p>\n\n\n<div class=\"wp-block-image\">\n<figure class=\"aligncenter size-full is-resized\"><img loading=\"lazy\" decoding=\"async\" width=\"300\" height=\"225\" src=\"https:\/\/blogs.univ-tlse2.fr\/gis-beco-ut\/files\/2024\/07\/image.png\" alt=\"\" class=\"wp-image-44\" style=\"width:412px;height:auto\" \/><\/figure>\n<\/div>\n\n\n<p><\/p>\n\n\n\n<p class=\"has-regular-font-size\"><strong>Comment venir ?<\/strong><\/p>\n\n\n\n<div class=\"wp-block-group\"><div class=\"wp-block-group__inner-container is-layout-constrained wp-block-group-is-layout-constrained\">\n<p class=\"has-regular-font-size\"><a href=\"https:\/\/www.univ-tlse2.fr\/accueil\/plan-et-contact\/moyens-dacces-au-campus-mirail\" target=\"_blank\" rel=\"noreferrer noopener\">Retrouvez les moyens d\u2019acc\u00e8s au campus du Mirail<\/a><\/p>\n\n\n\n<p class=\"has-regular-font-size\"><\/p>\n\n\n\n<p><\/p>\n<\/div><\/div>\n\n\n\n<p class=\"has-regular-font-size\"><strong>O\u00f9 se garer ?<\/strong><\/p>\n\n\n\n<p>Nombreux parkings gratuits sur le campus (P5-P6-P7)<\/p>\n\n\n\n<p><\/p>\n\n\n\n<p class=\"has-regular-font-size\"><strong>Pr\u00e9parer son s\u00e9jour<\/strong><\/p>\n\n\n\n<p class=\"has-regular-font-size\">Pour bien pr\u00e9parer votre s\u00e9jour \u00e0 Toulouse, et profiter autant de la science que de la ville rose, <a href=\"https:\/\/www.univ-tlse2.fr\/accueil\/recherche\/colloques\/preparer-son-sejour\">voici quelques pistes&#8230;<\/a><\/p>\n\n\n\n<p class=\"has-regular-font-size\"><strong>Contacts<\/strong><\/p>\n\n\n\n<ul class=\"wp-block-list\">\n<li><strong>Comit\u00e9 d\u2019organisation BECO :<\/strong>&nbsp;<a href=\"&#109;&#x61;&#105;&#x6c;&#116;&#x6f;&#58;&#x62;&#101;&#x63;&#111;&#x40;&#117;&#x6e;&#105;&#x76;&#45;&#x74;&#108;&#x73;&#101;&#x32;&#46;&#x66;&#114;\" target=\"_blank\" rel=\"noreferrer noopener\">&#x62;&#x65;&#x63;&#x6f;&#x40;&#x75;&#x6e;&#x69;&#118;&#45;&#116;&#108;se2&#46;fr<\/a><\/li>\n\n\n\n<li><strong>Responsable BECO :<\/strong>&nbsp;<a href=\"&#x6d;&#x61;&#105;&#108;to&#x3a;&#x63;&#x68;&#97;nta&#x6c;&#x2e;&#x7a;&#97;ou&#x63;&#x68;&#x65;&#64;&#117;ni&#x76;&#x2d;&#x74;&#108;se2&#x2e;&#x66;&#x72;\" target=\"_blank\" rel=\"noreferrer noopener\">a&#110;&#x6e;&#x65;&#46;&#100;&#x75;&#x70;u&#121;&#x40;&#x75;n&#105;&#x76;&#x2d;t&#108;&#x73;&#x65;2&#46;&#x66;&#x72;<\/a><\/li>\n\n\n\n<li><strong>Coordination BECO :<\/strong>&nbsp;<a href=\"&#x6d;&#x61;&#105;l&#x74;&#x6f;&#x3a;&#109;a&#x72;&#x69;&#x65;&#46;d&#x61;&#x6a;&#x6f;&#110;&#64;&#x75;&#x6e;&#x69;&#118;-&#x74;&#x6f;&#x75;&#108;o&#x75;&#x73;&#x65;&#46;f&#x72;\" target=\"_blank\" rel=\"noreferrer noopener\">&#x6d;&#97;r&#x69;&#x65;&#46;d&#x61;&#x6a;&#111;n&#x40;&#x75;ni&#x76;&#x2d;to&#x75;&#108;ou&#x73;&#101;&#46;&#x66;&#x72;<\/a><\/li>\n<\/ul>\n\n\n\n<p><\/p>\n\n\n\n<p class=\"has-text-align-center has-accent-color has-text-color has-link-color has-large-font-size wp-elements-9a6b8538d58b029996e266d3d891baca\"><strong>Nous suivre sur les r\u00e9seaux <\/strong>!<\/p>\n\n\n<div class=\"wp-block-image\">\n<figure class=\"aligncenter size-full is-resized\"><a href=\"https:\/\/www.linkedin.com\/company\/gis-beco-b%C3%A9b%C3%A9-petite-enfance-en-contextes\/\"><img loading=\"lazy\" decoding=\"async\" width=\"512\" height=\"512\" src=\"https:\/\/blogs.univ-tlse2.fr\/gis-beco-ut\/files\/2024\/10\/logo-linkedin.png\" alt=\"\" class=\"wp-image-125\" style=\"width:173px;height:auto\" srcset=\"https:\/\/blogs.univ-tlse2.fr\/gis-beco-ut\/files\/2024\/10\/logo-linkedin.png 512w, https:\/\/blogs.univ-tlse2.fr\/gis-beco-ut\/files\/2024\/10\/logo-linkedin-300x300.png 300w, https:\/\/blogs.univ-tlse2.fr\/gis-beco-ut\/files\/2024\/10\/logo-linkedin-150x150.png 150w\" sizes=\"auto, (max-width: 512px) 100vw, 512px\" \/><\/a><\/figure>\n<\/div>\n\n<div class=\"wp-block-image\">\n<figure class=\"aligncenter size-large is-resized\"><img loading=\"lazy\" decoding=\"async\" width=\"1024\" height=\"696\" src=\"https:\/\/blogs.univ-tlse2.fr\/gis-beco-ut\/files\/2024\/10\/facebook-logo-F-1200x816-1-1024x696.jpg\" alt=\"\" class=\"wp-image-126\" style=\"width:240px;height:auto\" srcset=\"https:\/\/blogs.univ-tlse2.fr\/gis-beco-ut\/files\/2024\/10\/facebook-logo-F-1200x816-1-1024x696.jpg 1024w, https:\/\/blogs.univ-tlse2.fr\/gis-beco-ut\/files\/2024\/10\/facebook-logo-F-1200x816-1-300x204.jpg 300w, https:\/\/blogs.univ-tlse2.fr\/gis-beco-ut\/files\/2024\/10\/facebook-logo-F-1200x816-1-768x522.jpg 768w, https:\/\/blogs.univ-tlse2.fr\/gis-beco-ut\/files\/2024\/10\/facebook-logo-F-1200x816-1-676x460.jpg 676w, https:\/\/blogs.univ-tlse2.fr\/gis-beco-ut\/files\/2024\/10\/facebook-logo-F-1200x816-1.jpg 1200w\" sizes=\"auto, (max-width: 1024px) 100vw, 1024px\" \/><\/figure>\n<\/div>\n\n<div class=\"wp-block-image\">\n<figure class=\"aligncenter size-full is-resized\"><a href=\"https:\/\/twitter.com\/BECO_UT2J\"><img loading=\"lazy\" decoding=\"async\" width=\"512\" height=\"374\" src=\"https:\/\/blogs.univ-tlse2.fr\/gis-beco-ut\/files\/2024\/10\/image-2.png\" alt=\"\" class=\"wp-image-130\" style=\"width:268px;height:auto\" srcset=\"https:\/\/blogs.univ-tlse2.fr\/gis-beco-ut\/files\/2024\/10\/image-2.png 512w, https:\/\/blogs.univ-tlse2.fr\/gis-beco-ut\/files\/2024\/10\/image-2-300x219.png 300w\" sizes=\"auto, (max-width: 512px) 100vw, 512px\" \/><\/a><\/figure>\n<\/div>\n\n\n<p><\/p>\n","protected":false},"excerpt":{"rendered":"<p>Lieu du colloque Adresse Universit\u00e9 Toulouse Jean Jaur\u00e8s, Maison de la recherche, 5 all\u00e9es Antonio Machado, 31058 Toulouse Comment venir ? Retrouvez les moyens d\u2019acc\u00e8s au campus du Mirail O\u00f9 se garer ? Nombreux parkings gratuits sur le campus (P5-P6-P7) Pr\u00e9parer son s\u00e9jour Pour bien pr\u00e9parer votre s\u00e9jour \u00e0 Toulouse, et profiter autant de la [&hellip;]<\/p>\n","protected":false},"author":1441,"featured_media":0,"parent":0,"menu_order":0,"comment_status":"closed","ping_status":"closed","template":"","meta":{"footnotes":""},"class_list":["post-43","page","type-page","status-publish","hentry","post-preview"],"_links":{"self":[{"href":"https:\/\/blogs.univ-tlse2.fr\/gis-beco-ut\/wp-json\/wp\/v2\/pages\/43","targetHints":{"allow":["GET"]}}],"collection":[{"href":"https:\/\/blogs.univ-tlse2.fr\/gis-beco-ut\/wp-json\/wp\/v2\/pages"}],"about":[{"href":"https:\/\/blogs.univ-tlse2.fr\/gis-beco-ut\/wp-json\/wp\/v2\/types\/page"}],"author":[{"embeddable":true,"href":"https:\/\/blogs.univ-tlse2.fr\/gis-beco-ut\/wp-json\/wp\/v2\/users\/1441"}],"replies":[{"embeddable":true,"href":"https:\/\/blogs.univ-tlse2.fr\/gis-beco-ut\/wp-json\/wp\/v2\/comments?post=43"}],"version-history":[{"count":10,"href":"https:\/\/blogs.univ-tlse2.fr\/gis-beco-ut\/wp-json\/wp\/v2\/pages\/43\/revisions"}],"predecessor-version":[{"id":132,"href":"https:\/\/blogs.univ-tlse2.fr\/gis-beco-ut\/wp-json\/wp\/v2\/pages\/43\/revisions\/132"}],"wp:attachment":[{"href":"https:\/\/blogs.univ-tlse2.fr\/gis-beco-ut\/wp-json\/wp\/v2\/media?parent=43"}],"curies":[{"name":"wp","href":"https:\/\/api.w.org\/{rel}","templated":true}]}}