 {"id":310,"date":"2023-05-24T10:20:13","date_gmt":"2023-05-24T08:20:13","guid":{"rendered":"http:\/\/volem-artem.fr\/?page_id=310"},"modified":"2025-10-20T16:46:51","modified_gmt":"2025-10-20T14:46:51","slug":"accueil-2","status":"publish","type":"page","link":"https:\/\/blogs.univ-tlse2.fr\/goodies-ut2j\/","title":{"rendered":"Accueil"},"content":{"rendered":"<h1 style=\"text-align: center\"><span style=\"color: #003366\">Bienvenue !<\/span><\/h1>\n<h1 style=\"text-align: center\"><span style=\"color: #003366\">Vous \u00eates une UFR, un d\u00e9partement, un labo, un service<\/span><\/h1>\n<h1 style=\"text-align: center\"><span style=\"color: #003366\">et vous souhaitez acheter* des objets personnalis\u00e9s UT2J ?<\/span><\/h1>\n<h1 style=\"text-align: center\"><span style=\"color: #003366\">\u25ba Retrouvez tous les goodies disponibles au <\/span><span style=\"color: #1e73be\"><a style=\"color: #1e73be\" href=\"https:\/\/blogs.univ-tlse2.fr\/goodies-ut2j\/catalogue\/\">catalogue<\/a><\/span><span style=\"color: #003366\"> !<\/span><\/h1>\n<div id=\"description\" class=\"toolbox\">\n<div class=\"toolbox\">\n<p>&nbsp;<\/p>\n<blockquote><p>*Les tarifs indiqu\u00e9s correspondent au prix unitaire TTC.<br \/>\n(Les prix sont garantis dans la limite du stock disponible au service communication).<\/p><\/blockquote>\n<\/div>\n<\/div>\n<h3><\/h3>\n<p>&nbsp;<\/p>\n<div>\n<h3><span style=\"color: #003366\"><strong>\u25ba Proc\u00e9dure pour vos pr\u00e9-commandes de goodies<\/strong><\/span><\/h3>\n<p>En fonction de vos besoins, nous pourrons vous fournir :<\/p>\n<ul>\n<li>soit \u00e0 partir de nos stocks**<\/li>\n<li>soit directement via notre fournisseur (possible uniquement pour les tr\u00e8s grandes quantit\u00e9s)<\/li>\n<\/ul>\n<p>Le paiement des goodies s\u2019effectue :<\/p>\n<ul>\n<li>via une demande de virement inter UB d\u2019<strong><u>un montant minimum de 50\u20ac<\/u><\/strong>\u00a0pour les commandes pass\u00e9es au service communication<\/li>\n<li>par bon de commande aupr\u00e8s de fournisseur.<\/li>\n<\/ul>\n<p>Pour toute demande sp\u00e9cifique, hors catalogue, merci de contacter <span style=\"color: #003366\"><span style=\"color: #13aff0\"><span style=\"color: #1e73be\"><a class=\"mailto\" style=\"color: #1e73be\" href=\"&#x6d;&#x61;&#x69;&#108;to:&#x67;&#x6f;&#x6f;&#100;ies&#x2d;&#x75;&#x74;&#50;j&#64;u&#x6e;&#x69;&#x76;&#45;tls&#x65;&#x32;&#x2e;&#102;r\">Goodies-UT2J<\/a><\/span><span style=\"color: #333333\">.<\/span><\/span><\/span><\/p>\n<p>**<em>Nous effectuons nos r\u00e9assorts au printemps de chaque ann\u00e9e pour la rentr\u00e9e suivante. Pour vos \u00e9v\u00e9nements de l&rsquo;ann\u00e9e suivante, pensez \u00e0 nous faire part de vos besoins en amont de ce r\u00e9assort, garantie de b\u00e9n\u00e9ficier des meilleurs tarifs.<\/em><\/p>\n<\/div>\n","protected":false},"excerpt":{"rendered":"<p>Bienvenue ! Vous \u00eates une UFR, un d\u00e9partement, un labo, un service et vous souhaitez acheter* des objets personnalis\u00e9s UT2J ? \u25ba Retrouvez tous les goodies disponibles au catalogue ! &nbsp; *Les tarifs indiqu\u00e9s correspondent au prix unitaire TTC. (Les prix sont garantis dans la limite du stock disponible au service communication). &nbsp; \u25ba Proc\u00e9dure [&hellip;]<\/p>\n","protected":false},"author":839,"featured_media":0,"parent":0,"menu_order":0,"comment_status":"closed","ping_status":"closed","template":"","meta":{"ocean_post_layout":"left-sidebar","ocean_both_sidebars_style":"","ocean_both_sidebars_content_width":0,"ocean_both_sidebars_sidebars_width":0,"ocean_sidebar":"0","ocean_second_sidebar":"0","ocean_disable_margins":"enable","ocean_add_body_class":"","ocean_shortcode_before_top_bar":"","ocean_shortcode_after_top_bar":"","ocean_shortcode_before_header":"","ocean_shortcode_after_header":"","ocean_has_shortcode":"","ocean_shortcode_after_title":"","ocean_shortcode_before_footer_widgets":"","ocean_shortcode_after_footer_widgets":"","ocean_shortcode_before_footer_bottom":"","ocean_shortcode_after_footer_bottom":"","ocean_display_top_bar":"default","ocean_display_header":"default","ocean_header_style":"","ocean_center_header_left_menu":"0","ocean_custom_header_template":"0","ocean_custom_logo":0,"ocean_custom_retina_logo":0,"ocean_custom_logo_max_width":0,"ocean_custom_logo_tablet_max_width":0,"ocean_custom_logo_mobile_max_width":0,"ocean_custom_logo_max_height":0,"ocean_custom_logo_tablet_max_height":0,"ocean_custom_logo_mobile_max_height":0,"ocean_header_custom_menu":"0","ocean_menu_typo_font_family":"0","ocean_menu_typo_font_subset":"","ocean_menu_typo_font_size":0,"ocean_menu_typo_font_size_tablet":0,"ocean_menu_typo_font_size_mobile":0,"ocean_menu_typo_font_size_unit":"px","ocean_menu_typo_font_weight":"","ocean_menu_typo_font_weight_tablet":"","ocean_menu_typo_font_weight_mobile":"","ocean_menu_typo_transform":"","ocean_menu_typo_transform_tablet":"","ocean_menu_typo_transform_mobile":"","ocean_menu_typo_line_height":0,"ocean_menu_typo_line_height_tablet":0,"ocean_menu_typo_line_height_mobile":0,"ocean_menu_typo_line_height_unit":"","ocean_menu_typo_spacing":0,"ocean_menu_typo_spacing_tablet":0,"ocean_menu_typo_spacing_mobile":0,"ocean_menu_typo_spacing_unit":"","ocean_menu_link_color":"","ocean_menu_link_color_hover":"","ocean_menu_link_color_active":"","ocean_menu_link_background":"","ocean_menu_link_hover_background":"","ocean_menu_link_active_background":"","ocean_menu_social_links_bg":"","ocean_menu_social_hover_links_bg":"","ocean_menu_social_links_color":"","ocean_menu_social_hover_links_color":"","ocean_disable_title":"default","ocean_disable_heading":"default","ocean_post_title":"","ocean_post_subheading":"","ocean_post_title_style":"","ocean_post_title_background_color":"","ocean_post_title_background":0,"ocean_post_title_bg_image_position":"","ocean_post_title_bg_image_attachment":"","ocean_post_title_bg_image_repeat":"","ocean_post_title_bg_image_size":"","ocean_post_title_height":0,"ocean_post_title_bg_overlay":0.5,"ocean_post_title_bg_overlay_color":"","ocean_disable_breadcrumbs":"default","ocean_breadcrumbs_color":"","ocean_breadcrumbs_separator_color":"","ocean_breadcrumbs_links_color":"","ocean_breadcrumbs_links_hover_color":"","ocean_display_footer_widgets":"default","ocean_display_footer_bottom":"default","ocean_custom_footer_template":"0","footnotes":""},"class_list":["post-310","page","type-page","status-publish","hentry","entry","owp-thumbs-layout-horizontal","owp-btn-normal","owp-tabs-layout-horizontal","has-no-thumbnails"],"_links":{"self":[{"href":"https:\/\/blogs.univ-tlse2.fr\/goodies-ut2j\/wp-json\/wp\/v2\/pages\/310","targetHints":{"allow":["GET"]}}],"collection":[{"href":"https:\/\/blogs.univ-tlse2.fr\/goodies-ut2j\/wp-json\/wp\/v2\/pages"}],"about":[{"href":"https:\/\/blogs.univ-tlse2.fr\/goodies-ut2j\/wp-json\/wp\/v2\/types\/page"}],"author":[{"embeddable":true,"href":"https:\/\/blogs.univ-tlse2.fr\/goodies-ut2j\/wp-json\/wp\/v2\/users\/839"}],"replies":[{"embeddable":true,"href":"https:\/\/blogs.univ-tlse2.fr\/goodies-ut2j\/wp-json\/wp\/v2\/comments?post=310"}],"version-history":[{"count":30,"href":"https:\/\/blogs.univ-tlse2.fr\/goodies-ut2j\/wp-json\/wp\/v2\/pages\/310\/revisions"}],"predecessor-version":[{"id":1110,"href":"https:\/\/blogs.univ-tlse2.fr\/goodies-ut2j\/wp-json\/wp\/v2\/pages\/310\/revisions\/1110"}],"wp:attachment":[{"href":"https:\/\/blogs.univ-tlse2.fr\/goodies-ut2j\/wp-json\/wp\/v2\/media?parent=310"}],"curies":[{"name":"wp","href":"https:\/\/api.w.org\/{rel}","templated":true}]}}