 {"id":472,"date":"2023-05-24T18:22:49","date_gmt":"2023-05-24T16:22:49","guid":{"rendered":"http:\/\/volem-artem.fr\/?page_id=472"},"modified":"2023-08-29T14:39:48","modified_gmt":"2023-08-29T12:39:48","slug":"virement-inter-ub","status":"publish","type":"page","link":"https:\/\/blogs.univ-tlse2.fr\/goodies-ut2j\/virement-inter-ub\/","title":{"rendered":"Virement inter UB"},"content":{"rendered":"<p>&nbsp;<\/p>\n<h3 style=\"text-align: left\"><span style=\"color: #003366\">\u25ba Proc\u00e9dure pour votre virement inter UB<\/span><\/h3>\n<ol>\n<li style=\"text-align: left\"><span style=\"color: #1e73be\"><a style=\"color: #1e73be\" href=\"https:\/\/blogs.univ-tlse2.fr\/goodies-ut2j\/files\/2023\/05\/Formulaire-demande-virement-budget-20194.xlsx\">T\u00e9l\u00e9charger<\/a><\/span> le formulaire \u00ab\u00a0demande virement budget\u00a0\u00bb et le compl\u00e9ter.<\/li>\n<li style=\"text-align: left\">N\u00b0 de compte sur lequel faire le virement inter UB (compte <strong>96601<\/strong>)<\/li>\n<\/ol>\n<p>&nbsp;<\/p>\n<p><a href=\"https:\/\/blogs.univ-tlse2.fr\/goodies-ut2j\/files\/2023\/05\/Formulaire-demande-virement-budget-20194.xlsx\"><img loading=\"lazy\" decoding=\"async\" class=\"wp-image-478 aligncenter\" src=\"https:\/\/blogs.univ-tlse2.fr\/goodies-ut2j\/files\/2023\/05\/Modele-Vierge-300x217.png\" alt=\"\" width=\"906\" height=\"655\" srcset=\"https:\/\/blogs.univ-tlse2.fr\/goodies-ut2j\/files\/2023\/05\/Modele-Vierge-300x217.png 300w, https:\/\/blogs.univ-tlse2.fr\/goodies-ut2j\/files\/2023\/05\/Modele-Vierge-600x434.png 600w, https:\/\/blogs.univ-tlse2.fr\/goodies-ut2j\/files\/2023\/05\/Modele-Vierge-1024x741.png 1024w, https:\/\/blogs.univ-tlse2.fr\/goodies-ut2j\/files\/2023\/05\/Modele-Vierge-768x556.png 768w, https:\/\/blogs.univ-tlse2.fr\/goodies-ut2j\/files\/2023\/05\/Modele-Vierge-1536x1112.png 1536w, https:\/\/blogs.univ-tlse2.fr\/goodies-ut2j\/files\/2023\/05\/Modele-Vierge-2048x1482.png 2048w\" sizes=\"auto, (max-width: 906px) 100vw, 906px\" \/><\/a><\/p>\n<p style=\"text-align: center\">\n","protected":false},"excerpt":{"rendered":"<p>&nbsp; \u25ba Proc\u00e9dure pour votre virement inter UB T\u00e9l\u00e9charger le formulaire \u00ab\u00a0demande virement budget\u00a0\u00bb et le compl\u00e9ter. N\u00b0 de compte sur lequel faire le virement inter UB (compte 96601) &nbsp;<\/p>\n","protected":false},"author":839,"featured_media":0,"parent":0,"menu_order":0,"comment_status":"closed","ping_status":"closed","template":"","meta":{"ocean_post_layout":"","ocean_both_sidebars_style":"","ocean_both_sidebars_content_width":0,"ocean_both_sidebars_sidebars_width":0,"ocean_sidebar":"0","ocean_second_sidebar":"0","ocean_disable_margins":"enable","ocean_add_body_class":"","ocean_shortcode_before_top_bar":"","ocean_shortcode_after_top_bar":"","ocean_shortcode_before_header":"","ocean_shortcode_after_header":"","ocean_has_shortcode":"","ocean_shortcode_after_title":"","ocean_shortcode_before_footer_widgets":"","ocean_shortcode_after_footer_widgets":"","ocean_shortcode_before_footer_bottom":"","ocean_shortcode_after_footer_bottom":"","ocean_display_top_bar":"default","ocean_display_header":"default","ocean_header_style":"","ocean_center_header_left_menu":"0","ocean_custom_header_template":"0","ocean_custom_logo":0,"ocean_custom_retina_logo":0,"ocean_custom_logo_max_width":0,"ocean_custom_logo_tablet_max_width":0,"ocean_custom_logo_mobile_max_width":0,"ocean_custom_logo_max_height":0,"ocean_custom_logo_tablet_max_height":0,"ocean_custom_logo_mobile_max_height":0,"ocean_header_custom_menu":"0","ocean_menu_typo_font_family":"0","ocean_menu_typo_font_subset":"","ocean_menu_typo_font_size":0,"ocean_menu_typo_font_size_tablet":0,"ocean_menu_typo_font_size_mobile":0,"ocean_menu_typo_font_size_unit":"px","ocean_menu_typo_font_weight":"","ocean_menu_typo_font_weight_tablet":"","ocean_menu_typo_font_weight_mobile":"","ocean_menu_typo_transform":"","ocean_menu_typo_transform_tablet":"","ocean_menu_typo_transform_mobile":"","ocean_menu_typo_line_height":0,"ocean_menu_typo_line_height_tablet":0,"ocean_menu_typo_line_height_mobile":0,"ocean_menu_typo_line_height_unit":"","ocean_menu_typo_spacing":0,"ocean_menu_typo_spacing_tablet":0,"ocean_menu_typo_spacing_mobile":0,"ocean_menu_typo_spacing_unit":"","ocean_menu_link_color":"","ocean_menu_link_color_hover":"","ocean_menu_link_color_active":"","ocean_menu_link_background":"","ocean_menu_link_hover_background":"","ocean_menu_link_active_background":"","ocean_menu_social_links_bg":"","ocean_menu_social_hover_links_bg":"","ocean_menu_social_links_color":"","ocean_menu_social_hover_links_color":"","ocean_disable_title":"default","ocean_disable_heading":"default","ocean_post_title":"","ocean_post_subheading":"","ocean_post_title_style":"","ocean_post_title_background_color":"","ocean_post_title_background":0,"ocean_post_title_bg_image_position":"","ocean_post_title_bg_image_attachment":"","ocean_post_title_bg_image_repeat":"","ocean_post_title_bg_image_size":"","ocean_post_title_height":0,"ocean_post_title_bg_overlay":0.5,"ocean_post_title_bg_overlay_color":"","ocean_disable_breadcrumbs":"default","ocean_breadcrumbs_color":"","ocean_breadcrumbs_separator_color":"","ocean_breadcrumbs_links_color":"","ocean_breadcrumbs_links_hover_color":"","ocean_display_footer_widgets":"default","ocean_display_footer_bottom":"default","ocean_custom_footer_template":"0","footnotes":""},"class_list":["post-472","page","type-page","status-publish","hentry","entry","owp-thumbs-layout-horizontal","owp-btn-normal","owp-tabs-layout-horizontal","has-no-thumbnails"],"_links":{"self":[{"href":"https:\/\/blogs.univ-tlse2.fr\/goodies-ut2j\/wp-json\/wp\/v2\/pages\/472","targetHints":{"allow":["GET"]}}],"collection":[{"href":"https:\/\/blogs.univ-tlse2.fr\/goodies-ut2j\/wp-json\/wp\/v2\/pages"}],"about":[{"href":"https:\/\/blogs.univ-tlse2.fr\/goodies-ut2j\/wp-json\/wp\/v2\/types\/page"}],"author":[{"embeddable":true,"href":"https:\/\/blogs.univ-tlse2.fr\/goodies-ut2j\/wp-json\/wp\/v2\/users\/839"}],"replies":[{"embeddable":true,"href":"https:\/\/blogs.univ-tlse2.fr\/goodies-ut2j\/wp-json\/wp\/v2\/comments?post=472"}],"version-history":[{"count":11,"href":"https:\/\/blogs.univ-tlse2.fr\/goodies-ut2j\/wp-json\/wp\/v2\/pages\/472\/revisions"}],"predecessor-version":[{"id":995,"href":"https:\/\/blogs.univ-tlse2.fr\/goodies-ut2j\/wp-json\/wp\/v2\/pages\/472\/revisions\/995"}],"wp:attachment":[{"href":"https:\/\/blogs.univ-tlse2.fr\/goodies-ut2j\/wp-json\/wp\/v2\/media?parent=472"}],"curies":[{"name":"wp","href":"https:\/\/api.w.org\/{rel}","templated":true}]}}