 {"id":40,"date":"2014-03-21T10:20:12","date_gmt":"2014-03-21T09:20:12","guid":{"rendered":"https:\/\/blogs.univ-tlse2.fr\/graal\/?page_id=40"},"modified":"2015-03-12T11:49:58","modified_gmt":"2015-03-12T10:49:58","slug":"membres","status":"publish","type":"page","link":"https:\/\/blogs.univ-tlse2.fr\/graal\/de\/membres\/","title":{"rendered":"(Fran\u00e7ais) Membres"},"content":{"rendered":"<p><span style=\"color: #800000\"><a style=\"color: #800000\" href=\"https:\/\/fr.linkedin.com\/pub\/charlotte-alazard-guiu\/67\/443\/893\">Charlotte GUIU-ALAZARD<\/a><\/span><\/p>\n<p><span style=\"color: #800000\"><a style=\"color: #800000\" href=\"http:\/\/octogone.univ-tlse2.fr\/accueil\/octogone\/annuaire\/composante-lordat\/arroyo-encarnacion-151530.kjsp?RH=1295596505355\">Encarnacion ARROYO <\/a><\/span><\/p>\n<p><span style=\"color: #800000\"><a style=\"color: #800000\" href=\"http:\/\/octogone.univ-tlse2.fr\/accueil\/octogone\/annuaire\/composante-lordat\/billieres-michel-54104.kjsp?RH=1295596505355\">Michel BILLI\u00c8RES<\/a><\/span><\/p>\n<p><span style=\"color: #800000\"><a style=\"color: #800000\" href=\"http:\/\/octogone.univ-tlse2.fr\/accueil\/octogone\/annuaire\/composante-lordat\/gunnarsson-cecilia-106288.kjsp?RH=1295601679467\">Cecilia GUNNARSSON<\/a><\/span><\/p>\n<p><span style=\"color: #800000\"><a style=\"color: #800000\" href=\"http:\/\/octogone.univ-tlse2.fr\/accueil\/octogone\/annuaire\/composante-lordat\/kr-nert-rieussec-angelika-58845.kjsp?RH=1295601679467\">Angelika KR\u00d6NERT<\/a><\/span><\/p>\n<p><span style=\"color: #800000\"><a style=\"color: #800000\" href=\"http:\/\/octogone.univ-tlse2.fr\/accueil\/octogone\/annuaire\/composante-lordat\/marijanovic-vanda-106371.kjsp?RH=1295596505355\">Vanda MARIJANOVIC<\/a><\/span><\/p>\n<p><span style=\"color: #800000\"><a style=\"color: #800000\" href=\"http:\/\/octogone.univ-tlse2.fr\/accueil\/octogone\/annuaire\/composante-lordat\/saddour-ines-195807.kjsp?RH=1295596505355\">In\u00e8s SADDOUR<\/a><\/span><\/p>\n<p><span style=\"color: #800000\"><a style=\"color: #800000\" href=\"http:\/\/octogone.univ-tlse2.fr\/accueil\/octogone\/annuaire\/composante-lordat\/theophanous-olga-110463.kjsp?RH=1295601679467\">Olga THEOPHANOUS<\/a><\/span><\/p>\n<p><a href=\"https:\/\/fr.linkedin.com\/pub\/charlotte-blanc-vallat\/91\/407\/923\"><span style=\"color: #800000\">Charlotte BLANC-VALLAT<\/span><\/a><\/p>\n","protected":false},"excerpt":{"rendered":"<p>Charlotte GUIU-ALAZARD Encarnacion ARROYO Michel BILLI\u00c8RES Cecilia GUNNARSSON Angelika KR\u00d6NERT Vanda MARIJANOVIC In\u00e8s SADDOUR Olga THEOPHANOUS Charlotte BLANC-VALLAT<\/p>\n","protected":false},"author":230,"featured_media":0,"parent":0,"menu_order":0,"comment_status":"closed","ping_status":"closed","template":"","meta":{"footnotes":""},"class_list":["post-40","page","type-page","status-publish","hentry"],"_links":{"self":[{"href":"https:\/\/blogs.univ-tlse2.fr\/graal\/de\/wp-json\/wp\/v2\/pages\/40","targetHints":{"allow":["GET"]}}],"collection":[{"href":"https:\/\/blogs.univ-tlse2.fr\/graal\/de\/wp-json\/wp\/v2\/pages"}],"about":[{"href":"https:\/\/blogs.univ-tlse2.fr\/graal\/de\/wp-json\/wp\/v2\/types\/page"}],"author":[{"embeddable":true,"href":"https:\/\/blogs.univ-tlse2.fr\/graal\/de\/wp-json\/wp\/v2\/users\/230"}],"replies":[{"embeddable":true,"href":"https:\/\/blogs.univ-tlse2.fr\/graal\/de\/wp-json\/wp\/v2\/comments?post=40"}],"version-history":[{"count":8,"href":"https:\/\/blogs.univ-tlse2.fr\/graal\/de\/wp-json\/wp\/v2\/pages\/40\/revisions"}],"predecessor-version":[{"id":71,"href":"https:\/\/blogs.univ-tlse2.fr\/graal\/de\/wp-json\/wp\/v2\/pages\/40\/revisions\/71"}],"wp:attachment":[{"href":"https:\/\/blogs.univ-tlse2.fr\/graal\/de\/wp-json\/wp\/v2\/media?parent=40"}],"curies":[{"name":"wp","href":"https:\/\/api.w.org\/{rel}","templated":true}]}}