 {"id":19,"date":"2014-02-04T12:41:11","date_gmt":"2014-02-04T11:41:11","guid":{"rendered":"https:\/\/blogs.univ-tlse2.fr\/graal\/?page_id=19"},"modified":"2015-03-16T14:25:12","modified_gmt":"2015-03-16T13:25:12","slug":"programme","status":"publish","type":"page","link":"https:\/\/blogs.univ-tlse2.fr\/graal\/en\/programme\/","title":{"rendered":"Program"},"content":{"rendered":"<p><b>09h-10h : Inhibitory control in L2 phonological processing<\/b> <b><\/b>Joan Carles MORA (Universitat de Barcelona) <b>10h-10h45 : Phonetic convergence in an L2 &#8211; automaticity and control<\/b> Natalie LEWANDOWSKI &amp; Antje SCHWEITZER (University of Stuttgart, Institute for Natural Language Processing<\/p>\n<p style=\"text-align: center\" align=\"center\"><b>10h45-11h : <\/b>Pause<\/p>\n<p><b>11h-11h45 : Automatisms in L2 French written production<\/b> Cecilia GUNNARSSON-LARGY (Universit\u00e9 de Toulouse 2 \u2013 Le Mirail) <b>11h45-12h30 : Language control in lexical retrieval during L2 German oral production<\/b> Angelika KR\u00d6NERT (Universit\u00e9 de Toulouse 2 \u2013 Le Mirail)<\/p>\n<p style=\"text-align: center\"><b>12h30-13h30 : <\/b>Buffet (D 28)<\/p>\n<p><b>13h30-14h : Control issues in emergent bilinguals: towards a new conception of second language acquisition processes?<\/b> Barbara K\u00d6PKE (Universit\u00e9 de Toulouse 2 \u2013 Le Mirail) <b>14h-15h \u2013 session poster<\/b> : <b>Le contr\u00f4le des langues &#8211; une \u00e9tude sur les bilingues \u00e0 l\u2019aide de la neuro-imagerie<\/b> Francesca CORTELAZZO <b>Un probl\u00e8me d'(auto)imitation\u00a0: production de logatomes \u00e0 but de rem\u00e9diation prosodique\/phon\u00e9tique<\/b> Olivier NOCAUDIE <b>15h-16h00 : Multilingualism and cognitive control: the language switching hypothesis<\/b> Xavier APARICIO (University of Picardie Jules Verne \u2013 CRP-CPO)<\/p>\n<p style=\"text-align: center\" align=\"center\"><b>\u00a016h \u2013 16h30 : <\/b>Cl\u00f4ture de la journ\u00e9e<\/p>\n<p><\/p>","protected":false},"excerpt":{"rendered":"<p>09h-10h : Inhibitory control in L2 phonological processing Joan Carles MORA (Universitat de Barcelona) 10h-10h45 : Phonetic convergence in an L2 &#8211; automaticity and control Natalie LEWANDOWSKI &amp; Antje SCHWEITZER (University of Stuttgart, Institute for Natural Language Processing 10h45-11h : Pause 11h-11h45 : Automatisms in L2 French written production Cecilia GUNNARSSON-LARGY (Universit\u00e9 de Toulouse 2 [&hellip;]<\/p>\n","protected":false},"author":1,"featured_media":0,"parent":0,"menu_order":0,"comment_status":"closed","ping_status":"open","template":"","meta":{"footnotes":""},"class_list":["post-19","page","type-page","status-publish","hentry"],"_links":{"self":[{"href":"https:\/\/blogs.univ-tlse2.fr\/graal\/en\/wp-json\/wp\/v2\/pages\/19","targetHints":{"allow":["GET"]}}],"collection":[{"href":"https:\/\/blogs.univ-tlse2.fr\/graal\/en\/wp-json\/wp\/v2\/pages"}],"about":[{"href":"https:\/\/blogs.univ-tlse2.fr\/graal\/en\/wp-json\/wp\/v2\/types\/page"}],"author":[{"embeddable":true,"href":"https:\/\/blogs.univ-tlse2.fr\/graal\/en\/wp-json\/wp\/v2\/users\/1"}],"replies":[{"embeddable":true,"href":"https:\/\/blogs.univ-tlse2.fr\/graal\/en\/wp-json\/wp\/v2\/comments?post=19"}],"version-history":[{"count":13,"href":"https:\/\/blogs.univ-tlse2.fr\/graal\/en\/wp-json\/wp\/v2\/pages\/19\/revisions"}],"predecessor-version":[{"id":144,"href":"https:\/\/blogs.univ-tlse2.fr\/graal\/en\/wp-json\/wp\/v2\/pages\/19\/revisions\/144"}],"wp:attachment":[{"href":"https:\/\/blogs.univ-tlse2.fr\/graal\/en\/wp-json\/wp\/v2\/media?parent=19"}],"curies":[{"name":"wp","href":"https:\/\/api.w.org\/{rel}","templated":true}]}}