 {"id":14,"date":"2014-02-04T12:37:17","date_gmt":"2014-02-04T11:37:17","guid":{"rendered":"https:\/\/blogs.univ-tlse2.fr\/graal\/?page_id=14"},"modified":"2014-06-06T15:57:08","modified_gmt":"2014-06-06T13:57:08","slug":"presentation","status":"publish","type":"page","link":"https:\/\/blogs.univ-tlse2.fr\/graal\/","title":{"rendered":"Qui sommes-nous ?"},"content":{"rendered":"<p>Nous sommes un groupe d&rsquo;enseignants-chercheurs affili\u00e9s \u00e0 l&rsquo;\u00e9quipe OCTOGONE-J. Lordat (EA 4156), avec des centres d&rsquo;int\u00e9r\u00eat et des motivations sp\u00e9cifiques relatives \u00e0 l&rsquo;acquisition des langues \u00e9trang\u00e8res.<\/p>\n<p style=\"text-align: center\"><a style=\"color: #ea9629;text-decoration: underline\" href=\"http:\/\/octogone.univ-tlse2.fr\/accueil\/composantes\/lordat\/\"><img loading=\"lazy\" decoding=\"async\" class=\"wp-image-31 aligncenter\" alt=\"Logo OCTOGONE\" src=\"https:\/\/blogs.univ-tlse2.fr\/graal\/files\/2014\/02\/Logo-OCTOGONE-300x300.jpg\" width=\"110\" height=\"110\" srcset=\"https:\/\/blogs.univ-tlse2.fr\/graal\/files\/2014\/02\/Logo-OCTOGONE-300x300.jpg 300w, https:\/\/blogs.univ-tlse2.fr\/graal\/files\/2014\/02\/Logo-OCTOGONE-150x150.jpg 150w, https:\/\/blogs.univ-tlse2.fr\/graal\/files\/2014\/02\/Logo-OCTOGONE.jpg 472w\" sizes=\"auto, (max-width: 110px) 100vw, 110px\" \/><\/a><br \/>\n<a href=\"http:\/\/octogone.univ-tlse2.fr\/accueil\/composantes\/lordat\/\"><img loading=\"lazy\" decoding=\"async\" class=\"wp-image-32 aligncenter\" alt=\"lordat\" src=\"https:\/\/blogs.univ-tlse2.fr\/graal\/files\/2014\/02\/lordat.png\" width=\"91\" height=\"74\" \/><\/a><br \/>\n<span style=\"color: #ea9629\">\u00a0<\/span><\/p>\n<p><strong>Nos objectifs :<\/strong><\/p>\n<p>Mettre en commun une r\u00e9flexion et travaux de recherches vari\u00e9s autour de l\u2019acquisition\/apprentissage des langues.<\/p>\n<p>Cr\u00e9er une base de donn\u00e9es acquisitionnelle en diff\u00e9rentes L2, corpus \u00e9crits et oraux.<\/p>\n<p>\u00c9tablir des \u00e9changes entre scientifiques dans le domaine de l\u2019acquisition en organisant des manifestations scientifiques.<\/p>","protected":false},"excerpt":{"rendered":"<p>Nous sommes un groupe d&rsquo;enseignants-chercheurs affili\u00e9s \u00e0 l&rsquo;\u00e9quipe OCTOGONE-J. Lordat (EA 4156), avec des centres d&rsquo;int\u00e9r\u00eat et des motivations sp\u00e9cifiques relatives \u00e0 l&rsquo;acquisition des langues \u00e9trang\u00e8res. \u00a0 Nos objectifs : Mettre en commun une r\u00e9flexion et travaux de recherches vari\u00e9s autour de l\u2019acquisition\/apprentissage des langues. Cr\u00e9er une base de donn\u00e9es acquisitionnelle en diff\u00e9rentes L2, corpus [&hellip;]<\/p>\n","protected":false},"author":1,"featured_media":0,"parent":0,"menu_order":0,"comment_status":"closed","ping_status":"closed","template":"","meta":{"footnotes":""},"class_list":["post-14","page","type-page","status-publish","hentry"],"_links":{"self":[{"href":"https:\/\/blogs.univ-tlse2.fr\/graal\/wp-json\/wp\/v2\/pages\/14","targetHints":{"allow":["GET"]}}],"collection":[{"href":"https:\/\/blogs.univ-tlse2.fr\/graal\/wp-json\/wp\/v2\/pages"}],"about":[{"href":"https:\/\/blogs.univ-tlse2.fr\/graal\/wp-json\/wp\/v2\/types\/page"}],"author":[{"embeddable":true,"href":"https:\/\/blogs.univ-tlse2.fr\/graal\/wp-json\/wp\/v2\/users\/1"}],"replies":[{"embeddable":true,"href":"https:\/\/blogs.univ-tlse2.fr\/graal\/wp-json\/wp\/v2\/comments?post=14"}],"version-history":[{"count":14,"href":"https:\/\/blogs.univ-tlse2.fr\/graal\/wp-json\/wp\/v2\/pages\/14\/revisions"}],"predecessor-version":[{"id":29,"href":"https:\/\/blogs.univ-tlse2.fr\/graal\/wp-json\/wp\/v2\/pages\/14\/revisions\/29"}],"wp:attachment":[{"href":"https:\/\/blogs.univ-tlse2.fr\/graal\/wp-json\/wp\/v2\/media?parent=14"}],"curies":[{"name":"wp","href":"https:\/\/api.w.org\/{rel}","templated":true}]}}