 {"id":11,"date":"2015-09-01T15:19:18","date_gmt":"2015-09-01T14:19:18","guid":{"rendered":"https:\/\/blogs.univ-tlse2.fr\/grec-canada\/?page_id=11"},"modified":"2021-05-05T09:49:49","modified_gmt":"2021-05-05T08:49:49","slug":"membres","status":"publish","type":"page","link":"https:\/\/blogs.univ-tlse2.fr\/grec-canada\/membres\/","title":{"rendered":"Membres"},"content":{"rendered":"<p>Christiane <strong>Albert,\u00a0<\/strong>Professeur,\u00a0Universit\u00e9 de Pau, d\u00e9partement de Lettres<\/p>\n<p>Litt\u00e9rature qu\u00e9becoise<\/p>\n<p>Jelena <strong>Antic,\u00a0<\/strong>Docteur,\u00a0Universit\u00e9 Lumi\u00e8re Lyon 2<\/p>\n<p>Etudes francophones<\/p>\n<p>Titre de la th\u00e8se\u00a0: \u00ab\u00a0Entre l&rsquo;\u00e9ros et ses contraintes, les multiples\u00a0jeux de la femme dans les romans d&rsquo;Anne H\u00e9bert et d&rsquo;Assia Djebar\u00a0\u00bb.<\/p>\n<p>Michel <strong>Barrucand,\u00a0<\/strong>Ma\u00eetre de conf\u00e9rences honoraire anglais, Universit\u00e9 de Toulouse 2-Jean Jaur\u00e8s<\/p>\n<p>Litt\u00e9rature<\/p>\n<p>Marion <strong>Batard,\u00a0<\/strong>Universit\u00e9 de Toulouse 2-Jean Jaur\u00e8s<\/p>\n<p>Histoire contemporaine,\u00a0Relations entre la France et le Canada<\/p>\n<p>Fran\u00e7oise <strong>Besson (responsable du G.R.E.C. et\u00a0 Pr\u00e9sidente de l&rsquo;association \u00ab\u00a0Conna\u00eetre le Canada\u00a0\u00bb),\u00a0<\/strong>Professeur \u00e9m\u00e9rite de litt\u00e9ratures de langue anglaise, Universit\u00e9 de Toulouse 2-Jean Jaur\u00e8s, Acad\u00e9mie des Sciences, Inscriptions et Belles Lettres de Toulouse<\/p>\n<p>Litt\u00e9rature et arts, \u00e9cologie et litt\u00e9rature, paysage et \u00e9criture, litt\u00e9rature de voyage<\/p>\n<p>Pr\u00e9sidente de la <strong>SELVA (Soci\u00e9t\u00e9 d&rsquo;Etudes de la Litt\u00e9rature de Voyage du monde Anglophone<\/strong>) de 2015 \u00e0 2019<\/p>\n<p><u>&#102;r&#97;n\u00e7&#x6f;i&#x73;e&#x2e;b&#x65;s&#x73;o&#x6e;&#64;&#x77;a&#x6e;a&#x64;o&#x6f;&#46;&#x66;r<\/u><\/p>\n<p>Roland<strong> Bouyssou (Membre d&rsquo;honneur),\u00a0<\/strong>Professeur honoraire,\u00a0Universit\u00e9 de Toulouse 2-Jean Jaur\u00e8s<\/p>\n<p>Marion <strong>Camarasa,\u00a0<\/strong>chercheuse,\u00a0Centre de la M\u00e9diterrann\u00e9e contemporaine,\u00a0Universit\u00e9 de Nice Sophia Antipolis<\/p>\n<p>Alain <strong>Combres, \u00a0<\/strong>Docteur en science politique, Universit\u00e9 Panth\u00e9on-Sorbonne Paris .<\/p>\n<p>Marie <strong>Delord,\u00a0<\/strong>PRAG,\u00a0litt\u00e9rature en anglais<\/p>\n<p>Marcel\u00a0<strong>Delpoux,\u00a0<\/strong>Professeur honoraire d&rsquo;\u00e9cologie v\u00e9g\u00e9tale, Universit\u00e9 Paul Sabatier, Toulouse, Acad\u00e9mie des Sciences, Inscriptions et Belles Lettres de Toulouse<\/p>\n<p>Ecologie, botanique<\/p>\n<p>Nathalie <strong>Dessens,\u00a0<\/strong>Professeur\u00a0anglais, Universit\u00e9 de Toulouse 2-Jean Jaur\u00e8s<\/p>\n<p>D\u00e9mographie, mouvements de populations (Etats-Unis\/Antilles\/Canada)<\/p>\n<p>Jacques <strong>Dorin<\/strong><\/p>\n<p>Culture et civilisation, support multim\u00e9dia<\/p>\n<p>Juliane\u00a0<strong>Ducret,<\/strong>\u00a0 Universit\u00e9 Toulouse Jean Jaur\u00e8s<\/p>\n<p>Litt\u00e9rature de la nature<\/p>\n<p>R\u00e9gis <strong>Guillaume,\u00a0<\/strong>Professeur\u00a0g\u00e9ographie, Universit\u00e9 de Toulouse 2-Jean Jaur\u00e8s<\/p>\n<p>Coop\u00e9ration intermunicipale, finances locales<\/p>\n<p>Am\u00e9lie <strong>Josselin-Leray,\u00a0<\/strong>ma\u00eetre de conf\u00e9rences\u00a0linguistique Universit\u00e9 de Toulouse 2-Jean Jaur\u00e8s<\/p>\n<p><u><\/u>Mich\u00e8le <strong>Kaltemback (fondatrice du G.R.E.C. et de l&rsquo;association, tr\u00e9sori\u00e8re de l&rsquo;association),\u00a0<\/strong>Ma\u00eetre de conf\u00e9rences honoraire,\u00a0anglais Universit\u00e9 de Toulouse 2-Jean Jaur\u00e8s<\/p>\n<p>Litt\u00e9rature en langue anglaise, Canada contemporain<\/p>\n<p>Nathalie <strong>Lahaye,\u00a0<\/strong>Ma\u00eetre de conf\u00e9rences\u00a0sciences \u00e9conomiques,\u00a0Universit\u00e9 Paul Sabatier, IUT de Tarbes, d\u00e9pt GEA<\/p>\n<p>Catherine <strong>Lanone,\u00a0<\/strong>Professeur\u00a0anglais, Universit\u00e9 Paris 3 Sorbonne Nouvelle<\/p>\n<p>Litt\u00e9rature<\/p>\n<p>Ellen <strong>Levy,\u00a0<\/strong>Ma\u00eetre de conf\u00e9rences honoraire anglais, Universit\u00e9 de Toulouse 2-Jean Jaur\u00e8s<\/p>\n<p>Litt\u00e9rature, Carol Shields<\/p>\n<p>Robert <strong>Mane,\u00a0<\/strong>Professeur<\/p>\n<p>Litt\u00e9rature canadienne compar\u00e9e. Qu\u00e9bec, Acadie<span class=\"Apple-style-span\">\u00a0<\/span><\/p>\n<p>Claire <strong>Omhov\u00e8re,\u00a0<span class=\"Apple-style-span\" style=\"font-weight: normal\">Professeur\u00a0anglais, universit\u00e9 de Montpellier 3<\/span><\/strong><\/p>\n<p>Litt\u00e9rature en anglais<\/p>\n<p>Marcienne <strong>Rocard (Co-fondatrice \u00a0<span class=\"Apple-style-span\">du G.R.E.C. et de l&rsquo;association,\u00a0<\/span>Secr\u00e9taire g\u00e9n\u00e9rale de l&rsquo;association),\u00a0<\/strong>Professeur honoraire anglais Universit\u00e9 de Toulouse 2-Jean Jaur\u00e8s<\/p>\n<p>Litt\u00e9rature en langue anglaise, le Canada contemporain<\/p>\n<p>Wilfrid <strong>Rotg\u00e9,\u00a0<\/strong>Professeur\u00a0linguistique,\u00a0Paris Ouest-Nanterre-La D\u00e9fense<\/p>\n<p>Le Qu\u00e9bec<\/p>\n<p><u>\u00a0<\/u>Dominique <strong>Rouvi\u00e8re,\u00a0<\/strong>chercheuse<\/p>\n<p>La sant\u00e9 chez les autochtones<\/p>\n<p>Gautier <strong>Sanz,\u00a0<span class=\"Apple-style-span\" style=\"font-weight: normal\">professeur certifi\u00e9<\/span><\/strong><\/p>\n<p>Litt\u00e9rature<\/p>\n<p><span class=\"Apple-style-span\" style=\"text-decoration: underline\">\u00a0<\/span>Gail <strong>Taillefer,\u00a0<\/strong>Professeure,\u00a0Universit\u00e9 des Sciences Sociales<\/p>\n<p><span class=\"Apple-style-span\" style=\"text-decoration: underline\">\u00a0<\/span>H\u00e9liane <strong>VENTURA,\u00a0<\/strong>Professeur \u00e9m\u00e9rite anglais, Universit\u00e9 de Toulouse 2-Jean Jaur\u00e8s<\/p>\n<p>Sylvie <strong>Vignes,\u00a0<\/strong>Professeure,\u00a0Lettres Modernes, Universit\u00e9 de Toulouse 2-Jean Jaur\u00e8s<\/p>\n<p>Litt\u00e9rature qu\u00e9becoise<\/p>\n<p><u><\/u>\u00a0\u00a0 \u00a0Aur\u00e9lien <strong>Yannic,\u00a0<\/strong>chercheur,\u00a0histoire Universit\u00e9 de Toulouse 2-Jean Jaur\u00e8s\u00a0OIF \/ CNRS ISCC<\/p>\n<p>Relations internationales du Qu\u00e9bec, francophonie<\/p>\n<p>Marie-Christine <strong>Zelem,\u00a0<\/strong>Ma\u00eetre de conf\u00e9rences\u00a0sociologie Universit\u00e9 de Toulouse 2-Jean Jaur\u00e8s<\/p>\n<p>Environnement et soci\u00e9t\u00e9<\/p>\n<p><u>\u00a0<\/u><\/p>\n","protected":false},"excerpt":{"rendered":"<p>Christiane Albert,\u00a0Professeur,\u00a0Universit\u00e9 de Pau, d\u00e9partement de Lettres Litt\u00e9rature qu\u00e9becoise Jelena Antic,\u00a0Docteur,\u00a0Universit\u00e9 Lumi\u00e8re Lyon 2 Etudes francophones Titre de la th\u00e8se\u00a0: \u00ab\u00a0Entre l&rsquo;\u00e9ros et ses contraintes, les multiples\u00a0jeux de la femme dans les romans d&rsquo;Anne H\u00e9bert et d&rsquo;Assia Djebar\u00a0\u00bb. Michel Barrucand,\u00a0Ma\u00eetre de conf\u00e9rences honoraire anglais, Universit\u00e9 de Toulouse 2-Jean Jaur\u00e8s Litt\u00e9rature Marion Batard,\u00a0Universit\u00e9 de Toulouse 2-Jean &hellip; <a href=\"https:\/\/blogs.univ-tlse2.fr\/grec-canada\/membres\/\" class=\"more-link\">Continuer la lecture de <span class=\"screen-reader-text\">Membres<\/span> <span class=\"meta-nav\">&rarr;<\/span><\/a><\/p>\n","protected":false},"author":1,"featured_media":0,"parent":0,"menu_order":0,"comment_status":"closed","ping_status":"open","template":"","meta":{"footnotes":""},"class_list":["post-11","page","type-page","status-publish","hentry"],"_links":{"self":[{"href":"https:\/\/blogs.univ-tlse2.fr\/grec-canada\/wp-json\/wp\/v2\/pages\/11","targetHints":{"allow":["GET"]}}],"collection":[{"href":"https:\/\/blogs.univ-tlse2.fr\/grec-canada\/wp-json\/wp\/v2\/pages"}],"about":[{"href":"https:\/\/blogs.univ-tlse2.fr\/grec-canada\/wp-json\/wp\/v2\/types\/page"}],"author":[{"embeddable":true,"href":"https:\/\/blogs.univ-tlse2.fr\/grec-canada\/wp-json\/wp\/v2\/users\/1"}],"replies":[{"embeddable":true,"href":"https:\/\/blogs.univ-tlse2.fr\/grec-canada\/wp-json\/wp\/v2\/comments?post=11"}],"version-history":[{"count":9,"href":"https:\/\/blogs.univ-tlse2.fr\/grec-canada\/wp-json\/wp\/v2\/pages\/11\/revisions"}],"predecessor-version":[{"id":94,"href":"https:\/\/blogs.univ-tlse2.fr\/grec-canada\/wp-json\/wp\/v2\/pages\/11\/revisions\/94"}],"wp:attachment":[{"href":"https:\/\/blogs.univ-tlse2.fr\/grec-canada\/wp-json\/wp\/v2\/media?parent=11"}],"curies":[{"name":"wp","href":"https:\/\/api.w.org\/{rel}","templated":true}]}}