 {"id":15,"date":"2015-09-01T15:22:34","date_gmt":"2015-09-01T14:22:34","guid":{"rendered":"https:\/\/blogs.univ-tlse2.fr\/grec-canada\/?page_id=15"},"modified":"2015-10-14T01:59:51","modified_gmt":"2015-10-14T00:59:51","slug":"le-canada-a-toulouse","status":"publish","type":"page","link":"https:\/\/blogs.univ-tlse2.fr\/grec-canada\/le-canada-a-toulouse\/","title":{"rendered":"Le Canada \u00e0 Toulouse"},"content":{"rendered":"<p>&nbsp;<\/p>\n<p><strong>CONSULAT HONORAIRE DU CANADA<\/strong><strong>\u00a0<\/strong><\/p>\n<p><strong>Adresse\u00a0: 10, rue Jules Resseguier, 31000, Toulouse<\/strong><strong>\u00a0\u00a0 \u00a0 <\/strong><\/p>\n<p><strong>\u00a0\u00a0\u00a0<\/strong><strong>tel\u00a0: 05 61 52 19 06<\/strong><strong>\u00a0\u00a0 \u00a0 \u00a0 \u00a0 \u00a0 \u00a0 \u00a0 \u00a0 \u00a0 \u00a0 \u00a0 \u00a0 \u00a0 \u00a0 \u00a0 \u00a0 \u00a0 \u00a0 \u00a0 \u00a0 \u00a0 \u00a0 \u00a0 \u00a0\u00a0<span class=\"Apple-style-span\" style=\"font-weight: normal\"><strong>f<strong>ax\u00a0: 05 61 55 40 32<\/strong><\/strong><strong>\u00a0\u00a0 \u00a0 \u00a0 \u00a0 \u00a0 \u00a0 \u00a0 \u00a0 \u00a0 \u00a0 \u00a0 \u00a0 \u00a0 \u00a0 \u00a0 \u00a0 \u00a0 \u00a0 \u00a0 \u00a0 \u00a0 \u00a0 \u00a0<\/strong><\/span><\/strong><\/p>\n<p><strong><span class=\"Apple-style-span\" style=\"font-weight: normal\"><strong><span class=\"Apple-style-span\" style=\"font-weight: normal\"><strong>Courriel\u00a0: <\/strong><a href=\"&#109;a&#x69;l&#x74;o&#x3a;&#99;&#x6f;&#110;s&#x75;l&#x61;t&#x2e;c&#x61;&#110;&#x61;&#100;a&#x2e;t&#x6f;u&#x6c;&#111;&#x75;&#115;e&#x40;w&#x61;n&#x61;d&#x6f;&#111;&#x2e;&#102;r\"><strong>&#x63;&#111;n&#x73;&#x75;&#108;a&#x74;&#x2e;&#99;a&#x6e;&#x61;da&#x2e;&#x74;ou&#x6c;&#111;us&#x65;&#64;w&#x61;&#x6e;&#97;d&#x6f;&#x6f;&#46;f&#x72;<\/strong><\/a><strong>\u00a0<\/strong><\/span><\/strong><\/span><\/strong><\/p>\n<p><strong><span class=\"Apple-style-span\" style=\"font-weight: normal\"><strong><span class=\"Apple-style-span\" style=\"font-weight: normal\"><strong>Heures d\u2019ouverture\u00a0: 9h \u00e0 12h, du lundi au vendredi.<\/strong><\/span><\/strong><\/span><\/strong><\/p>\n<p><strong>MIDI TOULOUSAIN-QUEBEC<\/strong><strong>\u00a0\u00a0 \u00a0 \u00a0 \u00a0 \u00a0 \u00a0 \u00a0 \u00a0\u00a0<\/strong><\/p>\n<p><strong>Jackie MacCarty<\/strong><strong>\u00a0\u00a0 \u00a0 \u00a0 \u00a0 \u00a0 \u00a0 \u00a0 \u00a0 \u00a0 \u00a0 \u00a0 \u00a0 \u00a0 \u00a0 \u00a0 \u00a0 \u00a0 \u00a0 \u00a0 \u00a0 \u00a0 \u00a0 \u00a0 \u00a0 \u00a0 \u00a0 \u00a0 \u00a0<span class=\"Apple-style-span\" style=\"font-weight: normal\"><strong>1, rue Luchet, B\u00e2t. A,<\/strong><strong>\u00a0<\/strong><strong>31200 Toulouse<\/strong><strong>\u00a0\u00a0<\/strong><\/span><\/strong><\/p>\n<p><strong><span class=\"Apple-style-span\" style=\"font-weight: normal\"><strong><span class=\"Apple-style-span\" style=\"font-weight: normal\"><strong>Tel\u00a0: 05 61 58 28 65<\/strong><strong>\u00a0\u00a0 \u00a0 \u00a0 \u00a0 \u00a0 \u00a0 \u00a0 \u00a0 \u00a0 \u00a0 \u00a0 \u00a0 \u00a0 \u00a0 \u00a0 \u00a0 \u00a0 \u00a0 \u00a0 \u00a0 \u00a0 \u00a0 \u00a0<\/strong><\/span><\/strong><\/span><\/strong><\/p>\n<p><strong><span class=\"Apple-style-span\" style=\"font-weight: normal\"><strong><span class=\"Apple-style-span\" style=\"font-weight: normal\"><strong><span class=\"Apple-style-span\" style=\"font-weight: normal\"><strong>Site Internet\u00a0: http:\/\/miditoulousainquebec.free.fr<\/strong><strong>\u00a0<\/strong><\/span><\/strong><\/span><\/strong><\/span><\/strong><\/p>\n<p><strong>ASSOCIATION REGIONALE<\/strong><strong>\u00a0\u00a0 \u00a0 \u00a0 \u00a0 \u00a0 \u00a0 \u00a0 \u00a0 \u00a0\u00a0<\/strong><strong>FRANCE CANADA<\/strong><strong>\u00a0\u00a0 \u00a0 \u00a0 \u00a0 \u00a0 \u00a0 \u00a0 \u00a0 \u00a0 \u00a0 \u00a0 \u00a0 \u00a0 \u00a0 \u00a0 \u00a0 \u00a0 \u00a0 \u00a0\u00a0<\/strong><\/p>\n<p><strong>Monsieur Philippe Belan<\/strong><strong>\u00a0\u00a0 \u00a0 \u00a0 \u00a0 \u00a0 \u00a0 \u00a0 \u00a0 \u00a0 \u00a0 \u00a0 \u00a0 \u00a0 \u00a0 \u00a0 \u00a0 \u00a0 \u00a0 \u00a0 \u00a0<\/strong><strong>5, rue Jacques Cros, B\u00e2t. 3,<\/strong><strong>\u00a0<\/strong><strong>31400 Toulouse<\/strong><strong>\u00a0\u00a0 \u00a0 \u00a0 \u00a0 \u00a0 \u00a0 \u00a0 \u00a0 \u00a0 \u00a0 \u00a0 \u00a0 \u00a0 \u00a0 \u00a0 \u00a0 \u00a0 \u00a0 \u00a0 \u00a0 \u00a0 \u00a0 \u00a0 \u00a0 \u00a0 \u00a0 \u00a0 \u00a0 \u00a0 \u00a0 \u00a0 \u00a0 \u00a0 \u00a0\u00a0<\/strong><\/p>\n<p><strong>Tel\u00a0: 05 61 04 41 34 ou 05 62 16 19 70<\/strong><\/p>\n<p><strong>ASSOCIATION\u00a0FRANCE-QUEBEC<\/strong><\/p>\n<p><strong>Permanence \u00e0 la Mairie de Blagnac\u00a0tous les premiers lundi du mois<\/strong><\/p>\n<p><strong>17h \u00e0 20h<\/strong><\/p>\n<p><strong>05 61 72 00<\/strong><\/p>\n<p><strong>organise des animations et des manifestations<\/strong><\/p>\n<p><strong>propose des programme d&rsquo;\u00e9changes et de voyages<\/strong><\/p>\n<p>&nbsp;<\/p>\n<p><strong>LIBRAIRIE\u00a0THE\u00a0BOOKSHOP<\/strong><\/p>\n<p><strong>17 rue Lakanal<\/strong><\/p>\n<p><strong>Cette librairie sp\u00e9cialis\u00e9e dans les liovres en anglais propose quelques titres d&rsquo;auteur canadiens et s&rsquo;associe \u00e0 Conna\u00eetre le Canada pour proposer des lectures par des auteurs canadiens en langue anglaise.<\/strong><\/p>\n<p>&nbsp;<\/p>\n<p><strong>RESTAURANT\u00a0LE\u00a0CARIBOU<\/strong><\/p>\n<p><strong>9 rue des Blanchers<\/strong><\/p>\n<p><strong>propose des sp\u00e9cialit\u00e9s canadiennes.<\/strong><\/p>\n<h1>Liens<\/h1>\n<p><a href=\"http:\/\/www.iccs-ciec.ca\/blackwell.html\"><strong>Canadian Studies\u00a0: A Guide to the Sources<\/strong><\/a>\u00a0<a href=\"http:\/\/atlas.gc.ca\/site\/english\/index.html\"><strong>The Atlas of Canada<\/strong><\/a><a href=\"http:\/\/www.archives.ca\/05\/0529\/052901_e.html\"><strong>Canadian West<\/strong><\/a>\u00a0<strong>(National Archives of Canada)<\/strong><\/p>\n<p><a href=\"http:\/\/culturecanada.gc.ca\/chdt\/interface\/interface2.nsf\/engdocBasic\/1.html\"><strong>Culture Canada\u00a0: Aboriginal Culture and Heritage<\/strong><\/a><\/p>\n<p><a href=\"http:\/\/www.archives.ca\/08\/0804_e.html\"><strong>Aboriginal Peoples<\/strong><strong>\u00a0<\/strong><\/a><strong>(National Archives of Canada)<\/strong><\/p>\n<p><a href=\"http:\/\/www.civilization.ca\/orch\/www06c_e.html\"><strong>Indigenous Peoples &#8211; Canada\u00a0: site tr\u00e8s document\u00e9 sur les autochtones au Canada<\/strong><\/a><\/p>\n<p><a href=\"http:\/\/www.cbc.ca\/aboriginal\/\"><strong>CBC News\u00a0: First Nations<\/strong><\/a><\/p>\n<p><strong><a href=\"http:\/\/www.aboriginalcanada.gc.ca\/\">Aboriginal Canada Portal \/ Portail des Autochtones au Canada<\/a>\u00a0(a \u00e9t\u00e9 ferm\u00e9 en 2013)<\/strong><\/p>\n<p><a href=\"http:\/\/www.nativetrail.com\/en\/index.html\">The Native Trail\u00a0: First Nations and Inuit<\/a><\/p>\n<p><a href=\"http:\/\/thecanadianencyclopedia.com\/\"><strong>The Canadian Encyclopedia<\/strong><\/a><\/p>\n<p><a href=\"http:\/\/www.amb-canada.fr\/\"><strong>Ambassade du Canada en France<\/strong><\/a><\/p>\n<p><a href=\"http:\/\/www.afec33.asso.fr\/\"><strong>A.F.E.C. (Association Fran\u00e7aise d\u2019Etudes Canadiennes)<\/strong><\/a><\/p>\n<p><a href=\"http:\/\/www.theglobeandmail.com\/\">The Globe and Mail\u00a0: quotidien national de langue anglaise<\/a><\/p>\n<p><a href=\"http:\/\/www.nationalpost.com\/\"><strong>The National Post\u00a0: quotidien national de langue anglaise<\/strong><\/a><\/p>\n<p><a href=\"http:\/\/www.ledevoir.com\/\">Le Devoir\u00a0: quotidien national de langue fran\u00e7aise<\/a><\/p>\n<p><a href=\"http:\/\/academicinfo.net\/canfn.html\"><strong>Academic Info\u00a0: Canadian First Nations<\/strong><\/a><\/p>\n<p><a href=\"http:\/\/www.yahoo.fr\/Exploration_geographique\/Pays\/Canada\/\">Yahoo.canada\u00a0: portail de recherche e<\/a><a href=\"http:\/\/www.ca.yahoo.com\/\"><strong>n fran\u00e7ais<\/strong><\/a><\/p>\n<p><a href=\"http:\/\/ca.yahoo.com\/\">Yahoo.canada\u00a0: portail de recherche en anglais<\/a><\/p>\n<p><a href=\"http:\/\/www.canada.com\/\"><strong>Canada.com<\/strong><\/a><\/p>\n<p><a href=\"http:\/\/www.canadiana.org\/\"><strong>Sources de l\u2019histoire du Canada\u00a0: index fran\u00e7ais ou anglais<\/strong><\/a><\/p>\n<p><a href=\"http:\/\/www.cbc.ca\/\">CBC Radio\u00a0: service en anglais<\/a><\/p>\n<p><a href=\"http:\/\/www.radio-canada.ca\/\">Radio Canada\u00a0: service en fran\u00e7ais<\/a><\/p>\n<p><a href=\"http:\/\/www.travelcanada.ca\/travelcanada\/app\/index.jsp\">Pour pr\u00e9parer vos vacances au Canada<\/a><\/p>\n<p><strong>\u00a0<\/strong><strong>Ressources en litt\u00e9rature canadienne<\/strong><\/p>\n<p><a href=\"http:\/\/www.nwpassages.com\/links.asp#etexts\">Large \u00e9ventail de liens en Litt\u00e9rature Canadienne<\/a>\u00a0<a href=\"http:\/\/www.nlc-bnc.ca\/services\/eclrs.htm\">Canadian Literature Research Service<\/a><\/p>\n<p><a href=\"http:\/\/www.umanitoba.ca\/canlit\/\">The Canadian Literature Archive<\/a><\/p>\n<p><a href=\"http:\/\/www.nlc-bnc.ca\/caninfo\/ep08.htm\"><strong>Canadian Information by Subject\u00a0: Literature<\/strong><\/a><\/p>\n<p><a href=\"http:\/\/www.mun.ca\/library\/canlit\">The Web of Canadian Literary Canon in English\u00a0: recherche multiple<\/a><\/p>\n<p><a href=\"http:\/\/www.hanksville.org\/NAresources\/\">Virtual Library &#8211; American Indians\u00a0: Book Resources on the Internet<\/a><\/p>\n<p>&nbsp;<\/p>\n<p>&nbsp;<\/p>\n","protected":false},"excerpt":{"rendered":"<p>&nbsp; CONSULAT HONORAIRE DU CANADA\u00a0 Adresse\u00a0: 10, rue Jules Resseguier, 31000, Toulouse\u00a0\u00a0 \u00a0 \u00a0\u00a0\u00a0tel\u00a0: 05 61 52 19 06\u00a0\u00a0 \u00a0 \u00a0 \u00a0 \u00a0 \u00a0 \u00a0 \u00a0 \u00a0 \u00a0 \u00a0 \u00a0 \u00a0 \u00a0 \u00a0 \u00a0 \u00a0 \u00a0 \u00a0 \u00a0 \u00a0 \u00a0 \u00a0 \u00a0\u00a0fax\u00a0: 05 61 55 40 32\u00a0\u00a0 \u00a0 \u00a0 \u00a0 \u00a0 \u00a0 \u00a0 \u00a0 \u00a0 &hellip; <a href=\"https:\/\/blogs.univ-tlse2.fr\/grec-canada\/le-canada-a-toulouse\/\" class=\"more-link\">Continuer la lecture de <span class=\"screen-reader-text\">Le Canada \u00e0 Toulouse<\/span> <span class=\"meta-nav\">&rarr;<\/span><\/a><\/p>\n","protected":false},"author":1,"featured_media":0,"parent":0,"menu_order":0,"comment_status":"closed","ping_status":"open","template":"","meta":{"footnotes":""},"class_list":["post-15","page","type-page","status-publish","hentry"],"_links":{"self":[{"href":"https:\/\/blogs.univ-tlse2.fr\/grec-canada\/wp-json\/wp\/v2\/pages\/15","targetHints":{"allow":["GET"]}}],"collection":[{"href":"https:\/\/blogs.univ-tlse2.fr\/grec-canada\/wp-json\/wp\/v2\/pages"}],"about":[{"href":"https:\/\/blogs.univ-tlse2.fr\/grec-canada\/wp-json\/wp\/v2\/types\/page"}],"author":[{"embeddable":true,"href":"https:\/\/blogs.univ-tlse2.fr\/grec-canada\/wp-json\/wp\/v2\/users\/1"}],"replies":[{"embeddable":true,"href":"https:\/\/blogs.univ-tlse2.fr\/grec-canada\/wp-json\/wp\/v2\/comments?post=15"}],"version-history":[{"count":7,"href":"https:\/\/blogs.univ-tlse2.fr\/grec-canada\/wp-json\/wp\/v2\/pages\/15\/revisions"}],"predecessor-version":[{"id":57,"href":"https:\/\/blogs.univ-tlse2.fr\/grec-canada\/wp-json\/wp\/v2\/pages\/15\/revisions\/57"}],"wp:attachment":[{"href":"https:\/\/blogs.univ-tlse2.fr\/grec-canada\/wp-json\/wp\/v2\/media?parent=15"}],"curies":[{"name":"wp","href":"https:\/\/api.w.org\/{rel}","templated":true}]}}