 {"id":11,"date":"2016-06-08T09:44:40","date_gmt":"2016-06-08T07:44:40","guid":{"rendered":"https:\/\/blogs.univ-tlse2.fr\/gwenael-lefeuvre\/?page_id=11"},"modified":"2022-04-07T17:43:08","modified_gmt":"2022-04-07T15:43:08","slug":"enseignements","status":"publish","type":"page","link":"https:\/\/blogs.univ-tlse2.fr\/gwenael-lefeuvre\/enseignements\/","title":{"rendered":"ENSEIGNEMENTS"},"content":{"rendered":"<p>Niveau MASTER 1 et 2 \u00a0au d\u00e9partement des sciences de l&rsquo;\u00e9ducation et de la formation (Universit\u00e9 Jean-Jaur\u00e8s, Toulouse)<\/p>\n<ul>\n<li>Didactique professionnelle<\/li>\n<li>Analyse de l&rsquo;activit\u00e9 et appropriation de dispositifs \u00e9ducatifs<\/li>\n<li>Processus d&rsquo;enseignement-apprentissage<\/li>\n<li>Le travail enseignant<\/li>\n<\/ul>\n<p>Niveau Licence (1er, 2\u00e8me et 3\u00e8me ann\u00e9es)\u00a0au d\u00e9partement des sciences de l&rsquo;\u00e9ducation et de la formation (Universit\u00e9 Jean-Jaur\u00e8s, Toulouse)<\/p>\n<ul>\n<li>R\u00e9gulation des d\u00e9sordres dans et hors de l&rsquo;\u00e9cole<\/li>\n<li>L&rsquo;autorit\u00e9 en classe<\/li>\n<li>Epist\u00e9mologie et m\u00e9thodologie de recherche en sciences de l&rsquo;\u00e9ducation<\/li>\n<li>Politiques \u00e9ducatives au sein des syst\u00e8mes scolaires (en France et \u00e0 l&rsquo;\u00e9tranger)<\/li>\n<li>L&rsquo;analyse de l&rsquo;activit\u00e9 professionnelle<\/li>\n<li>Sociologie des organisations<\/li>\n<li>M\u00e9thodologie du travail universitaire<\/li>\n<\/ul>\n","protected":false},"excerpt":{"rendered":"<p>Niveau MASTER 1 et 2 \u00a0au d\u00e9partement des sciences de l&rsquo;\u00e9ducation et de la formation (Universit\u00e9 Jean-Jaur\u00e8s, Toulouse) Didactique professionnelle Analyse de l&rsquo;activit\u00e9 et appropriation de dispositifs \u00e9ducatifs Processus d&rsquo;enseignement-apprentissage Le travail enseignant Niveau Licence (1er, 2\u00e8me et 3\u00e8me ann\u00e9es)\u00a0au d\u00e9partement des sciences de l&rsquo;\u00e9ducation et de la formation (Universit\u00e9 Jean-Jaur\u00e8s, Toulouse) R\u00e9gulation des d\u00e9sordres [&hellip;]<\/p>\n","protected":false},"author":306,"featured_media":0,"parent":0,"menu_order":0,"comment_status":"closed","ping_status":"closed","template":"","meta":{"footnotes":""},"class_list":["post-11","page","type-page","status-publish","hentry","post-preview"],"_links":{"self":[{"href":"https:\/\/blogs.univ-tlse2.fr\/gwenael-lefeuvre\/wp-json\/wp\/v2\/pages\/11","targetHints":{"allow":["GET"]}}],"collection":[{"href":"https:\/\/blogs.univ-tlse2.fr\/gwenael-lefeuvre\/wp-json\/wp\/v2\/pages"}],"about":[{"href":"https:\/\/blogs.univ-tlse2.fr\/gwenael-lefeuvre\/wp-json\/wp\/v2\/types\/page"}],"author":[{"embeddable":true,"href":"https:\/\/blogs.univ-tlse2.fr\/gwenael-lefeuvre\/wp-json\/wp\/v2\/users\/306"}],"replies":[{"embeddable":true,"href":"https:\/\/blogs.univ-tlse2.fr\/gwenael-lefeuvre\/wp-json\/wp\/v2\/comments?post=11"}],"version-history":[{"count":4,"href":"https:\/\/blogs.univ-tlse2.fr\/gwenael-lefeuvre\/wp-json\/wp\/v2\/pages\/11\/revisions"}],"predecessor-version":[{"id":148,"href":"https:\/\/blogs.univ-tlse2.fr\/gwenael-lefeuvre\/wp-json\/wp\/v2\/pages\/11\/revisions\/148"}],"wp:attachment":[{"href":"https:\/\/blogs.univ-tlse2.fr\/gwenael-lefeuvre\/wp-json\/wp\/v2\/media?parent=11"}],"curies":[{"name":"wp","href":"https:\/\/api.w.org\/{rel}","templated":true}]}}