 {"id":48,"date":"2016-11-05T12:04:40","date_gmt":"2016-11-05T11:04:40","guid":{"rendered":"https:\/\/blogs.univ-tlse2.fr\/gwenael-lefeuvre\/?page_id=48"},"modified":"2022-12-01T14:36:09","modified_gmt":"2022-12-01T13:36:09","slug":"responsabilites-collectives","status":"publish","type":"page","link":"https:\/\/blogs.univ-tlse2.fr\/gwenael-lefeuvre\/responsabilites-collectives\/","title":{"rendered":"responsabilit\u00e9s collectives"},"content":{"rendered":"<p>Depuis 2021 : \u00a0co-responsable de la mention Master Sciences de l&rsquo;Education et de la Formation au d\u00e9partement des sciences de l&rsquo;\u00e9ducation et de la formation, Universit\u00e9 Toulouse Jean-Jaur\u00e8s<\/p>\n<p>2016 &#8211; 2020 : co-responsable de l&rsquo;entr\u00e9e 2 \u00ab\u00a0Processus d&rsquo;\u00e9ducation, d&rsquo;enseignement et d&rsquo;apprentissage\u00a0\u00bb de l&rsquo;UMR EFTS (Education, Formation, Travail, Savoirs) \u00e0 l&rsquo;Universit\u00e9 de Toulouse Jean-Jaur\u00e8s<\/p>\n<p>2016 &#8211; 2020 : membre du conseil scientifique de l&rsquo;UMR EFTS, Universit\u00e9 de Toulouse Jean-Jaur\u00e8s<\/p>\n<p>2016 &#8211; 2020 : membre du comit\u00e9 de r\u00e9daction de la revue \u00ab\u00a0Les dossiers des Sciences de l&rsquo;Education, Universit\u00e9 de Toulouse Jean-Jaur\u00e8s<\/p>\n<p>2015 &#8211; 2018 \u00a0: directeur-adjoint du d\u00e9partement des sciences de l&rsquo;\u00e9ducation et de la formation, Universit\u00e9 de Toulouse Jean-Jaur\u00e8s<\/p>\n<p>2010 &#8211; 2015 : responsable p\u00e9dagogique de la Licence Professionnelle \u00ab\u00a0Intervention sociale\u00a0\u00bb option animation socioculturelle, Universit\u00e9 de Toulouse Jean-Jaur\u00e8s<\/p>\n<p>2011-2014 : membre \u00e9lu au Conseil d&rsquo;Administration de l&rsquo;AECSE (Association des Enseignants-Chercheurs en Sciences de l&rsquo;Education)<\/p>\n","protected":false},"excerpt":{"rendered":"<p>Depuis 2021 : \u00a0co-responsable de la mention Master Sciences de l&rsquo;Education et de la Formation au d\u00e9partement des sciences de l&rsquo;\u00e9ducation et de la formation, Universit\u00e9 Toulouse Jean-Jaur\u00e8s 2016 &#8211; 2020 : co-responsable de l&rsquo;entr\u00e9e 2 \u00ab\u00a0Processus d&rsquo;\u00e9ducation, d&rsquo;enseignement et d&rsquo;apprentissage\u00a0\u00bb de l&rsquo;UMR EFTS (Education, Formation, Travail, Savoirs) \u00e0 l&rsquo;Universit\u00e9 de Toulouse Jean-Jaur\u00e8s 2016 &#8211; [&hellip;]<\/p>\n","protected":false},"author":306,"featured_media":0,"parent":0,"menu_order":0,"comment_status":"closed","ping_status":"closed","template":"","meta":{"footnotes":""},"class_list":["post-48","page","type-page","status-publish","hentry","post-preview"],"_links":{"self":[{"href":"https:\/\/blogs.univ-tlse2.fr\/gwenael-lefeuvre\/wp-json\/wp\/v2\/pages\/48","targetHints":{"allow":["GET"]}}],"collection":[{"href":"https:\/\/blogs.univ-tlse2.fr\/gwenael-lefeuvre\/wp-json\/wp\/v2\/pages"}],"about":[{"href":"https:\/\/blogs.univ-tlse2.fr\/gwenael-lefeuvre\/wp-json\/wp\/v2\/types\/page"}],"author":[{"embeddable":true,"href":"https:\/\/blogs.univ-tlse2.fr\/gwenael-lefeuvre\/wp-json\/wp\/v2\/users\/306"}],"replies":[{"embeddable":true,"href":"https:\/\/blogs.univ-tlse2.fr\/gwenael-lefeuvre\/wp-json\/wp\/v2\/comments?post=48"}],"version-history":[{"count":14,"href":"https:\/\/blogs.univ-tlse2.fr\/gwenael-lefeuvre\/wp-json\/wp\/v2\/pages\/48\/revisions"}],"predecessor-version":[{"id":163,"href":"https:\/\/blogs.univ-tlse2.fr\/gwenael-lefeuvre\/wp-json\/wp\/v2\/pages\/48\/revisions\/163"}],"wp:attachment":[{"href":"https:\/\/blogs.univ-tlse2.fr\/gwenael-lefeuvre\/wp-json\/wp\/v2\/media?parent=48"}],"curies":[{"name":"wp","href":"https:\/\/api.w.org\/{rel}","templated":true}]}}