 {"id":1199,"date":"2024-02-13T15:24:54","date_gmt":"2024-02-13T14:24:54","guid":{"rendered":"https:\/\/blogs.univ-tlse2.fr\/histoire-arts\/?page_id=1199"},"modified":"2024-03-26T15:50:08","modified_gmt":"2024-03-26T14:50:08","slug":"matin-brun","status":"publish","type":"page","link":"https:\/\/blogs.univ-tlse2.fr\/histoire-arts\/matin-brun\/","title":{"rendered":"Matin Brun"},"content":{"rendered":"\n<p>ENREGISTREMENT AUDIO : ORAL D&rsquo;INTENTION<\/p>\n\n\n\n<figure class=\"wp-block-audio\"><audio controls src=\"https:\/\/blogs.univ-tlse2.fr\/histoire-arts\/files\/2024\/03\/Oral-dintention.mp3\"><\/audio><\/figure>\n\n\n\n<p>MONTAGE TYPOGRAPHIQUE : APPEL \u00c0 L&rsquo;AIDE <\/p>\n\n\n\n<figure class=\"wp-block-gallery has-nested-images columns-default is-cropped wp-block-gallery-1 is-layout-flex wp-block-gallery-is-layout-flex\">\n<figure class=\"wp-block-image size-large\"><img loading=\"lazy\" decoding=\"async\" width=\"1024\" height=\"533\" data-id=\"1229\" src=\"https:\/\/blogs.univ-tlse2.fr\/histoire-arts\/files\/2024\/03\/Appel-a\u0300-laide-copie-1-1024x533.png\" alt=\"\" class=\"wp-image-1229\" srcset=\"https:\/\/blogs.univ-tlse2.fr\/histoire-arts\/files\/2024\/03\/Appel-a\u0300-laide-copie-1-1024x533.png 1024w, https:\/\/blogs.univ-tlse2.fr\/histoire-arts\/files\/2024\/03\/Appel-a\u0300-laide-copie-1-300x156.png 300w, https:\/\/blogs.univ-tlse2.fr\/histoire-arts\/files\/2024\/03\/Appel-a\u0300-laide-copie-1-768x399.png 768w, https:\/\/blogs.univ-tlse2.fr\/histoire-arts\/files\/2024\/03\/Appel-a\u0300-laide-copie-1-1536x799.png 1536w, https:\/\/blogs.univ-tlse2.fr\/histoire-arts\/files\/2024\/03\/Appel-a\u0300-laide-copie-1-560x291.png 560w, https:\/\/blogs.univ-tlse2.fr\/histoire-arts\/files\/2024\/03\/Appel-a\u0300-laide-copie-1-260x135.png 260w, https:\/\/blogs.univ-tlse2.fr\/histoire-arts\/files\/2024\/03\/Appel-a\u0300-laide-copie-1-160x83.png 160w, https:\/\/blogs.univ-tlse2.fr\/histoire-arts\/files\/2024\/03\/Appel-a\u0300-laide-copie-1.png 1592w\" sizes=\"auto, (max-width: 1024px) 100vw, 1024px\" \/><\/figure>\n<\/figure>\n\n\n\n<p>PAGE DE JOURNAL <\/p>\n\n\n\n<figure class=\"wp-block-gallery has-nested-images columns-default is-cropped wp-block-gallery-2 is-layout-flex wp-block-gallery-is-layout-flex\">\n<figure class=\"wp-block-image size-large\"><img loading=\"lazy\" decoding=\"async\" width=\"457\" height=\"642\" data-id=\"1238\" src=\"https:\/\/blogs.univ-tlse2.fr\/histoire-arts\/files\/2024\/03\/canva-4-capture-2.png\" alt=\"\" class=\"wp-image-1238\" srcset=\"https:\/\/blogs.univ-tlse2.fr\/histoire-arts\/files\/2024\/03\/canva-4-capture-2.png 457w, https:\/\/blogs.univ-tlse2.fr\/histoire-arts\/files\/2024\/03\/canva-4-capture-2-214x300.png 214w, https:\/\/blogs.univ-tlse2.fr\/histoire-arts\/files\/2024\/03\/canva-4-capture-2-260x365.png 260w, https:\/\/blogs.univ-tlse2.fr\/histoire-arts\/files\/2024\/03\/canva-4-capture-2-160x225.png 160w\" sizes=\"auto, (max-width: 457px) 100vw, 457px\" \/><\/figure>\n<\/figure>\n\n\n\n<p>AFFICHE <\/p>\n\n\n\n<figure class=\"wp-block-gallery has-nested-images columns-default is-cropped wp-block-gallery-3 is-layout-flex wp-block-gallery-is-layout-flex\">\n<figure class=\"wp-block-image size-large\"><img loading=\"lazy\" decoding=\"async\" width=\"558\" height=\"775\" data-id=\"1240\" src=\"https:\/\/blogs.univ-tlse2.fr\/histoire-arts\/files\/2024\/03\/Capture-de\u0301cran-2024-02-13-a\u0300-15.33.24-2.png\" alt=\"\" class=\"wp-image-1240\" srcset=\"https:\/\/blogs.univ-tlse2.fr\/histoire-arts\/files\/2024\/03\/Capture-de\u0301cran-2024-02-13-a\u0300-15.33.24-2.png 558w, https:\/\/blogs.univ-tlse2.fr\/histoire-arts\/files\/2024\/03\/Capture-de\u0301cran-2024-02-13-a\u0300-15.33.24-2-216x300.png 216w, https:\/\/blogs.univ-tlse2.fr\/histoire-arts\/files\/2024\/03\/Capture-de\u0301cran-2024-02-13-a\u0300-15.33.24-2-260x361.png 260w, https:\/\/blogs.univ-tlse2.fr\/histoire-arts\/files\/2024\/03\/Capture-de\u0301cran-2024-02-13-a\u0300-15.33.24-2-160x222.png 160w\" sizes=\"auto, (max-width: 558px) 100vw, 558px\" \/><\/figure>\n<\/figure>\n\n\n\n<p>R\u00c9\u00c9CRITURE D&rsquo;UN PASSAGE<\/p>\n\n\n\n<figure class=\"wp-block-gallery has-nested-images columns-default is-cropped wp-block-gallery-4 is-layout-flex wp-block-gallery-is-layout-flex\">\n<figure class=\"wp-block-image size-large\"><img loading=\"lazy\" decoding=\"async\" width=\"999\" height=\"832\" data-id=\"1241\" src=\"https:\/\/blogs.univ-tlse2.fr\/histoire-arts\/files\/2024\/03\/Re\u0301e\u0301criture.png\" alt=\"\" class=\"wp-image-1241\" srcset=\"https:\/\/blogs.univ-tlse2.fr\/histoire-arts\/files\/2024\/03\/Re\u0301e\u0301criture.png 999w, https:\/\/blogs.univ-tlse2.fr\/histoire-arts\/files\/2024\/03\/Re\u0301e\u0301criture-300x250.png 300w, https:\/\/blogs.univ-tlse2.fr\/histoire-arts\/files\/2024\/03\/Re\u0301e\u0301criture-768x640.png 768w, https:\/\/blogs.univ-tlse2.fr\/histoire-arts\/files\/2024\/03\/Re\u0301e\u0301criture-560x466.png 560w, https:\/\/blogs.univ-tlse2.fr\/histoire-arts\/files\/2024\/03\/Re\u0301e\u0301criture-260x217.png 260w, https:\/\/blogs.univ-tlse2.fr\/histoire-arts\/files\/2024\/03\/Re\u0301e\u0301criture-160x133.png 160w\" sizes=\"auto, (max-width: 999px) 100vw, 999px\" \/><\/figure>\n<\/figure>\n","protected":false},"excerpt":{"rendered":"<p>ENREGISTREMENT AUDIO : ORAL D&rsquo;INTENTION MONTAGE TYPOGRAPHIQUE : APPEL \u00c0 L&rsquo;AIDE PAGE DE JOURNAL AFFICHE R\u00c9\u00c9CRITURE D&rsquo;UN PASSAGE<\/p>\n<p class=\"more-link-p\"><a class=\"more-link\" href=\"https:\/\/blogs.univ-tlse2.fr\/histoire-arts\/matin-brun\/\">Read more &rarr;<\/a><\/p>\n","protected":false},"author":1396,"featured_media":0,"parent":0,"menu_order":0,"comment_status":"closed","ping_status":"closed","template":"","meta":{"footnotes":""},"class_list":["post-1199","page","type-page","status-publish","hentry"],"_links":{"self":[{"href":"https:\/\/blogs.univ-tlse2.fr\/histoire-arts\/wp-json\/wp\/v2\/pages\/1199","targetHints":{"allow":["GET"]}}],"collection":[{"href":"https:\/\/blogs.univ-tlse2.fr\/histoire-arts\/wp-json\/wp\/v2\/pages"}],"about":[{"href":"https:\/\/blogs.univ-tlse2.fr\/histoire-arts\/wp-json\/wp\/v2\/types\/page"}],"author":[{"embeddable":true,"href":"https:\/\/blogs.univ-tlse2.fr\/histoire-arts\/wp-json\/wp\/v2\/users\/1396"}],"replies":[{"embeddable":true,"href":"https:\/\/blogs.univ-tlse2.fr\/histoire-arts\/wp-json\/wp\/v2\/comments?post=1199"}],"version-history":[{"count":6,"href":"https:\/\/blogs.univ-tlse2.fr\/histoire-arts\/wp-json\/wp\/v2\/pages\/1199\/revisions"}],"predecessor-version":[{"id":1242,"href":"https:\/\/blogs.univ-tlse2.fr\/histoire-arts\/wp-json\/wp\/v2\/pages\/1199\/revisions\/1242"}],"wp:attachment":[{"href":"https:\/\/blogs.univ-tlse2.fr\/histoire-arts\/wp-json\/wp\/v2\/media?parent=1199"}],"curies":[{"name":"wp","href":"https:\/\/api.w.org\/{rel}","templated":true}]}}