 {"id":11,"date":"2015-11-03T11:00:00","date_gmt":"2015-11-03T10:00:00","guid":{"rendered":"https:\/\/blogs.univ-tlse2.fr\/histoirebilingue\/?page_id=11"},"modified":"2020-07-10T18:23:13","modified_gmt":"2020-07-10T16:23:13","slug":"formation","status":"publish","type":"page","link":"https:\/\/blogs.univ-tlse2.fr\/histoirebilingue\/en\/formation\/","title":{"rendered":"Formation"},"content":{"rendered":"<p>La licence d&#8217;histoire bilingue se d\u00e9roule sur trois ann\u00e9es : les deux premi\u00e8res sur le campus du Mirail \u00e0 Toulouse et la troisi\u00e8me ann\u00e9e \u00e0 l&#8217;\u00e9tranger. A Toulouse, plus de la moiti\u00e9 des cours sont en langue \u00e9trang\u00e8re (anglais ou espagnol).<\/p>\n<p>La formation s&#8217;effectue dans les meilleures conditions:<\/p>\n<ul>\n<li>L&#8217;effectif maximum d&#8217;une promotion est de 28 \u00e9tudiants<\/li>\n<li>Le d\u00e9partement d\u2019histoire occupe depuis 2015 un nouveau b\u00e2timent qui offre un grand confort de travail<\/li>\n<li>Plusieurs biblioth\u00e8ques et centres de ressources&nbsp;\u00bb sont accessibles aux \u00e9tudiants <a href=\"http:\/\/bibliotheques.univ-tlse2.fr\/accueil-bibliotheques\/bibliotheques-de-l-ut2j\/bibliotheques-du-campus-mirail\/bibliotheque-universitaire-centrale\/\" target=\"_blank\" rel=\"noopener noreferrer\">biblioth\u00e8que universitaire centrale<\/a>, <a href=\"http:\/\/bibliotheques.univ-tlse2.fr\/accueil-bibliotheques\/bibliotheques-de-l-ut2j\/bibliotheques-du-campus-mirail\/centre-de-ressources-olympe-de-gouges\/\" target=\"_blank\" rel=\"noopener noreferrer\">centre de ressources Olympes de Gouges<\/a>, <a href=\"http:\/\/bibliotheques.univ-tlse2.fr\/accueil-bibliotheques\/bibliotheques-de-l-ut2j\/bibliotheques-du-campus-mirail\/centre-de-ressources-des-langues\/\" target=\"_blank\" rel=\"noopener noreferrer\">Centre de ressources des Langues<\/a>, <a href=\"http:\/\/bibliotheques.univ-tlse2.fr\/accueil-bibliotheques\/bibliotheques-de-l-ut2j\/bibliotheques-du-campus-mirail\/cadist-peninsule-iberique\/\" target=\"_blank\" rel=\"noopener noreferrer\">CADIST P\u00e9ninsule ib\u00e9rique<\/a>.<\/li>\n<li>Une <a href=\"http:\/\/www.etudesmirail.com\/\">librairie universitaire est pr\u00e9sente sur le campus. <\/a><\/li>\n<\/ul>\n<p>Les cours:<\/p>\n<ul>\n<li>discipline principale<\/li>\n<li>discipline associ\u00e9e<\/li>\n<li>des cours de langue en option (obligatoire)<\/li>\n<\/ul>\n<p><\/p>\n\n\n<figure class=\"wp-block-image size-large\"><img loading=\"lazy\" decoding=\"async\" width=\"1024\" height=\"576\" src=\"https:\/\/blogs.univ-tlse2.fr\/histoirebilingue\/files\/2020\/06\/20200206_105030-1024x576.jpg\" alt=\"\" class=\"wp-image-709\" srcset=\"https:\/\/blogs.univ-tlse2.fr\/histoirebilingue\/files\/2020\/06\/20200206_105030-1024x576.jpg 1024w, https:\/\/blogs.univ-tlse2.fr\/histoirebilingue\/files\/2020\/06\/20200206_105030-300x169.jpg 300w, https:\/\/blogs.univ-tlse2.fr\/histoirebilingue\/files\/2020\/06\/20200206_105030-768x432.jpg 768w, https:\/\/blogs.univ-tlse2.fr\/histoirebilingue\/files\/2020\/06\/20200206_105030-1536x864.jpg 1536w, https:\/\/blogs.univ-tlse2.fr\/histoirebilingue\/files\/2020\/06\/20200206_105030-2048x1152.jpg 2048w\" sizes=\"auto, (max-width: 1024px) 100vw, 1024px\" \/><figcaption>Travail aux Archives municipales avec les \u00e9tudiants de L2<\/figcaption><\/figure>","protected":false},"excerpt":{"rendered":"<p>La licence d&#8217;histoire bilingue se d\u00e9roule sur trois ann\u00e9es : les deux premi\u00e8res sur le campus du Mirail \u00e0 Toulouse et la troisi\u00e8me ann\u00e9e \u00e0 l&#8217;\u00e9tranger. A Toulouse, plus de la moiti\u00e9 des cours sont en langue \u00e9trang\u00e8re (anglais ou espagnol). La formation s&#8217;effectue dans les meilleures conditions: L&#8217;effectif maximum d&#8217;une promotion est de 28 [&hellip;]<\/p>\n","protected":false},"author":258,"featured_media":0,"parent":0,"menu_order":1,"comment_status":"closed","ping_status":"closed","template":"","meta":{"footnotes":""},"class_list":["post-11","page","type-page","status-publish","hentry"],"_links":{"self":[{"href":"https:\/\/blogs.univ-tlse2.fr\/histoirebilingue\/en\/wp-json\/wp\/v2\/pages\/11","targetHints":{"allow":["GET"]}}],"collection":[{"href":"https:\/\/blogs.univ-tlse2.fr\/histoirebilingue\/en\/wp-json\/wp\/v2\/pages"}],"about":[{"href":"https:\/\/blogs.univ-tlse2.fr\/histoirebilingue\/en\/wp-json\/wp\/v2\/types\/page"}],"author":[{"embeddable":true,"href":"https:\/\/blogs.univ-tlse2.fr\/histoirebilingue\/en\/wp-json\/wp\/v2\/users\/258"}],"replies":[{"embeddable":true,"href":"https:\/\/blogs.univ-tlse2.fr\/histoirebilingue\/en\/wp-json\/wp\/v2\/comments?post=11"}],"version-history":[{"count":20,"href":"https:\/\/blogs.univ-tlse2.fr\/histoirebilingue\/en\/wp-json\/wp\/v2\/pages\/11\/revisions"}],"predecessor-version":[{"id":767,"href":"https:\/\/blogs.univ-tlse2.fr\/histoirebilingue\/en\/wp-json\/wp\/v2\/pages\/11\/revisions\/767"}],"wp:attachment":[{"href":"https:\/\/blogs.univ-tlse2.fr\/histoirebilingue\/en\/wp-json\/wp\/v2\/media?parent=11"}],"curies":[{"name":"wp","href":"https:\/\/api.w.org\/{rel}","templated":true}]}}