 {"id":126,"date":"2015-11-03T22:16:24","date_gmt":"2015-11-03T21:16:24","guid":{"rendered":"https:\/\/blogs.univ-tlse2.fr\/histoirebilingue\/?page_id=126"},"modified":"2020-06-10T13:40:17","modified_gmt":"2020-06-10T11:40:17","slug":"contacts","status":"publish","type":"page","link":"https:\/\/blogs.univ-tlse2.fr\/histoirebilingue\/en\/contacts\/","title":{"rendered":"Contacts"},"content":{"rendered":"<p>Universit\u00e9 Toulouse Jean-Jaur\u00e8s<br \/>\nD\u00e9partement Histoire &#8211; Licences bilingues<br \/>\nB\u00e2timent Olympes de Gouges<br \/>\n5 all\u00e9es Antonio Machado<br \/>\n31058 TOULOUSE Cedex 9<\/p>\n<p><strong>Responsable administrative de la licence bilingue<br \/>\n<\/strong><\/p>\n<p><strong>Responsable administrative de la licence bilingue<br \/>\n<\/strong><\/p>\n<p>Lucie Manceau<br \/>\n<a href=\"m&#97;&#x69;&#x6c;to&#x3a;&#x73;ec&#114;&#x65;&#x74;a&#114;&#x69;&#x61;t&#46;&#x68;&#x69;st&#111;&#x69;&#x72;e&#64;&#x75;&#x6e;iv&#x2d;&#x74;ls&#101;&#x32;&#x2e;f&#114;\">&#115;e&#x63;r&#x65;t&#x61;r&#x69;&#97;&#x74;&#46;h&#x69;s&#x74;o&#x69;r&#x65;&#64;&#x75;&#110;&#x69;&#118;-&#x74;l&#x73;e&#x32;&#46;&#x66;r<\/a><\/p>\n<p>T\u00e9l. 05.61.50.43.07<br \/>\nb\u00e2t. Olympe de Gouges porte GH 030<\/p>\n<p><strong>Responsables p\u00e9dagogiques de la licence bilingue<\/strong><\/p>\n<p><a href=\"f&#108;&#x6f;&#x72;i&#97;&#x6e;&#x2e;g&#97;&#x6c;&#x6c;o&#110;&#x40;&#x75;n&#105;&#x76;&#x2d;t&#108;&#x73;&#x65;2&#46;&#x66;&#x72;\">Florian Gallon<\/a> (espagnol)<\/p>\n<p><a href=\"&#x6a;&#x75;&#x64;&#x64;&#101;&#64;univ-&#x74;&#x6c;&#x73;&#x65;&#x32;&#46;fr\">Claire Judde de Larivi\u00e8re<\/a> (anglais)<\/p>\n<p><strong><a href=\"https:\/\/blogs.univ-tlse2.fr\/histoirebilingue\/formation\/equipe-pedagogique\/\">\u00c9quipe p\u00e9dagogique<\/a><\/strong>Universit\u00e9 Toulouse Jean-Jaur\u00e8s<br \/>\nD\u00e9partement Histoire &#8211; Licences bilingues<br \/>\nB\u00e2timent Olympes de Gouges<br \/>\n5 all\u00e9es Antonio Machado<br \/>\n31058 TOULOUSE Cedex 9<\/p>\n<p><strong>Responsable administrativa del departamento de Historia<br \/>\n<\/strong><\/p>\n<p><strong>Responsable administrative de la licence bilingue<br \/>\n<\/strong><\/p>\n<p>Lucie Manceau<br \/>\n<a href=\"mailto:secretariat&#46;&#104;&#105;&#115;&#116;&#111;&#105;&#114;&#101;&#x40;&#x75;&#x6e;&#x69;&#x76;&#x2d;&#x74;&#x6c;&#x73;&#x65;&#x32;&#x2e;&#x66;&#x72;\">&#x73;&#101;cr&#x65;&#x74;ar&#x69;&#x61;t&#46;&#x68;&#x69;&#115;t&#x6f;&#x69;&#114;e&#x40;&#x75;&#110;i&#x76;&#x2d;&#116;ls&#x65;&#x32;&#46;f&#x72;<\/a><\/p>\n<p>T\u00e9l. 05.61.50.43.07<br \/>\nb\u00e2t. Olympe de Gouges porte GH 030<\/p>\n<p><strong>Responsables p\u00e9dagogiques de la licence bilingue<\/strong><\/p>\n<p><a href=\"&#102;&#x6c;&#111;&#x72;i&#x61;n&#x2e;g&#x61;l&#x6c;o&#x6e;&#64;&#117;&#x6e;&#105;&#x76;&#45;&#x74;l&#x73;e&#x32;&#46;&#x66;r\">Florian Gallon<\/a> (espagnol)<\/p>\n<p><a href=\"&#106;u&#x64;d&#x65;&#64;&#x75;n&#x69;&#118;&#x2d;&#116;l&#x73;e&#x32;&#46;&#x66;r\">Claire Judde de Larivi\u00e8re<\/a> (anglais)<\/p>\n<p><strong><a href=\"https:\/\/blogs.univ-tlse2.fr\/histoirebilingue\/formation\/equipe-pedagogique\/\">\u00c9quipe p\u00e9dagogique<\/a><\/strong>Universit\u00e9 Toulouse Jean-Jaur\u00e8s<br \/>\nD\u00e9partement Histoire &#8211; Licences bilingues<br \/>\nB\u00e2timent Olympes de Gouges<br \/>\n5 all\u00e9es Antonio Machado<br \/>\n31058 TOULOUSE Cedex 9<\/p>","protected":false},"excerpt":{"rendered":"<p>Universit\u00e9 Toulouse Jean-Jaur\u00e8s D\u00e9partement Histoire &#8211; Licences bilingues B\u00e2timent Olympes de Gouges 5 all\u00e9es Antonio Machado 31058 TOULOUSE Cedex 9 Responsable administrative de la licence bilingue Responsable administrative de la licence bilingue Lucie Manceau &#115;e&#x63;r&#x65;t&#x61;&#114;&#x69;&#97;t&#x2e;h&#x69;s&#x74;o&#x69;&#114;&#x65;&#64;u&#x6e;i&#x76;-&#x74;&#108;&#x73;&#101;2&#x2e;f&#x72; T\u00e9l. 05.61.50.43.07 b\u00e2t. Olympe de Gouges porte GH 030 Responsables p\u00e9dagogiques de la licence bilingue Florian Gallon (espagnol) Claire Judde [&hellip;]<\/p>\n","protected":false},"author":258,"featured_media":0,"parent":0,"menu_order":6,"comment_status":"closed","ping_status":"closed","template":"","meta":{"footnotes":""},"class_list":["post-126","page","type-page","status-publish","hentry"],"_links":{"self":[{"href":"https:\/\/blogs.univ-tlse2.fr\/histoirebilingue\/en\/wp-json\/wp\/v2\/pages\/126","targetHints":{"allow":["GET"]}}],"collection":[{"href":"https:\/\/blogs.univ-tlse2.fr\/histoirebilingue\/en\/wp-json\/wp\/v2\/pages"}],"about":[{"href":"https:\/\/blogs.univ-tlse2.fr\/histoirebilingue\/en\/wp-json\/wp\/v2\/types\/page"}],"author":[{"embeddable":true,"href":"https:\/\/blogs.univ-tlse2.fr\/histoirebilingue\/en\/wp-json\/wp\/v2\/users\/258"}],"replies":[{"embeddable":true,"href":"https:\/\/blogs.univ-tlse2.fr\/histoirebilingue\/en\/wp-json\/wp\/v2\/comments?post=126"}],"version-history":[{"count":16,"href":"https:\/\/blogs.univ-tlse2.fr\/histoirebilingue\/en\/wp-json\/wp\/v2\/pages\/126\/revisions"}],"predecessor-version":[{"id":727,"href":"https:\/\/blogs.univ-tlse2.fr\/histoirebilingue\/en\/wp-json\/wp\/v2\/pages\/126\/revisions\/727"}],"wp:attachment":[{"href":"https:\/\/blogs.univ-tlse2.fr\/histoirebilingue\/en\/wp-json\/wp\/v2\/media?parent=126"}],"curies":[{"name":"wp","href":"https:\/\/api.w.org\/{rel}","templated":true}]}}