 {"id":21,"date":"2015-11-03T11:01:37","date_gmt":"2015-11-03T10:01:37","guid":{"rendered":"https:\/\/blogs.univ-tlse2.fr\/histoirebilingue\/?page_id=21"},"modified":"2017-02-20T14:28:55","modified_gmt":"2017-02-20T13:28:55","slug":"debouches-2","status":"publish","type":"page","link":"https:\/\/blogs.univ-tlse2.fr\/histoirebilingue\/en\/formation\/debouches-2\/","title":{"rendered":"D\u00e9bouch\u00e9s"},"content":{"rendered":"<p>Le parcours vise \u00e0 former des dipl\u00f4m\u00e9s ayant un solide bagage de connaissances historiques et de comp\u00e9tences linguistiques, et une large culture g\u00e9n\u00e9rale, autant d\u2019atouts qui sont valoris\u00e9s aujourd\u2019hui sur le march\u00e9 de l\u2019emploi. Il vise \u00e0 assurer aux futurs dipl\u00f4m\u00e9s un niveau linguistique \u00e9lev\u00e9 (niveau C dans le Portfolio europ\u00e9en des Langues), les pr\u00e9parant ainsi \u00e0 la poursuite des \u00e9tudes en Master et \u00e0 leur entr\u00e9e dans la vie active.<\/p>\n<p>Durant leurs ann\u00e9es d&#8217;\u00e9tude, notamment durant l&#8217;<a href=\"https:\/\/blogs.univ-tlse2.fr\/histoirebilingue\/formation\/licence-espagnol\/mobilite-en-l3\/\">ann\u00e9e de mobilit\u00e9<\/a>, les \u00e9tudiants peuvent acqu\u00e9rir une <a href=\"https:\/\/blogs.univ-tlse2.fr\/histoirebilingue\/2015\/11\/17\/margot-promo-2014-espagnol-master-science-politique\/\">premi\u00e8re exp\u00e9rience professionnelle sous la forme de stage<\/a>, par exemple dans une ambassade ou dans des centres culturels fran\u00e7ais \u00e0 l&#8217;\u00e9tranger.<\/p>\n<p>Les <a href=\"https:\/\/blogs.univ-tlse2.fr\/histoirebilingue\/vie-etudiante\/temoignages\/\" target=\"_blank\">t\u00e9moignages des anciens \u00e9tudiants<\/a> de la licence s&#8217;av\u00e8rent pr\u00e9cieux.<\/p>\n<p><strong>Les Masters et la poursuite des \u00e9tudes<\/strong><\/p>\n<ul>\n<li>Master Sciences politiques\/ Institut d\u2019\u00e9tudes politiques (voir le <a href=\"https:\/\/blogs.univ-tlse2.fr\/histoirebilingue\/2015\/11\/04\/julien-promo-2012-espagnol-en-master-science-po\/\">parcours de Julien<\/a>)<\/li>\n<li>Masters internationaux\/ \u00c9tudes europ\u00e9ennes (voir le <a href=\"https:\/\/blogs.univ-tlse2.fr\/histoirebilingue\/2015\/11\/04\/beatrice-promo-2012-espagnol-master-etudes-europeennes\/\">parcours de Beatrice<\/a>)<\/li>\n<li>\u00c9coles de journalisme<\/li>\n<li>Master recherche en histoire: Masters d&#8217;histoire (histoire ancienne, <a href=\"https:\/\/blogs.univ-tlse2.fr\/master-etudes-medievales\/\" target=\"_blank\">histoire m\u00e9di\u00e9vale<\/a>, <a href=\"http:\/\/master-histoire-moderne-contemporaine.univ-tlse2.fr\/\" target=\"_blank\">histoire moderne et contemporaine<\/a>) \u00e0 Toulouse ou autres universit\u00e9s fran\u00e7aises, Master <a href=\"http:\/\/ipeat.univ-tlse2.fr\/\" target=\"_blank\">Institut Pluridisciplinaire pour les \u00c9tudes sur les Am\u00e9riques \u00e0 Toulouse<\/a> ( ou \u00e0 Paris, IHEAL)<\/li>\n<li>Masters &#8220;M\u00e9tiers de l&#8217;enseignement, de l&#8217;\u00e9ducation et de la formation&#8221; (MEEF), professorat des \u00e9coles, professeur d&#8217;histoire-g\u00e9rographie, professeur de langues. Les \u00e9tudiants se destinant \u00e0 la carri\u00e8re professorale en histoire g\u00e9ographie peuvent pr\u00e9tendre \u00e0 la mention compl\u00e9mentaire &#8220;Discipline non linguistique&#8221; permettant d&#8217;enseigner dans les classes europ\u00e9ennes et les classes internationales.<\/li>\n<\/ul>\n<p><strong>Les m\u00e9tiers<\/strong><\/p>\n<ul>\n<li>Les m\u00e9tiers de l&#8217;enseignement<\/li>\n<li>Diplomatie<\/li>\n<li>Instituions europ\u00e9ennes et internationales<\/li>\n<li>Tourisme et patrimoine<\/li>\n<li>Journalisme<\/li>\n<\/ul>\n<p>&nbsp;<\/p>","protected":false},"excerpt":{"rendered":"<p>Le parcours vise \u00e0 former des dipl\u00f4m\u00e9s ayant un solide bagage de connaissances historiques et de comp\u00e9tences linguistiques, et une large culture g\u00e9n\u00e9rale, autant d\u2019atouts qui sont valoris\u00e9s aujourd\u2019hui sur le march\u00e9 de l\u2019emploi. Il vise \u00e0 assurer aux futurs dipl\u00f4m\u00e9s un niveau linguistique \u00e9lev\u00e9 (niveau C dans le Portfolio europ\u00e9en des Langues), les pr\u00e9parant [&hellip;]<\/p>\n","protected":false},"author":258,"featured_media":0,"parent":11,"menu_order":4,"comment_status":"closed","ping_status":"closed","template":"","meta":{"footnotes":""},"class_list":["post-21","page","type-page","status-publish","hentry"],"_links":{"self":[{"href":"https:\/\/blogs.univ-tlse2.fr\/histoirebilingue\/en\/wp-json\/wp\/v2\/pages\/21","targetHints":{"allow":["GET"]}}],"collection":[{"href":"https:\/\/blogs.univ-tlse2.fr\/histoirebilingue\/en\/wp-json\/wp\/v2\/pages"}],"about":[{"href":"https:\/\/blogs.univ-tlse2.fr\/histoirebilingue\/en\/wp-json\/wp\/v2\/types\/page"}],"author":[{"embeddable":true,"href":"https:\/\/blogs.univ-tlse2.fr\/histoirebilingue\/en\/wp-json\/wp\/v2\/users\/258"}],"replies":[{"embeddable":true,"href":"https:\/\/blogs.univ-tlse2.fr\/histoirebilingue\/en\/wp-json\/wp\/v2\/comments?post=21"}],"version-history":[{"count":14,"href":"https:\/\/blogs.univ-tlse2.fr\/histoirebilingue\/en\/wp-json\/wp\/v2\/pages\/21\/revisions"}],"predecessor-version":[{"id":581,"href":"https:\/\/blogs.univ-tlse2.fr\/histoirebilingue\/en\/wp-json\/wp\/v2\/pages\/21\/revisions\/581"}],"up":[{"embeddable":true,"href":"https:\/\/blogs.univ-tlse2.fr\/histoirebilingue\/en\/wp-json\/wp\/v2\/pages\/11"}],"wp:attachment":[{"href":"https:\/\/blogs.univ-tlse2.fr\/histoirebilingue\/en\/wp-json\/wp\/v2\/media?parent=21"}],"curies":[{"name":"wp","href":"https:\/\/api.w.org\/{rel}","templated":true}]}}