 {"id":28,"date":"2015-11-03T11:12:44","date_gmt":"2015-11-03T10:12:44","guid":{"rendered":"https:\/\/blogs.univ-tlse2.fr\/histoirebilingue\/?page_id=28"},"modified":"2017-02-20T14:51:36","modified_gmt":"2017-02-20T13:51:36","slug":"mobilite-en-l3","status":"publish","type":"page","link":"https:\/\/blogs.univ-tlse2.fr\/histoirebilingue\/en\/formation\/licence-espagnol\/mobilite-en-l3\/","title":{"rendered":"Mobilit\u00e9 en L3"},"content":{"rendered":"<p>La 3e ann\u00e9e de la licence bilingue s&#8217;effectue \u00e0 l&#8217;\u00e9tranger, soit dans le cadre du programme europ\u00e9en Erasmus +, soit dans le cadre des conventions bilat\u00e9rales entre l&#8217;Universit\u00e9 Toulouse Jean-Jaur\u00e8s et diff\u00e9rentes universit\u00e9s latino-am\u00e9ricaines. Notre universit\u00e9 entretient des accords avec les principales universit\u00e9s espagnoles et latino-am\u00e9ricaines.<\/p>\n<p>En <strong>Espagne<\/strong><\/p>\n<ul>\n<li>\u00c1lcala de Henares, Universidad de Alcala (2 places)<\/li>\n<li>Barcelone, Universitat de Barcelona (4)<\/li>\n<li>Burgos, Universidad de Burgos (1)<\/li>\n<li>Girone, Universidad de Girona (2)<\/li>\n<li>Grenade, Universidad de Granada (2 )<\/li>\n<li>Le\u00f3n, Universidad de Leon (1)<\/li>\n<li>Madrid, Universidad Autonoma de Madrid (4)<\/li>\n<li>Salamanque, Universidad de Salamanca (2)<\/li>\n<li>Santander, Universidad de Cantabria (2)<\/li>\n<li>S\u00e9ville, Universidad de Sevilla (2)<\/li>\n<li>Valence, Universidad de Valencia (1)<\/li>\n<li>Valladolid,Universidad de Valladolid (1)<\/li>\n<li>Saragosse, Universidad de Zaragoza (3)<\/li>\n<\/ul>\n<p>En <strong>Am\u00e9rique Latine<\/strong><\/p>\n<ul>\n<li>Argentine<br \/>\nBahia Blanca, Universidad Nacional del Sur<br \/>\nBuenos Aires, Universidad de Buenos Aires<br \/>\nBuenos Aires, Universidad del Salvador<br \/>\nBuenos Aires, Universidad Nacional de Tres Febrero<br \/>\nLanus, Universidad de Lanus<br \/>\nMendoza, Universidad Nacional de Cuyo<\/li>\n<li>Br\u00e9sil<br \/>\nBelo Horizonte, Universidad do Estado de Minas Gerais<br \/>\nFlorianopolis, Universidad Federal de Santa Catarina<br \/>\nPorto Alegre, Universidade Federal Do Rio Grande do Sul<br \/>\nRecife, Universidade Federal de Pernambuco<br \/>\nRio de Janeiro, Universidade do Estado do Rio de Janeiro<br \/>\nSao Paulo, Universidade Estadual Paulista &#8220;Julio de Mesquita Filho&#8221;<br \/>\nSao Paulo, Universidade de Sao Paulo,<\/li>\n<li>Chili<br \/>\nSantiago, Pontificia Universidad Cat\u00f3lica de Chile<\/li>\n<li>Colombie<br \/>\nBarranquilla, Universidad del Norte<br \/>\nBogot\u00e1, Universidad Distrital Francisco Jose de Caldas<br \/>\nBogot\u00e1, Pontificia Universidad Javeriana<br \/>\nBogot\u00e1, Universidad nacional de Colombia<\/li>\n<li>Mexique<br \/>\nMexico, Universidad Nacional Autonoma de M\u00e9xico<br \/>\nMexico, Universidad Autonoma Metropolitana<br \/>\nGuadalajara, Universidad de Guadalajara<\/li>\n<li>P\u00e9rou<br \/>\nLima, Universidad de Lima<\/li>\n<li>Venezuela<br \/>\nMerida, Universidad de los Andes<\/li>\n<\/ul>\n<p><\/p>","protected":false},"excerpt":{"rendered":"<p>La 3e ann\u00e9e de la licence bilingue s&#8217;effectue \u00e0 l&#8217;\u00e9tranger, soit dans le cadre du programme europ\u00e9en Erasmus +, soit dans le cadre des conventions bilat\u00e9rales entre l&#8217;Universit\u00e9 Toulouse Jean-Jaur\u00e8s et diff\u00e9rentes universit\u00e9s latino-am\u00e9ricaines. Notre universit\u00e9 entretient des accords avec les principales universit\u00e9s espagnoles et latino-am\u00e9ricaines. En Espagne \u00c1lcala de Henares, Universidad de Alcala (2 [&hellip;]<\/p>\n","protected":false},"author":258,"featured_media":0,"parent":25,"menu_order":3,"comment_status":"closed","ping_status":"closed","template":"","meta":{"footnotes":""},"class_list":["post-28","page","type-page","status-publish","hentry"],"_links":{"self":[{"href":"https:\/\/blogs.univ-tlse2.fr\/histoirebilingue\/en\/wp-json\/wp\/v2\/pages\/28","targetHints":{"allow":["GET"]}}],"collection":[{"href":"https:\/\/blogs.univ-tlse2.fr\/histoirebilingue\/en\/wp-json\/wp\/v2\/pages"}],"about":[{"href":"https:\/\/blogs.univ-tlse2.fr\/histoirebilingue\/en\/wp-json\/wp\/v2\/types\/page"}],"author":[{"embeddable":true,"href":"https:\/\/blogs.univ-tlse2.fr\/histoirebilingue\/en\/wp-json\/wp\/v2\/users\/258"}],"replies":[{"embeddable":true,"href":"https:\/\/blogs.univ-tlse2.fr\/histoirebilingue\/en\/wp-json\/wp\/v2\/comments?post=28"}],"version-history":[{"count":10,"href":"https:\/\/blogs.univ-tlse2.fr\/histoirebilingue\/en\/wp-json\/wp\/v2\/pages\/28\/revisions"}],"predecessor-version":[{"id":593,"href":"https:\/\/blogs.univ-tlse2.fr\/histoirebilingue\/en\/wp-json\/wp\/v2\/pages\/28\/revisions\/593"}],"up":[{"embeddable":true,"href":"https:\/\/blogs.univ-tlse2.fr\/histoirebilingue\/en\/wp-json\/wp\/v2\/pages\/25"}],"wp:attachment":[{"href":"https:\/\/blogs.univ-tlse2.fr\/histoirebilingue\/en\/wp-json\/wp\/v2\/media?parent=28"}],"curies":[{"name":"wp","href":"https:\/\/api.w.org\/{rel}","templated":true}]}}