 {"id":36,"date":"2015-11-03T11:20:41","date_gmt":"2015-11-03T10:20:41","guid":{"rendered":"https:\/\/blogs.univ-tlse2.fr\/histoirebilingue\/?page_id=36"},"modified":"2020-09-04T13:50:03","modified_gmt":"2020-09-04T11:50:03","slug":"equipe-pedagogique","status":"publish","type":"page","link":"https:\/\/blogs.univ-tlse2.fr\/histoirebilingue\/en\/formation\/equipe-pedagogique\/","title":{"rendered":"Teaching team"},"content":{"rendered":"\n<p><a href=\"https:\/\/blogs.univ-tlse2.fr\/histoirebilingue\/2015\/11\/03\/daniel-baloup\/\">Daniel Baloup<\/a>, histoire m\u00e9di\u00e9vale, espagnol<\/p>\n\n\n\n<figure class=\"wp-block-image is-resized\"><img loading=\"lazy\" decoding=\"async\" src=\"https:\/\/blogs.univ-tlse2.fr\/histoirebilingue\/files\/2015\/11\/D.-Baloup-300x300.png\" alt=\"D. Baloup\" width=\"217\" height=\"217\" \/><\/figure>\n\n\n\n<p><\/p>\n\n\n\n<p><a href=\"https:\/\/blogs.univ-tlse2.fr\/histoirebilingue\/2015\/11\/03\/jean-francois-berdah\/\">Jean-Fran\u00e7ois Berdah<\/a>, histoire contemporaine, espagnol<\/p>\n\n\n\n<figure class=\"wp-block-image is-resized\"><img loading=\"lazy\" decoding=\"async\" src=\"https:\/\/blogs.univ-tlse2.fr\/histoirebilingue\/files\/2015\/11\/Berdah-253x300.png\" alt=\"Berdah\" width=\"207\" height=\"246\" \/><\/figure>\n\n\n\n<p><a href=\"https:\/\/blogs.univ-tlse2.fr\/histoirebilingue\/2015\/11\/04\/francoise-coste\/\">Damien Carraz<\/a>, histoire m\u00e9di\u00e9vale, anglais<\/p>\n\n\n\n<figure class=\"wp-block-image size-large\"><img loading=\"lazy\" decoding=\"async\" width=\"200\" height=\"200\" src=\"https:\/\/blogs.univ-tlse2.fr\/histoirebilingue\/files\/2020\/09\/s200_carraz.damien.jpg\" alt=\"\" class=\"wp-image-772\" srcset=\"https:\/\/blogs.univ-tlse2.fr\/histoirebilingue\/files\/2020\/09\/s200_carraz.damien.jpg 200w, https:\/\/blogs.univ-tlse2.fr\/histoirebilingue\/files\/2020\/09\/s200_carraz.damien-150x150.jpg 150w\" sizes=\"auto, (max-width: 200px) 100vw, 200px\" \/><\/figure>\n\n\n\n<p><a href=\"https:\/\/blogs.univ-tlse2.fr\/histoirebilingue\/2015\/11\/04\/francoise-coste\/\">Fran\u00e7oise Coste<\/a>, histoire contemporaine, anglais<\/p>\n\n\n\n<figure class=\"wp-block-image is-resized\"><img loading=\"lazy\" decoding=\"async\" src=\"https:\/\/blogs.univ-tlse2.fr\/histoirebilingue\/files\/2015\/11\/coste_1352217508386-jpg-225x300.jpeg\" alt=\"coste_1352217508386-jpg\" width=\"193\" height=\"257\" \/><\/figure>\n\n\n\n<p><\/p>\n\n\n\n<p><a href=\"https:\/\/cas.univ-tlse2.fr\/accueil-cas\/navigation\/pratique\/membres\/simon-deschamps--409080.kjsp\">Simon Deschamps<\/a>, histoire contemporaine, anglais<\/p>\n\n\n\n<figure class=\"wp-block-image is-resized\"><img loading=\"lazy\" decoding=\"async\" src=\"https:\/\/cas.univ-tlse2.fr\/medias\/photo\/capture-d-e-cran-2017-06-06-a-16-33-15_1496759749829-png\" alt=\"\" width=\"178\" height=\"236\" \/><\/figure>\n\n\n\n<p><\/p>\n\n\n\n<p><a href=\"https:\/\/framespa.univ-tlse2.fr\/gallon-florian-528729.kjsp\">Florian Gallon<\/a>, histoire m\u00e9di\u00e9vale, espagnol<\/p>\n\n\n\n<figure class=\"wp-block-image\"><img decoding=\"async\" src=\"https:\/\/blogs.univ-tlse2.fr\/histoirebilingue\/files\/2015\/11\/Gallon.jpeg\" alt=\"L\u2019attribut alt de cette image est vide, son nom de fichier est Gallon.jpeg.\" \/><\/figure>\n\n\n\n<p><\/p>\n\n\n\n<p><a href=\"http:\/\/www.paris-sorbonne.fr\/M-SEBASTIEN-GASC-Des-Wisigoths-aux\">S\u00e9bastien Gasc<\/a>, histoire m\u00e9di\u00e9vale, espagnol<\/p>\n\n\n\n<figure class=\"wp-block-image\"><img decoding=\"async\" src=\"https:\/\/blogs.univ-tlse2.fr\/histoirebilingue\/files\/2015\/11\/images.jpeg\" alt=\"images\" \/><\/figure>\n\n\n\n<p><\/p>\n\n\n\n<p><a href=\"https:\/\/blogs.univ-tlse2.fr\/histoirebilingue\/2015\/11\/03\/guillaume-gaudin\/\">Guillaume Gaudin,<\/a> histoire moderne, espagnol<\/p>\n\n\n\n<figure class=\"wp-block-image is-resized\"><img loading=\"lazy\" decoding=\"async\" src=\"https:\/\/blogs.univ-tlse2.fr\/histoirebilingue\/files\/2015\/11\/guillaume_gaudin-210x300.png\" alt=\"guillaume_gaudin\" width=\"167\" height=\"239\" \/><\/figure>\n\n\n\n<p><\/p>\n\n\n\n<p><\/p>\n\n\n\n<p><a href=\"https:\/\/blogs.univ-tlse2.fr\/histoirebilingue\/2016\/07\/04\/francois-godicheau\/\">Fran\u00e7ois Godicheau<\/a>, histoire contemporaine, espagnol<\/p>\n\n\n\n<figure class=\"wp-block-image\"><a href=\"https:\/\/blogs.univ-tlse2.fr\/histoirebilingue\/files\/2015\/11\/godicheau.jpg\"><img loading=\"lazy\" decoding=\"async\" width=\"200\" height=\"200\" src=\"https:\/\/blogs.univ-tlse2.fr\/histoirebilingue\/files\/2015\/11\/godicheau.jpg\" alt=\"godicheau\" class=\"wp-image-467\" srcset=\"https:\/\/blogs.univ-tlse2.fr\/histoirebilingue\/files\/2015\/11\/godicheau.jpg 200w, https:\/\/blogs.univ-tlse2.fr\/histoirebilingue\/files\/2015\/11\/godicheau-150x150.jpg 150w\" sizes=\"auto, (max-width: 200px) 100vw, 200px\" \/><\/a><\/figure>\n\n\n\n<p><\/p>\n\n\n\n<p><a href=\"https:\/\/plh.univ-tlse2.fr\/accueil-plh\/annuaire\/adeline-grand-clement--30067.kjsp\">Adeline Grand-Cl\u00e9ment<\/a>, histoire ancienne, anglais<\/p>\n\n\n\n<figure class=\"wp-block-image is-resized\"><a href=\"https:\/\/blogs.univ-tlse2.fr\/histoirebilingue\/files\/2019\/06\/grand-clement_adeline.jpg\"><img loading=\"lazy\" decoding=\"async\" src=\"https:\/\/blogs.univ-tlse2.fr\/histoirebilingue\/files\/2019\/06\/grand-clement_adeline-210x300.jpg\" alt=\"\" class=\"wp-image-682\" width=\"179\" height=\"255\" srcset=\"https:\/\/blogs.univ-tlse2.fr\/histoirebilingue\/files\/2019\/06\/grand-clement_adeline-210x300.jpg 210w, https:\/\/blogs.univ-tlse2.fr\/histoirebilingue\/files\/2019\/06\/grand-clement_adeline.jpg 280w\" sizes=\"auto, (max-width: 179px) 100vw, 179px\" \/><\/a><\/figure>\n\n\n\n<p><a href=\"https:\/\/www.unine.ch\/histoire\/home\/collaborateurs_trices\/liste-des-collaborateurs\/elena-guillemard.html\">El\u00e9na Guillemard<\/a>, histoire moderne, anglais<\/p>\n\n\n\n<p><\/p>\n\n\n\n<figure class=\"wp-block-image is-resized\"><img loading=\"lazy\" decoding=\"async\" src=\"https:\/\/www.unine.ch\/files\/live\/sites\/histoire\/files\/shared\/histoire\/Images\/Guillemard_Elena-1.jpg?t=w800\" alt=\"\" width=\"161\" height=\"242\" \/><\/figure>\n\n\n\n<p><a href=\"https:\/\/blogs.univ-tlse2.fr\/histoirebilingue\/2015\/11\/04\/claire-judde-de-lariviere\/\">Claire Judde de Larivi\u00e8re,<\/a> histoire m\u00e9di\u00e9vale, anglais<\/p>\n\n\n\n<figure class=\"wp-block-image is-resized\"><img loading=\"lazy\" decoding=\"async\" src=\"https:\/\/blogs.univ-tlse2.fr\/histoirebilingue\/files\/2015\/11\/claire-241x300.jpg\" alt=\"claire\" width=\"200\" height=\"249\" \/><\/figure>\n\n\n\n<p><\/p>\n\n\n\n<p><a href=\"https:\/\/blogs.univ-tlse2.fr\/histoirebilingue\/2015\/11\/04\/thibaud-lanfranchi\/\">Thibaud Lanfranchi<\/a>, histoire ancienne, anglais<\/p>\n\n\n\n<figure class=\"wp-block-image\"><img decoding=\"async\" src=\"https:\/\/blogs.univ-tlse2.fr\/histoirebilingue\/files\/2015\/11\/Thibaud-199x300.jpg\" alt=\"Thibaud\" \/><\/figure>\n\n\n\n<p><\/p>\n\n\n\n<p><a href=\"https:\/\/blogs.univ-tlse2.fr\/histoirebilingue\/2015\/11\/04\/mathilde-monge\/\">Mathilde Monge<\/a>, histoire moderne, anglais (en d\u00e9tachement 2020-21)<\/p>\n\n\n\n<figure class=\"wp-block-image is-resized\"><img loading=\"lazy\" decoding=\"async\" src=\"https:\/\/i1.rgstatic.net\/ii\/profile.image\/732670900305920-1551693763109_Q512\/Mathilde_Monge.jpg\" alt=\"Mathilde MONGE | PhD | Universit\u00e9 Toulouse II - Jean Jaur\u00e8s ...\" width=\"203\" height=\"203\" \/><\/figure>\n\n\n\n<p><\/p>\n\n\n\n<p><a href=\"https:\/\/blogs.univ-tlse2.fr\/histoirebilingue\/2016\/07\/04\/espanol-emmanuelle-perez-tisserand\/\">Emmanuelle Perez-Tisserant<\/a>, histoire contemporaine, anglais<\/p>\n\n\n\n<figure class=\"wp-block-image is-resized\"><img loading=\"lazy\" decoding=\"async\" src=\"https:\/\/blogs.univ-tlse2.fr\/histoirebilingue\/files\/2015\/11\/photo_perez.jpg\" alt=\"photo_perez\" width=\"208\" height=\"208\" \/><\/figure>\n\n\n\n<p><\/p>\n\n\n\n<p><a href=\"https:\/\/blogs.univ-tlse2.fr\/histoirebilingue\/2015\/11\/03\/christian-rico\/\">Christian Rico<\/a>, histoire ancienne, espagnol<\/p>\n\n\n\n<figure class=\"wp-block-image is-resized\"><img loading=\"lazy\" decoding=\"async\" src=\"https:\/\/0.academia-photos.com\/6131493\/3304125\/15500470\/s200_christian.rico.jpg\" alt=\"Christian Rico | Universit\u00e9 Toulouse II Jean Jaur\u00e8s - Academia.edu\" width=\"218\" height=\"218\" \/><\/figure>\n\n\n\n<p><\/p>\n\n\n\n<p><a href=\"https:\/\/cas.univ-tlse2.fr\/accueil-cas\/navigation\/pratique\/membres\/rachel-rogers--465801.kjsp\">Rachel Rogers<\/a>, histoire contemporaine, anglais<\/p>\n\n\n\n<figure class=\"wp-block-image is-resized\"><img loading=\"lazy\" decoding=\"async\" src=\"https:\/\/cas.univ-tlse2.fr\/medias\/photo\/rachel-roger_1496741343640-jpg\" alt=\"\" width=\"223\" height=\"189\" \/><\/figure>\n\n\n\n<p><\/p>\n\n\n\n<p><a href=\"https:\/\/blogs.univ-tlse2.fr\/histoirebilingue\/2016\/07\/04\/sebastien-rozeaux\/\">S\u00e9bastien Rozeaux,<\/a> histoire contemporaine, espagnol<\/p>\n\n\n\n<figure class=\"wp-block-image is-resized\"><img loading=\"lazy\" decoding=\"async\" src=\"https:\/\/blogs.univ-tlse2.fr\/histoirebilingue\/files\/2015\/11\/Rozeaux.jpeg\" alt=\"Rozeaux\" width=\"223\" height=\"223\" \/><\/figure>\n\n\n\n<p><\/p>\n\n\n\n<p><a href=\"https:\/\/framespa.univ-tlse2.fr\/pratique\/annuaire\/sanchez-jean-christophe-84716.kjsp\">Jean-Christophe Sanchez<\/a>, histoire moderne, espagnol<\/p>\n\n\n\n<figure class=\"wp-block-image is-resized\"><a href=\"https:\/\/blogs.univ-tlse2.fr\/histoirebilingue\/files\/2019\/06\/AVT_Jean-Christophe-Sanchez_1789.jpeg\"><img loading=\"lazy\" decoding=\"async\" src=\"https:\/\/blogs.univ-tlse2.fr\/histoirebilingue\/files\/2019\/06\/AVT_Jean-Christophe-Sanchez_1789.jpeg\" alt=\"\" class=\"wp-image-691\" width=\"161\" height=\"251\" \/><\/a><\/figure>\n\n\n\n<p><\/p>\n\n\n\n<p><a href=\"https:\/\/cas.univ-tlse2.fr\/accueil-cas\/navigation\/pratique\/membres\/hilary-sanders--465802.kjsp\">Hilary Sanders<\/a>, m\u00e9thodologie, anglais<\/p>\n\n\n\n<figure class=\"wp-block-image is-resized\"><img loading=\"lazy\" decoding=\"async\" src=\"https:\/\/cas.univ-tlse2.fr\/medias\/photo\/hilary-sanders_1494333644161-png\" alt=\"\" width=\"226\" height=\"186\" \/><\/figure>\n\n\n\n<p><\/p>\n\n\n\n<p><a href=\"https:\/\/cas.univ-tlse2.fr\/accueil-cas\/navigation\/pratique\/membres\/alexandra-sippel--260211.kjsp\">Alexandra Sippel<\/a>, histoire moderne, anglais<\/p>\n\n\n\n<figure class=\"wp-block-image is-resized\"><img loading=\"lazy\" decoding=\"async\" src=\"https:\/\/cas.univ-tlse2.fr\/medias\/photo\/sippel-alexandra-photo-v2_1533586918325-jpg\" alt=\"\" width=\"207\" height=\"276\" \/><\/figure>\n\n\n\n<p><\/p>\n\n\n\n<p><a href=\"https:\/\/cas.univ-tlse2.fr\/accueil-cas\/navigation\/pratique\/membres\/myriam-yakoubi--534745.kjsp\">Myriam Yakoubi,<\/a> histoire contemporaine, anglais<\/p>\n\n\n\n<figure class=\"wp-block-image is-resized\"><img loading=\"lazy\" decoding=\"async\" src=\"https:\/\/cas.univ-tlse2.fr\/medias\/photo\/myriam-yakoubi-photo-jpeg_1515597579096-jpg\" alt=\"\" width=\"204\" height=\"272\" \/><\/figure>\n\n\n\n<p><\/p>\n\n\n\n<p><a href=\"https:\/\/blogs.univ-tlse2.fr\/histoirebilingue\/2015\/11\/04\/jack-thomas\/\">Jack Thomas<\/a>, histoire moderne, anglais (fondateur de la licence bilingue)<\/p>\n\n\n\n<div class=\"wp-block-image\"><figure class=\"alignleft\"><a href=\"https:\/\/blogs.univ-tlse2.fr\/histoirebilingue\/files\/2015\/11\/Jack.jpg\"><img loading=\"lazy\" decoding=\"async\" width=\"199\" height=\"300\" src=\"https:\/\/blogs.univ-tlse2.fr\/histoirebilingue\/files\/2015\/11\/Jack-199x300.jpg\" alt=\"Jack\" class=\"wp-image-132\" srcset=\"https:\/\/blogs.univ-tlse2.fr\/histoirebilingue\/files\/2015\/11\/Jack-199x300.jpg 199w, https:\/\/blogs.univ-tlse2.fr\/histoirebilingue\/files\/2015\/11\/Jack.jpg 657w\" sizes=\"auto, (max-width: 199px) 100vw, 199px\" \/><\/a><\/figure><\/div>\n\n\n\n<p><\/p>\n","protected":false},"excerpt":{"rendered":"<p>Daniel Baloup, histoire m\u00e9di\u00e9vale, espagnol Jean-Fran\u00e7ois Berdah, histoire contemporaine, espagnol Damien Carraz, histoire m\u00e9di\u00e9vale, anglais Fran\u00e7oise Coste, histoire contemporaine, anglais Simon Deschamps, histoire contemporaine, anglais Florian Gallon, histoire m\u00e9di\u00e9vale, espagnol S\u00e9bastien Gasc, histoire m\u00e9di\u00e9vale, espagnol Guillaume Gaudin, histoire moderne, espagnol Fran\u00e7ois Godicheau, histoire contemporaine, espagnol Adeline Grand-Cl\u00e9ment, histoire ancienne, anglais El\u00e9na Guillemard, histoire moderne, anglais [&hellip;]<\/p>\n","protected":false},"author":258,"featured_media":0,"parent":11,"menu_order":2,"comment_status":"closed","ping_status":"closed","template":"","meta":{"footnotes":""},"class_list":["post-36","page","type-page","status-publish","hentry"],"_links":{"self":[{"href":"https:\/\/blogs.univ-tlse2.fr\/histoirebilingue\/en\/wp-json\/wp\/v2\/pages\/36","targetHints":{"allow":["GET"]}}],"collection":[{"href":"https:\/\/blogs.univ-tlse2.fr\/histoirebilingue\/en\/wp-json\/wp\/v2\/pages"}],"about":[{"href":"https:\/\/blogs.univ-tlse2.fr\/histoirebilingue\/en\/wp-json\/wp\/v2\/types\/page"}],"author":[{"embeddable":true,"href":"https:\/\/blogs.univ-tlse2.fr\/histoirebilingue\/en\/wp-json\/wp\/v2\/users\/258"}],"replies":[{"embeddable":true,"href":"https:\/\/blogs.univ-tlse2.fr\/histoirebilingue\/en\/wp-json\/wp\/v2\/comments?post=36"}],"version-history":[{"count":72,"href":"https:\/\/blogs.univ-tlse2.fr\/histoirebilingue\/en\/wp-json\/wp\/v2\/pages\/36\/revisions"}],"predecessor-version":[{"id":773,"href":"https:\/\/blogs.univ-tlse2.fr\/histoirebilingue\/en\/wp-json\/wp\/v2\/pages\/36\/revisions\/773"}],"up":[{"embeddable":true,"href":"https:\/\/blogs.univ-tlse2.fr\/histoirebilingue\/en\/wp-json\/wp\/v2\/pages\/11"}],"wp:attachment":[{"href":"https:\/\/blogs.univ-tlse2.fr\/histoirebilingue\/en\/wp-json\/wp\/v2\/media?parent=36"}],"curies":[{"name":"wp","href":"https:\/\/api.w.org\/{rel}","templated":true}]}}