 {"id":51,"date":"2015-11-03T11:47:54","date_gmt":"2015-11-03T10:47:54","guid":{"rendered":"https:\/\/blogs.univ-tlse2.fr\/histoirebilingue\/?page_id=51"},"modified":"2019-06-27T16:25:37","modified_gmt":"2019-06-27T14:25:37","slug":"mobilite-l3","status":"publish","type":"page","link":"https:\/\/blogs.univ-tlse2.fr\/histoirebilingue\/en\/mobilite-l3\/","title":{"rendered":"Mobilit\u00e9 L3"},"content":{"rendered":"<p style=\"text-align: justify\">La 3e ann\u00e9e de la licence bilingue s\u2019effectue \u00e0 l\u2019\u00e9tranger, soit dans le cadre du programme europ\u00e9en Erasmus +, soit dans le cadre des conventions bilat\u00e9rales entre l\u2019Universit\u00e9 Toulouse Jean-Jaur\u00e8s et diff\u00e9rentes universit\u00e9s latino-am\u00e9ricaines. Notre universit\u00e9 entretient des accords avec\u00a0de nombreuses universit\u00e9s anglophones. (attention: liste susceptible de modifications)<\/p>\n<p><strong>Royaume-Uni<\/strong><br \/>\nUniversity of Bath<br \/>\nUniversity of\u00a0Bristol<br \/>\nUniversity of Glasgow<br \/>\nUniversity of Plymouth<br \/>\nUniversity of Saint-Andrews<br \/>\nUniversity of Cardiff<br \/>\nUniversity of Manchester<\/p>\n<p><em>+ autres accords en concurrence, g\u00e9r\u00e9s par les autres d\u00e9partements de l\u2019Universit\u00e9<\/em><\/p>\n<p><strong>Irlande<\/strong><\/p>\n<p>Trinity College, Dublin<\/p>\n<p><strong>Allemagne<\/strong><\/p>\n<p>Berlin (en concurrence)<\/p>\n<p><strong>Pays-Bas<\/strong><br \/>\nUniversity of Leiden<\/p>\n<p><strong>Pays scandinaves\u00a0(en concurrence)<\/strong><\/p>\n<p>Universit\u00e9s : Oslo, Stockholm, Uppsala, Helsinki,\u00a0Aarhus, Goteborg, Kristiansand<\/p>\n<p><strong>R\u00e9publique tch\u00e8que\u00a0(en concurrence)<\/strong><br \/>\nUniversit\u00e9 Charles, Prague<\/p>\n<p><strong>Canada<\/strong><br \/>\nSaint Fran\u00e7ois Xavier University, Antigonish, Nouvelle Ecosse<br \/>\nMount Saint Vincent University, Halifax, Nouvelle Ecosse<br \/>\nUniversity of Victoria (Victoria, British Columbia)<br \/>\nUniversit\u00e9 de Regina<br \/>\nUniversity of British Columbia, Vancouver<\/p>\n<p><strong>\u00c9tats-Unis<\/strong><br \/>\nBuffalo State University, New York<br \/>\nDickinson College, Carlisle, Pennsylvanie<br \/>\nUniversit\u00e9 du Montana, Missoula, Montana<\/p>\n<p>Autres accords (en concurrence) :<br \/>\nConnecticut<br \/>\nGeorgia State University, Atlanta<br \/>\nUniversity of Texas, Austin<br \/>\nUniversit\u00e9 du Nouveau Mexique, Albuquerque<\/p>\n<p><strong>Autres universit\u00e9s anglophones en convention avec UT2J\u00a0(en concurrence)<\/strong><br \/>\nJames Cook University, Townsville, Australie<\/p>\n<p><strong>En Asie, diff\u00e9rentes options en \u00e9volution :\u00a0<\/strong><\/p>\n<p>Chine\u00a0: Beijing Normal University<br \/>\nJapon (par le d\u00e9partement de Japonais), nombreuses universit\u00e9s<br \/>\nCor\u00e9e du Sud\u00a0: Pusan National University, Soongsil (S\u00e9oul), Universit\u00e9 maritime<\/p>\n","protected":false},"excerpt":{"rendered":"<p>La 3e ann\u00e9e de la licence bilingue s\u2019effectue \u00e0 l\u2019\u00e9tranger, soit dans le cadre du programme europ\u00e9en Erasmus +, soit dans le cadre des conventions bilat\u00e9rales entre l\u2019Universit\u00e9 Toulouse Jean-Jaur\u00e8s et diff\u00e9rentes universit\u00e9s latino-am\u00e9ricaines. Notre universit\u00e9 entretient des accords avec\u00a0de nombreuses universit\u00e9s anglophones. (attention: liste susceptible de modifications) Royaume-Uni University of Bath University of\u00a0Bristol University [&hellip;]<\/p>\n","protected":false},"author":258,"featured_media":0,"parent":0,"menu_order":3,"comment_status":"closed","ping_status":"closed","template":"","meta":{"footnotes":""},"class_list":["post-51","page","type-page","status-publish","hentry"],"_links":{"self":[{"href":"https:\/\/blogs.univ-tlse2.fr\/histoirebilingue\/en\/wp-json\/wp\/v2\/pages\/51","targetHints":{"allow":["GET"]}}],"collection":[{"href":"https:\/\/blogs.univ-tlse2.fr\/histoirebilingue\/en\/wp-json\/wp\/v2\/pages"}],"about":[{"href":"https:\/\/blogs.univ-tlse2.fr\/histoirebilingue\/en\/wp-json\/wp\/v2\/types\/page"}],"author":[{"embeddable":true,"href":"https:\/\/blogs.univ-tlse2.fr\/histoirebilingue\/en\/wp-json\/wp\/v2\/users\/258"}],"replies":[{"embeddable":true,"href":"https:\/\/blogs.univ-tlse2.fr\/histoirebilingue\/en\/wp-json\/wp\/v2\/comments?post=51"}],"version-history":[{"count":8,"href":"https:\/\/blogs.univ-tlse2.fr\/histoirebilingue\/en\/wp-json\/wp\/v2\/pages\/51\/revisions"}],"predecessor-version":[{"id":690,"href":"https:\/\/blogs.univ-tlse2.fr\/histoirebilingue\/en\/wp-json\/wp\/v2\/pages\/51\/revisions\/690"}],"wp:attachment":[{"href":"https:\/\/blogs.univ-tlse2.fr\/histoirebilingue\/en\/wp-json\/wp\/v2\/media?parent=51"}],"curies":[{"name":"wp","href":"https:\/\/api.w.org\/{rel}","templated":true}]}}