 {"id":67,"date":"2015-11-03T12:01:28","date_gmt":"2015-11-03T11:01:28","guid":{"rendered":"https:\/\/blogs.univ-tlse2.fr\/histoirebilingue\/?page_id=67"},"modified":"2018-04-05T15:53:52","modified_gmt":"2018-04-05T13:53:52","slug":"vous-etes-lyceen","status":"publish","type":"page","link":"https:\/\/blogs.univ-tlse2.fr\/histoirebilingue\/en\/debouches\/vous-etes-lyceen\/","title":{"rendered":"Vous \u00eates lyc\u00e9en"},"content":{"rendered":"<p><\/p>\n<hr \/>\n<h3>Formations requises<\/h3>\n<ul>\n<li><b>Acc\u00e8s en Licence (1re ann\u00e9e<\/b>)<br \/>\nLe d\u00e9p\u00f4t des candidatures est ouvert aux titulaires du baccalaur\u00e9at ou du DAEU A.<br \/>\nLe recrutement s&#8217;effectue apr\u00e8s une pr\u00e9inscription. En raison de la capacit\u00e9 limit\u00e9e de la formation, le d\u00e9p\u00f4t d&#8217;un dossier p\u00e9dagogique est n\u00e9cessaire.<\/li>\n<\/ul>\n<p><\/p>","protected":false},"excerpt":{"rendered":"<p>Formations requises Acc\u00e8s en Licence (1re ann\u00e9e) Le d\u00e9p\u00f4t des candidatures est ouvert aux titulaires du baccalaur\u00e9at ou du DAEU A. Le recrutement s&#8217;effectue apr\u00e8s une pr\u00e9inscription. En raison de la capacit\u00e9 limit\u00e9e de la formation, le d\u00e9p\u00f4t d&#8217;un dossier p\u00e9dagogique est n\u00e9cessaire.<\/p>\n","protected":false},"author":258,"featured_media":0,"parent":13,"menu_order":0,"comment_status":"closed","ping_status":"closed","template":"","meta":{"footnotes":""},"class_list":["post-67","page","type-page","status-publish","hentry"],"_links":{"self":[{"href":"https:\/\/blogs.univ-tlse2.fr\/histoirebilingue\/en\/wp-json\/wp\/v2\/pages\/67","targetHints":{"allow":["GET"]}}],"collection":[{"href":"https:\/\/blogs.univ-tlse2.fr\/histoirebilingue\/en\/wp-json\/wp\/v2\/pages"}],"about":[{"href":"https:\/\/blogs.univ-tlse2.fr\/histoirebilingue\/en\/wp-json\/wp\/v2\/types\/page"}],"author":[{"embeddable":true,"href":"https:\/\/blogs.univ-tlse2.fr\/histoirebilingue\/en\/wp-json\/wp\/v2\/users\/258"}],"replies":[{"embeddable":true,"href":"https:\/\/blogs.univ-tlse2.fr\/histoirebilingue\/en\/wp-json\/wp\/v2\/comments?post=67"}],"version-history":[{"count":14,"href":"https:\/\/blogs.univ-tlse2.fr\/histoirebilingue\/en\/wp-json\/wp\/v2\/pages\/67\/revisions"}],"predecessor-version":[{"id":662,"href":"https:\/\/blogs.univ-tlse2.fr\/histoirebilingue\/en\/wp-json\/wp\/v2\/pages\/67\/revisions\/662"}],"up":[{"embeddable":true,"href":"https:\/\/blogs.univ-tlse2.fr\/histoirebilingue\/en\/wp-json\/wp\/v2\/pages\/13"}],"wp:attachment":[{"href":"https:\/\/blogs.univ-tlse2.fr\/histoirebilingue\/en\/wp-json\/wp\/v2\/media?parent=67"}],"curies":[{"name":"wp","href":"https:\/\/api.w.org\/{rel}","templated":true}]}}