 {"id":126,"date":"2015-11-03T22:16:24","date_gmt":"2015-11-03T21:16:24","guid":{"rendered":"https:\/\/blogs.univ-tlse2.fr\/histoirebilingue\/?page_id=126"},"modified":"2020-06-10T13:40:17","modified_gmt":"2020-06-10T11:40:17","slug":"contacts","status":"publish","type":"page","link":"https:\/\/blogs.univ-tlse2.fr\/histoirebilingue\/es\/contacts\/","title":{"rendered":"Contactos"},"content":{"rendered":"<p class=\"qtranxs-available-languages-message qtranxs-available-languages-message-es\">Disculpa, pero esta entrada est\u00e1 disponible s\u00f3lo en <a href=\"https:\/\/blogs.univ-tlse2.fr\/histoirebilingue\/fr\/wp-json\/wp\/v2\/pages\/126\" class=\"qtranxs-available-language-link qtranxs-available-language-link-fr\" title=\"Fran\u00e7ais\">Fran\u00e7ais<\/a> y <a href=\"https:\/\/blogs.univ-tlse2.fr\/histoirebilingue\/en\/wp-json\/wp\/v2\/pages\/126\" class=\"qtranxs-available-language-link qtranxs-available-language-link-en\" title=\"English\">English<\/a>.<\/p>","protected":false},"excerpt":{"rendered":"<p>Disculpa, pero esta entrada est\u00e1 disponible s\u00f3lo en Fran\u00e7ais y English.<\/p>\n","protected":false},"author":258,"featured_media":0,"parent":0,"menu_order":6,"comment_status":"closed","ping_status":"closed","template":"","meta":{"footnotes":""},"class_list":["post-126","page","type-page","status-publish","hentry"],"_links":{"self":[{"href":"https:\/\/blogs.univ-tlse2.fr\/histoirebilingue\/es\/wp-json\/wp\/v2\/pages\/126","targetHints":{"allow":["GET"]}}],"collection":[{"href":"https:\/\/blogs.univ-tlse2.fr\/histoirebilingue\/es\/wp-json\/wp\/v2\/pages"}],"about":[{"href":"https:\/\/blogs.univ-tlse2.fr\/histoirebilingue\/es\/wp-json\/wp\/v2\/types\/page"}],"author":[{"embeddable":true,"href":"https:\/\/blogs.univ-tlse2.fr\/histoirebilingue\/es\/wp-json\/wp\/v2\/users\/258"}],"replies":[{"embeddable":true,"href":"https:\/\/blogs.univ-tlse2.fr\/histoirebilingue\/es\/wp-json\/wp\/v2\/comments?post=126"}],"version-history":[{"count":16,"href":"https:\/\/blogs.univ-tlse2.fr\/histoirebilingue\/es\/wp-json\/wp\/v2\/pages\/126\/revisions"}],"predecessor-version":[{"id":727,"href":"https:\/\/blogs.univ-tlse2.fr\/histoirebilingue\/es\/wp-json\/wp\/v2\/pages\/126\/revisions\/727"}],"wp:attachment":[{"href":"https:\/\/blogs.univ-tlse2.fr\/histoirebilingue\/es\/wp-json\/wp\/v2\/media?parent=126"}],"curies":[{"name":"wp","href":"https:\/\/api.w.org\/{rel}","templated":true}]}}