 {"id":2,"date":"2015-01-27T09:51:52","date_gmt":"2015-01-27T09:51:52","guid":{"rendered":"https:\/\/blogs.univ-tlse2.fr\/histoirebilingue\/?page_id=2"},"modified":"2018-04-05T15:48:15","modified_gmt":"2018-04-05T13:48:15","slug":"page-d-exemple","status":"publish","type":"page","link":"https:\/\/blogs.univ-tlse2.fr\/histoirebilingue\/es\/","title":{"rendered":"Inicio"},"content":{"rendered":"<p><\/p>\n<p style=\"text-align: left\"><strong>Una carrera exigente en ciencias humanas y sociales<\/strong><br \/>\n<strong> Una experiencia internacional desde el primer a\u00f1o de sus estudios <\/strong><br \/>\n<strong> Un grado conduciendo en Masteres internacionales, periodismo, ciencias pol\u00edticas o docencia<\/strong><\/p>\n<p><a href=\"https:\/\/blogs.univ-tlse2.fr\/histoirebilingue\/files\/2015\/01\/1450795_231646916994898_2068497642_n.jpg\"><img loading=\"lazy\" decoding=\"async\" class=\"size-medium wp-image-494 alignleft\" src=\"https:\/\/blogs.univ-tlse2.fr\/histoirebilingue\/files\/2015\/01\/1450795_231646916994898_2068497642_n-300x184.jpg\" alt=\"1450795_231646916994898_2068497642_n\" width=\"300\" height=\"184\" srcset=\"https:\/\/blogs.univ-tlse2.fr\/histoirebilingue\/files\/2015\/01\/1450795_231646916994898_2068497642_n-300x184.jpg 300w, https:\/\/blogs.univ-tlse2.fr\/histoirebilingue\/files\/2015\/01\/1450795_231646916994898_2068497642_n-768x472.jpg 768w, https:\/\/blogs.univ-tlse2.fr\/histoirebilingue\/files\/2015\/01\/1450795_231646916994898_2068497642_n.jpg 960w\" sizes=\"auto, (max-width: 300px) 100vw, 300px\" \/><\/a>El <a href=\"http:\/\/histoire.univ-tlse2.fr\/\" target=\"_blank\" rel=\"noopener\">departamento de Historia de la universidad Toulouse Jean-Jaur\u00e8s<\/a> acoge desde 2012 dos licenciaturas de historia biling\u00fces. \u00danicas en Francia, se dirigen a estudiantes motivados, teniendo un buen nivel de ingl\u00e9s o de espa\u00f1ol y que se destinan a carreras internacionales, en los sectores de la informaci\u00f3n, turismo, negocios, patrimonio, docencia o investigaci\u00f3n.<\/p>\n<p>Las clases se imparten por un <a href=\"https:\/\/blogs.univ-tlse2.fr\/histoirebilingue\/formation\/equipe-pedagogique\/\">equipo din\u00e1mico de profesores<\/a>, contando con una experiencia al extranjero tanto en la docencia como en la investigaci\u00f3n. <a href=\"https:\/\/blogs.univ-tlse2.fr\/histoirebilingue\/international\/etudiants-etrangers\/\">Profesores extranjeros invitados<\/a> acuden cada a\u00f1o a dar clases en nuestras licenciaturas.<\/p>\n<p>Fundada a principios del siglo XIII, la <a href=\"http:\/\/www.univ-toulouse.fr\">Universidad de Toulouse<\/a> es una de las mayores de Europa: destaca por poseer una de las ofertas acad\u00e9micas m\u00e1s amplia y por la proyecci\u00f3n internacional de sus equipos cient\u00edficos.\u00a0 En 2015, m\u00e1s de 29.000 estudiantes eligieron la Universit\u00e9 Toulouse Jean-Jaur\u00e8s y sus carreras de Letras, Humanidades y Ciencias sociales.<\/p>\n<div id=\"attachment_511\" style=\"width: 310px\" class=\"wp-caption alignright\"><a href=\"https:\/\/blogs.univ-tlse2.fr\/histoirebilingue\/files\/2015\/01\/10887692_1051896851502720_781584878_n.jpg\"><img loading=\"lazy\" decoding=\"async\" aria-describedby=\"caption-attachment-511\" class=\"size-medium wp-image-511\" src=\"https:\/\/blogs.univ-tlse2.fr\/histoirebilingue\/files\/2015\/01\/10887692_1051896851502720_781584878_n-300x225.jpg\" alt=\"Trabajo en los archivos con los estudiantes\" width=\"300\" height=\"225\" srcset=\"https:\/\/blogs.univ-tlse2.fr\/histoirebilingue\/files\/2015\/01\/10887692_1051896851502720_781584878_n-300x225.jpg 300w, https:\/\/blogs.univ-tlse2.fr\/histoirebilingue\/files\/2015\/01\/10887692_1051896851502720_781584878_n-768x576.jpg 768w, https:\/\/blogs.univ-tlse2.fr\/histoirebilingue\/files\/2015\/01\/10887692_1051896851502720_781584878_n.jpg 960w\" sizes=\"auto, (max-width: 300px) 100vw, 300px\" \/><\/a><p id=\"caption-attachment-511\" class=\"wp-caption-text\">Trabajo en el archivo con los estudiantes<\/p><\/div>\n<p><a href=\"http:\/\/www.toulouse.fr\">La cuidad de Toulouse<\/a> sale de forma peri\u00f3dica en el palmares de las ciudades francesas preferidas de los estudiantes por sus buenas condiciones de vida, sus infraestructuras, su oferta cultural y su medio ambiente.<\/p>","protected":false},"excerpt":{"rendered":"<p>Una carrera exigente en ciencias humanas y sociales Una experiencia internacional desde el primer a\u00f1o de sus estudios Un grado conduciendo en Masteres internacionales, periodismo, ciencias pol\u00edticas o docencia El departamento de Historia de la universidad Toulouse Jean-Jaur\u00e8s acoge desde 2012 dos licenciaturas de historia biling\u00fces. \u00danicas en Francia, se dirigen a estudiantes motivados, teniendo [&hellip;]<\/p>\n","protected":false},"author":258,"featured_media":0,"parent":0,"menu_order":0,"comment_status":"closed","ping_status":"closed","template":"","meta":{"footnotes":""},"class_list":["post-2","page","type-page","status-publish","hentry"],"_links":{"self":[{"href":"https:\/\/blogs.univ-tlse2.fr\/histoirebilingue\/es\/wp-json\/wp\/v2\/pages\/2","targetHints":{"allow":["GET"]}}],"collection":[{"href":"https:\/\/blogs.univ-tlse2.fr\/histoirebilingue\/es\/wp-json\/wp\/v2\/pages"}],"about":[{"href":"https:\/\/blogs.univ-tlse2.fr\/histoirebilingue\/es\/wp-json\/wp\/v2\/types\/page"}],"author":[{"embeddable":true,"href":"https:\/\/blogs.univ-tlse2.fr\/histoirebilingue\/es\/wp-json\/wp\/v2\/users\/258"}],"replies":[{"embeddable":true,"href":"https:\/\/blogs.univ-tlse2.fr\/histoirebilingue\/es\/wp-json\/wp\/v2\/comments?post=2"}],"version-history":[{"count":39,"href":"https:\/\/blogs.univ-tlse2.fr\/histoirebilingue\/es\/wp-json\/wp\/v2\/pages\/2\/revisions"}],"predecessor-version":[{"id":655,"href":"https:\/\/blogs.univ-tlse2.fr\/histoirebilingue\/es\/wp-json\/wp\/v2\/pages\/2\/revisions\/655"}],"wp:attachment":[{"href":"https:\/\/blogs.univ-tlse2.fr\/histoirebilingue\/es\/wp-json\/wp\/v2\/media?parent=2"}],"curies":[{"name":"wp","href":"https:\/\/api.w.org\/{rel}","templated":true}]}}