 {"id":26,"date":"2015-11-03T11:11:25","date_gmt":"2015-11-03T10:11:25","guid":{"rendered":"https:\/\/blogs.univ-tlse2.fr\/histoirebilingue\/?page_id=26"},"modified":"2016-07-04T15:32:02","modified_gmt":"2016-07-04T13:32:02","slug":"international","status":"publish","type":"page","link":"https:\/\/blogs.univ-tlse2.fr\/histoirebilingue\/es\/international\/","title":{"rendered":"Internacional"},"content":{"rendered":"<p>Une licence tourn\u00e9e vers l&#8217;international avec des cours en langue \u00e9trang\u00e8re assur\u00e9s par des <a href=\"https:\/\/blogs.univ-tlse2.fr\/histoirebilingue\/formation\/equipe-pedagogique\/\">professeurs de l&#8217;Universit\u00e9 Toulouse Jean-Jaur\u00e8s<\/a> et des <a href=\"https:\/\/blogs.univ-tlse2.fr\/histoirebilingue\/international\/etudiants-etrangers\/\">professeurs \u00e9trangers invit\u00e9s<\/a>.<\/p>\n<p>Une <a href=\"https:\/\/blogs.univ-tlse2.fr\/histoirebilingue\/formation\/licence-espagnol\/mobilite-en-l3\/\">troisi\u00e8me ann\u00e9e<\/a> effectu\u00e9e \u00e0 l&#8217;\u00e9tranger.<\/p>\n<p>D\u00e8s la premi\u00e8re ann\u00e9e, des \u00e9tudiants \u00e9trangers sont accueillis dans la formation.<\/p>\n","protected":false},"excerpt":{"rendered":"<p>Une licence tourn\u00e9e vers l&#8217;international avec des cours en langue \u00e9trang\u00e8re assur\u00e9s par des professeurs de l&#8217;Universit\u00e9 Toulouse Jean-Jaur\u00e8s et des professeurs \u00e9trangers invit\u00e9s. Une troisi\u00e8me ann\u00e9e effectu\u00e9e \u00e0 l&#8217;\u00e9tranger. D\u00e8s la premi\u00e8re ann\u00e9e, des \u00e9tudiants \u00e9trangers sont accueillis dans la formation.<\/p>\n","protected":false},"author":258,"featured_media":0,"parent":0,"menu_order":3,"comment_status":"closed","ping_status":"closed","template":"","meta":{"footnotes":""},"class_list":["post-26","page","type-page","status-publish","hentry"],"_links":{"self":[{"href":"https:\/\/blogs.univ-tlse2.fr\/histoirebilingue\/es\/wp-json\/wp\/v2\/pages\/26","targetHints":{"allow":["GET"]}}],"collection":[{"href":"https:\/\/blogs.univ-tlse2.fr\/histoirebilingue\/es\/wp-json\/wp\/v2\/pages"}],"about":[{"href":"https:\/\/blogs.univ-tlse2.fr\/histoirebilingue\/es\/wp-json\/wp\/v2\/types\/page"}],"author":[{"embeddable":true,"href":"https:\/\/blogs.univ-tlse2.fr\/histoirebilingue\/es\/wp-json\/wp\/v2\/users\/258"}],"replies":[{"embeddable":true,"href":"https:\/\/blogs.univ-tlse2.fr\/histoirebilingue\/es\/wp-json\/wp\/v2\/comments?post=26"}],"version-history":[{"count":5,"href":"https:\/\/blogs.univ-tlse2.fr\/histoirebilingue\/es\/wp-json\/wp\/v2\/pages\/26\/revisions"}],"predecessor-version":[{"id":505,"href":"https:\/\/blogs.univ-tlse2.fr\/histoirebilingue\/es\/wp-json\/wp\/v2\/pages\/26\/revisions\/505"}],"wp:attachment":[{"href":"https:\/\/blogs.univ-tlse2.fr\/histoirebilingue\/es\/wp-json\/wp\/v2\/media?parent=26"}],"curies":[{"name":"wp","href":"https:\/\/api.w.org\/{rel}","templated":true}]}}