 {"id":28,"date":"2015-11-03T11:12:44","date_gmt":"2015-11-03T10:12:44","guid":{"rendered":"https:\/\/blogs.univ-tlse2.fr\/histoirebilingue\/?page_id=28"},"modified":"2017-02-20T14:51:36","modified_gmt":"2017-02-20T13:51:36","slug":"mobilite-en-l3","status":"publish","type":"page","link":"https:\/\/blogs.univ-tlse2.fr\/histoirebilingue\/es\/formation\/licence-espagnol\/mobilite-en-l3\/","title":{"rendered":"Movilidad el tercer a\u00f1o"},"content":{"rendered":"<p>La 3e ann\u00e9e de la licence bilingue s&#8217;effectue \u00e0 l&#8217;\u00e9tranger, soit dans le cadre du programme europ\u00e9en Erasmus +, soit dans le cadre des conventions bilat\u00e9rales entre l&#8217;Universit\u00e9 Toulouse Jean-Jaur\u00e8s et diff\u00e9rentes universit\u00e9s latino-am\u00e9ricaines. Notre universit\u00e9 entretient des accords avec les principales universit\u00e9s espagnoles et latino-am\u00e9ricaines.<\/p>\n<p>En <strong>Espagne<\/strong><\/p>\n<ul>\n<li>\u00c1lcala de Henares, Universidad de Alcala (2 places)<\/li>\n<li>Barcelone, Universitat de Barcelona (4)<\/li>\n<li>Bilbao, Universidad del Pa\u00eds Vasco (2)<\/li>\n<li>Burgos, Universidad de Burgos (1)<\/li>\n<li>Girone, Universidad de Girona (2)<\/li>\n<li>Grenade, Universidad de Granada (2 )<\/li>\n<li>Le\u00f3n, Universidad de Leon (1)<\/li>\n<li>Madrid, Universidad Autonoma de Madrid (4)<\/li>\n<li>Salamanque, Universidad de Salamanca (2)<\/li>\n<li>Santander, Universidad de Cantabria (2)<\/li>\n<li>S\u00e9ville, Universidad de Sevilla (2)<\/li>\n<li>Valence, Universidad de Valencia (1)<\/li>\n<li>Valladolid,Universidad de Valladolid (1)<\/li>\n<li>Saragosse, Universidad de Zaragoza (3)<\/li>\n<\/ul>\n<p>En <strong>Am\u00e9rique Latine<\/strong><\/p>\n<ul>\n<li>Argentine\n<ul>\n<li>Bahia Blanca, Universidad Nacional del Sur<\/li>\n<li>Buenos Aires, Universidad de Buenos Aires<\/li>\n<li>Buenos Aires, Universidad del Salvador<\/li>\n<li>Buenos Aires, Universidad Nacional de Tres Febrero<\/li>\n<li>Lanus, Universidad de Lanus<\/li>\n<li>Mendoza, Universidad Nacional de Cuyo<\/li>\n<\/ul>\n<\/li>\n<li>Br\u00e9sil\n<ul>\n<li>Belo Horizonte, Universidad do Estado de Minas Gerais<\/li>\n<li>Florianopolis, Universidad Federal de Santa Catarina<\/li>\n<li>Porto Alegre, Universidade Federal Do Rio Grande do Sul<\/li>\n<li>Recife, Universidade Federal de Pernambuco<\/li>\n<li>Rio de Janeiro, Universidade do Estado do Rio de Janeiro<\/li>\n<li>Sao Paulo, Universidade Estadual Paulista \u00abJulio de Mesquita Filho\u00bb<\/li>\n<li>Sao Paulo, Universidade de Sao Paulo,<\/li>\n<\/ul>\n<\/li>\n<li>Chili\n<ul>\n<li>Santiago, Pontificia Universidad Cat\u00f3lica de Chile<\/li>\n<li>Concepci\u00f3n, Universidad de Concepci\u00f3n<\/li>\n<\/ul>\n<\/li>\n<li>Colombie\n<ul>\n<li>Barranquilla, Universidad del Norte<\/li>\n<li>Bogot\u00e1, Universidad Distrital Francisco Jose de Caldas<\/li>\n<li>Bogot\u00e1, Pontificia Universidad Javeriana<\/li>\n<li>Bogot\u00e1, Universidad nacional de Colombia<\/li>\n<\/ul>\n<\/li>\n<li>Mexique\n<ul>\n<li>Mexico, Universidad Nacional Autonoma de M\u00e9xico<\/li>\n<li>Mexico, Universidad Autonoma Metropolitana<\/li>\n<li>Guadalajara, Universidad de Guadalajara<\/li>\n<\/ul>\n<\/li>\n<li>P\u00e9rou\n<ul>\n<li>Lima, Universidad de Lima<\/li>\n<\/ul>\n<\/li>\n<li>Venezuela\n<ul>\n<li>Merida, Universidad de los Andes<\/li>\n<\/ul>\n<\/li>\n<\/ul>\n<p><\/p>","protected":false},"excerpt":{"rendered":"<p>La 3e ann\u00e9e de la licence bilingue s&#8217;effectue \u00e0 l&#8217;\u00e9tranger, soit dans le cadre du programme europ\u00e9en Erasmus +, soit dans le cadre des conventions bilat\u00e9rales entre l&#8217;Universit\u00e9 Toulouse Jean-Jaur\u00e8s et diff\u00e9rentes universit\u00e9s latino-am\u00e9ricaines. Notre universit\u00e9 entretient des accords avec les principales universit\u00e9s espagnoles et latino-am\u00e9ricaines. En Espagne \u00c1lcala de Henares, Universidad de Alcala (2 [&hellip;]<\/p>\n","protected":false},"author":258,"featured_media":0,"parent":25,"menu_order":3,"comment_status":"closed","ping_status":"closed","template":"","meta":{"footnotes":""},"class_list":["post-28","page","type-page","status-publish","hentry"],"_links":{"self":[{"href":"https:\/\/blogs.univ-tlse2.fr\/histoirebilingue\/es\/wp-json\/wp\/v2\/pages\/28","targetHints":{"allow":["GET"]}}],"collection":[{"href":"https:\/\/blogs.univ-tlse2.fr\/histoirebilingue\/es\/wp-json\/wp\/v2\/pages"}],"about":[{"href":"https:\/\/blogs.univ-tlse2.fr\/histoirebilingue\/es\/wp-json\/wp\/v2\/types\/page"}],"author":[{"embeddable":true,"href":"https:\/\/blogs.univ-tlse2.fr\/histoirebilingue\/es\/wp-json\/wp\/v2\/users\/258"}],"replies":[{"embeddable":true,"href":"https:\/\/blogs.univ-tlse2.fr\/histoirebilingue\/es\/wp-json\/wp\/v2\/comments?post=28"}],"version-history":[{"count":10,"href":"https:\/\/blogs.univ-tlse2.fr\/histoirebilingue\/es\/wp-json\/wp\/v2\/pages\/28\/revisions"}],"predecessor-version":[{"id":593,"href":"https:\/\/blogs.univ-tlse2.fr\/histoirebilingue\/es\/wp-json\/wp\/v2\/pages\/28\/revisions\/593"}],"up":[{"embeddable":true,"href":"https:\/\/blogs.univ-tlse2.fr\/histoirebilingue\/es\/wp-json\/wp\/v2\/pages\/25"}],"wp:attachment":[{"href":"https:\/\/blogs.univ-tlse2.fr\/histoirebilingue\/es\/wp-json\/wp\/v2\/media?parent=28"}],"curies":[{"name":"wp","href":"https:\/\/api.w.org\/{rel}","templated":true}]}}