 {"id":43,"date":"2015-11-03T11:33:47","date_gmt":"2015-11-03T10:33:47","guid":{"rendered":"https:\/\/blogs.univ-tlse2.fr\/histoirebilingue\/?page_id=43"},"modified":"2016-07-04T15:36:16","modified_gmt":"2016-07-04T13:36:16","slug":"mobilite-en-l3","status":"publish","type":"page","link":"https:\/\/blogs.univ-tlse2.fr\/histoirebilingue\/es\/international\/mobilite-en-l3\/","title":{"rendered":"Movilidad"},"content":{"rendered":"<p>La troisi\u00e8me ann\u00e9e se d\u00e9roule dans une universit\u00e9 hispanophone ou anglophone, selon les cas. Nos \u00e9tudiants sont accueillis dans plus d\u2019une trentaine d\u2019\u00e9tablissements situ\u00e9s en Espagne, au Royaume-Uni, en Argentine, au Mexique, aux \u00c9tats-Unis, au Canada\u2026<\/p>\n<p>L&#8217;\u00e9tudiant, au cours de la 2e ann\u00e9e de licence, choisit en concertation avec l&#8217;\u00e9quipe p\u00e9dagogique sa destination. Celle-ci r\u00e9pond \u00e0 un projet de poursuite d\u2019\u00e9tude ou un projet professionnel.<\/p>\n<p>Le montant des droits d\u2019inscription reste, pendant toute la dur\u00e9e de la Licence, celui pratiqu\u00e9 dans les universit\u00e9s publiques fran\u00e7aises (environ 180 \u20ac par an).<\/p>\n<p>Le <a href=\"http:\/\/www.univ-tlse2.fr\/accueil\/international\/partir-a-l-etranger\/\" target=\"_blank\">site des relations internationales<\/a> de notre universit\u00e9 donne tous les d\u00e9tails sur les conditions de mobilit\u00e9.<\/p>\n<p style=\"text-align: center\"><a href=\"https:\/\/blogs.univ-tlse2.fr\/histoirebilingue\/formation\/licence-espagnol\/mobilite-en-l3\/\">Mobilit\u00e9 dans les pays hispanophones<\/a><\/p>\n<p style=\"text-align: center\">Mobilit\u00e9 dans les pays anglophones<\/p>\n<p><\/p>","protected":false},"excerpt":{"rendered":"<p>La troisi\u00e8me ann\u00e9e se d\u00e9roule dans une universit\u00e9 hispanophone ou anglophone, selon les cas. Nos \u00e9tudiants sont accueillis dans plus d\u2019une trentaine d\u2019\u00e9tablissements situ\u00e9s en Espagne, au Royaume-Uni, en Argentine, au Mexique, aux \u00c9tats-Unis, au Canada\u2026 L&#8217;\u00e9tudiant, au cours de la 2e ann\u00e9e de licence, choisit en concertation avec l&#8217;\u00e9quipe p\u00e9dagogique sa destination. Celle-ci r\u00e9pond [&hellip;]<\/p>\n","protected":false},"author":258,"featured_media":0,"parent":26,"menu_order":1,"comment_status":"closed","ping_status":"closed","template":"","meta":{"footnotes":""},"class_list":["post-43","page","type-page","status-publish","hentry"],"_links":{"self":[{"href":"https:\/\/blogs.univ-tlse2.fr\/histoirebilingue\/es\/wp-json\/wp\/v2\/pages\/43","targetHints":{"allow":["GET"]}}],"collection":[{"href":"https:\/\/blogs.univ-tlse2.fr\/histoirebilingue\/es\/wp-json\/wp\/v2\/pages"}],"about":[{"href":"https:\/\/blogs.univ-tlse2.fr\/histoirebilingue\/es\/wp-json\/wp\/v2\/types\/page"}],"author":[{"embeddable":true,"href":"https:\/\/blogs.univ-tlse2.fr\/histoirebilingue\/es\/wp-json\/wp\/v2\/users\/258"}],"replies":[{"embeddable":true,"href":"https:\/\/blogs.univ-tlse2.fr\/histoirebilingue\/es\/wp-json\/wp\/v2\/comments?post=43"}],"version-history":[{"count":11,"href":"https:\/\/blogs.univ-tlse2.fr\/histoirebilingue\/es\/wp-json\/wp\/v2\/pages\/43\/revisions"}],"predecessor-version":[{"id":508,"href":"https:\/\/blogs.univ-tlse2.fr\/histoirebilingue\/es\/wp-json\/wp\/v2\/pages\/43\/revisions\/508"}],"up":[{"embeddable":true,"href":"https:\/\/blogs.univ-tlse2.fr\/histoirebilingue\/es\/wp-json\/wp\/v2\/pages\/26"}],"wp:attachment":[{"href":"https:\/\/blogs.univ-tlse2.fr\/histoirebilingue\/es\/wp-json\/wp\/v2\/media?parent=43"}],"curies":[{"name":"wp","href":"https:\/\/api.w.org\/{rel}","templated":true}]}}