 {"id":126,"date":"2015-11-03T22:16:24","date_gmt":"2015-11-03T21:16:24","guid":{"rendered":"https:\/\/blogs.univ-tlse2.fr\/histoirebilingue\/?page_id=126"},"modified":"2020-06-10T13:40:17","modified_gmt":"2020-06-10T11:40:17","slug":"contacts","status":"publish","type":"page","link":"https:\/\/blogs.univ-tlse2.fr\/histoirebilingue\/contacts\/","title":{"rendered":"Contacts"},"content":{"rendered":"<p>Universit\u00e9 Toulouse Jean-Jaur\u00e8s<br \/>\nD\u00e9partement Histoire &#8211; Licences bilingues<br \/>\nB\u00e2timent Olympes de Gouges<br \/>\n5 all\u00e9es Antonio Machado<br \/>\n31058 TOULOUSE Cedex 9<\/p>\n<p><strong>Responsable administrative de la licence bilingue<br \/>\n<\/strong><\/p>\n<p>Lucie Manceau<br \/>\n<a href=\"&#109;a&#x69;l&#x74;o&#x3a;s&#x65;c&#x72;e&#x74;a&#x72;i&#x61;t&#x2e;&#104;&#x69;&#115;&#x74;&#111;&#x69;&#114;e&#x40;u&#x6e;i&#x76;-&#x74;l&#x73;e&#x32;&#46;&#x66;r\">s&#x65;c&#114;&#x65;t&#x61;r&#105;&#x61;t&#x2e;&#x68;i&#x73;t&#111;&#x69;r&#x65;&#x40;u&#x6e;i&#118;&#x2d;t&#x6c;s&#101;&#x32;&#46;&#102;&#x72;<\/a><\/p>\n<p>T\u00e9l. 05.61.50.43.07<br \/>\nb\u00e2t. Olympe de Gouges porte GH 030<\/p>\n<p><strong>Responsables p\u00e9dagogiques de la licence bilingue<\/strong><\/p>\n<p><a href=\"&#x66;l&#x6f;&#x72;i&#x61;&#x6e;&#46;&#x67;&#x61;l&#x6c;&#x6f;n&#x40;&#x75;n&#x69;&#118;-&#x74;&#108;s&#x65;&#50;&#46;&#x66;&#114;\">Florian Gallon<\/a> (espagnol)<\/p>\n<p><a href=\"&#x6a;ud&#x64;e&#64;&#x75;ni&#x76;-t&#x6c;se&#x32;&#46;f&#x72;\">Claire Judde de Larivi\u00e8re<\/a> (anglais)<\/p>\n<p><strong><a href=\"https:\/\/blogs.univ-tlse2.fr\/histoirebilingue\/formation\/equipe-pedagogique\/\">\u00c9quipe p\u00e9dagogique<\/a><\/strong>","protected":false},"excerpt":{"rendered":"<p>Universit\u00e9 Toulouse Jean-Jaur\u00e8s D\u00e9partement Histoire &#8211; Licences bilingues B\u00e2timent Olympes de Gouges 5 all\u00e9es Antonio Machado 31058 TOULOUSE Cedex 9 Responsable administrative de la licence bilingue Lucie Manceau s&#x65;c&#114;&#x65;t&#x61;&#x72;i&#x61;t&#46;&#x68;i&#115;&#x74;o&#x69;r&#101;&#x40;u&#110;&#x69;v&#x2d;&#x74;l&#x73;e&#50;&#x2e;f&#x72; T\u00e9l. 05.61.50.43.07 b\u00e2t. Olympe de Gouges porte GH 030 Responsables p\u00e9dagogiques de la licence bilingue Florian Gallon (espagnol) Claire Judde de Larivi\u00e8re (anglais) \u00c9quipe p\u00e9dagogique<\/p>\n","protected":false},"author":258,"featured_media":0,"parent":0,"menu_order":6,"comment_status":"closed","ping_status":"closed","template":"","meta":{"footnotes":""},"class_list":["post-126","page","type-page","status-publish","hentry"],"_links":{"self":[{"href":"https:\/\/blogs.univ-tlse2.fr\/histoirebilingue\/wp-json\/wp\/v2\/pages\/126","targetHints":{"allow":["GET"]}}],"collection":[{"href":"https:\/\/blogs.univ-tlse2.fr\/histoirebilingue\/wp-json\/wp\/v2\/pages"}],"about":[{"href":"https:\/\/blogs.univ-tlse2.fr\/histoirebilingue\/wp-json\/wp\/v2\/types\/page"}],"author":[{"embeddable":true,"href":"https:\/\/blogs.univ-tlse2.fr\/histoirebilingue\/wp-json\/wp\/v2\/users\/258"}],"replies":[{"embeddable":true,"href":"https:\/\/blogs.univ-tlse2.fr\/histoirebilingue\/wp-json\/wp\/v2\/comments?post=126"}],"version-history":[{"count":16,"href":"https:\/\/blogs.univ-tlse2.fr\/histoirebilingue\/wp-json\/wp\/v2\/pages\/126\/revisions"}],"predecessor-version":[{"id":727,"href":"https:\/\/blogs.univ-tlse2.fr\/histoirebilingue\/wp-json\/wp\/v2\/pages\/126\/revisions\/727"}],"wp:attachment":[{"href":"https:\/\/blogs.univ-tlse2.fr\/histoirebilingue\/wp-json\/wp\/v2\/media?parent=126"}],"curies":[{"name":"wp","href":"https:\/\/api.w.org\/{rel}","templated":true}]}}