 {"id":2,"date":"2015-01-27T09:51:52","date_gmt":"2015-01-27T09:51:52","guid":{"rendered":"https:\/\/blogs.univ-tlse2.fr\/histoirebilingue\/?page_id=2"},"modified":"2018-04-05T15:48:15","modified_gmt":"2018-04-05T13:48:15","slug":"page-d-exemple","status":"publish","type":"page","link":"https:\/\/blogs.univ-tlse2.fr\/histoirebilingue\/","title":{"rendered":"Accueil"},"content":{"rendered":"<p><strong>Vous recherchez une formation exigeante en sciences humaines et sociales ?<\/strong><br \/>\n<strong>Vous voulez acqu\u00e9rir une exp\u00e9rience internationale d\u00e8s la premi\u00e8re ann\u00e9e de vos \u00e9tudes ?<\/strong><br \/>\n<strong>Vous souhaitez une formation initiale polyvalente, vous offrant des d\u00e9bouch\u00e9s vers la poursuite d\u2019\u00e9tudes \u00e0 l\u2019international, vers le journalisme, les sciences politiques ou l\u2019enseignement?<\/strong><\/p>\n<p><a href=\"https:\/\/blogs.univ-tlse2.fr\/histoirebilingue\/files\/2015\/01\/1450795_231646916994898_2068497642_n.jpg\"><img loading=\"lazy\" decoding=\"async\" class=\"size-medium wp-image-494 alignleft\" src=\"https:\/\/blogs.univ-tlse2.fr\/histoirebilingue\/files\/2015\/01\/1450795_231646916994898_2068497642_n-300x184.jpg\" alt=\"1450795_231646916994898_2068497642_n\" width=\"300\" height=\"184\" srcset=\"https:\/\/blogs.univ-tlse2.fr\/histoirebilingue\/files\/2015\/01\/1450795_231646916994898_2068497642_n-300x184.jpg 300w, https:\/\/blogs.univ-tlse2.fr\/histoirebilingue\/files\/2015\/01\/1450795_231646916994898_2068497642_n-768x472.jpg 768w, https:\/\/blogs.univ-tlse2.fr\/histoirebilingue\/files\/2015\/01\/1450795_231646916994898_2068497642_n.jpg 960w\" sizes=\"auto, (max-width: 300px) 100vw, 300px\" \/><\/a>Le <a href=\"http:\/\/histoire.univ-tlse2.fr\/\" target=\"_blank\" rel=\"noopener\">d\u00e9partement d\u2019histoire de l\u2019universit\u00e9 Toulouse Jean-Jaur\u00e8s<\/a> propose depuis 2012 deux Licences d\u2019histoire bilingues. Uniques en France, elles s\u2019adressent \u00e0 des \u00e9tudiants motiv\u00e9s, qui ont acquis pendant leurs \u00e9tudes secondaires un bon niveau en anglais ou en espagnol et qui se destinent \u00e0 <a href=\"https:\/\/blogs.univ-tlse2.fr\/histoirebilingue\/formation\/debouches-2\/\">des carri\u00e8res internationales<\/a>, dans les domaines de l\u2019information, du tourisme, du commerce, du patrimoine, de la formation ou de la recherche en sciences humaines et sociales (histoire, science politique, sociologie, etc.).<\/p>\n<p>Les cours sont dispens\u00e9s par une <a href=\"https:\/\/blogs.univ-tlse2.fr\/histoirebilingue\/formation\/equipe-pedagogique\/\">\u00e9quipe dynamique<\/a>, enseignants des d\u00e9partements d\u2019histoire et de LLCE, disposant d&rsquo;une exp\u00e9rience \u00e0 l&rsquo;\u00e9tranger dans l&rsquo;enseignement comme dans la recherche. Des <a href=\"https:\/\/blogs.univ-tlse2.fr\/histoirebilingue\/international\/etudiants-etrangers\/\">professeurs \u00e9trangers invit\u00e9s<\/a> viennent chaque ann\u00e9e renforcer\u00a0 cette \u00e9quipe.<\/p>\n<p>Fond\u00e9e au d\u00e9but du XIIIe si\u00e8cle, l\u2019<a href=\"http:\/\/www.univ-toulouse.fr\">Universit\u00e9 de Toulouse<\/a> est l\u2019une des plus importantes d\u2019Europe par la diversit\u00e9 des enseignements, le rayonnement des \u00e9quipes de recherche et les effectifs (plus de 29.000 \u00e9tudiants pour la seule Universit\u00e9 Toulouse Jean-Jaur\u00e8s qui regroupe les fili\u00e8res en sciences humaines et sociales : histoire, g\u00e9ographie, langues, litt\u00e9rature, sociologie, etc.).<\/p>\n<div id=\"attachment_511\" style=\"width: 310px\" class=\"wp-caption alignright\"><a href=\"https:\/\/blogs.univ-tlse2.fr\/histoirebilingue\/files\/2015\/01\/10887692_1051896851502720_781584878_n.jpg\"><img loading=\"lazy\" decoding=\"async\" aria-describedby=\"caption-attachment-511\" class=\"wp-image-511 size-medium\" src=\"https:\/\/blogs.univ-tlse2.fr\/histoirebilingue\/files\/2015\/01\/10887692_1051896851502720_781584878_n-300x225.jpg\" alt=\"Trabajo en los archivos con los estudiantes\" width=\"300\" height=\"225\" srcset=\"https:\/\/blogs.univ-tlse2.fr\/histoirebilingue\/files\/2015\/01\/10887692_1051896851502720_781584878_n-300x225.jpg 300w, https:\/\/blogs.univ-tlse2.fr\/histoirebilingue\/files\/2015\/01\/10887692_1051896851502720_781584878_n-768x576.jpg 768w, https:\/\/blogs.univ-tlse2.fr\/histoirebilingue\/files\/2015\/01\/10887692_1051896851502720_781584878_n.jpg 960w\" sizes=\"auto, (max-width: 300px) 100vw, 300px\" \/><\/a><p id=\"caption-attachment-511\" class=\"wp-caption-text\">Travail aux archives avec les \u00e9tudiants<\/p><\/div>\n<p><a href=\"http:\/\/www.toulouse.fr\">Toulouse<\/a> est r\u00e9guli\u00e8rement cit\u00e9e en t\u00eate des villes fran\u00e7aises pr\u00e9f\u00e9r\u00e9es des \u00e9tudiants pour son cadre de vie, ses infrastructures, son offre culturelle et son environnement (Toulouse occupe la premi\u00e8re place au classement 2015 de la revue L\u2019\u00c9tudiant). Lire le palmar\u00e8s du <a href=\"http:\/\/www.letudiant.fr\/palmares\/palmares-des-villes-etudiantes\/toulouse.html\">magazine L&rsquo;Etudiant. <\/a><\/p>\n<p>&nbsp;<\/p>","protected":false},"excerpt":{"rendered":"<p>Vous recherchez une formation exigeante en sciences humaines et sociales ? Vous voulez acqu\u00e9rir une exp\u00e9rience internationale d\u00e8s la premi\u00e8re ann\u00e9e de vos \u00e9tudes ? Vous souhaitez une formation initiale polyvalente, vous offrant des d\u00e9bouch\u00e9s vers la poursuite d\u2019\u00e9tudes \u00e0 l\u2019international, vers le journalisme, les sciences politiques ou l\u2019enseignement? Le d\u00e9partement d\u2019histoire de l\u2019universit\u00e9 Toulouse [&hellip;]<\/p>\n","protected":false},"author":258,"featured_media":0,"parent":0,"menu_order":0,"comment_status":"closed","ping_status":"closed","template":"","meta":{"footnotes":""},"class_list":["post-2","page","type-page","status-publish","hentry"],"_links":{"self":[{"href":"https:\/\/blogs.univ-tlse2.fr\/histoirebilingue\/wp-json\/wp\/v2\/pages\/2","targetHints":{"allow":["GET"]}}],"collection":[{"href":"https:\/\/blogs.univ-tlse2.fr\/histoirebilingue\/wp-json\/wp\/v2\/pages"}],"about":[{"href":"https:\/\/blogs.univ-tlse2.fr\/histoirebilingue\/wp-json\/wp\/v2\/types\/page"}],"author":[{"embeddable":true,"href":"https:\/\/blogs.univ-tlse2.fr\/histoirebilingue\/wp-json\/wp\/v2\/users\/258"}],"replies":[{"embeddable":true,"href":"https:\/\/blogs.univ-tlse2.fr\/histoirebilingue\/wp-json\/wp\/v2\/comments?post=2"}],"version-history":[{"count":39,"href":"https:\/\/blogs.univ-tlse2.fr\/histoirebilingue\/wp-json\/wp\/v2\/pages\/2\/revisions"}],"predecessor-version":[{"id":655,"href":"https:\/\/blogs.univ-tlse2.fr\/histoirebilingue\/wp-json\/wp\/v2\/pages\/2\/revisions\/655"}],"wp:attachment":[{"href":"https:\/\/blogs.univ-tlse2.fr\/histoirebilingue\/wp-json\/wp\/v2\/media?parent=2"}],"curies":[{"name":"wp","href":"https:\/\/api.w.org\/{rel}","templated":true}]}}