 {"id":30,"date":"2015-11-03T11:13:14","date_gmt":"2015-11-03T10:13:14","guid":{"rendered":"https:\/\/blogs.univ-tlse2.fr\/histoirebilingue\/?page_id=30"},"modified":"2020-07-09T10:00:54","modified_gmt":"2020-07-09T08:00:54","slug":"etudiants-etrangers","status":"publish","type":"page","link":"https:\/\/blogs.univ-tlse2.fr\/histoirebilingue\/international\/etudiants-etrangers\/","title":{"rendered":"Professeurs \u00e9trangers invit\u00e9s"},"content":{"rendered":"<p>Le d\u00e9partement d&rsquo;histoire accueille r\u00e9guli\u00e8rement des enseignants \u00e9trangers qui assurent des cours dans la licence bilingue.<\/p>\n<p>Liste des coll\u00e8gues r\u00e9cemment accueillis<\/p>\n<ul>\n<li>Monique O&rsquo;Connell, Wake Forest University (mars 2020)<\/li>\n<li>Frederik Vervaet, University of Melbourne (septembre 2019)<\/li>\n<li>Sarah Frank, University of Saint Andrews (mars 2019)<\/li>\n<li>Margarita G\u00f3mez G\u00f3mez, Universidad de Sevilla (d\u00e9cembre 2018)<\/li>\n<li>Thomas V. Cohen, York University, Toronto (mars 2018)<\/li>\n<li>Manuel Rivero, Universidad Autonoma de Madrid (d\u00e9cembre 2016)<\/li>\n<li>Jos\u00e9 Javier Ruiz Ibanez, Universidad de Murcia (printemps 2016)<\/li>\n<li>Andrea McKenzie, University of Victoria (sept-d\u00e9c. 2015)<\/li>\n<li>Irena Podgorny, CONICET\/Argentina, (oct. 2015)<\/li>\n<li>Ra\u00fal Gonz\u00e1lez Ar\u00e9valo, Universidad de Granada, (oct. 2015)<\/li>\n<li>Miguel Herrero de Jauregui, Complutense Madrid (nov. 2014)<\/li>\n<li>Susana Truchuelo, Unican, Santander (d\u00e9c. 2014)<\/li>\n<li>Lourdes Herrera Feria, Puebla (nov. 2014)<\/li>\n<li>Izaskun \u00c1lvarez Cuartero, Salamanca (avril 2014)<\/li>\n<li>Felipe Castro, UNAM, M\u00e9xico (janv. 2014)<\/li>\n<li>James Amelang, UAM, Madrid (nov. 2013)<\/li>\n<li>Alicia Ruiz Guti\u00e9rrez, Unican, Santander (2013)<\/li>\n<\/ul>\n<p><\/p>","protected":false},"excerpt":{"rendered":"<p>Le d\u00e9partement d&rsquo;histoire accueille r\u00e9guli\u00e8rement des enseignants \u00e9trangers qui assurent des cours dans la licence bilingue. Liste des coll\u00e8gues r\u00e9cemment accueillis Monique O&rsquo;Connell, Wake Forest University (mars 2020) Frederik Vervaet, University of Melbourne (septembre 2019) Sarah Frank, University of Saint Andrews (mars 2019) Margarita G\u00f3mez G\u00f3mez, Universidad de Sevilla (d\u00e9cembre 2018) Thomas V. Cohen, York [&hellip;]<\/p>\n","protected":false},"author":258,"featured_media":0,"parent":26,"menu_order":3,"comment_status":"closed","ping_status":"closed","template":"","meta":{"footnotes":""},"class_list":["post-30","page","type-page","status-publish","hentry"],"_links":{"self":[{"href":"https:\/\/blogs.univ-tlse2.fr\/histoirebilingue\/wp-json\/wp\/v2\/pages\/30","targetHints":{"allow":["GET"]}}],"collection":[{"href":"https:\/\/blogs.univ-tlse2.fr\/histoirebilingue\/wp-json\/wp\/v2\/pages"}],"about":[{"href":"https:\/\/blogs.univ-tlse2.fr\/histoirebilingue\/wp-json\/wp\/v2\/types\/page"}],"author":[{"embeddable":true,"href":"https:\/\/blogs.univ-tlse2.fr\/histoirebilingue\/wp-json\/wp\/v2\/users\/258"}],"replies":[{"embeddable":true,"href":"https:\/\/blogs.univ-tlse2.fr\/histoirebilingue\/wp-json\/wp\/v2\/comments?post=30"}],"version-history":[{"count":17,"href":"https:\/\/blogs.univ-tlse2.fr\/histoirebilingue\/wp-json\/wp\/v2\/pages\/30\/revisions"}],"predecessor-version":[{"id":745,"href":"https:\/\/blogs.univ-tlse2.fr\/histoirebilingue\/wp-json\/wp\/v2\/pages\/30\/revisions\/745"}],"up":[{"embeddable":true,"href":"https:\/\/blogs.univ-tlse2.fr\/histoirebilingue\/wp-json\/wp\/v2\/pages\/26"}],"wp:attachment":[{"href":"https:\/\/blogs.univ-tlse2.fr\/histoirebilingue\/wp-json\/wp\/v2\/media?parent=30"}],"curies":[{"name":"wp","href":"https:\/\/api.w.org\/{rel}","templated":true}]}}