 {"id":72,"date":"2015-11-03T12:03:51","date_gmt":"2015-11-03T11:03:51","guid":{"rendered":"https:\/\/blogs.univ-tlse2.fr\/histoirebilingue\/?page_id=72"},"modified":"2022-02-22T17:00:09","modified_gmt":"2022-02-22T16:00:09","slug":"vous-etes-etudiant-2","status":"publish","type":"page","link":"https:\/\/blogs.univ-tlse2.fr\/histoirebilingue\/debouches\/vous-etes-etudiant-2\/","title":{"rendered":"Vous \u00eates \u00e9tudiant"},"content":{"rendered":"<p><\/p>\n<ul>\n<li><strong>Admission en L2.<\/strong> Quelques places sont ouvertes chaque ann\u00e9e pour une admission directement en L2 (destin\u00e9es aux \u00e9tudiants inscrits en L1 Histoire ou aux \u00e9tudiants de CPGE en r\u00e9orientation).<\/li>\n<li>La proc\u00e9dure a lieu sur e-candidat: <a href=\"https:\/\/ecandidat.univ-tlse2.fr\/\">https:\/\/ecandidat.univ-tlse2.fr\/<\/a><\/li>\n<li>La proc\u00e9dure aura lieu entre le 19 avril et le 16 mai 2022<\/li>\n<\/ul>\n<p><\/span><\/li>\n<\/ul>","protected":false},"excerpt":{"rendered":"<p>Admission en L2. Quelques places sont ouvertes chaque ann\u00e9e pour une admission directement en L2 (destin\u00e9es aux \u00e9tudiants inscrits en L1 Histoire ou aux \u00e9tudiants de CPGE en r\u00e9orientation). La proc\u00e9dure a lieu sur e-candidat: https:\/\/ecandidat.univ-tlse2.fr\/ La proc\u00e9dure aura lieu entre le 19 avril et le 16 mai 2022<\/p>\n","protected":false},"author":258,"featured_media":0,"parent":13,"menu_order":1,"comment_status":"closed","ping_status":"closed","template":"","meta":{"footnotes":""},"class_list":["post-72","page","type-page","status-publish","hentry"],"_links":{"self":[{"href":"https:\/\/blogs.univ-tlse2.fr\/histoirebilingue\/wp-json\/wp\/v2\/pages\/72","targetHints":{"allow":["GET"]}}],"collection":[{"href":"https:\/\/blogs.univ-tlse2.fr\/histoirebilingue\/wp-json\/wp\/v2\/pages"}],"about":[{"href":"https:\/\/blogs.univ-tlse2.fr\/histoirebilingue\/wp-json\/wp\/v2\/types\/page"}],"author":[{"embeddable":true,"href":"https:\/\/blogs.univ-tlse2.fr\/histoirebilingue\/wp-json\/wp\/v2\/users\/258"}],"replies":[{"embeddable":true,"href":"https:\/\/blogs.univ-tlse2.fr\/histoirebilingue\/wp-json\/wp\/v2\/comments?post=72"}],"version-history":[{"count":37,"href":"https:\/\/blogs.univ-tlse2.fr\/histoirebilingue\/wp-json\/wp\/v2\/pages\/72\/revisions"}],"predecessor-version":[{"id":791,"href":"https:\/\/blogs.univ-tlse2.fr\/histoirebilingue\/wp-json\/wp\/v2\/pages\/72\/revisions\/791"}],"up":[{"embeddable":true,"href":"https:\/\/blogs.univ-tlse2.fr\/histoirebilingue\/wp-json\/wp\/v2\/pages\/13"}],"wp:attachment":[{"href":"https:\/\/blogs.univ-tlse2.fr\/histoirebilingue\/wp-json\/wp\/v2\/media?parent=72"}],"curies":[{"name":"wp","href":"https:\/\/api.w.org\/{rel}","templated":true}]}}