 {"id":1154,"date":"2018-01-18T14:59:46","date_gmt":"2018-01-18T13:59:46","guid":{"rendered":"https:\/\/blogs.univ-tlse2.fr\/ifmi\/?page_id=1154"},"modified":"2025-12-16T14:36:25","modified_gmt":"2025-12-16T13:36:25","slug":"lequipe","status":"publish","type":"page","link":"https:\/\/blogs.univ-tlse2.fr\/ifmi\/lequipe\/","title":{"rendered":"L&rsquo;\u00e9quipe"},"content":{"rendered":"<div id=\"pl-1154\"  class=\"panel-layout\" ><div id=\"pg-1154-0\"  class=\"panel-grid panel-no-style\" ><div id=\"pgc-1154-0-0\"  class=\"panel-grid-cell\" ><div id=\"panel-1154-0-0-0\" class=\"so-panel widget widget_sow-editor panel-first-child\" data-index=\"0\" ><div\n\t\t\t\n\t\t\tclass=\"so-widget-sow-editor so-widget-sow-editor-base\"\n\t\t\t\n\t\t><h3 class=\"widget-title\">Les personnels permanents<\/h3>\n<div class=\"siteorigin-widget-tinymce textwidget\">\n\t<\/div>\n<\/div><\/div><div id=\"panel-1154-0-0-1\" class=\"so-panel widget widget_sow-post-carousel panel-last-child\" data-index=\"1\" ><div\n\t\t\t\n\t\t\tclass=\"so-widget-sow-post-carousel so-widget-sow-post-carousel-base-46077389ab47-1154\"\n\t\t\t\n\t\t>\t<div\n\t\tclass=\"sow-post-carousel-wrapper sow-post-carousel-theme-base\"\n\t\tstyle=\"overflow: hidden; max-width: 100%; min-height: 182px\"\n\t>\n\t\t<div class=\"sow-carousel-title\">\n\t\t\t<div class=\"sow-carousel-navigation \">\n\t\t\t\t\t\t<a href=\"#\" class=\"sow-carousel-next\" title=\"Suivant\" aria-label=\"Next Posts\" role=\"button\"><\/a>\n\t\t\t\t\t\t<a href=\"#\" class=\"sow-carousel-previous\" title=\"Pr\u00e9c\u00e9dent\" aria-label=\"Previous Posts\" role=\"button\"><\/a>\n\t\t\t\t\t<\/div>\n\t<\/div>\n\n<div class=\"sow-carousel-container \">\n\t\t<div class=\"sow-carousel-wrapper\"\n\t\tdata-dir=\"ltr\"\n\t\tstyle=\"opacity: 0;\"\n\t\tdata-widget=\"post\" data-fetching=\"false\" data-page=\"1\" data-ajax-url=\"https:\/\/blogs.univ-tlse2.fr\/ifmi\/wp-admin\/admin-ajax.php?_widgets_nonce=ac86944017\" data-item_count=\"5\" data-carousel_settings=\"{&quot;loop&quot;:true,&quot;animation&quot;:&quot;ease&quot;,&quot;animation_speed&quot;:800,&quot;autoplay&quot;:&quot;off&quot;,&quot;pauseOnHover&quot;:&quot;&quot;,&quot;autoplaySpeed&quot;:8000,&quot;item_overflow&quot;:true,&quot;autoplay_continuous_scroll&quot;:false}\" data-responsive=\"{&quot;desktop_slides_to_scroll&quot;:2,&quot;tablet_landscape_breakpoint&quot;:1366,&quot;tablet_landscape_slides_to_scroll&quot;:2,&quot;tablet_portrait_breakpoint&quot;:1025,&quot;tablet_portrait_slides_to_scroll&quot;:2,&quot;mobile_breakpoint&quot;:480,&quot;mobile_slides_to_scroll&quot;:2}\" data-variable_width=\"true\" \t>\n\t\t<div\n\t\t\tclass=\"sow-carousel-items\"\n\t\t\t\t\t>\n\t\t\t\t<div class=\"sow-carousel-item\" tabindex=\"-1\" style=\"float: left;\">\n\t\t<div class=\"sow-carousel-thumbnail\">\n\t\t\t\t\t\t\t<a\n\t\t\t\t\thref=\"https:\/\/blogs.univ-tlse2.fr\/ifmi\/lequipe\/isabelle-peguilhan\/\"\n\t\t\t\t\t\t\t\t\t\tstyle=\"background-image: url( https:\/\/blogs.univ-tlse2.fr\/ifmi\/files\/2023\/02\/Isabelle-v2-272x182.jpg )\"\n\t\t\t\t\taria-labelledby=\"sow-carousel-id-1220\"\n\t\t\t\t\ttabindex=\"-1\"\n\t\t\t\t>\n\t\t\t\t\t<span class=\"overlay\"><\/span>\n\t\t\t\t<\/a>\n\t\t\t\t\t<\/div>\n\t\t<h3 class=\"sow-carousel-item-title\">\n\t\t\t<a\n\t\t\t\thref=\"https:\/\/blogs.univ-tlse2.fr\/ifmi\/lequipe\/isabelle-peguilhan\/\"\n\t\t\t\tid=\"sow-carousel-id-1220\"\n\t\t\t\t\t\t\t\ttabindex=\"-1\"\n\t\t\t>\n\n\t\t\t\tIsabelle Peguilhan, Professeur permanent\t\t\t<\/a>\n\t\t<\/h3>\n\t<\/div>\n\t\t<div class=\"sow-carousel-item\" tabindex=\"-1\" style=\"float: left;\">\n\t\t<div class=\"sow-carousel-thumbnail\">\n\t\t\t\t\t\t\t<a\n\t\t\t\t\thref=\"https:\/\/blogs.univ-tlse2.fr\/ifmi\/lequipe\/francoise-gilbert\/\"\n\t\t\t\t\tclass=\"sow-carousel-default-thumbnail\"\n\t\t\t\t\t\t\t\t\t\tstyle=\"background-image: url(https:\/\/blogs.univ-tlse2.fr\/ifmi\/files\/2023\/01\/cropped-Ifmi-logo-272x182.png)\"\t\t\t\t\taria-labelledby=\"sow-carousel-id-1244\"\n\t\t\t\t\ttabindex=\"-1\"\n\t\t\t\t>\n\t\t\t\t\t<span class=\"overlay\"><\/span>\n\t\t\t\t<\/a>\n\t\t\t\t\t<\/div>\n\t\t<h3 class=\"sow-carousel-item-title\">\n\t\t\t<a\n\t\t\t\thref=\"https:\/\/blogs.univ-tlse2.fr\/ifmi\/lequipe\/francoise-gilbert\/\"\n\t\t\t\tid=\"sow-carousel-id-1244\"\n\t\t\t\t\t\t\t\ttabindex=\"-1\"\n\t\t\t>\n\n\t\t\t\tFran\u00e7oise Gilbert, Administratrice provisoire\t\t\t<\/a>\n\t\t<\/h3>\n\t<\/div>\n\t\t<div class=\"sow-carousel-item\" tabindex=\"-1\" style=\"float: left;\">\n\t\t<div class=\"sow-carousel-thumbnail\">\n\t\t\t\t\t\t\t<a\n\t\t\t\t\thref=\"https:\/\/blogs.univ-tlse2.fr\/ifmi\/lequipe\/helene-blaise\/\"\n\t\t\t\t\t\t\t\t\t\tstyle=\"background-image: url( https:\/\/blogs.univ-tlse2.fr\/ifmi\/files\/2023\/11\/Helene-BLAISE-1-272x182.jpg )\"\n\t\t\t\t\taria-labelledby=\"sow-carousel-id-1255\"\n\t\t\t\t\ttabindex=\"-1\"\n\t\t\t\t>\n\t\t\t\t\t<span class=\"overlay\"><\/span>\n\t\t\t\t<\/a>\n\t\t\t\t\t<\/div>\n\t\t<h3 class=\"sow-carousel-item-title\">\n\t\t\t<a\n\t\t\t\thref=\"https:\/\/blogs.univ-tlse2.fr\/ifmi\/lequipe\/helene-blaise\/\"\n\t\t\t\tid=\"sow-carousel-id-1255\"\n\t\t\t\t\t\t\t\ttabindex=\"-1\"\n\t\t\t>\n\n\t\t\t\tH\u00e9l\u00e8ne Blaise, Coordinatrice des \u00e9tudes et professeur permanent\t\t\t<\/a>\n\t\t<\/h3>\n\t<\/div>\n\t\t<div class=\"sow-carousel-item\" tabindex=\"-1\" style=\"float: left;\">\n\t\t<div class=\"sow-carousel-thumbnail\">\n\t\t\t\t\t\t\t<a\n\t\t\t\t\thref=\"https:\/\/blogs.univ-tlse2.fr\/ifmi\/lequipe\/raphael-brouallier-chavassieux\/\"\n\t\t\t\t\tclass=\"sow-carousel-default-thumbnail\"\n\t\t\t\t\t\t\t\t\t\tstyle=\"background-image: url(https:\/\/blogs.univ-tlse2.fr\/ifmi\/files\/2023\/01\/cropped-Ifmi-logo-272x182.png)\"\t\t\t\t\taria-labelledby=\"sow-carousel-id-1228\"\n\t\t\t\t\ttabindex=\"-1\"\n\t\t\t\t>\n\t\t\t\t\t<span class=\"overlay\"><\/span>\n\t\t\t\t<\/a>\n\t\t\t\t\t<\/div>\n\t\t<h3 class=\"sow-carousel-item-title\">\n\t\t\t<a\n\t\t\t\thref=\"https:\/\/blogs.univ-tlse2.fr\/ifmi\/lequipe\/raphael-brouallier-chavassieux\/\"\n\t\t\t\tid=\"sow-carousel-id-1228\"\n\t\t\t\t\t\t\t\ttabindex=\"-1\"\n\t\t\t>\n\n\t\t\t\tRapha\u00ebl Brouallier-Chavassieux, Responsable administratif et financier\t\t\t<\/a>\n\t\t<\/h3>\n\t<\/div>\n\t\t<div class=\"sow-carousel-item\" tabindex=\"-1\" style=\"float: left;\">\n\t\t<div class=\"sow-carousel-thumbnail\">\n\t\t\t\t\t\t\t<a\n\t\t\t\t\thref=\"https:\/\/blogs.univ-tlse2.fr\/ifmi\/lequipe\/quentin-morales\/\"\n\t\t\t\t\t\t\t\t\t\tstyle=\"background-image: url( https:\/\/blogs.univ-tlse2.fr\/ifmi\/files\/2023\/01\/cropped-Ifmi-logo-272x182.png )\"\n\t\t\t\t\taria-labelledby=\"sow-carousel-id-3151\"\n\t\t\t\t\ttabindex=\"-1\"\n\t\t\t\t>\n\t\t\t\t\t<span class=\"overlay\"><\/span>\n\t\t\t\t<\/a>\n\t\t\t\t\t<\/div>\n\t\t<h3 class=\"sow-carousel-item-title\">\n\t\t\t<a\n\t\t\t\thref=\"https:\/\/blogs.univ-tlse2.fr\/ifmi\/lequipe\/quentin-morales\/\"\n\t\t\t\tid=\"sow-carousel-id-3151\"\n\t\t\t\t\t\t\t\ttabindex=\"-1\"\n\t\t\t>\n\n\t\t\t\tQuentin Morales, Responsable technique et multim\u00e9dia\t\t\t<\/a>\n\t\t<\/h3>\n\t<\/div>\n\t\t\t<\/div>\n\t\t\t<\/div>\n\n\t<\/div>\n\t\t<input type=\"hidden\" name=\"instance_hash\" value=\"6a8662b1\"\/>\n\t<\/div>\n<\/div><\/div><\/div><\/div><div id=\"pg-1154-1\"  class=\"panel-grid panel-no-style\" ><div id=\"pgc-1154-1-0\"  class=\"panel-grid-cell panel-grid-cell-empty\" ><\/div><\/div><div id=\"pg-1154-2\"  class=\"panel-grid panel-no-style\" ><div id=\"pgc-1154-2-0\"  class=\"panel-grid-cell\" ><div id=\"panel-1154-2-0-0\" class=\"so-panel widget widget_sow-editor panel-first-child panel-last-child\" data-index=\"2\" ><div class=\"so-rounded panel-widget-style panel-widget-style-for-1154-2-0-0\" ><div\n\t\t\t\n\t\t\tclass=\"so-widget-sow-editor so-widget-sow-editor-base\"\n\t\t\t\n\t\t><h3 class=\"widget-title\">Formateurs et charg\u00e9s de cours<\/h3>\n<div class=\"siteorigin-widget-tinymce textwidget\">\n\t<\/div>\n<\/div><\/div><\/div><\/div><\/div><div id=\"pg-1154-3\"  class=\"panel-grid panel-no-style\" ><div id=\"pgc-1154-3-0\"  class=\"panel-grid-cell\" ><div id=\"panel-1154-3-0-0\" class=\"so-panel widget widget_sow-accordion panel-first-child panel-last-child\" data-index=\"3\" ><div\n\t\t\t\n\t\t\tclass=\"so-widget-sow-accordion so-widget-sow-accordion-default-6c1ef304e8a6-3151\"\n\t\t\t\n\t\t><div>\n\t<div class=\"sow-accordion\">\n\t\t\t<div class=\"sow-accordion-panel\n\t\t\t\t\t\"\n\t\t\t\tdata-anchor-id=\"ue1-pedagogie-et-terrains\">\n\t\t\t\t\t<div class=\"sow-accordion-panel-header-container\" role=\"heading\" aria-level=\"2\">\n\t\t\t\t\t<div class=\"sow-accordion-panel-header\" tabindex=\"0\" role=\"button\" id=\"accordion-label-ue1-pedagogie-et-terrains\" aria-controls=\"accordion-content-ue1-pedagogie-et-terrains\" aria-expanded=\"false\">\n\t\t\t\t\t\t<div class=\"sow-accordion-title sow-accordion-title-icon-left\">\n\t\t\t\t\t\t\t\t\t\t\t\t\t\tUE1 - PEDAGOGIE ET TERRAINS\t\t\t\t\t\t\t\t\t\t\t\t\t<\/div>\n\t\t\t\t\t\t<div class=\"sow-accordion-open-close-button\">\n\t\t\t\t\t\t\t<div class=\"sow-accordion-open-button\">\n\t\t\t\t\t\t\t\t<span class=\"sow-icon-ionicons\" data-sow-icon=\"&#xf218;\"\n\t\t \n\t\taria-hidden=\"true\"><\/span>\t\t\t\t\t\t\t<\/div>\n\t\t\t\t\t\t\t<div class=\"sow-accordion-close-button\">\n\t\t\t\t\t\t\t\t<span class=\"sow-icon-ionicons\" data-sow-icon=\"&#xf209;\"\n\t\t \n\t\taria-hidden=\"true\"><\/span>\t\t\t\t\t\t\t<\/div>\n\t\t\t\t\t\t<\/div>\n\t\t\t\t\t<\/div>\n\t\t\t\t<\/div>\n\n\t\t\t<div\n\t\t\t\tclass=\"sow-accordion-panel-content\"\n\t\t\t\trole=\"region\"\n\t\t\t\taria-labelledby=\"accordion-label-ue1-pedagogie-et-terrains\"\n\t\t\t\tid=\"accordion-content-ue1-pedagogie-et-terrains\"\n\t\t\t\tstyle=\"display: none;\"\t\t\t>\n\t\t\t\t<div class=\"sow-accordion-panel-border\">\n\t\t\t\t\t<h3><strong>P\u00e9dagogie fondamentale et psychop\u00e9dagogie<\/strong><\/h3>\n<p><em>Charg\u00e9.e.s de cours de p\u00e9dagogie fondamentale :<\/em><br \/>\nKarina Cobo<br \/>\nRadouane El Yagoubi<br \/>\nS\u00f6ren Frappart<br \/>\nJulien Garde<br \/>\nNo\u00e9mie Robidas<\/p>\n<p><em>Charg\u00e9e de cours de psychologie et connaissance de l'enfant :<\/em><br \/>\nMaud Morel<\/p>\n<h3><strong>Didactique musicale et p\u00e9dagogie appliqu\u00e9e<\/strong><\/h3>\n<p><em>Charg\u00e9.e.s de cours en didactique musicale :<\/em><br \/>\nH\u00e9l\u00e8ne Blaise<br \/>\nMa\u00ebva Delpino<br \/>\nCharlotte Michot<\/p>\n<p><em>Charg\u00e9e de cours de didactique musicale maternelle :<\/em><br \/>\nVictorine Lacoste<\/p>\n<p><em>Charg\u00e9e de cours de didactique musicale petite enfance :<br \/>\n<\/em>Charlotte Michot<\/p>\n<p><em>Charg\u00e9 du stage \"P\u00e9dagogie Dalcroze\" :<\/em><br \/>\nJean-Marc Aeschimann<\/p>\n<p><em>Charg\u00e9 du stage \"Voix en sc\u00e8ne\" :<\/em><br \/>\nDidier Grojsman<\/p>\n<p><em>Charg\u00e9 du stage \"Percussions corporelles, chant et danse\" :<\/em><br \/>\nJ\u00e9r\u00e9mie Boudsocq<\/p>\n<p><em>Charg\u00e9e du stage \"Voix et mouvement\" :<\/em><br \/>\nJeanne Dambreville<\/p>\n<p><em>Charg\u00e9 du stage \"Percussions et cr\u00e9ation\" :<\/em><br \/>\nJean Boulanger<\/p>\n<h3><strong>M\u00e9thodologie, M\u00e9diation culturelle, contextes professionnels sp\u00e9cifiques ou sp\u00e9cialis\u00e9s<\/strong><\/h3>\n<p><em>Charg\u00e9 de cours de m\u00e9thodologie et contextes professionnels :<\/em><br \/>\nFlorent Mamet<\/p>\n<p><em>Charg\u00e9 de cours de m\u00e9diation culturelle :<\/em><br \/>\nGeorges Mira<\/p>\n<p><em>Charg\u00e9 de cours d\u2019initiation \u00e0 la musicoth\u00e9rapie :<\/em><br \/>\nGuillaume Virelaude<\/p>\n<h3><strong>Accompagnement de projet artistique en \u00e9cole et m\u00e9thodologie<\/strong><\/h3>\n<p><em>Charg\u00e9e de cours \"Projet artistique p\u00e9dagogique de 2\u00e8me ann\u00e9e\" :<\/em><br \/>\nIsabelle Peguilhan<\/p>\n\t\t\t\t<\/div>\n\t\t\t<\/div>\n\t\t<\/div>\n\t\t<\/div>\n<\/div>\n<\/div><\/div><\/div><div id=\"pgc-1154-3-1\"  class=\"panel-grid-cell\" ><div id=\"panel-1154-3-1-0\" class=\"so-panel widget widget_sow-accordion panel-first-child panel-last-child\" data-index=\"4\" ><div\n\t\t\t\n\t\t\tclass=\"so-widget-sow-accordion so-widget-sow-accordion-default-6c1ef304e8a6-3151\"\n\t\t\t\n\t\t><div>\n\t<div class=\"sow-accordion\">\n\t\t\t<div class=\"sow-accordion-panel\n\t\t\t\t\t\"\n\t\t\t\tdata-anchor-id=\"ue2-langages-et-ecriture\">\n\t\t\t\t\t<div class=\"sow-accordion-panel-header-container\" role=\"heading\" aria-level=\"2\">\n\t\t\t\t\t<div class=\"sow-accordion-panel-header\" tabindex=\"0\" role=\"button\" id=\"accordion-label-ue2-langages-et-ecriture\" aria-controls=\"accordion-content-ue2-langages-et-ecriture\" aria-expanded=\"false\">\n\t\t\t\t\t\t<div class=\"sow-accordion-title sow-accordion-title-icon-left\">\n\t\t\t\t\t\t\t\t\t\t\t\t\t\tUE2 - LANGAGES ET ECRITURE\t\t\t\t\t\t\t\t\t\t\t\t\t<\/div>\n\t\t\t\t\t\t<div class=\"sow-accordion-open-close-button\">\n\t\t\t\t\t\t\t<div class=\"sow-accordion-open-button\">\n\t\t\t\t\t\t\t\t<span class=\"sow-icon-ionicons\" data-sow-icon=\"&#xf218;\"\n\t\t \n\t\taria-hidden=\"true\"><\/span>\t\t\t\t\t\t\t<\/div>\n\t\t\t\t\t\t\t<div class=\"sow-accordion-close-button\">\n\t\t\t\t\t\t\t\t<span class=\"sow-icon-ionicons\" data-sow-icon=\"&#xf209;\"\n\t\t \n\t\taria-hidden=\"true\"><\/span>\t\t\t\t\t\t\t<\/div>\n\t\t\t\t\t\t<\/div>\n\t\t\t\t\t<\/div>\n\t\t\t\t<\/div>\n\n\t\t\t<div\n\t\t\t\tclass=\"sow-accordion-panel-content\"\n\t\t\t\trole=\"region\"\n\t\t\t\taria-labelledby=\"accordion-label-ue2-langages-et-ecriture\"\n\t\t\t\tid=\"accordion-content-ue2-langages-et-ecriture\"\n\t\t\t\tstyle=\"display: none;\"\t\t\t>\n\t\t\t\t<div class=\"sow-accordion-panel-border\">\n\t\t\t\t\t<h3><strong>\u00c9criture musicale<\/strong><\/h3>\n<p><em>Charg\u00e9.e.s du cours d'\u00e9criture<\/em><br \/>\nNathan Arnoult<br \/>\nLauriane B\u00e9nard<\/p>\n<h3><strong>Culture musicale et analyse<\/strong><\/h3>\n<p><em>Charg\u00e9e du cours de culture musicale<\/em><br \/>\nIsabelle Peguilhan<\/p>\n<h3><strong>Culture des musiques du monde et des arts visuels<\/strong><\/h3>\n<p><em>Charg\u00e9 de cours de chants polyphoniques traditionnels :<\/em><br \/>\nPascal Caumont<\/p>\n<p><em>Charg\u00e9e de cours d'histoire des arts :<\/em><br \/>\nMaria Barth\u00e9l\u00e9my<\/p>\n<h3><strong>Comp\u00e9tences professionnelles compl\u00e9mentaires et transversales<\/strong><\/h3>\n<p><em>Charg\u00e9e du projet Cabaret :<br \/>\nKarine Monneau<\/em><\/p>\n<p><em>Charg\u00e9.e.s de projet Musique et Danse (avec les \u00e9tudiant.e.s de l'ISDAT Danse) :<\/em><br \/>\nDavid Haudrechy<br \/>\nMarion Muzac<br \/>\nIsabelle Peguilhan<\/p>\n<h3><strong>Culture informatique<\/strong><\/h3>\n<p><em>Charg\u00e9e du cours d'informatique g\u00e9n\u00e9rale et bureautique :<\/em><br \/>\nQuentin Morales<\/p>\n<p><em>Charg\u00e9e du cours de musique assist\u00e9e par ordinateur (MAO) :<\/em><br \/>\nQuentin Morales<\/p>\n\t\t\t\t<\/div>\n\t\t\t<\/div>\n\t\t<\/div>\n\t\t<\/div>\n<\/div>\n<\/div><\/div><\/div><div id=\"pgc-1154-3-2\"  class=\"panel-grid-cell\" ><div id=\"panel-1154-3-2-0\" class=\"so-panel widget widget_sow-accordion panel-first-child panel-last-child\" data-index=\"5\" ><div\n\t\t\t\n\t\t\tclass=\"so-widget-sow-accordion so-widget-sow-accordion-default-6c1ef304e8a6-3151\"\n\t\t\t\n\t\t><div>\n\t<div class=\"sow-accordion\">\n\t\t\t<div class=\"sow-accordion-panel\n\t\t\t\t\t\"\n\t\t\t\tdata-anchor-id=\"ue3-pratiques-musicales\">\n\t\t\t\t\t<div class=\"sow-accordion-panel-header-container\" role=\"heading\" aria-level=\"2\">\n\t\t\t\t\t<div class=\"sow-accordion-panel-header\" tabindex=\"0\" role=\"button\" id=\"accordion-label-ue3-pratiques-musicales\" aria-controls=\"accordion-content-ue3-pratiques-musicales\" aria-expanded=\"false\">\n\t\t\t\t\t\t<div class=\"sow-accordion-title sow-accordion-title-icon-left\">\n\t\t\t\t\t\t\t\t\t\t\t\t\t\tUE3 - PRATIQUES MUSICALES\t\t\t\t\t\t\t\t\t\t\t\t\t<\/div>\n\t\t\t\t\t\t<div class=\"sow-accordion-open-close-button\">\n\t\t\t\t\t\t\t<div class=\"sow-accordion-open-button\">\n\t\t\t\t\t\t\t\t<span class=\"sow-icon-ionicons\" data-sow-icon=\"&#xf218;\"\n\t\t \n\t\taria-hidden=\"true\"><\/span>\t\t\t\t\t\t\t<\/div>\n\t\t\t\t\t\t\t<div class=\"sow-accordion-close-button\">\n\t\t\t\t\t\t\t\t<span class=\"sow-icon-ionicons\" data-sow-icon=\"&#xf209;\"\n\t\t \n\t\taria-hidden=\"true\"><\/span>\t\t\t\t\t\t\t<\/div>\n\t\t\t\t\t\t<\/div>\n\t\t\t\t\t<\/div>\n\t\t\t\t<\/div>\n\n\t\t\t<div\n\t\t\t\tclass=\"sow-accordion-panel-content\"\n\t\t\t\trole=\"region\"\n\t\t\t\taria-labelledby=\"accordion-label-ue3-pratiques-musicales\"\n\t\t\t\tid=\"accordion-content-ue3-pratiques-musicales\"\n\t\t\t\tstyle=\"display: none;\"\t\t\t>\n\t\t\t\t<div class=\"sow-accordion-panel-border\">\n\t\t\t\t\t<h3><strong>Technique vocale<\/strong><\/h3>\n<p><em>Charg\u00e9.e.s de cours de technique vocale individuelle ou en petits groupes :<\/em><br \/>\nJean Andreu<br \/>\nFr\u00e9d\u00e9rika Al\u00e9sina<br \/>\nAlfredo Poesina<\/p>\n<h3><strong>Pratiques vocales collectives et direction de ch\u0153ur<\/strong><\/h3>\n<p><em>Charg\u00e9.e.s de cours de pratique vocale collective :<\/em><br \/>\nPerrine Malgouyres<br \/>\nFran\u00e7ois Terrieux<\/p>\n<p><em>Charg\u00e9e de cours de direction de choeur :<\/em><br \/>\nPerrine Malgouyres<br \/>\nClaire Suhubiette<\/p>\n<h3><strong>Outil d'accompagnement<\/strong><\/h3>\n<p><em>Charg\u00e9s de cours d'accompagnement piano et guitare :<\/em><br \/>\nSamuel Chicharro<br \/>\nNathan Arnoult<br \/>\nOlivier Sabatier<\/p>\n<h3><strong>Pratiques musicales collectives<\/strong><\/h3>\n<p><em>Charg\u00e9 de cours de percussions :<\/em><br \/>\nFlorent Tisseyre<\/p>\n<p><em>Charg\u00e9 de cours de l'atelier Improvisation Jazz :<\/em><br \/>\nMatthieu Royer<\/p>\n<p><em>Charg\u00e9e de cours d'improvisation vocale :<\/em><br \/>\nFr\u00e9d\u00e9rika Alesina<\/p>\n<p><em>Charg\u00e9 du stage pratique \"Rythmique O Passo\" :<\/em><br \/>\nLucas Ciavatta<\/p>\n<p><em>Charg\u00e9 du stage \"Soundpainting\" :<\/em><br \/>\nChristophe Mangou<\/p>\n\t\t\t\t<\/div>\n\t\t\t<\/div>\n\t\t<\/div>\n\t\t<\/div>\n<\/div>\n<\/div><\/div><\/div><\/div><\/div>","protected":false},"excerpt":{"rendered":"<p>Les personnels permanents Isabelle Peguilhan, Professeur permanent Fran\u00e7oise Gilbert, Administratrice provisoire H\u00e9l\u00e8ne Blaise, Coordinatrice des \u00e9tudes et professeur permanent Rapha\u00ebl Brouallier-Chavassieux, Responsable administratif et financier Quentin Morales, Responsable technique et multim\u00e9dia Formateurs et charg\u00e9s de cours UE1 &#8211; PEDAGOGIE ET TERRAINS P\u00e9dagogie fondamentale et psychop\u00e9dagogie Charg\u00e9.e.s de cours de p\u00e9dagogie fondamentale : Karina Cobo Radouane &hellip; <\/p>\n<p class=\"link-more\"><a href=\"https:\/\/blogs.univ-tlse2.fr\/ifmi\/lequipe\/\" class=\"more-link\">Continuer la lecture<span class=\"screen-reader-text\"> de &laquo;&nbsp;L&rsquo;\u00e9quipe&nbsp;&raquo;<\/span><\/a><\/p>\n","protected":false},"author":391,"featured_media":0,"parent":0,"menu_order":0,"comment_status":"closed","ping_status":"closed","template":"","meta":{"footnotes":""},"class_list":["post-1154","page","type-page","status-publish","hentry"],"_links":{"self":[{"href":"https:\/\/blogs.univ-tlse2.fr\/ifmi\/wp-json\/wp\/v2\/pages\/1154","targetHints":{"allow":["GET"]}}],"collection":[{"href":"https:\/\/blogs.univ-tlse2.fr\/ifmi\/wp-json\/wp\/v2\/pages"}],"about":[{"href":"https:\/\/blogs.univ-tlse2.fr\/ifmi\/wp-json\/wp\/v2\/types\/page"}],"author":[{"embeddable":true,"href":"https:\/\/blogs.univ-tlse2.fr\/ifmi\/wp-json\/wp\/v2\/users\/391"}],"replies":[{"embeddable":true,"href":"https:\/\/blogs.univ-tlse2.fr\/ifmi\/wp-json\/wp\/v2\/comments?post=1154"}],"version-history":[{"count":44,"href":"https:\/\/blogs.univ-tlse2.fr\/ifmi\/wp-json\/wp\/v2\/pages\/1154\/revisions"}],"predecessor-version":[{"id":3412,"href":"https:\/\/blogs.univ-tlse2.fr\/ifmi\/wp-json\/wp\/v2\/pages\/1154\/revisions\/3412"}],"wp:attachment":[{"href":"https:\/\/blogs.univ-tlse2.fr\/ifmi\/wp-json\/wp\/v2\/media?parent=1154"}],"curies":[{"name":"wp","href":"https:\/\/api.w.org\/{rel}","templated":true}]}}