 {"id":1255,"date":"2018-01-23T12:28:33","date_gmt":"2018-01-23T11:28:33","guid":{"rendered":"https:\/\/blogs.univ-tlse2.fr\/ifmi\/?page_id=1255"},"modified":"2025-12-16T14:59:07","modified_gmt":"2025-12-16T13:59:07","slug":"helene-blaise","status":"publish","type":"page","link":"https:\/\/blogs.univ-tlse2.fr\/ifmi\/lequipe\/helene-blaise\/","title":{"rendered":"H\u00e9l\u00e8ne Blaise, Coordinatrice des \u00e9tudes et professeur permanent"},"content":{"rendered":"<div id=\"pl-1255\"  class=\"panel-layout\" ><div id=\"pg-1255-0\"  class=\"panel-grid panel-no-style\" ><div id=\"pgc-1255-0-0\"  class=\"panel-grid-cell\" ><div id=\"panel-1255-0-0-0\" class=\"so-panel widget widget_sow-image panel-first-child panel-last-child\" data-index=\"0\" ><div\n\t\t\t\n\t\t\tclass=\"so-widget-sow-image so-widget-sow-image-default-a258e6bfa2d8-1255\"\n\t\t\t\n\t\t>\n<div class=\"sow-image-container\">\n\t\t<img \n\tsrc=\"https:\/\/blogs.univ-tlse2.fr\/ifmi\/files\/2023\/11\/Helene-BLAISE-1-scaled.jpg\" width=\"2560\" height=\"2560\" srcset=\"https:\/\/blogs.univ-tlse2.fr\/ifmi\/files\/2023\/11\/Helene-BLAISE-1-scaled.jpg 2560w, https:\/\/blogs.univ-tlse2.fr\/ifmi\/files\/2023\/11\/Helene-BLAISE-1-300x300.jpg 300w, https:\/\/blogs.univ-tlse2.fr\/ifmi\/files\/2023\/11\/Helene-BLAISE-1-1024x1024.jpg 1024w, https:\/\/blogs.univ-tlse2.fr\/ifmi\/files\/2023\/11\/Helene-BLAISE-1-150x150.jpg 150w, https:\/\/blogs.univ-tlse2.fr\/ifmi\/files\/2023\/11\/Helene-BLAISE-1-768x768.jpg 768w, https:\/\/blogs.univ-tlse2.fr\/ifmi\/files\/2023\/11\/Helene-BLAISE-1-1536x1536.jpg 1536w, https:\/\/blogs.univ-tlse2.fr\/ifmi\/files\/2023\/11\/Helene-BLAISE-1-2048x2048.jpg 2048w, https:\/\/blogs.univ-tlse2.fr\/ifmi\/files\/2023\/11\/Helene-BLAISE-1-100x100.jpg 100w\" sizes=\"(max-width: 706px) 89vw, (max-width: 767px) 82vw, 740px\" title=\"H\u00e9l\u00e8ne BLAISE\" alt=\"\" \t\tclass=\"so-widget-image\"\/>\n\t<\/div>\n\n<\/div><\/div><\/div><div id=\"pgc-1255-0-1\"  class=\"panel-grid-cell\" ><div id=\"panel-1255-0-1-0\" class=\"so-panel widget widget_sow-editor panel-first-child panel-last-child\" data-index=\"1\" ><div\n\t\t\t\n\t\t\tclass=\"so-widget-sow-editor so-widget-sow-editor-base\"\n\t\t\t\n\t\t><h3 class=\"widget-title\">H\u00e9l\u00e8ne Blaise<\/h3>\n<div class=\"siteorigin-widget-tinymce textwidget\">\n\t<p>&nbsp;<\/p>\n<p>Professeur permanent<br \/>\n<em>Coordinatrice des \u00e9tudes et r<\/em><em>\u00e9f\u00e9rente p\u00e9dagogique<\/em><\/p>\n<p>Bureau GA 007, B\u00e2t.18 Gai-Savoir<br \/>\n05 61 50 41 76<\/p>\n<\/div>\n<\/div><\/div><\/div><\/div><\/div>","protected":false},"excerpt":{"rendered":"<p>&nbsp; Professeur permanent Coordinatrice des \u00e9tudes et r\u00e9f\u00e9rente p\u00e9dagogique Bureau GA 007, B\u00e2t.18 Gai-Savoir 05 61 50 41 76<\/p>\n","protected":false},"author":391,"featured_media":3172,"parent":1154,"menu_order":3,"comment_status":"closed","ping_status":"closed","template":"","meta":{"footnotes":""},"class_list":["post-1255","page","type-page","status-publish","has-post-thumbnail","hentry"],"_links":{"self":[{"href":"https:\/\/blogs.univ-tlse2.fr\/ifmi\/wp-json\/wp\/v2\/pages\/1255","targetHints":{"allow":["GET"]}}],"collection":[{"href":"https:\/\/blogs.univ-tlse2.fr\/ifmi\/wp-json\/wp\/v2\/pages"}],"about":[{"href":"https:\/\/blogs.univ-tlse2.fr\/ifmi\/wp-json\/wp\/v2\/types\/page"}],"author":[{"embeddable":true,"href":"https:\/\/blogs.univ-tlse2.fr\/ifmi\/wp-json\/wp\/v2\/users\/391"}],"replies":[{"embeddable":true,"href":"https:\/\/blogs.univ-tlse2.fr\/ifmi\/wp-json\/wp\/v2\/comments?post=1255"}],"version-history":[{"count":19,"href":"https:\/\/blogs.univ-tlse2.fr\/ifmi\/wp-json\/wp\/v2\/pages\/1255\/revisions"}],"predecessor-version":[{"id":3616,"href":"https:\/\/blogs.univ-tlse2.fr\/ifmi\/wp-json\/wp\/v2\/pages\/1255\/revisions\/3616"}],"up":[{"embeddable":true,"href":"https:\/\/blogs.univ-tlse2.fr\/ifmi\/wp-json\/wp\/v2\/pages\/1154"}],"wp:featuredmedia":[{"embeddable":true,"href":"https:\/\/blogs.univ-tlse2.fr\/ifmi\/wp-json\/wp\/v2\/media\/3172"}],"wp:attachment":[{"href":"https:\/\/blogs.univ-tlse2.fr\/ifmi\/wp-json\/wp\/v2\/media?parent=1255"}],"curies":[{"name":"wp","href":"https:\/\/api.w.org\/{rel}","templated":true}]}}