 {"id":2155,"date":"2020-11-26T12:04:38","date_gmt":"2020-11-26T11:04:38","guid":{"rendered":"https:\/\/blogs.univ-tlse2.fr\/ifmi\/?page_id=2155"},"modified":"2025-08-26T14:14:48","modified_gmt":"2025-08-26T12:14:48","slug":"parcours-dumi-licence","status":"publish","type":"page","link":"https:\/\/blogs.univ-tlse2.fr\/ifmi\/decouvrir-la-formation\/parcours-dumi-licence\/","title":{"rendered":"Parcours DUMI"},"content":{"rendered":"\n<h2 class=\"wp-block-heading red_row\">Parcours DUMI et DUMI\/Licence<\/h2>\n\n\n\n<p>Le parcours DUMI conduit les \u00e9tudiants \u00e0 acqu\u00e9rir une culture et une technique musicale solides (culture musicale et histoire des arts, \u00e9criture, arrangement, chant et direction, accompagnement), tout en s\u2019ouvrant \u00e0 d\u2019autres langages artistiques \u00e0 travers des cr\u00e9ations (th\u00e9\u00e2tre, danse, po\u00e9sie, arts num\u00e9riques).<\/p>\n\n\n\n<p>Cette formation pluri-disciplinaire permet aux futurs musiciens intervenants d\u2019\u00e9laborer des projets p\u00e9dagogiques innovants et cr\u00e9atifs en milieu scolaire ou dans d\u2019autres contextes.<\/p>\n\n\n\n<p>Le parcours DUMI \u00e9quivaut d\u00e9sormais \u00e0 une licence mais il est \u00e9galement possible d&rsquo;obtenir en parall\u00e8le la licence de <em>Musicologie, parcours B : Interpr\u00e9tation et p\u00e9dagogie musicale sp\u00e9cialis\u00e9e<\/em>, \u00e0 condition de suivre, en plus du DUMI, une option au choix (Langue, Sport, etc&#8230;) et un cours d&rsquo;Histoire de la musique avec le d\u00e9partement Musique de l&rsquo;UT2J, notre universit\u00e9 d&rsquo;accueil.<\/p>\n\n\n\n<div class=\"wp-block-columns is-layout-flex wp-container-core-columns-is-layout-9d6595d7 wp-block-columns-is-layout-flex\">\n<div class=\"wp-block-column is-layout-flow wp-block-column-is-layout-flow\">\n<h2 class=\"wp-block-heading\">La 1\u00e8re ann\u00e9e<\/h2>\n\n\n\n<p>D\u2019un volume de 750h, elle vise \u00e0 renforcer et d\u00e9velopper les comp\u00e9tences musicales et la personnalit\u00e9 artistique. Elle met l&rsquo;accent sur un certain nombre de savoirs et de savoir-faire n\u00e9cessaires \u00e0 la conduite d&rsquo;interventions musicales en milieu scolaire.<\/p>\n\n\n\n<p>De nombreux projets transversaux permettent des rencontres avec des \u00e9tudiants d&rsquo;autres disciplines pour \u00e9laborer des spectacles communs et confronter les exp\u00e9riences p\u00e9dagogiques.<\/p>\n\n\n\n<div class=\"wp-block-buttons is-content-justification-center is-layout-flex wp-container-core-buttons-is-layout-16018d1d wp-block-buttons-is-layout-flex\">\n<div class=\"wp-block-button has-custom-width wp-block-button__width-75 ifmi_button\"><a class=\"wp-block-button__link wp-element-button\" href=\"https:\/\/blogs.univ-tlse2.fr\/ifmi\/la-formation\/parcours-dumi-license\/dumi-1ere-annee\/\">Les cours de 1\u00e8re ann\u00e9e<\/a><\/div>\n<\/div>\n<\/div>\n\n\n\n<div class=\"wp-block-column is-layout-flow wp-block-column-is-layout-flow\">\n<h2 class=\"wp-block-heading\">La 2\u00e8me ann\u00e9e<\/h2>\n\n\n\n<p>Au cours de la deuxi\u00e8me ann\u00e9e de formation, d&rsquo;un volume de 750h environ, l&rsquo;accent est mis sur la mise en pratique des enseignements sur les diff\u00e9rents terrains d&rsquo;exercice rencontr\u00e9s lors de la vie professionnelle du musicien intervenant (cr\u00e8che, milieu scolaire et p\u00e9riscolaire, \u00e9cole de musique etc&#8230;).<\/p>\n\n\n\n<p>C&rsquo;est aussi une ann\u00e9e o\u00f9 l&rsquo;\u00e9tudiant construit son projet personnel professionnel. Pour cela, trois parcours professionnalisants sont propos\u00e9s :&nbsp; direction de choeur,&nbsp;introduction \u00e0 la musicoth\u00e9rapie et mise en oeuvre d&rsquo;un projet artistique ou de m\u00e9diation culturelle.<\/p>\n\n\n\n<p>Enfin, c&rsquo;est l&rsquo;ann\u00e9e de synth\u00e8se \u00e0 l&rsquo;issue de laquelle les \u00e9tudiants soutiennent leur m\u00e9moire de psychop\u00e9dagogie.<\/p>\n\n\n\n<div class=\"wp-block-buttons is-content-justification-center is-layout-flex wp-container-core-buttons-is-layout-16018d1d wp-block-buttons-is-layout-flex\">\n<div class=\"wp-block-button has-custom-width wp-block-button__width-75 ifmi_button\"><a class=\"wp-block-button__link wp-element-button\" href=\"https:\/\/blogs.univ-tlse2.fr\/ifmi\/la-formation\/parcours-dumi-license\/dumi-2eme-annee\/\">Les cours de 2\u00e8me ann\u00e9e<\/a><\/div>\n<\/div>\n<\/div>\n<\/div>\n\n\n\n<p><\/p>\n","protected":false},"excerpt":{"rendered":"<p>Parcours DUMI et DUMI\/Licence Le parcours DUMI conduit les \u00e9tudiants \u00e0 acqu\u00e9rir une culture et une technique musicale solides (culture musicale et histoire des arts, \u00e9criture, arrangement, chant et direction, accompagnement), tout en s\u2019ouvrant \u00e0 d\u2019autres langages artistiques \u00e0 travers des cr\u00e9ations (th\u00e9\u00e2tre, danse, po\u00e9sie, arts num\u00e9riques). Cette formation pluri-disciplinaire permet aux futurs musiciens intervenants &hellip; <\/p>\n<p class=\"link-more\"><a href=\"https:\/\/blogs.univ-tlse2.fr\/ifmi\/decouvrir-la-formation\/parcours-dumi-licence\/\" class=\"more-link\">Continuer la lecture<span class=\"screen-reader-text\"> de &laquo;&nbsp;Parcours DUMI&nbsp;&raquo;<\/span><\/a><\/p>\n","protected":false},"author":391,"featured_media":0,"parent":2192,"menu_order":2,"comment_status":"closed","ping_status":"closed","template":"","meta":{"footnotes":""},"class_list":["post-2155","page","type-page","status-publish","hentry"],"_links":{"self":[{"href":"https:\/\/blogs.univ-tlse2.fr\/ifmi\/wp-json\/wp\/v2\/pages\/2155","targetHints":{"allow":["GET"]}}],"collection":[{"href":"https:\/\/blogs.univ-tlse2.fr\/ifmi\/wp-json\/wp\/v2\/pages"}],"about":[{"href":"https:\/\/blogs.univ-tlse2.fr\/ifmi\/wp-json\/wp\/v2\/types\/page"}],"author":[{"embeddable":true,"href":"https:\/\/blogs.univ-tlse2.fr\/ifmi\/wp-json\/wp\/v2\/users\/391"}],"replies":[{"embeddable":true,"href":"https:\/\/blogs.univ-tlse2.fr\/ifmi\/wp-json\/wp\/v2\/comments?post=2155"}],"version-history":[{"count":13,"href":"https:\/\/blogs.univ-tlse2.fr\/ifmi\/wp-json\/wp\/v2\/pages\/2155\/revisions"}],"predecessor-version":[{"id":3595,"href":"https:\/\/blogs.univ-tlse2.fr\/ifmi\/wp-json\/wp\/v2\/pages\/2155\/revisions\/3595"}],"up":[{"embeddable":true,"href":"https:\/\/blogs.univ-tlse2.fr\/ifmi\/wp-json\/wp\/v2\/pages\/2192"}],"wp:attachment":[{"href":"https:\/\/blogs.univ-tlse2.fr\/ifmi\/wp-json\/wp\/v2\/media?parent=2155"}],"curies":[{"name":"wp","href":"https:\/\/api.w.org\/{rel}","templated":true}]}}