 {"id":2161,"date":"2021-02-02T15:28:25","date_gmt":"2021-02-02T14:28:25","guid":{"rendered":"https:\/\/blogs.univ-tlse2.fr\/ifmi\/?page_id=2161"},"modified":"2024-09-25T10:01:19","modified_gmt":"2024-09-25T08:01:19","slug":"parcours-dumi-de","status":"publish","type":"page","link":"https:\/\/blogs.univ-tlse2.fr\/ifmi\/decouvrir-la-formation\/parcours-dumi-de\/","title":{"rendered":"Parcours DUMI\/DE"},"content":{"rendered":"\n<div class=\"wp-block-columns is-layout-flex wp-container-core-columns-is-layout-9d6595d7 wp-block-columns-is-layout-flex\">\n<div class=\"wp-block-column is-layout-flow wp-block-column-is-layout-flow\" style=\"flex-basis:33.33%\">\n<figure class=\"wp-block-image size-full is-resized\"><img loading=\"lazy\" decoding=\"async\" width=\"1273\" height=\"609\" src=\"https:\/\/blogs.univ-tlse2.fr\/ifmi\/files\/2018\/01\/logo-isdat.png\" alt=\"\" class=\"wp-image-965\" style=\"width:270px;height:130px\" srcset=\"https:\/\/blogs.univ-tlse2.fr\/ifmi\/files\/2018\/01\/logo-isdat.png 1273w, https:\/\/blogs.univ-tlse2.fr\/ifmi\/files\/2018\/01\/logo-isdat-300x144.png 300w, https:\/\/blogs.univ-tlse2.fr\/ifmi\/files\/2018\/01\/logo-isdat-768x367.png 768w, https:\/\/blogs.univ-tlse2.fr\/ifmi\/files\/2018\/01\/logo-isdat-1024x490.png 1024w\" sizes=\"auto, (max-width: 706px) 89vw, (max-width: 767px) 82vw, 740px\" \/><\/figure>\n\n\n\n<hr class=\"wp-block-separator has-text-color has-black-color has-css-opacity has-black-background-color has-background is-style-default\" \/>\n<\/div>\n\n\n\n<div class=\"wp-block-column is-layout-flow wp-block-column-is-layout-flow\" style=\"flex-basis:70%\">\n<h2 class=\"wp-block-heading red_row\">Un double dipl\u00f4me en partenariat avec l&rsquo;isdaT<\/h2>\n\n\n\n<p>L\u2019isdaT et l\u2019IFMI, en collaboration avec l\u2019universit\u00e9 Toulouse \u2013 Jean Jaur\u00e8s, proposent la double formation DE\/DUMI dans les disciplines suivantes : <strong>formation musicale, direction d\u2019ensembles vocaux, musiques traditionnelles<\/strong>.<\/p>\n\n\n\n<p>Cette formation se d\u00e9roule sur 3 ann\u00e9es et offre aux \u00e9tudiant\u00b7es un enseignement pratique et th\u00e9orique riche et exigeant ainsi qu\u2019une ouverture sur diff\u00e9rents dispositifs p\u00e9dagogiques : p\u00e9dagogie de groupe, stages en milieu scolaire, orchestre \u00e0 l\u2019\u00e9cole\u2026 Le concours d\u2019entr\u00e9e met en valeur les qualit\u00e9s de l&rsquo;\u00e9tudiant.e \u00e0 enseigner et \u00e0 transmettre pour le DUMI et les qualit\u00e9s sur le plan instrumental pour le DE. <br><br>Ce double dipl\u00f4me, tr\u00e8s compl\u00e9mentaire, permet l\u2019acquisition de comp\u00e9tences tr\u00e8s recherch\u00e9es par les \u00e9tablissements d\u2018enseignement artistique et autres structures. <\/p>\n\n\n\n<p>En choisissant de pr\u00e9parer ce double dipl\u00f4me, les \u00e9tudiants s&rsquo;engagent \u00e0 suivre les 2 cursus en 3 ans.<\/p>\n\n\n<div id=\"pl-gb2161-69e020168e8d5\"  class=\"panel-layout wp-block-siteorigin-panels-layout-block\" ><div id=\"pg-gb2161-69e020168e8d5-0\"  class=\"panel-grid panel-no-style\" ><div id=\"pgc-gb2161-69e020168e8d5-0-0\"  class=\"panel-grid-cell\" ><div id=\"panel-gb2161-69e020168e8d5-0-0-0\" class=\"so-panel widget widget_sow-accordion panel-first-child panel-last-child\" data-index=\"0\" ><div\n\t\t\t\n\t\t\tclass=\"so-widget-sow-accordion so-widget-sow-accordion-default-99be652ed941-2161\"\n\t\t\t\n\t\t><div>\n\t<div class=\"sow-accordion\">\n\t\t\t<div class=\"sow-accordion-panel\n\t\t sow-accordion-panel-open\t\t\t\"\n\t\t\t\tdata-anchor-id=\"1ere-annee-dumi-1-prioritaire-de-1-allege\">\n\t\t\t\t\t<div class=\"sow-accordion-panel-header-container\" role=\"heading\" aria-level=\"2\">\n\t\t\t\t\t<div class=\"sow-accordion-panel-header\" tabindex=\"0\" role=\"button\" id=\"accordion-label-1%c3%a8re-ann%c3%a9e-dumi-1-prioritaire-de-1-all%c3%a9g%c3%a9\" aria-controls=\"accordion-content-1%c3%a8re-ann%c3%a9e-dumi-1-prioritaire-de-1-all%c3%a9g%c3%a9\" aria-expanded=\"true\">\n\t\t\t\t\t\t<div class=\"sow-accordion-title sow-accordion-title-icon-left\">\n\t\t\t\t\t\t\t\t\t\t\t\t\t\t1\u00e8re ann\u00e9e : DUMI 1 prioritaire + DE 1 all\u00e9g\u00e9\t\t\t\t\t\t\t\t\t\t\t\t\t<\/div>\n\t\t\t\t\t\t<div class=\"sow-accordion-open-close-button\">\n\t\t\t\t\t\t\t<div class=\"sow-accordion-open-button\">\n\t\t\t\t\t\t\t\t<span class=\"sow-icon-ionicons\" data-sow-icon=\"&#xf218;\"\n\t\t \n\t\taria-hidden=\"true\"><\/span>\t\t\t\t\t\t\t<\/div>\n\t\t\t\t\t\t\t<div class=\"sow-accordion-close-button\">\n\t\t\t\t\t\t\t\t<span class=\"sow-icon-ionicons\" data-sow-icon=\"&#xf209;\"\n\t\t \n\t\taria-hidden=\"true\"><\/span>\t\t\t\t\t\t\t<\/div>\n\t\t\t\t\t\t<\/div>\n\t\t\t\t\t<\/div>\n\t\t\t\t<\/div>\n\n\t\t\t<div\n\t\t\t\tclass=\"sow-accordion-panel-content\"\n\t\t\t\trole=\"region\"\n\t\t\t\taria-labelledby=\"accordion-label-1%c3%a8re-ann%c3%a9e-dumi-1-prioritaire-de-1-all%c3%a9g%c3%a9\"\n\t\t\t\tid=\"accordion-content-1%c3%a8re-ann%c3%a9e-dumi-1-prioritaire-de-1-all%c3%a9g%c3%a9\"\n\t\t\t\t\t\t\t>\n\t\t\t\t<div class=\"sow-accordion-panel-border\">\n\t\t\t\t\t<p>Durant la premi\u00e8re ann\u00e9e, les \u00e9tudiants inscrits dans le double parcours, suivent prioritairement les cours collectifs \u00e0 l&rsquo;IFMI et les cours individuels \u00e0 l&rsquo;isdaT. Certains cours sont mutualis\u00e9s.<\/p>\n\t\t\t\t<\/div>\n\t\t\t<\/div>\n\t\t<\/div>\n\t\t\t<div class=\"sow-accordion-panel\n\t\t\t\t\t\"\n\t\t\t\tdata-anchor-id=\"2eme-annee-dumi-2-de-2\">\n\t\t\t\t\t<div class=\"sow-accordion-panel-header-container\" role=\"heading\" aria-level=\"2\">\n\t\t\t\t\t<div class=\"sow-accordion-panel-header\" tabindex=\"0\" role=\"button\" id=\"accordion-label-2%c3%a8me-ann%c3%a9e-dumi-2-de-2\" aria-controls=\"accordion-content-2%c3%a8me-ann%c3%a9e-dumi-2-de-2\" aria-expanded=\"false\">\n\t\t\t\t\t\t<div class=\"sow-accordion-title sow-accordion-title-icon-left\">\n\t\t\t\t\t\t\t\t\t\t\t\t\t\t2\u00e8me ann\u00e9e : DUMI 2 + DE 2\t\t\t\t\t\t\t\t\t\t\t\t\t<\/div>\n\t\t\t\t\t\t<div class=\"sow-accordion-open-close-button\">\n\t\t\t\t\t\t\t<div class=\"sow-accordion-open-button\">\n\t\t\t\t\t\t\t\t<span class=\"sow-icon-ionicons\" data-sow-icon=\"&#xf218;\"\n\t\t \n\t\taria-hidden=\"true\"><\/span>\t\t\t\t\t\t\t<\/div>\n\t\t\t\t\t\t\t<div class=\"sow-accordion-close-button\">\n\t\t\t\t\t\t\t\t<span class=\"sow-icon-ionicons\" data-sow-icon=\"&#xf209;\"\n\t\t \n\t\taria-hidden=\"true\"><\/span>\t\t\t\t\t\t\t<\/div>\n\t\t\t\t\t\t<\/div>\n\t\t\t\t\t<\/div>\n\t\t\t\t<\/div>\n\n\t\t\t<div\n\t\t\t\tclass=\"sow-accordion-panel-content\"\n\t\t\t\trole=\"region\"\n\t\t\t\taria-labelledby=\"accordion-label-2%c3%a8me-ann%c3%a9e-dumi-2-de-2\"\n\t\t\t\tid=\"accordion-content-2%c3%a8me-ann%c3%a9e-dumi-2-de-2\"\n\t\t\t\tstyle=\"display: none;\"\t\t\t>\n\t\t\t\t<div class=\"sow-accordion-panel-border\">\n\t\t\t\t\t<p>En deuxi\u00e8me ann\u00e9e, tout en continuant les cours collectifs \u00e0 l&rsquo;IFMI, les \u00e9tudiants effectuent un stage (tutorat) et un projet artistique \u00e0 vocation p\u00e9dagogique articulant action en milieu scolaire et enseignement en \u00e9cole de musique. Ce stage et ce projet seront valid\u00e9s et cr\u00e9dit\u00e9s par les deux \u00e9tablissements.<\/p>\n\t\t\t\t<\/div>\n\t\t\t<\/div>\n\t\t<\/div>\n\t\t\t<div class=\"sow-accordion-panel\n\t\t\t\t\t\"\n\t\t\t\tdata-anchor-id=\"3eme-annee-de-seul\">\n\t\t\t\t\t<div class=\"sow-accordion-panel-header-container\" role=\"heading\" aria-level=\"2\">\n\t\t\t\t\t<div class=\"sow-accordion-panel-header\" tabindex=\"0\" role=\"button\" id=\"accordion-label-3%c3%a8me-ann%c3%a9e-de-seul\" aria-controls=\"accordion-content-3%c3%a8me-ann%c3%a9e-de-seul\" aria-expanded=\"false\">\n\t\t\t\t\t\t<div class=\"sow-accordion-title sow-accordion-title-icon-left\">\n\t\t\t\t\t\t\t\t\t\t\t\t\t\t3\u00e8me ann\u00e9e : DE seul\t\t\t\t\t\t\t\t\t\t\t\t\t<\/div>\n\t\t\t\t\t\t<div class=\"sow-accordion-open-close-button\">\n\t\t\t\t\t\t\t<div class=\"sow-accordion-open-button\">\n\t\t\t\t\t\t\t\t<span class=\"sow-icon-ionicons\" data-sow-icon=\"&#xf218;\"\n\t\t \n\t\taria-hidden=\"true\"><\/span>\t\t\t\t\t\t\t<\/div>\n\t\t\t\t\t\t\t<div class=\"sow-accordion-close-button\">\n\t\t\t\t\t\t\t\t<span class=\"sow-icon-ionicons\" data-sow-icon=\"&#xf209;\"\n\t\t \n\t\taria-hidden=\"true\"><\/span>\t\t\t\t\t\t\t<\/div>\n\t\t\t\t\t\t<\/div>\n\t\t\t\t\t<\/div>\n\t\t\t\t<\/div>\n\n\t\t\t<div\n\t\t\t\tclass=\"sow-accordion-panel-content\"\n\t\t\t\trole=\"region\"\n\t\t\t\taria-labelledby=\"accordion-label-3%c3%a8me-ann%c3%a9e-de-seul\"\n\t\t\t\tid=\"accordion-content-3%c3%a8me-ann%c3%a9e-de-seul\"\n\t\t\t\tstyle=\"display: none;\"\t\t\t>\n\t\t\t\t<div class=\"sow-accordion-panel-border\">\n\t\t\t\t\t<p>Durant la troisi\u00e8me ann\u00e9e, les \u00e9tudiants termineront leur cursus de DE et\u00a0 passeront les \u00e9preuves de ce dipl\u00f4me.<\/p>\n\t\t\t\t<\/div>\n\t\t\t<\/div>\n\t\t<\/div>\n\t\t<\/div>\n<\/div>\n<\/div><\/div><\/div><\/div><\/div><\/div>\n<\/div>\n\n\n\n<p><\/p>\n","protected":false},"excerpt":{"rendered":"<p>Un double dipl\u00f4me en partenariat avec l&rsquo;isdaT L\u2019isdaT et l\u2019IFMI, en collaboration avec l\u2019universit\u00e9 Toulouse \u2013 Jean Jaur\u00e8s, proposent la double formation DE\/DUMI dans les disciplines suivantes : formation musicale, direction d\u2019ensembles vocaux, musiques traditionnelles. Cette formation se d\u00e9roule sur 3 ann\u00e9es et offre aux \u00e9tudiant\u00b7es un enseignement pratique et th\u00e9orique riche et exigeant ainsi &hellip; <\/p>\n<p class=\"link-more\"><a href=\"https:\/\/blogs.univ-tlse2.fr\/ifmi\/decouvrir-la-formation\/parcours-dumi-de\/\" class=\"more-link\">Continuer la lecture<span class=\"screen-reader-text\"> de &laquo;&nbsp;Parcours DUMI\/DE&nbsp;&raquo;<\/span><\/a><\/p>\n","protected":false},"author":391,"featured_media":0,"parent":2192,"menu_order":3,"comment_status":"closed","ping_status":"closed","template":"","meta":{"footnotes":""},"class_list":["post-2161","page","type-page","status-publish","hentry"],"_links":{"self":[{"href":"https:\/\/blogs.univ-tlse2.fr\/ifmi\/wp-json\/wp\/v2\/pages\/2161","targetHints":{"allow":["GET"]}}],"collection":[{"href":"https:\/\/blogs.univ-tlse2.fr\/ifmi\/wp-json\/wp\/v2\/pages"}],"about":[{"href":"https:\/\/blogs.univ-tlse2.fr\/ifmi\/wp-json\/wp\/v2\/types\/page"}],"author":[{"embeddable":true,"href":"https:\/\/blogs.univ-tlse2.fr\/ifmi\/wp-json\/wp\/v2\/users\/391"}],"replies":[{"embeddable":true,"href":"https:\/\/blogs.univ-tlse2.fr\/ifmi\/wp-json\/wp\/v2\/comments?post=2161"}],"version-history":[{"count":15,"href":"https:\/\/blogs.univ-tlse2.fr\/ifmi\/wp-json\/wp\/v2\/pages\/2161\/revisions"}],"predecessor-version":[{"id":3406,"href":"https:\/\/blogs.univ-tlse2.fr\/ifmi\/wp-json\/wp\/v2\/pages\/2161\/revisions\/3406"}],"up":[{"embeddable":true,"href":"https:\/\/blogs.univ-tlse2.fr\/ifmi\/wp-json\/wp\/v2\/pages\/2192"}],"wp:attachment":[{"href":"https:\/\/blogs.univ-tlse2.fr\/ifmi\/wp-json\/wp\/v2\/media?parent=2161"}],"curies":[{"name":"wp","href":"https:\/\/api.w.org\/{rel}","templated":true}]}}