 {"id":2192,"date":"2020-11-26T15:21:44","date_gmt":"2020-11-26T14:21:44","guid":{"rendered":"https:\/\/blogs.univ-tlse2.fr\/ifmi\/?page_id=2192"},"modified":"2025-06-10T10:33:22","modified_gmt":"2025-06-10T08:33:22","slug":"decouvrir-la-formation","status":"publish","type":"page","link":"https:\/\/blogs.univ-tlse2.fr\/ifmi\/decouvrir-la-formation\/","title":{"rendered":"D\u00e9couvrir la formation"},"content":{"rendered":"\n<h2 class=\"wp-block-heading red_row\">Se former \u00e0 l&rsquo;IFMI de Toulouse<\/h2>\n\n\n\n<div class=\"wp-block-columns is-layout-flex wp-container-core-columns-is-layout-9d6595d7 wp-block-columns-is-layout-flex\">\n<div class=\"wp-block-column is-layout-flow wp-block-column-is-layout-flow\" style=\"flex-basis:50%\">\n<p>La formation au Dipl\u00f4me Universitaire de Musicien Intervenant (DUMI) est une formation de l&rsquo;enseignement sup\u00e9rieur \u00e0 <strong>entr\u00e9e s\u00e9lective et \u00e0 effectif limit\u00e9<\/strong>.<\/p>\n\n\n\n<p>Cette formation professionnalisante repose sur une <strong>alternance de cours, de cr\u00e9ations artistiques et de stages pratiques <\/strong>en \u00e9coles, cr\u00e8ches, instituts m\u00e9dico-\u00e9ducatifs (IME) et maisons d&rsquo;accueil sp\u00e9cialis\u00e9es (MAS)<strong>.<\/strong><\/p>\n\n\n\n<p>Se former \u00e0 l\u2019IFMI pr\u00e9pare tr\u00e8s concr\u00e8tement aux diff\u00e9rents aspects du m\u00e9tier de musicien intervenant. Il pr\u00e9pare ainsi \u00e0 devenir&nbsp; un <strong>musicien p\u00e9dagogue,&nbsp; m\u00e9diateur culturel et artiste interpr\u00e8te au sein d&rsquo;un territoire.<\/strong><\/p>\n<\/div>\n\n\n\n<div class=\"wp-block-column is-vertically-aligned-top is-layout-flow wp-block-column-is-layout-flow\" style=\"flex-basis:50%\"><div class=\"wp-block-image\">\n<figure class=\"alignright size-large\"><img loading=\"lazy\" decoding=\"async\" width=\"544\" height=\"297\" src=\"https:\/\/blogs.univ-tlse2.fr\/ifmi\/files\/2018\/06\/hall-gai-savoir_1474552159372-jpg.jpg\" alt=\"\" class=\"wp-image-1529\" srcset=\"https:\/\/blogs.univ-tlse2.fr\/ifmi\/files\/2018\/06\/hall-gai-savoir_1474552159372-jpg.jpg 544w, https:\/\/blogs.univ-tlse2.fr\/ifmi\/files\/2018\/06\/hall-gai-savoir_1474552159372-jpg-300x164.jpg 300w\" sizes=\"auto, (max-width: 544px) 100vw, 544px\" \/><\/figure>\n<\/div><\/div>\n<\/div>\n\n\n\n<p><\/p>\n\n\n\n<div class=\"wp-block-columns is-layout-flex wp-container-core-columns-is-layout-9d6595d7 wp-block-columns-is-layout-flex\">\n<div class=\"wp-block-column is-vertically-aligned-center is-layout-flow wp-block-column-is-layout-flow\" style=\"flex-basis:20%\">\n<figure class=\"wp-block-gallery has-nested-images columns-default wp-block-gallery-1 is-layout-flex wp-block-gallery-is-layout-flex\">\n<figure class=\"wp-block-image\"><img decoding=\"async\" src=\"https:\/\/lesla.univ-lyon2.fr\/medias\/photo\/logofc-certification-rncp_1673948622406-png?ID_FICHE=1025630\" alt=\"Logo RNCP\" \/><\/figure>\n<\/figure>\n<\/div>\n\n\n\n<div class=\"wp-block-column is-layout-flow wp-block-column-is-layout-flow\" style=\"flex-basis:80%\">\n<p>Le DUMI est inscrit au <a href=\"https:\/\/www.francecompetences.fr\/recherche_certificationprofessionnelle\/\">R\u00e9pertoire National des Certifications Professionnelles<\/a> et, depuis 2017,  il est un <strong>dipl\u00f4me de niveau 6 (\u00e9quivalent \u00e0 une Licence)<\/strong>.<br>Nous conseillons aux musicien\u00b7nes intervenant\u00b7es dipl\u00f4m\u00e9\u00b7es avant 2017 de joindre \u00e0 leur DUMI <a href=\"https:\/\/www.francecompetences.fr\/recherche\/rncp\/36880\/\">la fiche descriptive du RNCP<\/a>.<\/p>\n<\/div>\n<\/div>\n\n\n\n<hr class=\"wp-block-separator has-alpha-channel-opacity\" \/>\n\n\n\n<p class=\"has-text-align-center\">Pour en savoir plus sur les parcours de formations possibles :<\/p>\n\n\n\n<div class=\"wp-block-buttons is-content-justification-center is-layout-flex wp-container-core-buttons-is-layout-16018d1d wp-block-buttons-is-layout-flex\">\n<div class=\"wp-block-button has-custom-width wp-block-button__width-25 ifmi_button\"><a class=\"wp-block-button__link wp-element-button\" href=\"https:\/\/blogs.univ-tlse2.fr\/ifmi\/decouvrir-la-formation\/parcours-dumi-licence\/\">Parcours DUMI<\/a><\/div>\n\n\n\n<div class=\"wp-block-button has-custom-width wp-block-button__width-25 ifmi_button\"><a class=\"wp-block-button__link wp-element-button\" href=\"https:\/\/blogs.univ-tlse2.fr\/ifmi\/decouvrir-la-formation\/parcours-dumi-de\/\">Parcours DUMI\/DE<\/a><\/div>\n\n\n\n<div class=\"wp-block-button has-custom-width wp-block-button__width-25 ifmi_button\"><a class=\"wp-block-button__link wp-element-button\" href=\"https:\/\/blogs.univ-tlse2.fr\/ifmi\/decouvrir-la-formation\/vae\/\">VAE<\/a><\/div>\n<\/div>\n\n\n\n<div class=\"wp-block-buttons is-layout-flex wp-block-buttons-is-layout-flex\"><\/div>\n","protected":false},"excerpt":{"rendered":"<p>Se former \u00e0 l&rsquo;IFMI de Toulouse La formation au Dipl\u00f4me Universitaire de Musicien Intervenant (DUMI) est une formation de l&rsquo;enseignement sup\u00e9rieur \u00e0 entr\u00e9e s\u00e9lective et \u00e0 effectif limit\u00e9. Cette formation professionnalisante repose sur une alternance de cours, de cr\u00e9ations artistiques et de stages pratiques en \u00e9coles, cr\u00e8ches, instituts m\u00e9dico-\u00e9ducatifs (IME) et maisons d&rsquo;accueil sp\u00e9cialis\u00e9es (MAS). &hellip; <\/p>\n<p class=\"link-more\"><a href=\"https:\/\/blogs.univ-tlse2.fr\/ifmi\/decouvrir-la-formation\/\" class=\"more-link\">Continuer la lecture<span class=\"screen-reader-text\"> de &laquo;&nbsp;D\u00e9couvrir la formation&nbsp;&raquo;<\/span><\/a><\/p>\n","protected":false},"author":391,"featured_media":0,"parent":0,"menu_order":0,"comment_status":"closed","ping_status":"closed","template":"","meta":{"footnotes":""},"class_list":["post-2192","page","type-page","status-publish","hentry"],"_links":{"self":[{"href":"https:\/\/blogs.univ-tlse2.fr\/ifmi\/wp-json\/wp\/v2\/pages\/2192","targetHints":{"allow":["GET"]}}],"collection":[{"href":"https:\/\/blogs.univ-tlse2.fr\/ifmi\/wp-json\/wp\/v2\/pages"}],"about":[{"href":"https:\/\/blogs.univ-tlse2.fr\/ifmi\/wp-json\/wp\/v2\/types\/page"}],"author":[{"embeddable":true,"href":"https:\/\/blogs.univ-tlse2.fr\/ifmi\/wp-json\/wp\/v2\/users\/391"}],"replies":[{"embeddable":true,"href":"https:\/\/blogs.univ-tlse2.fr\/ifmi\/wp-json\/wp\/v2\/comments?post=2192"}],"version-history":[{"count":36,"href":"https:\/\/blogs.univ-tlse2.fr\/ifmi\/wp-json\/wp\/v2\/pages\/2192\/revisions"}],"predecessor-version":[{"id":3579,"href":"https:\/\/blogs.univ-tlse2.fr\/ifmi\/wp-json\/wp\/v2\/pages\/2192\/revisions\/3579"}],"wp:attachment":[{"href":"https:\/\/blogs.univ-tlse2.fr\/ifmi\/wp-json\/wp\/v2\/media?parent=2192"}],"curies":[{"name":"wp","href":"https:\/\/api.w.org\/{rel}","templated":true}]}}