 {"id":2199,"date":"2021-02-02T16:18:11","date_gmt":"2021-02-02T15:18:11","guid":{"rendered":"https:\/\/blogs.univ-tlse2.fr\/ifmi\/?page_id=2199"},"modified":"2024-09-20T13:47:23","modified_gmt":"2024-09-20T11:47:23","slug":"decouvrir-les-metiers-2","status":"publish","type":"page","link":"https:\/\/blogs.univ-tlse2.fr\/ifmi\/decouvrir-les-metiers-2\/","title":{"rendered":"D\u00e9couvrir les m\u00e9tiers 2"},"content":{"rendered":"\n<h2 class=\"wp-block-heading red_row\">Le musicien intervenant<\/h2>\n\n\n\n<p class=\"has-text-align-center with_double_margin_bottom has-text-color has-medium-font-size\" style=\"color:#8c949a\"><strong>Un m\u00e9tier aux multiples facettes, pour un d\u00e9veloppement des pratiques musicales dans les territoires<\/strong><\/p>\n\n\n\n<div class=\"wp-block-columns is-layout-flex wp-container-core-columns-is-layout-9d6595d7 wp-block-columns-is-layout-flex\">\n<div class=\"wp-block-column is-vertically-aligned-center is-layout-flow wp-block-column-is-layout-flow\" style=\"flex-basis:33.33%\"><div class=\"wp-block-image\">\n<figure class=\"aligncenter size-large\"><img loading=\"lazy\" decoding=\"async\" width=\"1024\" height=\"682\" src=\"https:\/\/blogs.univ-tlse2.fr\/ifmi\/files\/2021\/01\/ut2j_concert_ifmi_12_02_2019-233.jpg\" alt=\"\" class=\"wp-image-2377\" srcset=\"https:\/\/blogs.univ-tlse2.fr\/ifmi\/files\/2021\/01\/ut2j_concert_ifmi_12_02_2019-233.jpg 1024w, https:\/\/blogs.univ-tlse2.fr\/ifmi\/files\/2021\/01\/ut2j_concert_ifmi_12_02_2019-233-300x200.jpg 300w, https:\/\/blogs.univ-tlse2.fr\/ifmi\/files\/2021\/01\/ut2j_concert_ifmi_12_02_2019-233-768x512.jpg 768w, https:\/\/blogs.univ-tlse2.fr\/ifmi\/files\/2021\/01\/ut2j_concert_ifmi_12_02_2019-233-272x182.jpg 272w\" sizes=\"auto, (max-width: 706px) 89vw, (max-width: 767px) 82vw, 740px\" \/><\/figure>\n<\/div><\/div>\n\n\n\n<div class=\"wp-block-column is-vertically-aligned-center is-layout-flow wp-block-column-is-layout-flow\" style=\"flex-basis:66.66%\">\n<p><strong>Il est un musicien confirm\u00e9<br><\/strong>Pourvu d\u2019une solide formation instrumentale et th\u00e9orique et ayant acquis une formation sp\u00e9cifique aux diff\u00e9rents aspects du m\u00e9tier, il est ouvert \u00e0 une pluralit\u00e9 de cultures et de styles musicaux. L\u2019\u00e9ventail de ses comp\u00e9tences l\u2019am\u00e8ne \u00e0 chanter, diriger, improviser, composer et arranger,\u2026 Il est initi\u00e9 \u00e0 la prise de son, aux traitements \u00e9lectro-acoustiques et \u00e0 la MAO.<\/p>\n<\/div>\n<\/div>\n\n\n\n<div class=\"wp-block-columns is-layout-flex wp-container-core-columns-is-layout-9d6595d7 wp-block-columns-is-layout-flex\">\n<div class=\"wp-block-column is-vertically-aligned-center is-layout-flow wp-block-column-is-layout-flow\" style=\"flex-basis:66.66%\">\n<p class=\"has-text-align-right\"><strong>Il est un p\u00e9dagogue<br><\/strong>Il a une connaissance de l\u2019enfant et de la gestion des groupes ; par des d\u00e9marches actives et ludiques, il d\u00e9veloppe une pratique artistique vocale et instrumentale o\u00f9 les activit\u00e9s d\u2019interpr\u00e9tation, d\u2019\u00e9coute et de cr\u00e9ation se conjuguent pour assurer une \u00e9ducation musicale de qualit\u00e9. Il donne le plaisir et les moyens d\u2019acc\u00e9der \u00e0 la musique.<\/p>\n<\/div>\n\n\n\n<div class=\"wp-block-column is-vertically-aligned-center is-layout-flow wp-block-column-is-layout-flow\" style=\"flex-basis:33.33%\"><div class=\"wp-block-image\">\n<figure class=\"aligncenter size-large\"><img loading=\"lazy\" decoding=\"async\" width=\"1024\" height=\"575\" src=\"https:\/\/blogs.univ-tlse2.fr\/ifmi\/files\/2021\/01\/DSC001322.jpg\" alt=\"\" class=\"wp-image-2375\" srcset=\"https:\/\/blogs.univ-tlse2.fr\/ifmi\/files\/2021\/01\/DSC001322.jpg 1024w, https:\/\/blogs.univ-tlse2.fr\/ifmi\/files\/2021\/01\/DSC001322-300x168.jpg 300w, https:\/\/blogs.univ-tlse2.fr\/ifmi\/files\/2021\/01\/DSC001322-768x431.jpg 768w\" sizes=\"auto, (max-width: 706px) 89vw, (max-width: 767px) 82vw, 740px\" \/><\/figure>\n<\/div><\/div>\n<\/div>\n\n\n\n<div class=\"wp-block-columns is-layout-flex wp-container-core-columns-is-layout-9d6595d7 wp-block-columns-is-layout-flex\">\n<div class=\"wp-block-column is-vertically-aligned-center is-layout-flow wp-block-column-is-layout-flow\" style=\"flex-basis:33.33%\"><div class=\"wp-block-image\">\n<figure class=\"aligncenter size-large\"><img loading=\"lazy\" decoding=\"async\" width=\"1024\" height=\"682\" src=\"https:\/\/blogs.univ-tlse2.fr\/ifmi\/files\/2021\/01\/ut2j_concert_ifmi_12_02_2019-472.jpg\" alt=\"\" class=\"wp-image-2378\" srcset=\"https:\/\/blogs.univ-tlse2.fr\/ifmi\/files\/2021\/01\/ut2j_concert_ifmi_12_02_2019-472.jpg 1024w, https:\/\/blogs.univ-tlse2.fr\/ifmi\/files\/2021\/01\/ut2j_concert_ifmi_12_02_2019-472-300x200.jpg 300w, https:\/\/blogs.univ-tlse2.fr\/ifmi\/files\/2021\/01\/ut2j_concert_ifmi_12_02_2019-472-768x512.jpg 768w, https:\/\/blogs.univ-tlse2.fr\/ifmi\/files\/2021\/01\/ut2j_concert_ifmi_12_02_2019-472-272x182.jpg 272w\" sizes=\"auto, (max-width: 706px) 89vw, (max-width: 767px) 82vw, 740px\" \/><\/figure>\n<\/div><\/div>\n\n\n\n<div class=\"wp-block-column is-vertically-aligned-center is-layout-flow wp-block-column-is-layout-flow\" style=\"flex-basis:66.66%\">\n<p><strong>Il est un acteur du d\u00e9veloppement culturel local.&nbsp;<br><\/strong>Sa connaissance des institutions et de la gestion de projets lui permet de mener des actions artistiques originales et vari\u00e9es et l\u2019am\u00e8ne localement \u00e0 entrer en contact avec les \u00e9lus et \u00e0 travailler avec les acteurs de l\u2019\u00e9ducation artistique et culturelle<\/p>\n<\/div>\n<\/div>\n\n\n\n<p><strong>Les actions du musicien intervenant<\/strong><\/p>\n\n\n\n<ul class=\"wp-block-list listeVAE\">\n<li>d\u00e9velopper des projets musicaux \u00e0 l\u2019\u00e9cole, \u00e0 l\u2019\u00e9cole de musique, en partenariat avec les \u00e9quipes \u00e9ducatives<\/li>\n\n\n\n<li>valoriser ces projets sous forme de productions finales (concerts, enregistrements,\u2026)<\/li>\n\n\n\n<li>organiser, pr\u00e9parer et participer \u00e0 des actions de diffusion musicale en direction du jeune public<\/li>\n\n\n\n<li>concevoir et r\u00e9aliser des supports p\u00e9dagogiques<\/li>\n\n\n\n<li>faire le lien entre les projets men\u00e9s \u00e0 l\u2019\u00e9cole primaire et maternelle et ceux men\u00e9s \u00e0 l\u2019\u00e9cole de musique ou dans d\u2019autres structures ; ces partenariats peuvent m\u00ealer diverses formes d\u2019expression artistique (cin\u00e9ma, danse, litt\u00e9rature\u2026).\u00a0<\/li>\n<\/ul>\n\n\n\n<div class=\"wp-block-columns is-layout-flex wp-container-core-columns-is-layout-9d6595d7 wp-block-columns-is-layout-flex\">\n<div class=\"wp-block-column is-layout-flow wp-block-column-is-layout-flow\"><\/div>\n<\/div>\n\n\n\n<div class=\"wp-block-columns is-layout-flex wp-container-core-columns-is-layout-9d6595d7 wp-block-columns-is-layout-flex\">\n<div class=\"wp-block-column is-vertically-aligned-center is-layout-flow wp-block-column-is-layout-flow\" style=\"flex-basis:33.33%\"><div class=\"wp-block-image\">\n<figure class=\"aligncenter size-large\"><img loading=\"lazy\" decoding=\"async\" width=\"1024\" height=\"575\" src=\"https:\/\/blogs.univ-tlse2.fr\/ifmi\/files\/2021\/01\/DSC00227-22.jpg\" alt=\"\" class=\"wp-image-2374\" srcset=\"https:\/\/blogs.univ-tlse2.fr\/ifmi\/files\/2021\/01\/DSC00227-22.jpg 1024w, https:\/\/blogs.univ-tlse2.fr\/ifmi\/files\/2021\/01\/DSC00227-22-300x168.jpg 300w, https:\/\/blogs.univ-tlse2.fr\/ifmi\/files\/2021\/01\/DSC00227-22-768x431.jpg 768w\" sizes=\"auto, (max-width: 706px) 89vw, (max-width: 767px) 82vw, 740px\" \/><\/figure>\n<\/div><\/div>\n\n\n\n<div class=\"wp-block-column is-vertically-aligned-center is-layout-flow wp-block-column-is-layout-flow\" style=\"flex-basis:66.66%\">\n<p><strong>Des lieux d\u2019exercice vari\u00e9s<\/strong><\/p>\n\n\n\n<p>Outre l\u2019\u00e9cole \u00e9l\u00e9mentaire et pr\u00e9-\u00e9l\u00e9mentaire, les \u00e9coles de musique et les associations culturelles (chorales, orchestres d\u2019harmonie, groupes de musiques vivantes\u2026), le musicien intervenant peut \u00eatre amen\u00e9 \u00e0 intervenir dans les<\/p>\n\n\n\n<ul class=\"wp-block-list listeVAE\">\n<li>milieux sp\u00e9cialis\u00e9s tels que cr\u00e8ches, h\u00f4pitaux, maisons de retraite, centres p\u00e9nitentiaires\u2026<\/li>\n\n\n\n<li>lieux de diffusion musicale et artistique (orchestre, th\u00e9\u00e2tre, troupe de danse\u2026)<\/li>\n\n\n\n<li>centres socio-culturels, maisons de quartier, centres de loisirs communaux\u2026<\/li>\n<\/ul>\n\n\n\n<p><\/p>\n<\/div>\n<\/div>\n","protected":false},"excerpt":{"rendered":"<p>Le musicien intervenant Un m\u00e9tier aux multiples facettes, pour un d\u00e9veloppement des pratiques musicales dans les territoires Il est un musicien confirm\u00e9Pourvu d\u2019une solide formation instrumentale et th\u00e9orique et ayant acquis une formation sp\u00e9cifique aux diff\u00e9rents aspects du m\u00e9tier, il est ouvert \u00e0 une pluralit\u00e9 de cultures et de styles musicaux. L\u2019\u00e9ventail de ses comp\u00e9tences &hellip; <\/p>\n<p class=\"link-more\"><a href=\"https:\/\/blogs.univ-tlse2.fr\/ifmi\/decouvrir-les-metiers-2\/\" class=\"more-link\">Continuer la lecture<span class=\"screen-reader-text\"> de &laquo;&nbsp;D\u00e9couvrir les m\u00e9tiers 2&nbsp;&raquo;<\/span><\/a><\/p>\n","protected":false},"author":391,"featured_media":0,"parent":0,"menu_order":0,"comment_status":"closed","ping_status":"closed","template":"","meta":{"footnotes":""},"class_list":["post-2199","page","type-page","status-publish","hentry"],"_links":{"self":[{"href":"https:\/\/blogs.univ-tlse2.fr\/ifmi\/wp-json\/wp\/v2\/pages\/2199","targetHints":{"allow":["GET"]}}],"collection":[{"href":"https:\/\/blogs.univ-tlse2.fr\/ifmi\/wp-json\/wp\/v2\/pages"}],"about":[{"href":"https:\/\/blogs.univ-tlse2.fr\/ifmi\/wp-json\/wp\/v2\/types\/page"}],"author":[{"embeddable":true,"href":"https:\/\/blogs.univ-tlse2.fr\/ifmi\/wp-json\/wp\/v2\/users\/391"}],"replies":[{"embeddable":true,"href":"https:\/\/blogs.univ-tlse2.fr\/ifmi\/wp-json\/wp\/v2\/comments?post=2199"}],"version-history":[{"count":35,"href":"https:\/\/blogs.univ-tlse2.fr\/ifmi\/wp-json\/wp\/v2\/pages\/2199\/revisions"}],"predecessor-version":[{"id":3379,"href":"https:\/\/blogs.univ-tlse2.fr\/ifmi\/wp-json\/wp\/v2\/pages\/2199\/revisions\/3379"}],"wp:attachment":[{"href":"https:\/\/blogs.univ-tlse2.fr\/ifmi\/wp-json\/wp\/v2\/media?parent=2199"}],"curies":[{"name":"wp","href":"https:\/\/api.w.org\/{rel}","templated":true}]}}