 {"id":2339,"date":"2021-01-04T16:30:38","date_gmt":"2021-01-04T15:30:38","guid":{"rendered":"https:\/\/blogs.univ-tlse2.fr\/ifmi\/?page_id=2339"},"modified":"2026-01-26T15:26:33","modified_gmt":"2026-01-26T14:26:33","slug":"rejoindre-lifmi","status":"publish","type":"page","link":"https:\/\/blogs.univ-tlse2.fr\/ifmi\/rejoindre-lifmi\/","title":{"rendered":"Rejoindre l&rsquo;IFMI p\u00e9riode recrutement"},"content":{"rendered":"\n<h2 class=\"wp-block-heading red_row\" id=\"DUMISEUL\">Pr\u00e9requis \u00e0 l&rsquo;inscription aux tests d&rsquo;entr\u00e9e de l&rsquo;IFMI<\/h2>\n\n\n\n<p>Sont autoris\u00e9es \u00e0 candidater les personnes <strong>titulaires du Baccalaur\u00e9at ou d\u2019un dipl\u00f4me de niveau \u00e9quivalent<\/strong>. En outre, \u00e0 la date d&rsquo;entr\u00e9e en formation, les candidat.e.s devront t\u00e9moigner de deux ann\u00e9es d\u2019\u00e9tudes ou d\u2019activit\u00e9 professionnelle post-bac ainsi que d\u2019un niveau musical \u00e9quivalent \u00e0 un cycle 3 de Conservatoire.<\/p>\n\n\n\n<h2 class=\"wp-block-heading red_row\" id=\"DUMISEUL\">Candidater \u00e0 la formation DUMI<\/h2>\n\n\n\n<div class=\"wp-block-columns no_margin_top no_margin_bottom is-layout-flex wp-container-core-columns-is-layout-9d6595d7 wp-block-columns-is-layout-flex\">\n<div class=\"wp-block-column is-vertically-aligned-center is-layout-flow wp-block-column-is-layout-flow\" style=\"flex-basis:25%\">\n<figure class=\"wp-block-image size-full\"><img loading=\"lazy\" decoding=\"async\" width=\"500\" height=\"500\" src=\"https:\/\/blogs.univ-tlse2.fr\/ifmi\/files\/2025\/06\/Vignette-Tests-dentree.png\" alt=\"\" class=\"wp-image-3637\" srcset=\"https:\/\/blogs.univ-tlse2.fr\/ifmi\/files\/2025\/06\/Vignette-Tests-dentree.png 500w, https:\/\/blogs.univ-tlse2.fr\/ifmi\/files\/2025\/06\/Vignette-Tests-dentree-300x300.png 300w, https:\/\/blogs.univ-tlse2.fr\/ifmi\/files\/2025\/06\/Vignette-Tests-dentree-150x150.png 150w, https:\/\/blogs.univ-tlse2.fr\/ifmi\/files\/2025\/06\/Vignette-Tests-dentree-100x100.png 100w\" sizes=\"auto, (max-width: 500px) 100vw, 500px\" \/><\/figure>\n<\/div>\n\n\n\n<div class=\"wp-block-column is-vertically-aligned-center is-layout-flow wp-block-column-is-layout-flow\" style=\"flex-basis:66.66%\">\n<p>La date limite de candidature \u00e0 la deuxi\u00e8me session de tests d&rsquo;entr\u00e9e est fix\u00e9e au <strong>16 avril 2026 inclus<\/strong>. <br>D\u00e8s r\u00e9ception de votre dossier d&rsquo;inscription aux tests d&rsquo;entr\u00e9e complet, <a href=\"https:\/\/blogs.univ-tlse2.fr\/ifmi\/files\/2024\/05\/Annexe-2-Pieces-a-joindre-au-dossier-dinscription-IFMI-2024-V3-02.05.24.pdf\" data-type=\"attachment\" data-id=\"3329\">pi\u00e8ces justificatives et documents officiels inclus<\/a>, vous recevrez un accus\u00e9 de r\u00e9ception. <br>La convocation officielle aux \u00e9preuves vous sera envoy\u00e9e par courriel le vendredi 17 avril.<\/p>\n\n\n\n<p class=\"has-text-align-center\" style=\"font-size:16px\"><strong>Vous pouvez d\u00e8s \u00e0 pr\u00e9sent vous inscrire \u00e0 cette session de tests d&rsquo;entr\u00e9e en remplissant le formulaire ci-dessous<\/strong> :<\/p>\n\n\n\n<div class=\"wp-block-buttons no_margin_top is-content-justification-center is-nowrap is-layout-flex wp-container-core-buttons-is-layout-4ee1cfce wp-block-buttons-is-layout-flex\">\n<div class=\"wp-block-button has-custom-width wp-block-button__width-50 ifmi_button with_double_margin_bottom with_no_margin_top\"><a class=\"wp-block-button__link wp-element-button\" href=\"https:\/\/form.jotform.com\/260253087686363\">Formulaire d&rsquo;inscription aux tests d&rsquo;entr\u00e9e de l&rsquo;IFMI 2026<\/a><\/div>\n<\/div>\n<\/div>\n<\/div>\n\n\n\n<hr class=\"wp-block-separator has-text-color has-white-color has-css-opacity has-white-background-color has-background with_margin_top\" \/>\n\n\n\n<p>Afin de r\u00e9pondre \u00e0 vos questions et recevoir des compl\u00e9ments d&rsquo;information utiles, nous vous invitons \u00e0 contacter par mail l&rsquo;adresse suivante <a href=\"&#x6d;&#x61;&#x69;&#108;&#116;o:i&#x66;&#x6d;&#x69;&#x40;&#117;niv&#x2d;&#x74;&#x6c;&#x73;&#101;2&#46;f&#x72;\">&#105;&#x66;&#109;&#x69;&#64;&#x75;n&#x69;v&#x2d;t&#x6c;s&#x65;2&#46;&#x66;&#114;<\/a>.<\/p>\n\n\n\n<p>Enfin, en attendant le descriptif d\u00e9taill\u00e9 des tests d&rsquo;entr\u00e9e qui vous sera communiqu\u00e9 avec l&rsquo;accus\u00e9 de r\u00e9ception de votre candidature, vous trouverez une description succincte du <strong>contenu des diff\u00e9rentes \u00e9preuves<\/strong> via le lien ci-dessous .<\/p>\n\n\n\n<div class=\"wp-block-buttons with_no_margin_top with_margin_bottom is-content-justification-center is-layout-flex wp-container-core-buttons-is-layout-16018d1d wp-block-buttons-is-layout-flex\">\n<div class=\"wp-block-button has-custom-width wp-block-button__width-50 ifmi_button\"><a class=\"wp-block-button__link wp-element-button\" href=\"https:\/\/blogs.univ-tlse2.fr\/ifmi\/a-propos-des-tests-dentree-de-lifmi-de-toulouse\/\">En savoir plus sur le contenu des tests d&rsquo;entr\u00e9e de l&rsquo;IFMI<\/a><\/div>\n<\/div>\n\n\n\n<p class=\"has-text-align-left has-normal-font-size\"><\/p>\n\n\n\n<h2 class=\"wp-block-heading red_row with_double_margin_top\">Candidater \u00e0 la formation DE \/ DUMI<\/h2>\n\n\n\n<p>L&rsquo;IFMI et l&rsquo;\u2019isdaT (Institut Sup\u00e9rieur des Arts et du Design de Toulouse) proposent la double formation DE\/DUMI, sur 3 ans, dans les disciplines suivantes : <strong>formation musicale, direction d\u2019ensembles vocaux, musiques traditionnelles<\/strong>.<br>Vous trouverez les informations sp\u00e9cifiques au double cursus sur le site de l&rsquo;isdaT (parcours \u00e9ligibles, dur\u00e9e de formation, etc.) en suivant <a href=\"https:\/\/www.isdat.fr\/se-former\/formation-initiale\/de-musique\/\" target=\"_blank\" rel=\"noreferrer noopener\">ce lien<\/a>.<br>Vous trouverez les modalit\u00e9s de candidature sur <a href=\"https:\/\/www.isdat.fr\/admission-vie-etudiante\/admission-formation-initiale\/musique\/#en-de-musique\" target=\"_blank\" rel=\"noreferrer noopener\">cette page.<\/a><\/p>\n\n\n\n<p class=\"no_margin_bottom\"><strong>Les pr\u00e9-inscriptions aux tests d&rsquo;entr\u00e9e \u00e0 la formation DE \/ DUMI sont ouvertes du 6 janvier au 25 f\u00e9vrier 2026<\/strong>. Vous pouvez effectuer votre d\u00e9marche en cliquant sur le bouton ci-dessous :<\/p>\n\n\n\n<div class=\"wp-block-buttons ifmi_button with_margin_bottom is-horizontal is-content-justification-center is-layout-flex wp-container-core-buttons-is-layout-499968f5 wp-block-buttons-is-layout-flex\">\n<div class=\"wp-block-button\"><a class=\"wp-block-button__link has-black-color has-text-color has-background wp-element-button\" href=\"https:\/\/www.isdat.fr\/admission-vie-etudiante\/admission-formation-initiale\/musique\/#calendrier-d-admission-en-de\" style=\"background-color:#f48a56\">S&rsquo;inscrire aux tests d&rsquo;entr\u00e9e \u00e0 la formation DE \/ DUMI<\/a><\/div>\n<\/div>\n","protected":false},"excerpt":{"rendered":"<p>Pr\u00e9requis \u00e0 l&rsquo;inscription aux tests d&rsquo;entr\u00e9e de l&rsquo;IFMI Sont autoris\u00e9es \u00e0 candidater les personnes titulaires du Baccalaur\u00e9at ou d\u2019un dipl\u00f4me de niveau \u00e9quivalent. En outre, \u00e0 la date d&rsquo;entr\u00e9e en formation, les candidat.e.s devront t\u00e9moigner de deux ann\u00e9es d\u2019\u00e9tudes ou d\u2019activit\u00e9 professionnelle post-bac ainsi que d\u2019un niveau musical \u00e9quivalent \u00e0 un cycle 3 de Conservatoire. &hellip; <\/p>\n<p class=\"link-more\"><a href=\"https:\/\/blogs.univ-tlse2.fr\/ifmi\/rejoindre-lifmi\/\" class=\"more-link\">Continuer la lecture<span class=\"screen-reader-text\"> de &laquo;&nbsp;Rejoindre l&rsquo;IFMI p\u00e9riode recrutement&nbsp;&raquo;<\/span><\/a><\/p>\n","protected":false},"author":391,"featured_media":0,"parent":0,"menu_order":0,"comment_status":"closed","ping_status":"closed","template":"","meta":{"footnotes":""},"class_list":["post-2339","page","type-page","status-publish","hentry"],"_links":{"self":[{"href":"https:\/\/blogs.univ-tlse2.fr\/ifmi\/wp-json\/wp\/v2\/pages\/2339","targetHints":{"allow":["GET"]}}],"collection":[{"href":"https:\/\/blogs.univ-tlse2.fr\/ifmi\/wp-json\/wp\/v2\/pages"}],"about":[{"href":"https:\/\/blogs.univ-tlse2.fr\/ifmi\/wp-json\/wp\/v2\/types\/page"}],"author":[{"embeddable":true,"href":"https:\/\/blogs.univ-tlse2.fr\/ifmi\/wp-json\/wp\/v2\/users\/391"}],"replies":[{"embeddable":true,"href":"https:\/\/blogs.univ-tlse2.fr\/ifmi\/wp-json\/wp\/v2\/comments?post=2339"}],"version-history":[{"count":156,"href":"https:\/\/blogs.univ-tlse2.fr\/ifmi\/wp-json\/wp\/v2\/pages\/2339\/revisions"}],"predecessor-version":[{"id":3653,"href":"https:\/\/blogs.univ-tlse2.fr\/ifmi\/wp-json\/wp\/v2\/pages\/2339\/revisions\/3653"}],"wp:attachment":[{"href":"https:\/\/blogs.univ-tlse2.fr\/ifmi\/wp-json\/wp\/v2\/media?parent=2339"}],"curies":[{"name":"wp","href":"https:\/\/api.w.org\/{rel}","templated":true}]}}