 {"id":3224,"date":"2024-01-25T13:59:01","date_gmt":"2024-01-25T12:59:01","guid":{"rendered":"https:\/\/blogs.univ-tlse2.fr\/ifmi\/?page_id=3224"},"modified":"2026-01-26T15:26:31","modified_gmt":"2026-01-26T14:26:31","slug":"accueil-jpo-te","status":"publish","type":"page","link":"https:\/\/blogs.univ-tlse2.fr\/ifmi\/","title":{"rendered":"Accueil (JPO + TE)"},"content":{"rendered":"\n<div class=\"wp-block-columns with_double_margin_bottom is-layout-flex wp-container-core-columns-is-layout-9d6595d7 wp-block-columns-is-layout-flex\">\n<div class=\"wp-block-column is-layout-flow wp-block-column-is-layout-flow\" style=\"flex-basis:40%\"><div class=\"wp-block-image\">\n<figure class=\"aligncenter size-large\"><img loading=\"lazy\" decoding=\"async\" width=\"1024\" height=\"684\" src=\"https:\/\/blogs.univ-tlse2.fr\/ifmi\/files\/2018\/02\/ut2j_concert_fabrique_if-219-2000x1335-light-1024x684.jpg\" alt=\"\" class=\"wp-image-1291\" srcset=\"https:\/\/blogs.univ-tlse2.fr\/ifmi\/files\/2018\/02\/ut2j_concert_fabrique_if-219-2000x1335-light-1024x684.jpg 1024w, https:\/\/blogs.univ-tlse2.fr\/ifmi\/files\/2018\/02\/ut2j_concert_fabrique_if-219-2000x1335-light-300x200.jpg 300w, https:\/\/blogs.univ-tlse2.fr\/ifmi\/files\/2018\/02\/ut2j_concert_fabrique_if-219-2000x1335-light-768x513.jpg 768w, https:\/\/blogs.univ-tlse2.fr\/ifmi\/files\/2018\/02\/ut2j_concert_fabrique_if-219-2000x1335-light-272x182.jpg 272w, https:\/\/blogs.univ-tlse2.fr\/ifmi\/files\/2018\/02\/ut2j_concert_fabrique_if-219-2000x1335-light.jpg 2000w\" sizes=\"auto, (max-width: 706px) 89vw, (max-width: 767px) 82vw, 740px\" \/><\/figure>\n<\/div><\/div>\n\n\n\n<div class=\"wp-block-column is-layout-flow wp-block-column-is-layout-flow\" style=\"flex-basis:60%\">\n<h2 class=\"wp-block-heading red_row\">Les inscriptions sont ouvertes<\/h2>\n\n\n\n<p>Les inscriptions aux tests d&rsquo;entr\u00e9e pour l&rsquo;ann\u00e9e scolaire 2026\/2027 sont d\u00e9sormais ouvertes.<strong> <\/strong>Elles le seront <strong>jusqu&rsquo;au 25 f\u00e9vrier<\/strong> pour le parcours <strong>DE\/DUMI<\/strong> et<strong> jusqu&rsquo;au<\/strong> <strong>jeudi 16 avril inclus <\/strong>pour le <strong>DUMI et DUMI\/LICENCE.<\/strong><\/p>\n\n\n\n<p>Toutes les informations utiles pour votre inscription \u00e0 l&rsquo;un de nos parcours sont disponibles en cliquant sur le bouton ci-dessous :<\/p>\n\n\n\n<div class=\"wp-block-buttons is-content-justification-center is-layout-flex wp-container-core-buttons-is-layout-16018d1d wp-block-buttons-is-layout-flex\">\n<div class=\"wp-block-button has-custom-width wp-block-button__width-50 ifmi_button\"><a class=\"wp-block-button__link wp-element-button\" href=\"https:\/\/blogs.univ-tlse2.fr\/ifmi\/rejoindre-lifmi\">Rejoindre l&rsquo;IFMI<\/a><\/div>\n<\/div>\n<\/div>\n<\/div>\n\n\n\n<div class=\"wp-block-columns with_double_margin_bottom is-layout-flex wp-container-core-columns-is-layout-9d6595d7 wp-block-columns-is-layout-flex\">\n<div class=\"wp-block-column is-layout-flow wp-block-column-is-layout-flow\" style=\"flex-basis:40%\">\n<figure class=\"wp-block-image size-full\"><img loading=\"lazy\" decoding=\"async\" width=\"1414\" height=\"2000\" src=\"https:\/\/blogs.univ-tlse2.fr\/ifmi\/files\/2025\/12\/JPO-IFMI-2025.png\" alt=\"\" class=\"wp-image-3599\" srcset=\"https:\/\/blogs.univ-tlse2.fr\/ifmi\/files\/2025\/12\/JPO-IFMI-2025.png 1414w, https:\/\/blogs.univ-tlse2.fr\/ifmi\/files\/2025\/12\/JPO-IFMI-2025-212x300.png 212w, https:\/\/blogs.univ-tlse2.fr\/ifmi\/files\/2025\/12\/JPO-IFMI-2025-724x1024.png 724w, https:\/\/blogs.univ-tlse2.fr\/ifmi\/files\/2025\/12\/JPO-IFMI-2025-768x1086.png 768w, https:\/\/blogs.univ-tlse2.fr\/ifmi\/files\/2025\/12\/JPO-IFMI-2025-1086x1536.png 1086w\" sizes=\"auto, (max-width: 706px) 89vw, (max-width: 767px) 82vw, 740px\" \/><\/figure>\n<\/div>\n\n\n\n<div class=\"wp-block-column is-layout-flow wp-block-column-is-layout-flow\" style=\"flex-basis:60%\">\n<h2 class=\"wp-block-heading red_row\">Journ\u00e9e Portes Ouvertes<\/h2>\n\n\n\n<p>Cette ann\u00e9e, la Journ\u00e9e Portes Ouvertes de l&rsquo;IFMI de Toulouse aura lieu le <strong>20 f\u00e9vrier<\/strong>. <br>Ce sera pour vous l&rsquo;occasion de d\u00e9couvrir plus en d\u00e9tail la formation, de poser vos questions mais aussi de vous pr\u00e9parer aux tests d&rsquo;entr\u00e9e.<\/p>\n\n\n\n<p>Cette journ\u00e9e se fera en pr\u00e9sentiel, dans les locaux de l&rsquo;IFMI, au sein de l&rsquo;Universit\u00e9 Toulouse Jean Jaur\u00e8s.<\/p>\n\n\n\n<p><strong>Les inscriptions sont ouvertes jusqu\u2019au 17 f\u00e9vrier 2025<\/strong> <strong>inclus<\/strong>.<\/p>\n\n\n\n<div class=\"wp-block-buttons is-content-justification-center is-layout-flex wp-container-core-buttons-is-layout-16018d1d wp-block-buttons-is-layout-flex\">\n<div class=\"wp-block-button has-custom-width wp-block-button__width-75 ifmi_button\"><a class=\"wp-block-button__link wp-element-button\" href=\"https:\/\/docs.google.com\/forms\/d\/e\/1FAIpQLSdz2GHQtrLim3q_QZL3I6mfOwX4Q7I-s7IlbRe2iJtvQ67kAg\/viewform?usp=sf_link\" target=\"_blank\" rel=\"noreferrer noopener\">S&rsquo;inscrire \u00e0 la Journ\u00e9e Portes Ouvertes<\/a><\/div>\n<\/div>\n<\/div>\n<\/div>\n\n\n\n<div class=\"wp-block-columns with_double_margin_bottom is-layout-flex wp-container-core-columns-is-layout-9d6595d7 wp-block-columns-is-layout-flex\">\n<div class=\"wp-block-column is-vertically-aligned-top is-layout-flow wp-block-column-is-layout-flow\" style=\"flex-basis:40%\"><div class=\"wp-block-image\">\n<figure class=\"aligncenter size-large\"><img loading=\"lazy\" decoding=\"async\" width=\"1024\" height=\"684\" src=\"https:\/\/blogs.univ-tlse2.fr\/ifmi\/files\/2018\/04\/ut2j_ifmi_chorale_chant_co-9-2000x1335-1024x684.jpg\" alt=\"\" class=\"wp-image-1326\" srcset=\"https:\/\/blogs.univ-tlse2.fr\/ifmi\/files\/2018\/04\/ut2j_ifmi_chorale_chant_co-9-2000x1335-1024x684.jpg 1024w, https:\/\/blogs.univ-tlse2.fr\/ifmi\/files\/2018\/04\/ut2j_ifmi_chorale_chant_co-9-2000x1335-300x200.jpg 300w, https:\/\/blogs.univ-tlse2.fr\/ifmi\/files\/2018\/04\/ut2j_ifmi_chorale_chant_co-9-2000x1335-768x513.jpg 768w, https:\/\/blogs.univ-tlse2.fr\/ifmi\/files\/2018\/04\/ut2j_ifmi_chorale_chant_co-9-2000x1335-272x182.jpg 272w, https:\/\/blogs.univ-tlse2.fr\/ifmi\/files\/2018\/04\/ut2j_ifmi_chorale_chant_co-9-2000x1335.jpg 2000w\" sizes=\"auto, (max-width: 706px) 89vw, (max-width: 767px) 82vw, 740px\" \/><\/figure>\n<\/div>\n\n\n<p><\/p>\n<\/div>\n\n\n\n<div class=\"wp-block-column is-layout-flow wp-block-column-is-layout-flow\" style=\"flex-basis:60%\">\n<h2 class=\"wp-block-heading red_row double_margin_top\">Se former \u00e0 l&rsquo;IFMI<\/h2>\n\n\n\n<p>La formation au Dipl\u00f4me Universitaire de Musicien Intervenant (DUMI) est une formation professionnalisante qui repose sur une alternance de cours, de cr\u00e9ations artistiques et de stages pratiques en \u00e9coles, cr\u00e8ches, instituts m\u00e9dico-\u00e9ducatifs (IME) et maisons d&rsquo;accueil sp\u00e9cialis\u00e9es (MAS).<\/p>\n\n\n\n<p>L&rsquo;IFMI propose des cursus diff\u00e9rents, en fonction de la formation pr\u00e9alable des \u00e9tudiants et de leur projet professionnel : <strong>DUMI\/Licence, DUMI\/DE et VAE<\/strong><\/p>\n\n\n\n<div class=\"wp-block-buttons ifmi_button is-horizontal is-content-justification-center is-layout-flex wp-container-core-buttons-is-layout-499968f5 wp-block-buttons-is-layout-flex\">\n<div class=\"wp-block-button\"><a class=\"wp-block-button__link has-white-color has-text-color no-border-radius wp-element-button\" href=\"https:\/\/blogs.univ-tlse2.fr\/ifmi\/decouvrir-la-formation\/\" rel=\"https:\/\/blogs.univ-tlse2.fr\/ifmi\/la-formation\/\">D\u00e9couvrir les formations<\/a><\/div>\n<\/div>\n<\/div>\n<\/div>\n\n\n\n<div class=\"wp-block-columns with_double_margin_bottom with_double_margin_top is-layout-flex wp-container-core-columns-is-layout-9d6595d7 wp-block-columns-is-layout-flex\">\n<div class=\"wp-block-column is-layout-flow wp-block-column-is-layout-flow\" style=\"flex-basis:40%\"><div class=\"wp-block-image\">\n<figure class=\"aligncenter size-large\"><img loading=\"lazy\" decoding=\"async\" width=\"1024\" height=\"684\" src=\"https:\/\/blogs.univ-tlse2.fr\/ifmi\/files\/2018\/01\/ut2j_ifmi_musicien_ecole_-95-2000x1335-1024x684.jpg\" alt=\"\" class=\"wp-image-911\" srcset=\"https:\/\/blogs.univ-tlse2.fr\/ifmi\/files\/2018\/01\/ut2j_ifmi_musicien_ecole_-95-2000x1335-1024x684.jpg 1024w, https:\/\/blogs.univ-tlse2.fr\/ifmi\/files\/2018\/01\/ut2j_ifmi_musicien_ecole_-95-2000x1335-300x200.jpg 300w, https:\/\/blogs.univ-tlse2.fr\/ifmi\/files\/2018\/01\/ut2j_ifmi_musicien_ecole_-95-2000x1335-768x513.jpg 768w, https:\/\/blogs.univ-tlse2.fr\/ifmi\/files\/2018\/01\/ut2j_ifmi_musicien_ecole_-95-2000x1335-272x182.jpg 272w, https:\/\/blogs.univ-tlse2.fr\/ifmi\/files\/2018\/01\/ut2j_ifmi_musicien_ecole_-95-2000x1335.jpg 2000w\" sizes=\"auto, (max-width: 706px) 89vw, (max-width: 767px) 82vw, 740px\" \/><\/figure>\n<\/div><\/div>\n\n\n\n<div class=\"wp-block-column is-layout-flow wp-block-column-is-layout-flow\" style=\"flex-basis:60%\">\n<h2 class=\"wp-block-heading red_row\">Le m\u00e9tier de musicien intervenant<\/h2>\n\n\n\n<p>Se former \u00e0 l\u2019IFMI pr\u00e9pare tr\u00e8s concr\u00e8tement aux diff\u00e9rents aspects du m\u00e9tier de musicien intervenant&nbsp;: <strong>musicien p\u00e9dagogue, m\u00e9diateur culturel<\/strong> et <strong>artiste interpr\u00e8te.<\/strong><\/p>\n\n\n\n<p>Pour en en apprendre davantage sur le m\u00e9tier de musicien intervenant, ses nombreux d\u00e9bouch\u00e9s professionnels et lieux d&rsquo;exercices :<\/p>\n\n\n\n<div class=\"wp-block-buttons ifmi_button is-horizontal is-content-justification-center is-layout-flex wp-container-core-buttons-is-layout-499968f5 wp-block-buttons-is-layout-flex\">\n<div class=\"wp-block-button\"><a class=\"wp-block-button__link wp-element-button\" href=\"https:\/\/blogs.univ-tlse2.fr\/ifmi\/decouvrir-les-metiers-2\/\">D\u00e9couvrir les m\u00e9tiers<\/a><\/div>\n<\/div>\n<\/div>\n<\/div>\n","protected":false},"excerpt":{"rendered":"<p>Les inscriptions sont ouvertes Les inscriptions aux tests d&rsquo;entr\u00e9e pour l&rsquo;ann\u00e9e scolaire 2026\/2027 sont d\u00e9sormais ouvertes. Elles le seront jusqu&rsquo;au 25 f\u00e9vrier pour le parcours DE\/DUMI et jusqu&rsquo;au jeudi 16 avril inclus pour le DUMI et DUMI\/LICENCE. Toutes les informations utiles pour votre inscription \u00e0 l&rsquo;un de nos parcours sont disponibles en cliquant sur le &hellip; <\/p>\n<p class=\"link-more\"><a href=\"https:\/\/blogs.univ-tlse2.fr\/ifmi\/\" class=\"more-link\">Continuer la lecture<span class=\"screen-reader-text\"> de &laquo;&nbsp;Accueil (JPO + TE)&nbsp;&raquo;<\/span><\/a><\/p>\n","protected":false},"author":391,"featured_media":0,"parent":0,"menu_order":0,"comment_status":"closed","ping_status":"closed","template":"","meta":{"footnotes":""},"class_list":["post-3224","page","type-page","status-publish","hentry"],"_links":{"self":[{"href":"https:\/\/blogs.univ-tlse2.fr\/ifmi\/wp-json\/wp\/v2\/pages\/3224","targetHints":{"allow":["GET"]}}],"collection":[{"href":"https:\/\/blogs.univ-tlse2.fr\/ifmi\/wp-json\/wp\/v2\/pages"}],"about":[{"href":"https:\/\/blogs.univ-tlse2.fr\/ifmi\/wp-json\/wp\/v2\/types\/page"}],"author":[{"embeddable":true,"href":"https:\/\/blogs.univ-tlse2.fr\/ifmi\/wp-json\/wp\/v2\/users\/391"}],"replies":[{"embeddable":true,"href":"https:\/\/blogs.univ-tlse2.fr\/ifmi\/wp-json\/wp\/v2\/comments?post=3224"}],"version-history":[{"count":9,"href":"https:\/\/blogs.univ-tlse2.fr\/ifmi\/wp-json\/wp\/v2\/pages\/3224\/revisions"}],"predecessor-version":[{"id":3654,"href":"https:\/\/blogs.univ-tlse2.fr\/ifmi\/wp-json\/wp\/v2\/pages\/3224\/revisions\/3654"}],"wp:attachment":[{"href":"https:\/\/blogs.univ-tlse2.fr\/ifmi\/wp-json\/wp\/v2\/media?parent=3224"}],"curies":[{"name":"wp","href":"https:\/\/api.w.org\/{rel}","templated":true}]}}