 {"id":79,"date":"2017-03-17T08:51:34","date_gmt":"2017-03-17T07:51:34","guid":{"rendered":"https:\/\/blogs.univ-tlse2.fr\/inclusiontsa\/?page_id=79"},"modified":"2017-09-06T16:26:44","modified_gmt":"2017-09-06T14:26:44","slug":"accueil","status":"publish","type":"page","link":"https:\/\/blogs.univ-tlse2.fr\/inclusiontsa\/","title":{"rendered":"Accueil"},"content":{"rendered":"<h1 style=\"text-align: center\"><span style=\"color: #000080\"><strong><span style=\"color: #003366\">Journ\u00e9e d&rsquo;\u00e9tude:<\/span> <\/strong><\/span><\/h1>\n<h1 style=\"text-align: center\"><span style=\"color: #003366\"><strong>TSA \u00e0 l&rsquo;adolescence: q<\/strong><strong>uels d\u00e9fis pour l&rsquo;inclusion?<\/strong><\/span><\/h1>\n<h2 style=\"text-align: center\"><span style=\"color: #333399\">17 novembre 2017 \u00e0 Toulouse<\/span><\/h2>\n<p><img loading=\"lazy\" decoding=\"async\" class=\" wp-image-102 aligncenter\" src=\"https:\/\/blogs.univ-tlse2.fr\/inclusiontsa\/files\/2017\/03\/shutterstock_139283873-300x141.jpg\" alt=\"\" width=\"523\" height=\"246\" srcset=\"https:\/\/blogs.univ-tlse2.fr\/inclusiontsa\/files\/2017\/03\/shutterstock_139283873-300x141.jpg 300w, https:\/\/blogs.univ-tlse2.fr\/inclusiontsa\/files\/2017\/03\/shutterstock_139283873-768x361.jpg 768w, https:\/\/blogs.univ-tlse2.fr\/inclusiontsa\/files\/2017\/03\/shutterstock_139283873-1024x481.jpg 1024w\" sizes=\"auto, (max-width: 523px) 100vw, 523px\" \/><\/p>\n","protected":false},"excerpt":{"rendered":"<p>Journ\u00e9e d&rsquo;\u00e9tude: TSA \u00e0 l&rsquo;adolescence: quels d\u00e9fis pour l&rsquo;inclusion? 17 novembre 2017 \u00e0 Toulouse<\/p>\n","protected":false},"author":401,"featured_media":0,"parent":0,"menu_order":0,"comment_status":"closed","ping_status":"closed","template":"","meta":{"footnotes":""},"class_list":["post-79","page","type-page","status-publish","hentry"],"_links":{"self":[{"href":"https:\/\/blogs.univ-tlse2.fr\/inclusiontsa\/wp-json\/wp\/v2\/pages\/79","targetHints":{"allow":["GET"]}}],"collection":[{"href":"https:\/\/blogs.univ-tlse2.fr\/inclusiontsa\/wp-json\/wp\/v2\/pages"}],"about":[{"href":"https:\/\/blogs.univ-tlse2.fr\/inclusiontsa\/wp-json\/wp\/v2\/types\/page"}],"author":[{"embeddable":true,"href":"https:\/\/blogs.univ-tlse2.fr\/inclusiontsa\/wp-json\/wp\/v2\/users\/401"}],"replies":[{"embeddable":true,"href":"https:\/\/blogs.univ-tlse2.fr\/inclusiontsa\/wp-json\/wp\/v2\/comments?post=79"}],"version-history":[{"count":12,"href":"https:\/\/blogs.univ-tlse2.fr\/inclusiontsa\/wp-json\/wp\/v2\/pages\/79\/revisions"}],"predecessor-version":[{"id":155,"href":"https:\/\/blogs.univ-tlse2.fr\/inclusiontsa\/wp-json\/wp\/v2\/pages\/79\/revisions\/155"}],"wp:attachment":[{"href":"https:\/\/blogs.univ-tlse2.fr\/inclusiontsa\/wp-json\/wp\/v2\/media?parent=79"}],"curies":[{"name":"wp","href":"https:\/\/api.w.org\/{rel}","templated":true}]}}