 {"id":11,"date":"2012-11-27T09:45:56","date_gmt":"2012-11-27T08:45:56","guid":{"rendered":"https:\/\/blogs.univ-tlse2.fr\/colloquevinalbi2013\/?page_id=11"},"modified":"2012-11-27T09:45:56","modified_gmt":"2012-11-27T08:45:56","slug":"appel-a-communication-albi-2013","status":"publish","type":"page","link":"https:\/\/blogs.univ-tlse2.fr\/invinovarietas\/colloque-albi-2013\/appel-a-communication-albi-2013\/","title":{"rendered":"Appel \u00e0 communications Albi 2013"},"content":{"rendered":"<h1 align=\"center\"><b>Projet\u00a0 <\/b><b>\u201cVins, vignes et vignerons\u00a0: passages, messages et m\u00e9tissages\u201d<\/b><\/h1>\n<h1 align=\"center\"><b>Colloque national \u201c(R)\u00e9volution des savoirs et des savoir-faire\u00a0:<br \/>\nles arts et les m\u00e9tiers de la vigne et du vin\u201d,<br \/>\nTh\u00e9\u00e2tre municipal d\u2019Albi, 19-22 avril 2013<\/b><\/h1>\n<p style=\"text-align: justify\">Dans le cadre du projet \u00ab\u00a0vins, vignes et vignerons\u00a0: passages, messages et m\u00e9tissages\u00a0\u00bb, nous organisons deux colloques en 2013 et en 2014.\u00a0 Lors du premier colloque pluridisciplinaire sur le vin organis\u00e9 par l\u2019Universit\u00e9 Toulouse &#8211; Jean Jaur\u00e8s et ses partenaires, nous analyserons la v\u00e9ritable r\u00e9volution des arts et des m\u00e9tiers de la vigne et du vin qui s\u2019est op\u00e9r\u00e9e au cours de l\u2019histoire, et plus particuli\u00e8rement au cours des derni\u00e8res d\u00e9cennies. Nous travaillerons sur <strong>des th\u00e8mes non exhaustifs<\/strong> d\u00e9clin\u00e9s en trois axes\u00a0majeurs\u00a0:<\/p>\n<ul>\n<li><strong>(R)\u00e9volution des savoirs\u00a0:<br \/>\n<\/strong>Origine des c\u00e9pages, routes du vin, vin et sant\u00e9\/s\u00e9curit\u00e9, vin et sacr\u00e9. Naturalit\u00e9. Nouvelles technologies. Circulation des savoirs. Contribution et orientation de la recherche\u2026<\/li>\n<\/ul>\n<ul>\n<li style=\"text-align: justify\"><strong>(R)\u00e9volution des modes de production\u00a0:<br \/>\n<\/strong>Arch\u00e9ologie du vin, les m\u00e9tiers et les savoir-faire, terroirs, b\u00e2timents, vins naturels, vins de culture biologique\u2026<\/li>\n<\/ul>\n<ul>\n<li style=\"text-align: justify\"><strong>(R)\u00e9volution de la promotion et de la valorisation :<br \/>\n<\/strong>D\u00e9veloppement de l\u2019\u0153notourisme. R\u00f4le des prescripteurs (chroniqueurs \u0153nologiques, sommeliers, blogs d\u2019amateurs, etc.). Organisations professionnelles&#8230;<\/li>\n<\/ul>\n<p style=\"text-align: justify\">Ce colloque sera organis\u00e9 du 19 au 22 avril 2013 \u00e0 Albi, en m\u00eame temps que le Festival des Vins Naturels, afin de poser les fondations de notre projet acad\u00e9mique \u00e0 long terme et de favoriser les \u00e9changes avec les professionnels et le public. Un colloque international se tiendra \u00e0 l\u2019Universit\u00e9 Toulouse &#8211; Jean Jaur\u00e8s fin juin 2014.<\/p>\n<p style=\"text-align: justify\">Nous sommes actuellement dans un processus de construction d\u2019une nouvelle \u00e9quipe de recherche pluridisciplinaire et interuniversitaire sur le vin \u00e0 Toulouse qui r\u00e9unit \u00e0 ce jour plusieurs laboratoires de l\u2019Universit\u00e9 Toulouse &#8211; Jean Jaur\u00e8s, de l\u2019Universit\u00e9 Paul Sabatier, des Ecoles de l\u2019INPT et l\u2019ENS d\u2019Architecture de Toulouse.<\/p>\n<p><strong>Colloque \u00e0 Albi le vendredi 19, le samedi 20, le dimanche 21 et le lundi 22 avril 2013.<\/strong><\/p>\n<p><strong>Calendrier de l\u2019appel \u00e0 communications\u00a0: <\/strong><\/p>\n<ul>\n<li>Soumission des abstracts\u00a0(250 \u00e0 300 mots, format Word) : <strong>15 novembre 2012<\/strong><\/li>\n<li>Date de notification\u00a0: <strong>14 d\u00e9cembre 2012<\/strong><\/li>\n<li>Soumission des articles (10-15 pages)<b>\u00a0: <\/b><strong>12 mars 2013<\/strong><\/li>\n<\/ul>\n<p>Chaque abstract doit se d\u00e9finir par rapport \u00e0 un axe du colloque.<\/p>\n<p style=\"text-align: justify\">Les communications se feront en fran\u00e7ais, la dur\u00e9e de chacune est limit\u00e9e \u00e0 30mn, questions comprises. Nous invitons les personnes int\u00e9ress\u00e9es \u00e0 nous faire parvenir leur proposition (un titre et un r\u00e9sum\u00e9) d\u2019ici le 15 novembre.<\/p>\n<p style=\"text-align: justify\"><strong>*Si vous \u00eates int\u00e9ress\u00e9(e) par cet appel \u00e0 communications, veuillez lire le document \u00ab\u00a0Pr\u00e9sentation du projet\u00a0\u00bb.<\/strong><\/p>\n<p><b>Merci de bien vouloir envoyer vos r\u00e9sum\u00e9s uniquement par mail \u00e0 :<\/b><\/p>\n<p>Danielle Cornot, CERTOP CNRS UMR5044, responsable scientifique<br \/>\nMail\u00a0: <a href=\"m&#x61;&#x69;l&#x74;&#x6f;:&#x63;&#x6f;r&#110;&#x6f;t&#46;&#x63;o&#108;&#x6c;o&#113;&#x75;es&#x76;&#x69;n&#x40;&#x75;n&#x69;&#x76;-&#x74;&#x6c;s&#101;&#x32;&#46;&#102;&#x72;\">c&#x6f;r&#110;&#x6f;t&#x2e;c&#111;&#x6c;l&#x6f;&#x71;u&#x65;s&#118;&#x69;n&#x40;&#x75;n&#x69;v&#45;&#x74;l&#x73;e&#50;&#x2e;f&#114;<\/a><\/p>\n<p><strong>Comit\u00e9 scientifique\u00a0:<\/strong><\/p>\n<p style=\"text-align: justify\"><a href=\"http:\/\/w3.lisst.univ-tlse2.fr\/cv\/albert_jean-pierre.htm\">Jean-Pierre Albert<\/a> (UT2J &#8211; LISST, EHESS), <a href=\"http:\/\/history.arizona.edu\/user\/92\">William Beezley<\/a> (University of Arizona), <a href=\"http:\/\/plh.univ-tlse2.fr\/accueil-plh\/pratique\/l-annuaire\/bonnet-corinne-28435.kjsp?RH=axes_commun\">Corinne Bonnet <\/a>(UT2J &#8211; PLH,), <a href=\"http:\/\/w3.certop.univ-tlse2.fr\/spip.php?article153\">Franck Cochoy<\/a> (UTM &#8211; CERTOP), <a href=\"http:\/\/w3.certop.univ-tlse2.fr\/spip.php?article627\">Danielle Cornot<\/a> (UT2J &#8211; CERTOP), <a href=\"http:\/\/www.lmtg.obs-mip.fr\/index.php\/Annuaire\/Courjault-Rade-Pierre\">Pierre Courjault-Rad\u00e9<\/a> (GET OMP, Universit\u00e9 Paul Sabatier), <a href=\"http:\/\/traces.univ-tlse2.fr\/accueil-traces\/equipes-et-poles-de-recherche\/equipe-cahpa-coordination-archeologie-et-histoire-protohistoire-et-antiquite\/darles-christian-91048.kjsp?RH=Afrique_traces\">Christian Darles <\/a>(UT2J &#8211; LRA, ENS Architecture Toulouse), <a href=\"http:\/\/www.irit.fr\/-Annuaire-?code=130\">Louis F\u00e9raud<\/a> (IRIT, Universit\u00e9 Paul Sabatier), <a href=\"http:\/\/www.fischler.fr\/ClaudeFischlerPerso\/Home.html\">Claude Fischler<\/a> (Centre Edgar Morin, EHESS &amp; CNRS), <a href=\"http:\/\/w3.lisst.univ-tlse2.fr\/cv\/grossetti_michel.htm\">Michel Grossetti <\/a>(UT2J &#8211; LISST, CNRS), <a href=\"http:\/\/plh.univ-tlse2.fr\/accueil-plh\/pratique\/l-annuaire\/lacroix-daniel-38762.kjsp?STNAV=&amp;RUBNAV=&amp;RH=PLH\">Daniel Lacroix<\/a> (UT2J &#8211; PLH, Universit\u00e9 deToulouse II-Le Mirail), <a href=\"http:\/\/www.purpan.fr\/equipe-pedagogique\">Nathalie Mailhac <\/a>(INPT-EI Purpan), <a href=\"http:\/\/www.pagesvertes-carter.net\/enseignant-chercheur\/valerie-olivier-salvagnac\">Val\u00e9rie Olivier-Salvagnac<\/a> (Dynamiques Rurales, INPT-ENSAT), <a href=\"http:\/\/traces.univ-tlse2.fr\/accueil-traces\/equipes-de-recherche\/equipe-5-histoire-et-archeologie-du-metal\/pailler-jean-marie-50437.kjsp?RH=histoire_traces\">Jean-Marie Pailler<\/a> (TRACES, UT2J), <a href=\"http:\/\/w3.framespa.univ-tlse2.fr\/chercheur\/chercheur_fiche.php?id=326\">R\u00e9my Pech<\/a> (FRAMESPA, UT2J), <a href=\"http:\/\/w3.certop.univ-tlse2.fr\/spip.php?article635\">Jean-Pierre Poulain <\/a>(CERTOP,\u00a0UT2J &amp; Taylor\u2019s University, Malaisie), <a href=\"http:\/\/w3.certop.univ-tlse2.fr\/spip.php?article598\">Vincent Simoulin<\/a> (CERTOP, UT2J), <a href=\"http:\/\/lgc.inp-toulouse.fr\/spip.php?rubrique1&amp;id=81\">Pierre Strehaiano<\/a> (LGC, Universit\u00e9 de Toulouse, UMR CNRS\/INPT\/UPS), <a href=\"http:\/\/w3.geode.univ-tlse2.fr\/permanents\/tulet.php\">Jean-Christian Tulet <\/a>(GEODE,\u00a0UT2J ).<\/p>\n","protected":false},"excerpt":{"rendered":"<p>Projet\u00a0 \u201cVins, vignes et vignerons\u00a0: passages, messages et m\u00e9tissages\u201d Colloque national \u201c(R)\u00e9volution des savoirs et des savoir-faire\u00a0: les arts et les m\u00e9tiers de la vigne et du vin\u201d, Th\u00e9\u00e2tre municipal d\u2019Albi, 19-22 avril 2013 Dans le cadre du projet \u00ab\u00a0vins, vignes et vignerons\u00a0: passages, messages et m\u00e9tissages\u00a0\u00bb, nous organisons deux colloques en 2013 et en [&hellip;]<\/p>\n","protected":false},"author":251,"featured_media":0,"parent":344,"menu_order":0,"comment_status":"closed","ping_status":"closed","template":"","meta":{"footnotes":""},"class_list":["post-11","page","type-page","status-publish","hentry"],"_links":{"self":[{"href":"https:\/\/blogs.univ-tlse2.fr\/invinovarietas\/wp-json\/wp\/v2\/pages\/11","targetHints":{"allow":["GET"]}}],"collection":[{"href":"https:\/\/blogs.univ-tlse2.fr\/invinovarietas\/wp-json\/wp\/v2\/pages"}],"about":[{"href":"https:\/\/blogs.univ-tlse2.fr\/invinovarietas\/wp-json\/wp\/v2\/types\/page"}],"author":[{"embeddable":true,"href":"https:\/\/blogs.univ-tlse2.fr\/invinovarietas\/wp-json\/wp\/v2\/users\/251"}],"replies":[{"embeddable":true,"href":"https:\/\/blogs.univ-tlse2.fr\/invinovarietas\/wp-json\/wp\/v2\/comments?post=11"}],"version-history":[{"count":0,"href":"https:\/\/blogs.univ-tlse2.fr\/invinovarietas\/wp-json\/wp\/v2\/pages\/11\/revisions"}],"up":[{"embeddable":true,"href":"https:\/\/blogs.univ-tlse2.fr\/invinovarietas\/wp-json\/wp\/v2\/pages\/344"}],"wp:attachment":[{"href":"https:\/\/blogs.univ-tlse2.fr\/invinovarietas\/wp-json\/wp\/v2\/media?parent=11"}],"curies":[{"name":"wp","href":"https:\/\/api.w.org\/{rel}","templated":true}]}}