 {"id":145,"date":"2013-03-29T08:17:04","date_gmt":"2013-03-29T07:17:04","guid":{"rendered":"https:\/\/blogs.univ-tlse2.fr\/colloquevinalbi2013\/?page_id=145"},"modified":"2013-03-29T08:17:04","modified_gmt":"2013-03-29T07:17:04","slug":"pierre-sillieres","status":"publish","type":"page","link":"https:\/\/blogs.univ-tlse2.fr\/invinovarietas\/colloque-albi-2013\/conference-invite\/pierre-sillieres\/","title":{"rendered":"Pierre SILLI\u00c8RES"},"content":{"rendered":"<p><a href=\"https:\/\/blogs.univ-tlse2.fr\/invinovarietas\/files\/2012\/11\/Albi-photo-silierres-light.jpg\"><img loading=\"lazy\" decoding=\"async\" class=\"alignnone size-medium wp-image-122\" alt=\"Albi photo-silierres-light\" src=\"https:\/\/blogs.univ-tlse2.fr\/invinovarietas\/files\/2012\/11\/Albi-photo-silierres-light-300x225.jpg\" width=\"300\" height=\"225\" srcset=\"https:\/\/blogs.univ-tlse2.fr\/invinovarietas\/files\/2012\/11\/Albi-photo-silierres-light-300x225.jpg 300w, https:\/\/blogs.univ-tlse2.fr\/invinovarietas\/files\/2012\/11\/Albi-photo-silierres-light.jpg 456w\" sizes=\"auto, (max-width: 300px) 100vw, 300px\" \/><\/a><\/p>\n<p>n\u00e9 le 1er\u00a0ao\u00fbt 1941 \u00e0 Gimont (Gers)<br \/>\nProfesseur de l\u2019Enseignement secondaire : 1965-1974<br \/>\nAgr\u00e9g\u00e9 d\u2019histoire : 1971<br \/>\nMembre de la Casa de Vel\u00e1zquez : 1974-1977<br \/>\nAttach\u00e9 de recherche au CNRS :\u00a0 septembre 1979<br \/>\nCharg\u00e9 de recherche au CNRS :\u00a0 octobre 1983<br \/>\nDocteur d\u2019\u00c9tat<br \/>\nTh\u00e8se soutenue \u00e0 Toulouse en 1986<br \/>\n<i>Les voies de communication de l\u2019Hispanie m\u00e9ridionale<\/i><br \/>\nDirecteur d\u2019\u00e9tudes pour l\u2019Arch\u00e9ologie \u00e0 la Casa de Vel\u00e1zquez : 1986-1988<br \/>\nDirecteur de recherche au CNRS :\u00a0 octobre 1990<br \/>\nProfesseur \u00e0 l\u2019Universit\u00e9 de Bordeaux III : janvier 2001<br \/>\nProfesseur \u00c9m\u00e9rite de l\u2019Universit\u00e9 de Bordeaux III : octobre 2003<\/p>\n<p><strong>\u00a0Les ouvrages r\u00e9cents :<\/strong><\/p>\n<p style=\"text-align: justify\"><b>\u00a0<i>Belo VIII. Le sanctuaire d\u2019Isis<\/i><\/b>, Madrid, 2008, 2 vol. (en collaboration avec S. Dardaine, Myriam Fincker et J. Lancha).<b> <\/b><\/p>\n<p style=\"text-align: justify\">\u00a0<b><i>Belo IX. La basilique<\/i><\/b>, Madrid, 2013, (en collaboration avec Aureli \u00c0lvarez P\u00e9rez , Maria-Pia Darblade-Audoin, Djamilla Fellague et Anna Guti\u00e9rrez Garcia-M.)<\/p>\n<p style=\"text-align: justify\"><strong>\u00e0 para\u00eetre en avril 2013 :<\/strong><\/p>\n<p style=\"text-align: justify\">\u00a0<b><i>Labitolosa<\/i><\/b><b> (La Puebla de Castro, province de Huesca, Espagne). Une cit\u00e9 romaine de l\u2019Hispanie Cit\u00e9rieure, <\/b>Bordeaux 2013<b> (<\/b>en collaboration avec J. Asensio, L. Chasseigne, M. Fincker, C. Guiral, Y. Lignereux, E. Maestro, M.A. Magall\u00f3n Botaya, M. Navarro, M. Passelac, C. Rico et C. Sa\u00e9nz)<\/p>\n<p style=\"text-align: justify\"><strong>\u00e0 para\u00eetre en mai 2013<\/strong><\/p>\n<p style=\"text-align: justify\">Quelques travaux sur la viticulture :<b><b><br \/>\n<\/b><\/b><\/p>\n<p style=\"text-align: justify\"><b><i>Les campagnes de la M\u00e9diterran\u00e9e romaine<\/i><\/b>, Paris, Hachette, 1993, 309 p. ( en collaboration avec Ph. Leveau et J.-P. Vallat).<\/p>\n<p style=\"text-align: justify\"><b><i>Lestagnac, un chai gallo-romain. La viticulture en Gascogne antique<\/i><\/b>. Catalogue d\u2019exposition, Flaran, 2003 (en collaboration avec C. Petit-Aupert), 51 p.<\/p>\n<p style=\"text-align: justify\">\u00ab\u00a0Les origines de la viticulture bordelaise\u00a0\u00bb, <i>Revue historique de Bordeaux et du d\u00e9partement de la Gironde<\/i>, 2, 2003, p. 9-23.<\/p>\n<p style=\"text-align: justify\">\u00ab\u00a0\u00a0Le grand \u00e9difice agricole de la <i>villa<\/i> de Lestagnac (Saint-M\u00e9zard, Gers)\u00a0: le hangar et les deux \u00e9tats de la <i>cella<\/i> <i>vinaria<\/i>\u00a0\u00bb, <i>Bulletin de la soci\u00e9t\u00e9 arch\u00e9ologique du Gers<\/i>, 2005, p. 10-30 (en collaboration avec C. Petit-Aupert).<\/p>\n<p style=\"text-align: justify\">\u00ab\u00a0Les campagnes du Gaillacois pendant le Haut-Empire\u00a0\u00bb, in : <i>Territoires et paysages de l\u2019\u00c2ge du Fer au Moyen \u00c2ge.<\/i> <i>M\u00e9langes offerts \u00e0 Philippe Leveau<\/i>, Bordeaux, Ausonius, 2005, p. 127-136.<\/p>\n<p style=\"text-align: justify\">\u00ab\u00a0La viticulture et le vin dans l\u2019Antiquit\u00e9\u00bb, in\u00a0: F. Argod-Dutard, P. Chavet et S. Lavaud (dir.), <i>Voyage aux pays du vin<\/i>, Paris, Roberrt Laffont, 2007, p. 3-54.<\/p>\n","protected":false},"excerpt":{"rendered":"<p>n\u00e9 le 1er\u00a0ao\u00fbt 1941 \u00e0 Gimont (Gers) Professeur de l\u2019Enseignement secondaire : 1965-1974 Agr\u00e9g\u00e9 d\u2019histoire : 1971 Membre de la Casa de Vel\u00e1zquez : 1974-1977 Attach\u00e9 de recherche au CNRS :\u00a0 septembre 1979 Charg\u00e9 de recherche au CNRS :\u00a0 octobre 1983 Docteur d\u2019\u00c9tat Th\u00e8se soutenue \u00e0 Toulouse en 1986 Les voies de communication de l\u2019Hispanie [&hellip;]<\/p>\n","protected":false},"author":251,"featured_media":0,"parent":23,"menu_order":0,"comment_status":"closed","ping_status":"closed","template":"","meta":{"footnotes":""},"class_list":["post-145","page","type-page","status-publish","hentry"],"_links":{"self":[{"href":"https:\/\/blogs.univ-tlse2.fr\/invinovarietas\/wp-json\/wp\/v2\/pages\/145","targetHints":{"allow":["GET"]}}],"collection":[{"href":"https:\/\/blogs.univ-tlse2.fr\/invinovarietas\/wp-json\/wp\/v2\/pages"}],"about":[{"href":"https:\/\/blogs.univ-tlse2.fr\/invinovarietas\/wp-json\/wp\/v2\/types\/page"}],"author":[{"embeddable":true,"href":"https:\/\/blogs.univ-tlse2.fr\/invinovarietas\/wp-json\/wp\/v2\/users\/251"}],"replies":[{"embeddable":true,"href":"https:\/\/blogs.univ-tlse2.fr\/invinovarietas\/wp-json\/wp\/v2\/comments?post=145"}],"version-history":[{"count":0,"href":"https:\/\/blogs.univ-tlse2.fr\/invinovarietas\/wp-json\/wp\/v2\/pages\/145\/revisions"}],"up":[{"embeddable":true,"href":"https:\/\/blogs.univ-tlse2.fr\/invinovarietas\/wp-json\/wp\/v2\/pages\/23"}],"wp:attachment":[{"href":"https:\/\/blogs.univ-tlse2.fr\/invinovarietas\/wp-json\/wp\/v2\/media?parent=145"}],"curies":[{"name":"wp","href":"https:\/\/api.w.org\/{rel}","templated":true}]}}