 {"id":148,"date":"2013-03-29T08:21:23","date_gmt":"2013-03-29T07:21:23","guid":{"rendered":"https:\/\/blogs.univ-tlse2.fr\/colloquevinalbi2013\/?page_id=148"},"modified":"2013-03-29T08:21:23","modified_gmt":"2013-03-29T07:21:23","slug":"jean-robert-pitte","status":"publish","type":"page","link":"https:\/\/blogs.univ-tlse2.fr\/invinovarietas\/colloque-albi-2013\/conference-invite\/jean-robert-pitte\/","title":{"rendered":"Jean-Robert PITTE"},"content":{"rendered":"<p><a href=\"https:\/\/blogs.univ-tlse2.fr\/invinovarietas\/files\/2013\/03\/Photo-JR-par-Chapuis.doc_.jpg\"><img loading=\"lazy\" decoding=\"async\" class=\"alignnone size-medium wp-image-149\" alt=\"Photo JR-PITTE (par Chapuis)\" src=\"https:\/\/blogs.univ-tlse2.fr\/invinovarietas\/files\/2013\/03\/Photo-JR-par-Chapuis.doc_-200x300.jpg\" width=\"200\" height=\"300\" srcset=\"https:\/\/blogs.univ-tlse2.fr\/invinovarietas\/files\/2013\/03\/Photo-JR-par-Chapuis.doc_-200x300.jpg 200w, https:\/\/blogs.univ-tlse2.fr\/invinovarietas\/files\/2013\/03\/Photo-JR-par-Chapuis.doc_-682x1024.jpg 682w\" sizes=\"auto, (max-width: 200px) 100vw, 200px\" \/><\/a><\/p>\n<p style=\"text-align: justify\"><b>Jean-Robert PITTE<\/b>, n\u00e9 en 1949, est Professeur de G\u00e9ographie et d\u2019Am\u00e9nagement \u00e0 l\u2019Universit\u00e9 Paris-Sorbonne dont il a \u00e9t\u00e9 Pr\u00e9sident de 2003 \u00e0 2008. Il a cr\u00e9\u00e9 en 2006 l\u2019Universit\u00e9 Paris-Sorbonne Abu Dhabi. Il enseigne la g\u00e9ographie historique et culturelle, en particulier de l\u2019alimentation et du vin, ainsi que l\u2019histoire de l\u2019am\u00e9nagement et du paysage. Il est depuis juin 2010 D\u00e9l\u00e9gu\u00e9 interminist\u00e9riel \u00e0 l\u2019Information et \u00e0 l\u2019Orientation.<\/p>\n<p style=\"text-align: justify\"><i>\u00a0<\/i>Jean-Robert Pitte est membre de l\u2019Institut (Acad\u00e9mie des Sciences morales et politiques)<b> <\/b>o\u00f9 il a \u00e9t\u00e9 \u00e9lu en 2008. Il est Pr\u00e9sident de la Soci\u00e9t\u00e9 de G\u00e9ographie, Pr\u00e9sident de l\u2019Association pour le D\u00e9veloppement du Festival de G\u00e9ographie de Saint-Di\u00e9-des-Vosges, Pr\u00e9sident de la Mission du Patrimoine et des Cultures Alimentaires (organisme de veille charg\u00e9 du classement du \u00ab\u00a0Repas gastronomique des Fran\u00e7ais\u00a0\u00bb au patrimoine immat\u00e9riel de l\u2019UNESCO). Il est membre de l\u2019<i>Academia Europaea, <\/i>de l\u2019Acad\u00e9mie des Sciences d\u2019Outre-Mer, de l\u2019Acad\u00e9mie du Vin de France (Pr\u00e9sident depuis 2010) et de l\u2019Acad\u00e9mie du Vin de Bordeaux. Il est Docteur Honoris Causa des universit\u00e9s de Tel Aviv, Iasi, Tbilissi, York \u00e0 Toronto. Il est chevalier de la L\u00e9gion d\u2019honneur, officier de l\u2019Ordre national du M\u00e9rite et des Palmes acad\u00e9miques, commandeur des Arts et Lettres, titulaire de l\u2019ordre du Soleil levant, rayons d\u2019or et d\u2019argent (Japon).<\/p>\n<p style=\"text-align: justify\">\u00a0Il a publi\u00e9 les principaux ouvrages suivants\u00a0: <i>Nouakchott, capitale de la Mauritanie<\/i> (1977), <i>Histoire du Paysage fran\u00e7ais (<\/i>Tallandier, 1983, 5<sup>e<\/sup> \u00e9d. 2012. Trad. japonaise), <i>Terres de Castanide. Hommes et paysages du ch\u00e2taignier de l\u2019Antiquit\u00e9 \u00e0 nos jours<\/i> (Fayard, 1986), <i>Gastronomie fran\u00e7aise. Histoire et G\u00e9ographie d\u2019une passion<\/i> (Fayard, 1991). Trad. japonaise, portugaise, am\u00e9ricaine. <i>Le Japon<\/i> (Sirey, 1991), <i>Paris, Histoire d\u2019une ville <\/i>(Hachette, 1993. Trad. japonaise), <i>La France<\/i> (Nathan, 1997, 3<sup>e<\/sup> \u00e9d. 2009), Trad. russe. <i>Philippe Lamour, p\u00e8re de l\u2019am\u00e9nagement du territoire <\/i>(Fayard, 2002), <i>Le vin et le divin<\/i> (Fayard, 2004). Trad. turque, chinoise, polonaise, japonaise. <i>Bordeaux-Bourgogne, Les passions rivales<\/i> (Hachette, 2005), Trad. japonaise et anglaise. <i>Jeunes, on vous ment. Reconstruire l\u2019universit\u00e9<\/i> (Fayard, 2006), <i>Stop \u00e0 l\u2019arnaque du Bac<\/i> (Oh\u00a0! \u00c9ditions, 2007), <i>Le d\u00e9sir du vin \u00e0 la conqu\u00eate du monde<\/i> (Fayard, 2009), Trad. italienne et japonaise. <i>\u00c0 la table des dieux <\/i>(Fayard, 2009), <i>Le g\u00e9nie des lieux <\/i>(CNRS-\u00c9ditions, 2010), <i>Le bon vin entre terroir, savoir-faire et savoir-boire<\/i> (co-dir., CNRS-\u00c9ditions, 2010), <i>Le ciel ne va pas nous tomber sur la t\u00eate<\/i> (co-dir., Latt\u00e8s, 2010). <i>Une famille d\u2019Europe<\/i>, Paris, Fayard, 2011. <i>L\u2019amour du vin<\/i> (dir., CNRS Editions, 2013), <i>La bouteille de vin. Histoire d\u2019une r\u00e9volution<\/i>, Paris, Tallandier, 2013.<\/p>\n","protected":false},"excerpt":{"rendered":"<p>Jean-Robert PITTE, n\u00e9 en 1949, est Professeur de G\u00e9ographie et d\u2019Am\u00e9nagement \u00e0 l\u2019Universit\u00e9 Paris-Sorbonne dont il a \u00e9t\u00e9 Pr\u00e9sident de 2003 \u00e0 2008. Il a cr\u00e9\u00e9 en 2006 l\u2019Universit\u00e9 Paris-Sorbonne Abu Dhabi. Il enseigne la g\u00e9ographie historique et culturelle, en particulier de l\u2019alimentation et du vin, ainsi que l\u2019histoire de l\u2019am\u00e9nagement et du paysage. Il [&hellip;]<\/p>\n","protected":false},"author":251,"featured_media":0,"parent":23,"menu_order":0,"comment_status":"closed","ping_status":"closed","template":"","meta":{"footnotes":""},"class_list":["post-148","page","type-page","status-publish","hentry"],"_links":{"self":[{"href":"https:\/\/blogs.univ-tlse2.fr\/invinovarietas\/wp-json\/wp\/v2\/pages\/148","targetHints":{"allow":["GET"]}}],"collection":[{"href":"https:\/\/blogs.univ-tlse2.fr\/invinovarietas\/wp-json\/wp\/v2\/pages"}],"about":[{"href":"https:\/\/blogs.univ-tlse2.fr\/invinovarietas\/wp-json\/wp\/v2\/types\/page"}],"author":[{"embeddable":true,"href":"https:\/\/blogs.univ-tlse2.fr\/invinovarietas\/wp-json\/wp\/v2\/users\/251"}],"replies":[{"embeddable":true,"href":"https:\/\/blogs.univ-tlse2.fr\/invinovarietas\/wp-json\/wp\/v2\/comments?post=148"}],"version-history":[{"count":0,"href":"https:\/\/blogs.univ-tlse2.fr\/invinovarietas\/wp-json\/wp\/v2\/pages\/148\/revisions"}],"up":[{"embeddable":true,"href":"https:\/\/blogs.univ-tlse2.fr\/invinovarietas\/wp-json\/wp\/v2\/pages\/23"}],"wp:attachment":[{"href":"https:\/\/blogs.univ-tlse2.fr\/invinovarietas\/wp-json\/wp\/v2\/media?parent=148"}],"curies":[{"name":"wp","href":"https:\/\/api.w.org\/{rel}","templated":true}]}}