 {"id":15,"date":"2012-11-27T09:47:02","date_gmt":"2012-11-27T08:47:02","guid":{"rendered":"https:\/\/blogs.univ-tlse2.fr\/colloquevinalbi2013\/?page_id=15"},"modified":"2012-11-27T09:47:02","modified_gmt":"2012-11-27T08:47:02","slug":"programme-culturel-et-artistique","status":"publish","type":"page","link":"https:\/\/blogs.univ-tlse2.fr\/invinovarietas\/colloque-albi-2013\/programme-culturel-et-artistique\/","title":{"rendered":"Manifestations culturelles et artistiques"},"content":{"rendered":"<p style=\"text-align: justify\"><strong><span style=\"text-decoration: underline\">Vendredi 19 avril 2013<\/span> :<\/strong><\/p>\n<p style=\"text-align: justify\"><strong>18h45\u00a0: <\/strong>R\u00e9ception de bienvenue \u00e0 la Mairie d\u2019Albi, Salle des \u00c9tats<\/p>\n<p style=\"text-align: justify\"><strong><span style=\"text-decoration: underline\">Samedi 20 avril 2013<\/span><\/strong> :<\/p>\n<p style=\"text-align: justify\"><b>20h30\u00a0: Soir\u00e9e de gala du colloque en compagnie des vignerons, restaurant Pr\u00e9 en Bulle<\/b><\/p>\n<p style=\"text-align: justify\"><strong><span style=\"text-decoration: underline\">Dimanche 21 avril 2013<\/span><\/strong> :<\/p>\n<p style=\"text-align: justify\"><strong>16h15-19h\u00a0: Activit\u00e9s culturelles<\/strong><\/p>\n<ul style=\"text-align: justify\">\n<li>Visite libre de la ville d\u2019Albi, de la Cit\u00e9 Episcopale et du Mus\u00e9e Toulouse-Lautrec<\/li>\n<li>D\u00e9gustation de vins naturels, Festival des vins naturels organis\u00e9 par Laurent Cazottes le 20 et 21 avril (chapiteau en face du th\u00e9\u00e2tre, 40 vignerons de toute la France)<\/li>\n<\/ul>\n<p style=\"text-align: justify\"><strong>19h-22h30. Soir\u00e9e au Th\u00e9\u00e2tre d\u2019Albi et au Pr\u00e9 en Bulle, Les Valeurs de l\u2019Albigeois<\/strong><\/p>\n<p style=\"text-align: justify\"><strong>\u00a03<sup>\u00e8me<\/sup> Caf\u00e9 des Valeurs, \u00ab\u00a0Les sons du vin, le\u00e7ons de vin\u00a0\u00bb<\/strong><\/p>\n<p style=\"text-align: justify\"><strong>\u00a0Buffet et d\u00e9gustation de vins naturels au Th\u00e9\u00e2tre, avec Laurent Cazottes et les vignerons<\/strong><\/p>\n<p style=\"text-align: justify\"><strong>\u00a0\u00ab\u00a0Les sons du vin\u00a0\u00bb de Thierry Besche, GMEA, Groupe de Musique Electro-Acoustique d\u2019Albi<\/strong><\/p>\n<p style=\"text-align: justify\"><strong>\u00a0Pr\u00e9sentation des Valeurs de l\u2019Albigeois et de la valeur \u00ab\u00a0Terre\u00a0\u00bb par Jacqueline Matha, membre des VA<\/strong><\/p>\n<p style=\"text-align: justify\"><b>\u00a0<\/b><strong>Projection du film\u00a0:<\/strong><b><br \/>\n<\/b><\/p>\n<p style=\"text-align: justify\"><strong>L\u2019Esprit du vin. \u00ab\u00a0Le r\u00e9veil des terroirs\u00a0\u00bb<\/strong><b>, 2011. 90mn.<br \/>\nR\u00e9alisation\u00a0: <\/b><strong>Olympe et Yvon Minvielle, <\/strong>viticulteurs en biodynamie \u00e0 Camblanes et Meynac (33) et membres du groupe Renaissance des Appellations (RAOC).<\/p>\n<p style=\"text-align: justify\"><strong>\u00a0Soupe \u00e0 l\u2019oignon, restaurant Pr\u00e9 en Bulle<\/strong><\/p>\n","protected":false},"excerpt":{"rendered":"<p>Vendredi 19 avril 2013 : 18h45\u00a0: R\u00e9ception de bienvenue \u00e0 la Mairie d\u2019Albi, Salle des \u00c9tats Samedi 20 avril 2013 : 20h30\u00a0: Soir\u00e9e de gala du colloque en compagnie des vignerons, restaurant Pr\u00e9 en Bulle Dimanche 21 avril 2013 : 16h15-19h\u00a0: Activit\u00e9s culturelles Visite libre de la ville d\u2019Albi, de la Cit\u00e9 Episcopale et du [&hellip;]<\/p>\n","protected":false},"author":251,"featured_media":0,"parent":344,"menu_order":0,"comment_status":"closed","ping_status":"closed","template":"","meta":{"footnotes":""},"class_list":["post-15","page","type-page","status-publish","hentry"],"_links":{"self":[{"href":"https:\/\/blogs.univ-tlse2.fr\/invinovarietas\/wp-json\/wp\/v2\/pages\/15","targetHints":{"allow":["GET"]}}],"collection":[{"href":"https:\/\/blogs.univ-tlse2.fr\/invinovarietas\/wp-json\/wp\/v2\/pages"}],"about":[{"href":"https:\/\/blogs.univ-tlse2.fr\/invinovarietas\/wp-json\/wp\/v2\/types\/page"}],"author":[{"embeddable":true,"href":"https:\/\/blogs.univ-tlse2.fr\/invinovarietas\/wp-json\/wp\/v2\/users\/251"}],"replies":[{"embeddable":true,"href":"https:\/\/blogs.univ-tlse2.fr\/invinovarietas\/wp-json\/wp\/v2\/comments?post=15"}],"version-history":[{"count":0,"href":"https:\/\/blogs.univ-tlse2.fr\/invinovarietas\/wp-json\/wp\/v2\/pages\/15\/revisions"}],"up":[{"embeddable":true,"href":"https:\/\/blogs.univ-tlse2.fr\/invinovarietas\/wp-json\/wp\/v2\/pages\/344"}],"wp:attachment":[{"href":"https:\/\/blogs.univ-tlse2.fr\/invinovarietas\/wp-json\/wp\/v2\/media?parent=15"}],"curies":[{"name":"wp","href":"https:\/\/api.w.org\/{rel}","templated":true}]}}