 {"id":151,"date":"2013-03-29T08:27:13","date_gmt":"2013-03-29T07:27:13","guid":{"rendered":"https:\/\/blogs.univ-tlse2.fr\/colloquevinalbi2013\/?page_id=151"},"modified":"2013-03-29T08:27:13","modified_gmt":"2013-03-29T07:27:13","slug":"remy-pech","status":"publish","type":"page","link":"https:\/\/blogs.univ-tlse2.fr\/invinovarietas\/colloque-albi-2013\/conference-invite\/remy-pech\/","title":{"rendered":"R\u00e9my PECH"},"content":{"rendered":"<p><a href=\"https:\/\/blogs.univ-tlse2.fr\/invinovarietas\/files\/2013\/03\/RP-SYLVIE-5.jpg\"><img loading=\"lazy\" decoding=\"async\" class=\"alignnone size-medium wp-image-154\" alt=\"R\u00e9my Pech\" src=\"https:\/\/blogs.univ-tlse2.fr\/invinovarietas\/files\/2013\/03\/RP-SYLVIE-5-225x300.jpg\" width=\"225\" height=\"300\" srcset=\"https:\/\/blogs.univ-tlse2.fr\/invinovarietas\/files\/2013\/03\/RP-SYLVIE-5-225x300.jpg 225w, https:\/\/blogs.univ-tlse2.fr\/invinovarietas\/files\/2013\/03\/RP-SYLVIE-5-768x1024.jpg 768w, https:\/\/blogs.univ-tlse2.fr\/invinovarietas\/files\/2013\/03\/RP-SYLVIE-5.jpg 1920w\" sizes=\"auto, (max-width: 225px) 100vw, 225px\" \/><\/a><\/p>\n<p style=\"text-align: justify\">R\u00e9my Pech na\u00eet en 1944 dans une famille d\u2019ouvriers et de petits propri\u00e9taires vignerons de l\u2019Aude. El\u00e8ve-instituteur, il int\u00e8gre l\u2019Ecole Normale Sup\u00e9rieure de Saint Cloud. Agr\u00e9g\u00e9,\u00a0 il soutient \u00e0 28 ans sous la direction de Pierre Vilar une th\u00e8se sur <i>Entreprise Viticole et capitalisme en Languedoc m\u00e9diterran\u00e9en.<\/i> Il enseigne \u00e0 l\u2019universit\u00e9 de Tours, puis \u00e0 celle de Toulouse-Le Mirail o\u00f9 il occupe \u00e0 partir de 1991 la chaire Jean Monnet d\u2019Histoire de l\u2019Europe.\u00a0 Il pr\u00e9side son universit\u00e9 de 2001 \u00e0 2006.<\/p>\n<p style=\"text-align: justify\"><strong>Ses recherches<\/strong> portent sur les \u00e9conomies et soci\u00e9t\u00e9s viticoles, sur l\u2019histoire du rugby et sur l\u2019histoire politique du Midi occitan.<\/p>\n<p style=\"text-align: justify\">Nombreuses publications individuelles et collectives. On peut citer :<\/p>\n<p style=\"text-align: justify\"><i>Histoire d\u2019Occitanie<\/i>(Hachette 1979), <i>Histoire de Carcassonne<\/i> (Privat 1984) <i>Histoire de<\/i> <i>Toulouse<\/i> (Privat 2002),<i>G\u00e9opolitique des r\u00e9gions fran\u00e7aises<\/i>( Fayard 1986)<\/p>\n<p style=\"text-align: justify\"><i>Gen\u00e8se de la qualit\u00e9 des vins en France et en Italie<\/i>(Avenir \u0152nologie 1991),\u00a0 <i>La R\u00e9publique en repr\u00e9sentations<\/i> (Sorbonne 2006).<\/p>\n<p style=\"text-align: justify\"><strong>Sur le mouvement de 1907 r\u00e9cemment c\u00e9l\u00e9br\u00e9 en Languedoc\u00a0:<\/strong><\/p>\n<p style=\"text-align: justify\">Il a r\u00e9alis\u00e9 en 1982 pour FR3 Toulouse <i>Lo darnier crostet<\/i>, avec Ch. Marc et J. Maurin, et publi\u00e9 <i>1907 en Languedoc et en Roussillon, <\/i>Espace Sud Editions, 1997, avec Jean Sagnes et son \u00e9pouse Monique.<\/p>\n<p style=\"text-align: justify\">Il publie aux \u00e9ditions Privat avec Jules Maurin en 2007: <i>1907, Les mutins de la R\u00e9publique<\/i>\u00a0 ( r\u00e9\u00e9dit\u00e9 en 2013) et un <i>Jaur\u00e8s paysan <\/i>(2009)<\/p>\n","protected":false},"excerpt":{"rendered":"<p>R\u00e9my Pech na\u00eet en 1944 dans une famille d\u2019ouvriers et de petits propri\u00e9taires vignerons de l\u2019Aude. El\u00e8ve-instituteur, il int\u00e8gre l\u2019Ecole Normale Sup\u00e9rieure de Saint Cloud. Agr\u00e9g\u00e9,\u00a0 il soutient \u00e0 28 ans sous la direction de Pierre Vilar une th\u00e8se sur Entreprise Viticole et capitalisme en Languedoc m\u00e9diterran\u00e9en. Il enseigne \u00e0 l\u2019universit\u00e9 de Tours, puis \u00e0 [&hellip;]<\/p>\n","protected":false},"author":251,"featured_media":0,"parent":23,"menu_order":0,"comment_status":"closed","ping_status":"closed","template":"","meta":{"footnotes":""},"class_list":["post-151","page","type-page","status-publish","hentry"],"_links":{"self":[{"href":"https:\/\/blogs.univ-tlse2.fr\/invinovarietas\/wp-json\/wp\/v2\/pages\/151","targetHints":{"allow":["GET"]}}],"collection":[{"href":"https:\/\/blogs.univ-tlse2.fr\/invinovarietas\/wp-json\/wp\/v2\/pages"}],"about":[{"href":"https:\/\/blogs.univ-tlse2.fr\/invinovarietas\/wp-json\/wp\/v2\/types\/page"}],"author":[{"embeddable":true,"href":"https:\/\/blogs.univ-tlse2.fr\/invinovarietas\/wp-json\/wp\/v2\/users\/251"}],"replies":[{"embeddable":true,"href":"https:\/\/blogs.univ-tlse2.fr\/invinovarietas\/wp-json\/wp\/v2\/comments?post=151"}],"version-history":[{"count":0,"href":"https:\/\/blogs.univ-tlse2.fr\/invinovarietas\/wp-json\/wp\/v2\/pages\/151\/revisions"}],"up":[{"embeddable":true,"href":"https:\/\/blogs.univ-tlse2.fr\/invinovarietas\/wp-json\/wp\/v2\/pages\/23"}],"wp:attachment":[{"href":"https:\/\/blogs.univ-tlse2.fr\/invinovarietas\/wp-json\/wp\/v2\/media?parent=151"}],"curies":[{"name":"wp","href":"https:\/\/api.w.org\/{rel}","templated":true}]}}