 {"id":174,"date":"2013-03-29T12:55:25","date_gmt":"2013-03-29T11:55:25","guid":{"rendered":"https:\/\/blogs.univ-tlse2.fr\/colloquevinalbi2013\/?page_id=174"},"modified":"2013-03-29T12:55:25","modified_gmt":"2013-03-29T11:55:25","slug":"conditions-dhebergement","status":"publish","type":"page","link":"https:\/\/blogs.univ-tlse2.fr\/invinovarietas\/colloque-albi-2013\/informations-pratiques\/conditions-dhebergement\/","title":{"rendered":"Conditions d&#039;h\u00e9bergement"},"content":{"rendered":"<p>Vous pouvez contacter M\u00e9lanie directement par mail ou par t\u00e9l\u00e9phone,<br \/>\nveuillez simplement pr\u00e9ciser qu&rsquo;il s&rsquo;agit d&rsquo;une r\u00e9servation pour le<br \/>\n\u00ab\u00a0colloque d&rsquo;avril 2013\u00a0\u00bb :<br \/>\nM\u00e9lanie &#8211; Conseill\u00e8re en s\u00e9jour<br \/>\nOffice de Tourisme d&rsquo;Albi<br \/>\nService R\u00e9ceptif Individuel<br \/>\nLigne directe: +33 (0)5.63.49.48.97<br \/>\nSite web: <a href=\"http:\/\/www.albi-tourisme.fr\">www.albi-tourisme.fr<\/a><br \/>\nmail: <a href=\"&#x6d;ai&#x6c;&#116;o&#x3a;&#99;o&#x6e;&#x74;a&#x63;&#x74;&#64;a&#x6c;&#98;i&#x74;&#111;u&#x72;&#x69;s&#x6d;&#x65;&#46;c&#x6f;m\">co&#110;&#x74;&#x61;&#x63;t&#64;&#97;&#x6c;&#x62;&#x69;to&#117;&#x72;&#x69;&#x73;me&#46;&#99;&#x6f;&#x6d;<\/a><\/p>\n<p>Voici les tarifs exacts pour vos r\u00e9servations :<br \/>\nH\u00f4tel Les Pasteliers id\u00e9alement situ\u00e9 (proche du th\u00e9\u00e2tre)<br \/>\nAdresse\u00a0: 3 rue Honor\u00e9 de Balzac, 81000 Albi<br \/>\nT\u00e9l\u00e9phone\u00a0:05 63 54 26 51<\/p>\n<p>Infos :<br \/>\nSingle : 62\u20ac p\/dej compris \/ Prix public 67\u20ac avec p\/dej<br \/>\nDouble pour 1 personne : 75\u20ac p\/dej compris\u00a0 \/ Prix public 84\u20ac avec p\/dej<br \/>\nDouble pour 2 personnes : 87\u20ac p\/dej compris \/ Prix public 93\u20ac avec p\/dej<\/p>\n","protected":false},"excerpt":{"rendered":"<p>Vous pouvez contacter M\u00e9lanie directement par mail ou par t\u00e9l\u00e9phone, veuillez simplement pr\u00e9ciser qu&rsquo;il s&rsquo;agit d&rsquo;une r\u00e9servation pour le \u00ab\u00a0colloque d&rsquo;avril 2013\u00a0\u00bb : M\u00e9lanie &#8211; Conseill\u00e8re en s\u00e9jour Office de Tourisme d&rsquo;Albi Service R\u00e9ceptif Individuel Ligne directe: +33 (0)5.63.49.48.97 Site web: www.albi-tourisme.fr mail: co&#110;&#x74;&#x61;&#x63;t&#64;&#97;&#x6c;&#x62;&#x69;to&#117;&#x72;&#x69;&#x73;me&#46;&#99;&#x6f;&#x6d; Voici les tarifs exacts pour vos r\u00e9servations : H\u00f4tel Les Pasteliers [&hellip;]<\/p>\n","protected":false},"author":251,"featured_media":0,"parent":17,"menu_order":0,"comment_status":"closed","ping_status":"closed","template":"","meta":{"footnotes":""},"class_list":["post-174","page","type-page","status-publish","hentry"],"_links":{"self":[{"href":"https:\/\/blogs.univ-tlse2.fr\/invinovarietas\/wp-json\/wp\/v2\/pages\/174","targetHints":{"allow":["GET"]}}],"collection":[{"href":"https:\/\/blogs.univ-tlse2.fr\/invinovarietas\/wp-json\/wp\/v2\/pages"}],"about":[{"href":"https:\/\/blogs.univ-tlse2.fr\/invinovarietas\/wp-json\/wp\/v2\/types\/page"}],"author":[{"embeddable":true,"href":"https:\/\/blogs.univ-tlse2.fr\/invinovarietas\/wp-json\/wp\/v2\/users\/251"}],"replies":[{"embeddable":true,"href":"https:\/\/blogs.univ-tlse2.fr\/invinovarietas\/wp-json\/wp\/v2\/comments?post=174"}],"version-history":[{"count":0,"href":"https:\/\/blogs.univ-tlse2.fr\/invinovarietas\/wp-json\/wp\/v2\/pages\/174\/revisions"}],"up":[{"embeddable":true,"href":"https:\/\/blogs.univ-tlse2.fr\/invinovarietas\/wp-json\/wp\/v2\/pages\/17"}],"wp:attachment":[{"href":"https:\/\/blogs.univ-tlse2.fr\/invinovarietas\/wp-json\/wp\/v2\/media?parent=174"}],"curies":[{"name":"wp","href":"https:\/\/api.w.org\/{rel}","templated":true}]}}