 {"id":178,"date":"2013-03-29T13:13:21","date_gmt":"2013-03-29T12:13:21","guid":{"rendered":"https:\/\/blogs.univ-tlse2.fr\/colloquevinalbi2013\/?page_id=178"},"modified":"2013-03-29T13:13:21","modified_gmt":"2013-03-29T12:13:21","slug":"conditions-de-restauration","status":"publish","type":"page","link":"https:\/\/blogs.univ-tlse2.fr\/invinovarietas\/colloque-albi-2013\/informations-pratiques\/conditions-de-restauration\/","title":{"rendered":"Conditions de restauration :"},"content":{"rendered":"<ul>\n<li>Pour les buffets de midi du 19\/04, 20\/04, 21\/04, et 22\/04, tarif : 16\u20ac.<br \/>\nPour le repas de gala* en soir\u00e9e du 21\/04, tarif 40\u20ac.<br \/>\nVous pouvez d\u00e8s maintenant r\u00e9server aupr\u00e8s de Laurent Cazottes (t\u00e9l : 06.11.08.34.95\u00a0 <a href=\"m&#x61;i&#108;&#x74;o&#x3a;&#x63;a&#x7a;o&#116;&#x74;e&#115;&#x40;c&#x6c;u&#98;&#x2d;i&#110;&#x74;e&#x72;&#x6e;e&#x74;&#46;&#102;&#x72;\">c&#97;&#x7a;&#x6f;t&#116;&#x65;&#x73;&#64;&#99;&#x6c;&#x75;b-&#x69;&#x6e;te&#x72;&#x6e;et&#46;&#x66;&#x72;<\/a>).<\/li>\n<\/ul>\n<ul>\n<li>Pour la soir\u00e9e des Valeurs de l\u2019Albigeois* du 21\/04, r\u00e9servation sur inscription uniquement : <a href=\"mailt&#111;&#58;&#x6a;&#x6d;&#x69;&#x6e;&#x74;&#x65;&#x72;venti&#111;&#110;&#115;&#x40;&#x67;&#x6d;&#x61;&#x69;&#x6c;&#46;com\">j&#x6d;&#x69;n&#116;&#x65;r&#118;&#x65;&#x6e;t&#x69;&#x6f;n&#115;&#x40;g&#109;&#x61;&#x69;l&#x2e;&#x63;o&#109;<\/a> ou <a href=\"&#109;&#x61;&#105;&#x6c;&#116;&#x6f;&#58;&#x76;&#101;&#x63;&#64;&#x70;&#104;&#x6f;&#100;&#x65;&#46;&#x66;&#114;\">v&#101;&#x63;&#x40;&#x70;h&#111;&#x64;&#x65;&#x2e;f&#114;<\/a> \u2013 t\u00e9l : 06.74.99.22.12<\/li>\n<\/ul>\n<p>Les r\u00e8glements pourront se faire \u00e9galement lors du colloque, directement aupr\u00e8s des prestataires de service.<br \/>\n<strong>*Attention<\/strong> : nombre de places limit\u00e9.<\/p>\n","protected":false},"excerpt":{"rendered":"<p>Pour les buffets de midi du 19\/04, 20\/04, 21\/04, et 22\/04, tarif : 16\u20ac. Pour le repas de gala* en soir\u00e9e du 21\/04, tarif 40\u20ac. Vous pouvez d\u00e8s maintenant r\u00e9server aupr\u00e8s de Laurent Cazottes (t\u00e9l : 06.11.08.34.95\u00a0 c&#x61;&#x7a;o&#116;&#x74;e&#115;&#x40;c&#108;&#x75;b-&#x69;&#x6e;t&#x65;&#x72;n&#101;&#x74;&#46;&#102;&#x72;). Pour la soir\u00e9e des Valeurs de l\u2019Albigeois* du 21\/04, r\u00e9servation sur inscription uniquement : jm&#105;&#x6e;&#x74;erv&#101;&#x6e;&#x74;ion&#115;&#x40;&#x67;ma&#105;&#x6c;&#x2e;&#x63;om ou vec&#64;phode&#46;&#102;&#114; [&hellip;]<\/p>\n","protected":false},"author":251,"featured_media":0,"parent":17,"menu_order":0,"comment_status":"closed","ping_status":"closed","template":"","meta":{"footnotes":""},"class_list":["post-178","page","type-page","status-publish","hentry"],"_links":{"self":[{"href":"https:\/\/blogs.univ-tlse2.fr\/invinovarietas\/wp-json\/wp\/v2\/pages\/178","targetHints":{"allow":["GET"]}}],"collection":[{"href":"https:\/\/blogs.univ-tlse2.fr\/invinovarietas\/wp-json\/wp\/v2\/pages"}],"about":[{"href":"https:\/\/blogs.univ-tlse2.fr\/invinovarietas\/wp-json\/wp\/v2\/types\/page"}],"author":[{"embeddable":true,"href":"https:\/\/blogs.univ-tlse2.fr\/invinovarietas\/wp-json\/wp\/v2\/users\/251"}],"replies":[{"embeddable":true,"href":"https:\/\/blogs.univ-tlse2.fr\/invinovarietas\/wp-json\/wp\/v2\/comments?post=178"}],"version-history":[{"count":0,"href":"https:\/\/blogs.univ-tlse2.fr\/invinovarietas\/wp-json\/wp\/v2\/pages\/178\/revisions"}],"up":[{"embeddable":true,"href":"https:\/\/blogs.univ-tlse2.fr\/invinovarietas\/wp-json\/wp\/v2\/pages\/17"}],"wp:attachment":[{"href":"https:\/\/blogs.univ-tlse2.fr\/invinovarietas\/wp-json\/wp\/v2\/media?parent=178"}],"curies":[{"name":"wp","href":"https:\/\/api.w.org\/{rel}","templated":true}]}}