 {"id":187,"date":"2013-03-29T15:24:13","date_gmt":"2013-03-29T14:24:13","guid":{"rendered":"https:\/\/blogs.univ-tlse2.fr\/colloquevinalbi2013\/?page_id=187"},"modified":"2013-03-29T15:24:13","modified_gmt":"2013-03-29T14:24:13","slug":"pierre-corjault-rade","status":"publish","type":"page","link":"https:\/\/blogs.univ-tlse2.fr\/invinovarietas\/colloque-albi-2013\/conference-invite\/pierre-corjault-rade\/","title":{"rendered":"Pierre COURJAULT-RAD\u00c9"},"content":{"rendered":"<p style=\"text-align: center\"><a href=\"https:\/\/blogs.univ-tlse2.fr\/invinovarietas\/files\/2013\/03\/Pierre-CR2.jpg\"><img loading=\"lazy\" decoding=\"async\" class=\"alignnone size-medium wp-image-189\" src=\"https:\/\/blogs.univ-tlse2.fr\/invinovarietas\/files\/2013\/03\/Pierre-CR2-300x292.jpg\" alt=\"Pierre-CR2\" width=\"300\" height=\"292\" srcset=\"https:\/\/blogs.univ-tlse2.fr\/invinovarietas\/files\/2013\/03\/Pierre-CR2-300x292.jpg 300w, https:\/\/blogs.univ-tlse2.fr\/invinovarietas\/files\/2013\/03\/Pierre-CR2.jpg 387w\" sizes=\"auto, (max-width: 300px) 100vw, 300px\" \/><\/a><\/p>\n<p style=\"text-align: justify\">N\u00e9 le 23 ao\u00fbt 1953 \u00e0 Paris. Apr\u00e8s des \u00c9tudes en classe pr\u00e9paratoire au lyc\u00e9e saint Louis \u00e0 Paris (1972-1975), j\u2019ai entrepris un cursus universitaire avec une ma\u00eetrise de G\u00e9ologie \u00e0 Montpellier (1975-1979), puis un DEA de S\u00e9dimentologie \u00bb \u00e0 Dijon (1979-1980) et une th\u00e8se 3\u00e8me cycle en m\u00e9tallog\u00e9nie \u00e0 Toulouse (1980-1982)<\/p>\n<p style=\"text-align: justify\">Embauch\u00e9 en 1982 au CNRS \u00e0 Toulouse, j\u2019ai soutenu ma th\u00e8se d\u2019Etat en 1989 et un DESS \u00ab Imagerie num\u00e9rique \u00bb en 1994. Je suis en outre charg\u00e9 de cours \u00e0 l\u2019universit\u00e9 d\u2019Albi (Master Am\u00e9nagement D\u00e9veloppement Environnement) depuis 2000 en g\u00e9ologie de l\u2019environnement et de l\u2019am\u00e9nagement<\/p>\n<p style=\"text-align: justify\">Chercheur au laboratoire G\u00e9osciences Environnement Toulouse (GET), l\u2019un de mes axes de recherche concerne l\u2019analyse des m\u00e9canismes physico-chimiques complexes de \u00ab L\u2019effet sol \u00bb en relation avec les propri\u00e9t\u00e9s organoleptiques du vin sur le Gaillacois et en Italie du Nord (Appellation Soave, V\u00e9n\u00e9tie).<\/p>\n<p>&nbsp;<\/p>\n<p><strong>Bibliographie r\u00e9cente :<\/strong><\/p>\n<p style=\"text-align: justify\">Pierre Courjault-Rad\u00e9, Muriel Llubes, Jos\u00e9 Darrozes, Marguerite Munoz, Eric Maire, N. Hirissou (2010).- A 2D electrical resistivity tomography survey of a vineyard plot of the Gaillac Appellation (France)- Interpretation with respect to possible implications on vine water supply. International Journal of Vine and Wine Sciences, Vol. 44, n\u00ba 2, 51-60 .<\/p>\n<p style=\"text-align: justify\">Pierre Courjault-Rad\u00e9 (2010).- Construction of the Gaillac vineyard from Antiquity to Present-day or \u201cWhen history juggles with terroirs\u201d. In \u201c35th OIV Vine and Wine congress\u201d, Porto, July 2010.<\/p>\n<p style=\"text-align: justify\">Manel Ghorbel, Marguerite Munoz, Pierre Courjault-Rad\u00e9, Christine Destrigneville, Philippe de Parseval, Radhia Souissi, Fouad Souissi, Abdallah Ben Mammou and S\u00e2adi Abdeljaouad (2010) Health risk assessment for human exposure by direct ingestion of Pb, Cd, Zn bearing dust in the former miners&rsquo; village of Jebel Ressas (NE Tunisia). European Journal of Mineralogy, Vol. 22, n\u00b0 5, 639-649.<\/p>\n<p style=\"text-align: justify\">Pierre Courjault-Rad\u00e9 (2013).- La construction du vignoble du Gaillacois de l\u2019Antiquit\u00e9 \u00e0 nos jours ou \u00ab Quand l\u2019Histoire jongle avec les terroirs \u00bb. La Revue du Tarn, sous presse.<\/p>\n<p>&nbsp;<\/p>\n","protected":false},"excerpt":{"rendered":"<p>N\u00e9 le 23 ao\u00fbt 1953 \u00e0 Paris. Apr\u00e8s des \u00c9tudes en classe pr\u00e9paratoire au lyc\u00e9e saint Louis \u00e0 Paris (1972-1975), j\u2019ai entrepris un cursus universitaire avec une ma\u00eetrise de G\u00e9ologie \u00e0 Montpellier (1975-1979), puis un DEA de S\u00e9dimentologie \u00bb \u00e0 Dijon (1979-1980) et une th\u00e8se 3\u00e8me cycle en m\u00e9tallog\u00e9nie \u00e0 Toulouse (1980-1982) Embauch\u00e9 en 1982 [&hellip;]<\/p>\n","protected":false},"author":251,"featured_media":0,"parent":23,"menu_order":0,"comment_status":"closed","ping_status":"closed","template":"","meta":{"footnotes":""},"class_list":["post-187","page","type-page","status-publish","hentry"],"_links":{"self":[{"href":"https:\/\/blogs.univ-tlse2.fr\/invinovarietas\/wp-json\/wp\/v2\/pages\/187","targetHints":{"allow":["GET"]}}],"collection":[{"href":"https:\/\/blogs.univ-tlse2.fr\/invinovarietas\/wp-json\/wp\/v2\/pages"}],"about":[{"href":"https:\/\/blogs.univ-tlse2.fr\/invinovarietas\/wp-json\/wp\/v2\/types\/page"}],"author":[{"embeddable":true,"href":"https:\/\/blogs.univ-tlse2.fr\/invinovarietas\/wp-json\/wp\/v2\/users\/251"}],"replies":[{"embeddable":true,"href":"https:\/\/blogs.univ-tlse2.fr\/invinovarietas\/wp-json\/wp\/v2\/comments?post=187"}],"version-history":[{"count":0,"href":"https:\/\/blogs.univ-tlse2.fr\/invinovarietas\/wp-json\/wp\/v2\/pages\/187\/revisions"}],"up":[{"embeddable":true,"href":"https:\/\/blogs.univ-tlse2.fr\/invinovarietas\/wp-json\/wp\/v2\/pages\/23"}],"wp:attachment":[{"href":"https:\/\/blogs.univ-tlse2.fr\/invinovarietas\/wp-json\/wp\/v2\/media?parent=187"}],"curies":[{"name":"wp","href":"https:\/\/api.w.org\/{rel}","templated":true}]}}